{"id":91,"date":"2021-06-24T10:56:33","date_gmt":"2021-06-24T08:56:33","guid":{"rendered":"https:\/\/www.toulouse-tri.com\/trigoulet\/?page_id=91"},"modified":"2025-09-30T10:28:46","modified_gmt":"2025-09-30T08:28:46","slug":"photos","status":"publish","type":"page","link":"https:\/\/www.toulouse-tri.com\/trigoulet\/photos\/","title":{"rendered":"Photos"},"content":{"rendered":"\n<h2 class=\"wp-block-heading\" id=\"9e-edition-26-septembre-2021\">13<sup>e<\/sup> \u00e9dition \u2013 28 septembre 2025<\/h2>\n\n\n\n<p>Un record de 217 jeunes ont cette ann\u00e9e encore r\u00e9pondu \u00e0 notre invitation :<\/p>\n\n\n\n<ul class=\"wp-block-list\">\n<li><a href=\"https:\/\/photos.app.goo.gl\/W1k38MLPJjgCjHMW7\" target=\"_blank\" rel=\"noreferrer noopener\"><\/a>Les <a href=\"https:\/\/photos.app.goo.gl\/jdJyo4Zk3XxhP3tc6\" target=\"_blank\" rel=\"noreferrer noopener\">mini-poussin(e)s 6\/7 ans<\/a><\/li>\n\n\n\n<li><a href=\"https:\/\/photos.app.goo.gl\/W1k38MLPJjgCjHMW7\" target=\"_blank\" rel=\"noreferrer noopener\"><\/a>Les <a href=\"https:\/\/photos.app.goo.gl\/YRjHQRyD5BrhQgVG7\" target=\"_blank\" rel=\"noreferrer noopener\">poussin(e)s 8\/9 ans<\/a><\/li>\n\n\n\n<li><a href=\"https:\/\/photos.app.goo.gl\/W1k38MLPJjgCjHMW7\" target=\"_blank\" rel=\"noreferrer noopener\"><\/a>Les <a href=\"https:\/\/photos.app.goo.gl\/znp13uMBqqz6w4Y26\" target=\"_blank\" rel=\"noreferrer noopener\">pupilles 10\/11 ans<\/a><\/li>\n\n\n\n<li><a href=\"https:\/\/photos.app.goo.gl\/W1k38MLPJjgCjHMW7\" target=\"_blank\" rel=\"noreferrer noopener\"><\/a>Les <a href=\"https:\/\/photos.app.goo.gl\/gpBaUfBSwpuUtd7y6\" target=\"_blank\" rel=\"noreferrer noopener\">benjamin(e)s 12\/13 ans<\/a><\/li>\n\n\n\n<li>Les <a href=\"https:\/\/photos.app.goo.gl\/xxG8F7C5pQN1mDkf8\" target=\"_blank\" rel=\"noreferrer noopener\">benjamin(e)s et minime 12 \u00e0 15 ans<\/a><\/li>\n\n\n\n<li>Et tous les <a href=\"https:\/\/photos.app.goo.gl\/1XwwnE6LC9MEzcJy6\" target=\"_blank\" rel=\"noreferrer noopener\">podiums par petits groupes<\/a> (pour TOUS les jeunes)<\/li>\n\n\n\n<li>Sans oublier les <a href=\"https:\/\/photos.app.goo.gl\/t67bzb5CjdXVFD226\" target=\"_blank\" rel=\"noreferrer noopener\">b\u00e9n\u00e9voles, arbitres, partenaires et autres<\/a>\u2026<\/li>\n<\/ul>\n\n\n\n<h2 class=\"wp-block-heading\" id=\"9e-edition-26-septembre-2021\">12<sup>e<\/sup> \u00e9dition \u2013 29 septembre 2024<\/h2>\n\n\n\n<p>164 jeunes ont cette ann\u00e9e encore r\u00e9pondu \u00e0 notre invitation :<\/p>\n\n\n\n<ul class=\"wp-block-list\">\n<li><a href=\"https:\/\/photos.app.goo.gl\/W1k38MLPJjgCjHMW7\" target=\"_blank\" rel=\"noreferrer noopener\"><\/a>Les <a href=\"https:\/\/photos.app.goo.gl\/54nAp7eMt8bqrRht5\">mini-poussin(e)s 6\/7 ans<\/a><\/li>\n\n\n\n<li><a href=\"https:\/\/photos.app.goo.gl\/W1k38MLPJjgCjHMW7\" target=\"_blank\" rel=\"noreferrer noopener\"><\/a>Les <a href=\"https:\/\/photos.app.goo.gl\/Qc6VKLWhFXkgnmh1A\">poussin(e)s 8\/9 ans<\/a><\/li>\n\n\n\n<li><a href=\"https:\/\/photos.app.goo.gl\/W1k38MLPJjgCjHMW7\" target=\"_blank\" rel=\"noreferrer noopener\"><\/a>Les <a href=\"https:\/\/photos.app.goo.gl\/GxHstgPQxgWH3Ed98\">pupilles 10\/11 ans<\/a><\/li>\n\n\n\n<li><a href=\"https:\/\/photos.app.goo.gl\/W1k38MLPJjgCjHMW7\" target=\"_blank\" rel=\"noreferrer noopener\"><\/a>Les <a href=\"https:\/\/photos.app.goo.gl\/Jy35XrefKiFrLPPB7\">benjamin(e)s 12\/13 ans<\/a><\/li>\n\n\n\n<li>Les <a href=\"https:\/\/photos.app.goo.gl\/Tm5ji1wF612f3ANYA\">benjamin(e)s et minime 12 \u00e0 15 ans<\/a><\/li>\n\n\n\n<li>Et tous les <a href=\"https:\/\/photos.app.goo.gl\/aHqtWjYqxfkbVzCo6\">podiums par petits groupes<\/a> (pour TOUS les jeunes)<\/li>\n\n\n\n<li>Sans oublier les <a href=\"https:\/\/photos.app.goo.gl\/d8P1ewbSy8CQuq6Y9\">b\u00e9n\u00e9voles, arbitres, partenaires et autres<\/a>\u2026<\/li>\n<\/ul>\n\n\n\n<h2 class=\"wp-block-heading\" id=\"9e-edition-26-septembre-2021\">11<sup>e<\/sup> \u00e9dition \u2013 24 septembre 2023<\/h2>\n\n\n\n<p>Encore 173 inscrits pour cette nouvelle \u00e9dition sous un soleil radieux :<\/p>\n\n\n\n<ul class=\"wp-block-list\">\n<li><a href=\"https:\/\/photos.app.goo.gl\/W1k38MLPJjgCjHMW7\" target=\"_blank\" rel=\"noreferrer noopener\"><\/a>Les <a href=\"https:\/\/photos.app.goo.gl\/9TSUdTXzyzjxQsjcA\">mini-poussin(e)s 6\/7 ans<\/a><\/li>\n\n\n\n<li><a href=\"https:\/\/photos.app.goo.gl\/W1k38MLPJjgCjHMW7\" target=\"_blank\" rel=\"noreferrer noopener\"><\/a>Les <a href=\"https:\/\/photos.app.goo.gl\/zwRNgM5i4TGS1c3t6\">poussin(e)s 8\/9 ans<\/a><\/li>\n\n\n\n<li><a href=\"https:\/\/photos.app.goo.gl\/W1k38MLPJjgCjHMW7\" target=\"_blank\" rel=\"noreferrer noopener\"><\/a>Les <a href=\"https:\/\/photos.app.goo.gl\/VMMSkpqJ1QKfQ48U7\">pupilles 10\/11 ans<\/a><\/li>\n\n\n\n<li><a href=\"https:\/\/photos.app.goo.gl\/W1k38MLPJjgCjHMW7\" target=\"_blank\" rel=\"noreferrer noopener\"><\/a>Les <a href=\"https:\/\/photos.app.goo.gl\/kE6qPdBpVBUXZioh6\">benjamin(e)s 12\/13 ans<\/a><\/li>\n\n\n\n<li><a href=\"https:\/\/photos.app.goo.gl\/W1k38MLPJjgCjHMW7\" target=\"_blank\" rel=\"noreferrer noopener\"><\/a>Les <a href=\"https:\/\/photos.app.goo.gl\/aHEymMtv4DNoygeNA\">benjamin(e)s et minimes 12 \u00e0 15 ans<\/a><\/li>\n\n\n\n<li>Et <a href=\"https:\/\/photos.app.goo.gl\/j4jbjzkHMK3MDzca9\">tous les podiums par petits groupes<\/a> (pour TOUS les jeunes)<\/li>\n\n\n\n<li>Sans oublier les <a href=\"https:\/\/photos.app.goo.gl\/prTMeiPgaYwUmYgX9\">b\u00e9n\u00e9voles, arbitres, partenaires et autres<\/a>\u2026<\/li>\n<\/ul>\n\n\n\n<h2 class=\"wp-block-heading\" id=\"9e-edition-26-septembre-2021\">10<sup>e<\/sup> \u00e9dition \u2013 25 septembre 2022<\/h2>\n\n\n\n<p>Il a trembl\u00e9\u2026 Le record de participation a failli sauter, avec un emballement sur les derniers jours. Au final, hormis chez les mini-poussins, toutes les places sont parties et 194 jeunes s\u2019\u00e9taient inscrits :<\/p>\n\n\n\n<ul class=\"wp-block-list\">\n<li><a href=\"https:\/\/photos.app.goo.gl\/W1k38MLPJjgCjHMW7\" target=\"_blank\" rel=\"noreferrer noopener\"><\/a>Les <a href=\"https:\/\/photos.app.goo.gl\/yCWJQeYyEJYbYg5Q9\">mini-poussin(e)s 6\/7 ans<\/a><\/li>\n\n\n\n<li><a href=\"https:\/\/photos.app.goo.gl\/W1k38MLPJjgCjHMW7\" target=\"_blank\" rel=\"noreferrer noopener\"><\/a>Les <a href=\"https:\/\/photos.app.goo.gl\/sviKGAWYc3WWSeiL9\">poussin(e)s 8\/9 ans<\/a><\/li>\n\n\n\n<li><a href=\"https:\/\/photos.app.goo.gl\/W1k38MLPJjgCjHMW7\" target=\"_blank\" rel=\"noreferrer noopener\"><\/a>Les <a href=\"https:\/\/photos.app.goo.gl\/ixFHShQdwazyMVoVA\">pupilles 10\/11 ans<\/a><\/li>\n\n\n\n<li><a href=\"https:\/\/photos.app.goo.gl\/W1k38MLPJjgCjHMW7\" target=\"_blank\" rel=\"noreferrer noopener\"><\/a>Les <a href=\"https:\/\/photos.app.goo.gl\/17qaHL5Mub4Xqi347\">benjamin(e)s 12\/13 ans<\/a><\/li>\n\n\n\n<li><a href=\"https:\/\/photos.app.goo.gl\/W1k38MLPJjgCjHMW7\" target=\"_blank\" rel=\"noreferrer noopener\"><\/a>Les <a href=\"https:\/\/photos.app.goo.gl\/zVdkw9dBCTAxnKUN9\">benjamin(e)s et minimes 12 \u00e0 15 ans<\/a><\/li>\n\n\n\n<li>Et <a href=\"https:\/\/photos.app.goo.gl\/awMANb4H4mre5SFp8\">tous les podiums par petits groupes<\/a> (pour TOUS les jeunes)<\/li>\n\n\n\n<li>Sans oublier les <a href=\"https:\/\/photos.app.goo.gl\/kdQk9HaZNCwtC1Pq7\">b\u00e9n\u00e9voles, arbitres, partenaires et autres<\/a>\u2026<\/li>\n<\/ul>\n\n\n\n<h2 class=\"wp-block-heading\" id=\"9e-edition-26-septembre-2021\">9<sup>e<\/sup> \u00e9dition \u2013 26 septembre 2021<\/h2>\n\n\n\n<p>Il a trembl\u00e9\u2026 Le record de participation a failli sauter, avec un emballement sur les derniers jours. Au final, hormis chez les mini-poussins, toutes les places sont parties et 194 jeunes s\u2019\u00e9taient inscrits :<\/p>\n\n\n\n<ul class=\"wp-block-list\">\n<li><a href=\"https:\/\/photos.app.goo.gl\/W1k38MLPJjgCjHMW7\" target=\"_blank\" rel=\"noreferrer noopener\"><\/a><a href=\"https:\/\/photos.app.goo.gl\/9s77Bti6h4MZGvRy5\" target=\"_blank\" rel=\"noreferrer noopener\">Les mini-poussin(e)s 6\/7 ans<\/a><\/li>\n\n\n\n<li><a href=\"https:\/\/photos.app.goo.gl\/W1k38MLPJjgCjHMW7\" target=\"_blank\" rel=\"noreferrer noopener\"><\/a><a href=\"https:\/\/photos.app.goo.gl\/6PBfpGMwA9z1zfjk7\" target=\"_blank\" rel=\"noreferrer noopener\">Les poussin(e)s 8\/9 ans<\/a><\/li>\n\n\n\n<li><a href=\"https:\/\/photos.app.goo.gl\/W1k38MLPJjgCjHMW7\" target=\"_blank\" rel=\"noreferrer noopener\"><\/a><a href=\"https:\/\/photos.app.goo.gl\/9kSqWU2zDchsZ7nN7\" target=\"_blank\" rel=\"noreferrer noopener\">Les pupilles 10\/11 ans<\/a><\/li>\n\n\n\n<li><a href=\"https:\/\/photos.app.goo.gl\/W1k38MLPJjgCjHMW7\" target=\"_blank\" rel=\"noreferrer noopener\"><\/a><a href=\"https:\/\/photos.app.goo.gl\/5SY2vnnaaWSgh1tW8\">Les benjamin(e)s 12\/13 ans<\/a><\/li>\n\n\n\n<li><a href=\"https:\/\/photos.app.goo.gl\/W1k38MLPJjgCjHMW7\" target=\"_blank\" rel=\"noreferrer noopener\"><\/a><a href=\"https:\/\/photos.app.goo.gl\/T1PXBAnX6idLZ4sR6\" target=\"_blank\" rel=\"noreferrer noopener\">Les benjamin(e)s et minimes 12 \u00e0 15 ans<\/a><\/li>\n\n\n\n<li><a href=\"https:\/\/photos.app.goo.gl\/W1k38MLPJjgCjHMW7\" target=\"_blank\" rel=\"noreferrer noopener\">Et tous les podiums<\/a> par petits groupes (pour TOUS les jeunes)<\/li>\n\n\n\n<li><a href=\"https:\/\/photos.app.goo.gl\/wpzaTHPmn6QcKgWY8\" target=\"_blank\" rel=\"noreferrer noopener\">Sans oublier les <\/a><a href=\"https:\/\/photos.app.goo.gl\/wpzaTHPmn6QcKgWY8\">b\u00e9n\u00e9voles, arbitres, partenaires et autres<\/a>\u2026<\/li>\n<\/ul>\n\n\n\n<h2 class=\"wp-block-heading\" id=\"8e-edition-27-septembre-2020\">8<sup>e<\/sup> \u00e9dition &#8211; 27 septembre 2020<\/h2>\n\n\n\n<p>Finalement, elle a bien eu lieu ! Dans cette ann\u00e9e si particuli\u00e8re, l\u2019\u00e9dition 2020 du Trigoulet s\u2019est finalement d\u00e9roul\u00e9e comme pr\u00e9vu, et ce sont 175 jeunes de tous \u00e2ges qui \u00e9taient inscrits. S\u00e9bastien, St\u00e9phane et Justine vous offrent des souvenirs en images :<\/p>\n\n\n\n<ul class=\"wp-block-list\">\n<li><a rel=\"noreferrer noopener\" href=\"https:\/\/photos.app.goo.gl\/naBp3XoyFcNqdKZt6\" target=\"_blank\">Les mini-poussin(e)s 6\/7 ans<\/a><\/li>\n\n\n\n<li><a rel=\"noreferrer noopener\" href=\"https:\/\/photos.app.goo.gl\/HbW6mwwr1jQNkP9cA\" target=\"_blank\">Les poussin(e)s 8\/9 ans<\/a><\/li>\n\n\n\n<li><a rel=\"noreferrer noopener\" href=\"https:\/\/photos.app.goo.gl\/uU2vFNeuHQAv2hYd8\" target=\"_blank\">Les pupilles 10\/11 ans<\/a><\/li>\n\n\n\n<li><a href=\"https:\/\/photos.app.goo.gl\/eMCbm9ks5t5wp5i9A\">Les benjamin(e)s 12\/13 ans<\/a><\/li>\n\n\n\n<li><a rel=\"noreferrer noopener\" href=\"https:\/\/photos.app.goo.gl\/aM1rjZAFRsTQvraH9\" target=\"_blank\">Les benjamin(e)s et minimes 12 \u00e0 15 ans<\/a><\/li>\n\n\n\n<li>Et <a rel=\"noreferrer noopener\" href=\"https:\/\/photos.app.goo.gl\/eVUWEuRbN8WTf3hs7\" target=\"_blank\">tous les podiums<\/a> par petits groupes (tout le monde est invit\u00e9 sur l\u2019estrade, mais cette ann\u00e9e, il fallait se distancier)<\/li>\n\n\n\n<li>Sans oublier les <a href=\"https:\/\/photos.app.goo.gl\/EhEWGZHGvPVkFAL28\" target=\"_blank\" rel=\"noreferrer noopener\">b\u00e9n\u00e9voles, arbitres, partenaires et autres<\/a>\u2026<\/li>\n\n\n\n<li>Et la <a href=\"https:\/\/youtu.be\/K3Ax_H7knjQ\">vid\u00e9o des courses<\/a> !<\/li>\n<\/ul>\n\n\n\n<h2 class=\"wp-block-heading\" id=\"7e-edition-22-septembre-2019\">7<sup>e<\/sup> \u00e9dition \u2013 22 septembre 2019<\/h2>\n\n\n\n<p>Le record de participation avec plus de 200 inscrits a \u00e9t\u00e9 captur\u00e9 toute la journ\u00e9e par nos \u201c3 S\u201d S\u00e9bastien, St\u00e9phane et Sylvestre, qui vous proposent leurs clich\u00e9s :<\/p>\n\n\n\n<ul class=\"wp-block-list\">\n<li><a href=\"https:\/\/photos.app.goo.gl\/kdzinXnvE5TMvuuSA\" target=\"_blank\" rel=\"noreferrer noopener\">Les mini-poussin(e)s 6\/7 ans<\/a><\/li>\n\n\n\n<li><a href=\"https:\/\/photos.app.goo.gl\/f37zSLRccMNHwmMU8\" target=\"_blank\" rel=\"noreferrer noopener\">Les poussin(e)s 8\/9 ans<\/a><\/li>\n\n\n\n<li><a href=\"https:\/\/photos.app.goo.gl\/MuwgKgLDrmLur5rJ9\" target=\"_blank\" rel=\"noreferrer noopener\">Les pupilles 10\/11 ans<\/a><\/li>\n\n\n\n<li><a href=\"https:\/\/photos.app.goo.gl\/URH648N8MqC4uDFL7\">Les benjamin(e)s 12\/13 ans<\/a><\/li>\n\n\n\n<li><a href=\"https:\/\/photos.app.goo.gl\/7Ywbc6gVBRbCEviE8\" target=\"_blank\" rel=\"noreferrer noopener\">Les benjamin(e)s et minimes 12 \u00e0 15 ans<\/a><\/li>\n\n\n\n<li>Et <a href=\"https:\/\/photos.app.goo.gl\/ytjjJhRmP1SMvqgX8\" target=\"_blank\" rel=\"noreferrer noopener\">tous les podiums<\/a> pour tous les participants (puisqu\u2019au Trigoulet, tout le monde est r\u00e9compens\u00e9 et monte sur l\u2019estrade)<\/li>\n\n\n\n<li>Sans oublier les <a href=\"https:\/\/photos.app.goo.gl\/Hfe5BuAtj35nuZa19\">b\u00e9n\u00e9voles, arbitres, partenaires et autres<\/a>\u2026<\/li>\n<\/ul>\n\n\n\n<h2 class=\"wp-block-heading\" id=\"6e-edition-23-septembre-2018\">6<sup>e<\/sup> \u00e9dition \u2013 23 septembre 2018<\/h2>\n\n\n\n<p>Nos photographes b\u00e9n\u00e9voles 2018, Jean-Claude, Sylvestre, S\u00e9bastien et Harold ont captur\u00e9 plus deux mille instants de la journ\u00e9e. Toutes ces photos vous sont offertes en libre acc\u00e8s et en haute r\u00e9solution :<\/p>\n\n\n\n<ul class=\"wp-block-list\">\n<li><a href=\"https:\/\/photos.app.goo.gl\/8nqQcSbwYokz4F6k7\" target=\"_blank\" rel=\"noreferrer noopener\">Les mini-poussin(e)s 6\/7 ans<\/a><\/li>\n\n\n\n<li><a href=\"https:\/\/photos.app.goo.gl\/Rx9wa9QNoUat1H4M9\" target=\"_blank\" rel=\"noreferrer noopener\">Les poussin(e)s 8\/9 ans<\/a><\/li>\n\n\n\n<li><a href=\"https:\/\/photos.app.goo.gl\/sXbz5mNGxaiPeA5P8\" target=\"_blank\" rel=\"noreferrer noopener\">Les pupilles 10\/11 ans<\/a><\/li>\n\n\n\n<li><a href=\"https:\/\/photos.app.goo.gl\/AAgm4pWQ9pyWbVGeA\" target=\"_blank\" rel=\"noreferrer noopener\">Les benjamin(e)s 12\/13 ans<\/a><\/li>\n\n\n\n<li><a href=\"https:\/\/photos.app.goo.gl\/iTzxHy17PzzTRctD9\" target=\"_blank\" rel=\"noreferrer noopener\">Les minimes 14\/15 ans<\/a><\/li>\n\n\n\n<li>Et <a href=\"https:\/\/photos.app.goo.gl\/NdLjo5r3CpmRPJhD7\" target=\"_blank\" rel=\"noreferrer noopener\">tous les podiums<\/a> pour tout ce petit monde (avec tous les participants et pas uniquement les plus rapides)<\/li>\n<\/ul>\n\n\n\n<p>Vous pourrez aussi retrouver les photos des <a href=\"https:\/\/photos.app.goo.gl\/DKeFxiueEJX5Pwdr5\" target=\"_blank\" rel=\"noreferrer noopener\">b\u00e9n\u00e9voles, arbitres et officiels<\/a>.<br>Enfin, gr\u00e2ce \u00e0 Florian, cin\u00e9aste b\u00e9n\u00e9vole officiel de cette \u00e9dition, voici la vid\u00e9o des 5 courses : <a href=\"https:\/\/youtu.be\/tFKeBMSIzKc\" target=\"_blank\" rel=\"noreferrer noopener\">https:\/\/youtu.be\/tFKeBMSIzKc<\/a><\/p>\n\n\n\n<h2 class=\"wp-block-heading\" id=\"5e-edition-24-septembre-2017\">5<sup>e<\/sup> \u00e9dition \u2013 24 septembre 2017<\/h2>\n\n\n\n<p>Gr\u00e2ce \u00e0 \u00c9l\u00e9na et Baptiste qui ont mitraill\u00e9 toute la journ\u00e9e, voici les plus de mille clich\u00e9s du Trigoulet 2017, en libre acc\u00e8s et en haute r\u00e9solution :<\/p>\n\n\n\n<ul class=\"wp-block-list\">\n<li><a href=\"https:\/\/photos.app.goo.gl\/BnRIRdQJnPJvtgwL2\" target=\"_blank\" rel=\"noreferrer noopener\">Les mini-poussin(e)s 6\/7 ans<\/a><\/li>\n\n\n\n<li><a href=\"https:\/\/photos.app.goo.gl\/AiOC4wof5Nl52LGu1\" target=\"_blank\" rel=\"noreferrer noopener\">Les poussin(e)s 8\/9 ans<\/a><\/li>\n\n\n\n<li><a href=\"https:\/\/photos.app.goo.gl\/8ciygF0iEuwRDC3o1\" target=\"_blank\" rel=\"noreferrer noopener\">Les pupilles 10\/11 ans<\/a><\/li>\n\n\n\n<li><a href=\"https:\/\/photos.app.goo.gl\/HtXfC7PbQu5Fg1PR2\" target=\"_blank\" rel=\"noreferrer noopener\">Les benjamin(e)s 12\/13 ans<\/a><\/li>\n\n\n\n<li><a href=\"https:\/\/photos.app.goo.gl\/1zcLHyARa9CiEKmt2\" target=\"_blank\" rel=\"noreferrer noopener\">Les minimes 14\/15 ans<\/a><\/li>\n\n\n\n<li>Et <a href=\"https:\/\/photos.app.goo.gl\/HWMwXRYthm3zIGQv1\" target=\"_blank\" rel=\"noreferrer noopener\">tous les podiums<\/a> pour tout ce petit monde<\/li>\n<\/ul>\n\n\n\n<p>Vous pourrez aussi retrouver les photos des <a href=\"https:\/\/photos.app.goo.gl\/h3rX7rDwBzVpLG3k2\" target=\"_blank\" rel=\"noreferrer noopener\">b\u00e9n\u00e9voles, arbitres et officiels<\/a>.<br><em>Oui, nous avons laiss\u00e9 quelques photos floues ou mal cadr\u00e9es, pour vous donner plus de chance de vous trouver !<\/em><\/p>\n\n\n\n<h2 class=\"wp-block-heading\" id=\"4e-edition-25-septembre-2016\">4<sup>e<\/sup> \u00e9dition \u2013 25 septembre 2016<\/h2>\n\n\n\n<p>Voici les diff\u00e9rentes photos du Trigoulet 2016 en libre acc\u00e8s :<\/p>\n\n\n\n<ul class=\"wp-block-list\">\n<li><a href=\"https:\/\/goo.gl\/photos\/URmdc1NKPRmNvier6\" target=\"_blank\" rel=\"noreferrer noopener\">Les mini-poussin(e)s 6\/7 ans<\/a><\/li>\n\n\n\n<li><a href=\"https:\/\/goo.gl\/photos\/XmCqsaf76zCgF6Ru8\" target=\"_blank\" rel=\"noreferrer noopener\">Les poussin(e)s 8\/9 ans<\/a><\/li>\n\n\n\n<li><a href=\"https:\/\/goo.gl\/photos\/bwqGQRtEX8skfbd3A\" target=\"_blank\" rel=\"noreferrer noopener\">Les pupilles 10\/11 ans<\/a><\/li>\n\n\n\n<li><a href=\"https:\/\/goo.gl\/photos\/vAWf6AzHL68yqD6p9\" target=\"_blank\" rel=\"noreferrer noopener\">Les benjamin(e)s 12\/13 ans<\/a><\/li>\n\n\n\n<li><a href=\"https:\/\/goo.gl\/photos\/7CBuYSzK1D9u6Du76\" target=\"_blank\" rel=\"noreferrer noopener\">Les minimes 14\/15 ans<\/a><\/li>\n\n\n\n<li><a href=\"https:\/\/goo.gl\/photos\/5SPGXiz4zEM8WUeZ7\" target=\"_blank\" rel=\"noreferrer noopener\">La remise des prix sur le podium<\/a><\/li>\n<\/ul>\n\n\n\n<h2 class=\"wp-block-heading\" id=\"3e-edition-27-septembre-2015\">3<sup>e<\/sup> \u00e9dition \u2013 27 septembre 2015<\/h2>\n\n\n\n<p>Voici les diff\u00e9rentes photos du Trigoulet en libre acc\u00e8s :<\/p>\n\n\n\n<ul class=\"wp-block-list\">\n<li><a href=\"https:\/\/goo.gl\/photos\/95kXgKNTSoMnpmYo8\" target=\"_blank\" rel=\"noreferrer noopener\">Les mini-poussin(e)s 6\/7 ans<\/a><\/li>\n\n\n\n<li><a href=\"https:\/\/goo.gl\/photos\/pf7aTMRNUoEnxZtr9\" target=\"_blank\" rel=\"noreferrer noopener\">Les poussin(e)s 8\/9 ans<\/a><\/li>\n\n\n\n<li><a href=\"https:\/\/goo.gl\/photos\/Qx89eHqUnQPbE9fU9\" target=\"_blank\" rel=\"noreferrer noopener\">Les pupilles 10\/11 ans<\/a><\/li>\n\n\n\n<li><a href=\"https:\/\/goo.gl\/photos\/QizbZP4zpBwDR7fN9\" target=\"_blank\" rel=\"noreferrer noopener\">Les benjamin(e)s 12\/13 ans<\/a><\/li>\n\n\n\n<li><a href=\"https:\/\/goo.gl\/photos\/3Ss5nAantQC7JAGk7\" target=\"_blank\" rel=\"noreferrer noopener\">Les minimes 14\/15 ans<\/a><\/li>\n\n\n\n<li><a href=\"https:\/\/goo.gl\/photos\/df6ZMmhi9naE6ryQ8\" target=\"_blank\" rel=\"noreferrer noopener\">La remise des prix sur le podium<\/a><\/li>\n<\/ul>\n","protected":false},"excerpt":{"rendered":"<p>13e \u00e9dition \u2013 28 septembre 2025 Un record de 217 jeunes ont cette ann\u00e9e encore r\u00e9pondu \u00e0 notre invitation : 12e \u00e9dition [&hellip;]<\/p>\n","protected":false},"author":3,"featured_media":0,"parent":0,"menu_order":0,"comment_status":"closed","ping_status":"closed","template":"","meta":{"footnotes":"","_links_to":"","_links_to_target":""},"class_list":["post-91","page","type-page","status-publish","hentry"],"_links":{"self":[{"href":"https:\/\/www.toulouse-tri.com\/trigoulet\/wp-json\/wp\/v2\/pages\/91","targetHints":{"allow":["GET"]}}],"collection":[{"href":"https:\/\/www.toulouse-tri.com\/trigoulet\/wp-json\/wp\/v2\/pages"}],"about":[{"href":"https:\/\/www.toulouse-tri.com\/trigoulet\/wp-json\/wp\/v2\/types\/page"}],"author":[{"embeddable":true,"href":"https:\/\/www.toulouse-tri.com\/trigoulet\/wp-json\/wp\/v2\/users\/3"}],"replies":[{"embeddable":true,"href":"https:\/\/www.toulouse-tri.com\/trigoulet\/wp-json\/wp\/v2\/comments?post=91"}],"version-history":[{"count":39,"href":"https:\/\/www.toulouse-tri.com\/trigoulet\/wp-json\/wp\/v2\/pages\/91\/revisions"}],"predecessor-version":[{"id":834,"href":"https:\/\/www.toulouse-tri.com\/trigoulet\/wp-json\/wp\/v2\/pages\/91\/revisions\/834"}],"wp:attachment":[{"href":"https:\/\/www.toulouse-tri.com\/trigoulet\/wp-json\/wp\/v2\/media?parent=91"}],"curies":[{"name":"wp","href":"https:\/\/api.w.org\/{rel}","templated":true}]}}