{"id":8,"date":"2018-03-06T23:06:06","date_gmt":"2018-03-06T22:06:06","guid":{"rendered":"https:\/\/www.toulouse-tri.com\/trigoulet\/?page_id=8"},"modified":"2026-03-08T15:40:19","modified_gmt":"2026-03-08T14:40:19","slug":"accueil","status":"publish","type":"page","link":"https:\/\/www.toulouse-tri.com\/trigoulet\/","title":{"rendered":"Accueil"},"content":{"rendered":"\n<h2 class=\"wp-block-heading has-text-align-center has-text-color\" id=\"le-triathlon-pour-les-jeunes-a-toulousedimanche-25-septembre-2022-10e-edition\" style=\"color:#800080\">Le triathlon pour les jeunes \u00e0 Toulouse<br>Dimanche 27 septembre 2026<br>\u2013 14<sup>e<\/sup> \u00e9dition \u2013<\/h2>\n\n\n\n<div class=\"wp-block-buttons is-content-justification-center is-layout-flex wp-container-core-buttons-is-layout-a89b3969 wp-block-buttons-is-layout-flex\">\n<div class=\"wp-block-button\"><a class=\"wp-block-button__link has-background wp-element-button\" href=\"https:\/\/www.toulouse-tri.com\/trigoulet\/epreuves-et-parcours\/\" style=\"background:linear-gradient(135deg,rgb(128,0,128) 0%,rgba(155,82,224,0.53) 100%)\">Courses<\/a><\/div>\n\n\n\n<div class=\"wp-block-button\"><a class=\"wp-block-button__link has-background wp-element-button\" href=\"https:\/\/www.toulouse-tri.com\/trigoulet\/programme\/\" style=\"background:linear-gradient(135deg,rgb(128,0,128) 0%,rgba(155,82,224,0.53) 100%)\">Programme<\/a><\/div>\n\n\n\n<div class=\"wp-block-button is-style-fill\"><a class=\"wp-block-button__link has-background wp-element-button\" href=\"https:\/\/www.toulouse-tri.com\/trigoulet\/reglement-trigoulet\/\" style=\"background:linear-gradient(135deg,rgb(128,0,128) 0%,rgba(155,82,224,0.53) 100%)\">R\u00e8glement<\/a><\/div>\n\n\n\n<div class=\"wp-block-button\"><a class=\"wp-block-button__link has-background wp-element-button\" href=\"https:\/\/www.toulouse-tri.com\/trigoulet\/inscription\/\" style=\"background:linear-gradient(135deg,rgb(128,0,128) 0%,rgba(155,82,224,0.53) 100%)\">Inscriptions<\/a><\/div>\n<\/div>\n\n\n\n<p class=\"has-text-align-center\">Le <strong>Toulouse Triathlon<\/strong> est heureux de vous proposer la <strong>14<sup>e<\/sup> \u00e9dition du Trigoulet<\/strong>, triathlon pour les jeunes de 6 \u00e0 15 ans, sur la base verte des Argoulets \u00e0 Toulouse.<\/p>\n\n\n\n<p class=\"has-text-align-center\">Le triathlon, une affaire d\u2019\u00e2ge ? Certainement pas !<br>Le triathlon, une affaire de niveau ? Encore moins !<\/p>\n\n\n\n<p class=\"has-text-align-left\">Le Trigoulet, c&rsquo;est <strong>5 courses<\/strong> pour tous les \u00e2ges, chacun y trouve son plaisir, que ce soit pour s&rsquo;initier au triathlon ou pour performer.<\/p>\n\n\n\n<div class=\"wp-block-columns are-vertically-aligned-center is-layout-flex wp-container-core-columns-is-layout-28f84493 wp-block-columns-is-layout-flex\">\n<div class=\"wp-block-column is-vertically-aligned-center is-layout-flow wp-block-column-is-layout-flow\" style=\"flex-basis:25%\"><\/div>\n\n\n\n<div class=\"wp-block-column is-vertically-aligned-center is-layout-flow wp-block-column-is-layout-flow\" style=\"flex-basis:50%\">\n<figure class=\"wp-block-embed is-type-video is-provider-youtube wp-block-embed-youtube wp-embed-aspect-16-9 wp-has-aspect-ratio\"><div class=\"wp-block-embed__wrapper\">\n<iframe loading=\"lazy\" title=\"Trigoulet 2018 - La vid\u00e9o officielle\" width=\"1170\" height=\"658\" src=\"https:\/\/www.youtube.com\/embed\/tFKeBMSIzKc?feature=oembed\" frameborder=\"0\" allow=\"accelerometer; autoplay; clipboard-write; encrypted-media; gyroscope; picture-in-picture; web-share\" referrerpolicy=\"strict-origin-when-cross-origin\" allowfullscreen><\/iframe>\n<\/div><\/figure>\n<\/div>\n\n\n\n<div class=\"wp-block-column is-vertically-aligned-center is-layout-flow wp-block-column-is-layout-flow\" style=\"flex-basis:25%\"><\/div>\n<\/div>\n\n\n\n<hr class=\"wp-block-separator has-css-opacity\"\/>\n\n\n\n<p>Le Toulouse Triathlon, c&rsquo;est aussi et surtout une <strong><a href=\"https:\/\/www.toulouse-tri.com\/?page_id=47\">\u00e9cole de triathlon<\/a><\/strong> accueillant les jeunes de 6 \u00e0 19 ans au sein d&rsquo;une structure labellis\u00e9e \u00ab\u00a01 \u00e9toile\u00a0\u00bb par la F\u00e9d\u00e9ration Fran\u00e7aise de Triathlon. Des entra\u00eenements de qualit\u00e9 et un \u00e9tat d&rsquo;esprit convivial permettent d&rsquo;offrir aux jeunes un environnement chaleureux et stimulant. Le groupe actuel sera ravi de vous compter parmi ses membres.<\/p>\n\n\n\n<div class=\"wp-block-buttons is-content-justification-center is-layout-flex wp-container-core-buttons-is-layout-a89b3969 wp-block-buttons-is-layout-flex\">\n<div class=\"wp-block-button\"><a class=\"wp-block-button__link has-background wp-element-button\" href=\"https:\/\/www.toulouse-tri.com\/?page_id=47\" style=\"border-radius:50px;background:linear-gradient(135deg,rgb(128,0,128) 2%,rgba(155,82,224,0.53) 100%)\"><strong>\u00c9cole de Triathlon<\/strong><\/a><\/div>\n<\/div>\n\n\n\n<p>N\u2019h\u00e9sitez pas \u00e0 d\u00e9couvrir <a href=\"https:\/\/www.toulouse-tri.com\/?page_id=47\">l&rsquo;\u00e9cole de triathlon du Toulouse Triathlon<\/a> et \u00e0 contacter le coach <strong><a href=\"mailto:coach@toulouse-tri.com\">Damien<\/a><\/strong> ou le pr\u00e9sident <strong><a href=\"mailto:president@toulouse-tri.com\">Robert<\/a><\/strong> qui vous donneront tous les renseignements n\u00e9cessaires et l\u2019envie de nous rejoindre.<\/p>\n\n\n\n<figure class=\"wp-block-image aligncenter size-large is-resized\"><a href=\"https:\/\/www.toulouse-tri.com\/\"><img loading=\"lazy\" decoding=\"async\" width=\"380\" height=\"380\" src=\"https:\/\/www.toulouse-tri.com\/trigoulet\/wp-content\/uploads\/2021\/07\/toulouse_triathlon_rond.jpg\" alt=\"\" class=\"wp-image-161\" style=\"width:190px;height:190px\" srcset=\"https:\/\/www.toulouse-tri.com\/trigoulet\/wp-content\/uploads\/2021\/07\/toulouse_triathlon_rond.jpg 380w, https:\/\/www.toulouse-tri.com\/trigoulet\/wp-content\/uploads\/2021\/07\/toulouse_triathlon_rond-300x300.jpg 300w, https:\/\/www.toulouse-tri.com\/trigoulet\/wp-content\/uploads\/2021\/07\/toulouse_triathlon_rond-150x150.jpg 150w, https:\/\/www.toulouse-tri.com\/trigoulet\/wp-content\/uploads\/2021\/07\/toulouse_triathlon_rond-230x230.jpg 230w, https:\/\/www.toulouse-tri.com\/trigoulet\/wp-content\/uploads\/2021\/07\/toulouse_triathlon_rond-350x350.jpg 350w\" sizes=\"auto, (max-width: 380px) 100vw, 380px\" \/><\/a><figcaption class=\"wp-element-caption\">Un \u00e9v\u00e9nement organis\u00e9 par le <strong><a href=\"https:\/\/www.toulouse-tri.com\/\">Toulouse Triathlon<\/a><\/strong><\/figcaption><\/figure>\n\n\n\n<hr class=\"wp-block-separator has-css-opacity\"\/>\n\n\n\n<h2 class=\"wp-block-heading has-text-align-center has-text-color\" id=\"nos-partenaires\" style=\"color:#800080\">Nos partenaires<\/h2>\n\n\n\n<div class=\"wp-block-columns are-vertically-aligned-center is-layout-flex wp-container-core-columns-is-layout-28f84493 wp-block-columns-is-layout-flex\">\n<div class=\"wp-block-column is-vertically-aligned-center is-layout-flow wp-block-column-is-layout-flow\">\n<figure class=\"wp-block-image aligncenter size-full is-resized\"><a href=\"https:\/\/www.biocoop-montredon.com\/\" target=\"_blank\" rel=\"noopener\"><img loading=\"lazy\" decoding=\"async\" width=\"100\" height=\"100\" src=\"https:\/\/www.toulouse-tri.com\/trigoulet\/wp-content\/uploads\/2022\/01\/biocoop-1.png\" alt=\"Biocoop Monredon et Croix-Daurade\" class=\"wp-image-463\" style=\"width:121px;height:121px\"\/><\/a><figcaption class=\"wp-element-caption\">Biocoop <a href=\"https:\/\/www.biocoop-montredon.com\/\" target=\"_blank\" rel=\"noreferrer noopener\">Montredon<\/a> et <a href=\"https:\/\/croixdaurade.biocoop.net\/\" target=\"_blank\" rel=\"noreferrer noopener\">Croix-Daurade<\/a><\/figcaption><\/figure>\n<\/div>\n\n\n\n<div class=\"wp-block-column is-layout-flow wp-block-column-is-layout-flow\">\n<figure class=\"wp-block-image size-full\"><a href=\"https:\/\/www.pierre-fabre.com\/fr\"><img loading=\"lazy\" decoding=\"async\" width=\"295\" height=\"171\" src=\"https:\/\/www.toulouse-tri.com\/trigoulet\/wp-content\/uploads\/2025\/08\/Pierre-Fabre.png\" alt=\"\" class=\"wp-image-819\" srcset=\"https:\/\/www.toulouse-tri.com\/trigoulet\/wp-content\/uploads\/2025\/08\/Pierre-Fabre.png 295w, https:\/\/www.toulouse-tri.com\/trigoulet\/wp-content\/uploads\/2025\/08\/Pierre-Fabre-230x133.png 230w\" sizes=\"auto, (max-width: 295px) 100vw, 295px\" \/><\/a><\/figure>\n<\/div>\n\n\n\n<div class=\"wp-block-column is-layout-flow wp-block-column-is-layout-flow\">\n<figure class=\"wp-block-image size-large\"><a href=\"https:\/\/www.groupama.com\/fr\/fiche\/groupama-doc\/\"><img loading=\"lazy\" decoding=\"async\" width=\"1024\" height=\"912\" src=\"https:\/\/www.toulouse-tri.com\/trigoulet\/wp-content\/uploads\/2025\/08\/Groupama-dOc-1024x912.jpg\" alt=\"\" class=\"wp-image-818\" srcset=\"https:\/\/www.toulouse-tri.com\/trigoulet\/wp-content\/uploads\/2025\/08\/Groupama-dOc-1024x912.jpg 1024w, https:\/\/www.toulouse-tri.com\/trigoulet\/wp-content\/uploads\/2025\/08\/Groupama-dOc-300x267.jpg 300w, https:\/\/www.toulouse-tri.com\/trigoulet\/wp-content\/uploads\/2025\/08\/Groupama-dOc-768x684.jpg 768w, https:\/\/www.toulouse-tri.com\/trigoulet\/wp-content\/uploads\/2025\/08\/Groupama-dOc-1536x1369.jpg 1536w, https:\/\/www.toulouse-tri.com\/trigoulet\/wp-content\/uploads\/2025\/08\/Groupama-dOc-1000x891.jpg 1000w, https:\/\/www.toulouse-tri.com\/trigoulet\/wp-content\/uploads\/2025\/08\/Groupama-dOc-230x205.jpg 230w, https:\/\/www.toulouse-tri.com\/trigoulet\/wp-content\/uploads\/2025\/08\/Groupama-dOc-350x312.jpg 350w, https:\/\/www.toulouse-tri.com\/trigoulet\/wp-content\/uploads\/2025\/08\/Groupama-dOc-480x428.jpg 480w, https:\/\/www.toulouse-tri.com\/trigoulet\/wp-content\/uploads\/2025\/08\/Groupama-dOc.jpg 1735w\" sizes=\"auto, (max-width: 1024px) 100vw, 1024px\" \/><\/a><\/figure>\n<\/div>\n\n\n\n<div class=\"wp-block-column is-vertically-aligned-center is-layout-flow wp-block-column-is-layout-flow\">\n<figure class=\"wp-block-image aligncenter size-full is-resized\"><a href=\"https:\/\/www.laclim31.com\/\" target=\"_blank\" rel=\"noopener\"><img loading=\"lazy\" decoding=\"async\" width=\"225\" height=\"300\" src=\"https:\/\/www.toulouse-tri.com\/trigoulet\/wp-content\/uploads\/2022\/01\/Logo-LACLIM-225x300-1.jpg\" alt=\"La Clim\" class=\"wp-image-450\" style=\"width:167px;height:223px\"\/><\/a><\/figure>\n<\/div>\n<\/div>\n\n\n\n<div class=\"wp-block-columns is-layout-flex wp-container-core-columns-is-layout-28f84493 wp-block-columns-is-layout-flex\">\n<div class=\"wp-block-column is-layout-flow wp-block-column-is-layout-flow\">\n<figure class=\"wp-block-image size-large\"><a href=\"https:\/\/www.running-conseil.com\/runningconseil-balma.html\"><img loading=\"lazy\" decoding=\"async\" width=\"1024\" height=\"354\" src=\"https:\/\/www.toulouse-tri.com\/trigoulet\/wp-content\/uploads\/2022\/01\/Logo-Running-Conseil-1024x354.png\" alt=\"\" class=\"wp-image-451\" srcset=\"https:\/\/www.toulouse-tri.com\/trigoulet\/wp-content\/uploads\/2022\/01\/Logo-Running-Conseil-1024x354.png 1024w, https:\/\/www.toulouse-tri.com\/trigoulet\/wp-content\/uploads\/2022\/01\/Logo-Running-Conseil-300x104.png 300w, https:\/\/www.toulouse-tri.com\/trigoulet\/wp-content\/uploads\/2022\/01\/Logo-Running-Conseil-768x266.png 768w, https:\/\/www.toulouse-tri.com\/trigoulet\/wp-content\/uploads\/2022\/01\/Logo-Running-Conseil-920x318.png 920w, https:\/\/www.toulouse-tri.com\/trigoulet\/wp-content\/uploads\/2022\/01\/Logo-Running-Conseil-230x80.png 230w, https:\/\/www.toulouse-tri.com\/trigoulet\/wp-content\/uploads\/2022\/01\/Logo-Running-Conseil-350x121.png 350w, https:\/\/www.toulouse-tri.com\/trigoulet\/wp-content\/uploads\/2022\/01\/Logo-Running-Conseil-480x166.png 480w, https:\/\/www.toulouse-tri.com\/trigoulet\/wp-content\/uploads\/2022\/01\/Logo-Running-Conseil.png 1050w\" sizes=\"auto, (max-width: 1024px) 100vw, 1024px\" \/><\/a><\/figure>\n<\/div>\n\n\n\n<div class=\"wp-block-column is-layout-flow wp-block-column-is-layout-flow\">\n<figure class=\"wp-block-image size-full\"><img loading=\"lazy\" decoding=\"async\" width=\"2351\" height=\"895\" src=\"https:\/\/www.toulouse-tri.com\/trigoulet\/wp-content\/uploads\/2026\/03\/Cite-de-lEspace.jpg\" alt=\"\" class=\"wp-image-869\" srcset=\"https:\/\/www.toulouse-tri.com\/trigoulet\/wp-content\/uploads\/2026\/03\/Cite-de-lEspace.jpg 2351w, https:\/\/www.toulouse-tri.com\/trigoulet\/wp-content\/uploads\/2026\/03\/Cite-de-lEspace-300x114.jpg 300w, https:\/\/www.toulouse-tri.com\/trigoulet\/wp-content\/uploads\/2026\/03\/Cite-de-lEspace-1024x390.jpg 1024w, https:\/\/www.toulouse-tri.com\/trigoulet\/wp-content\/uploads\/2026\/03\/Cite-de-lEspace-768x292.jpg 768w, https:\/\/www.toulouse-tri.com\/trigoulet\/wp-content\/uploads\/2026\/03\/Cite-de-lEspace-1536x585.jpg 1536w, https:\/\/www.toulouse-tri.com\/trigoulet\/wp-content\/uploads\/2026\/03\/Cite-de-lEspace-2048x780.jpg 2048w, https:\/\/www.toulouse-tri.com\/trigoulet\/wp-content\/uploads\/2026\/03\/Cite-de-lEspace-1000x381.jpg 1000w, https:\/\/www.toulouse-tri.com\/trigoulet\/wp-content\/uploads\/2026\/03\/Cite-de-lEspace-230x88.jpg 230w, https:\/\/www.toulouse-tri.com\/trigoulet\/wp-content\/uploads\/2026\/03\/Cite-de-lEspace-350x133.jpg 350w, https:\/\/www.toulouse-tri.com\/trigoulet\/wp-content\/uploads\/2026\/03\/Cite-de-lEspace-480x183.jpg 480w\" sizes=\"auto, (max-width: 2351px) 100vw, 2351px\" \/><\/figure>\n<\/div>\n\n\n\n<div class=\"wp-block-column is-layout-flow wp-block-column-is-layout-flow\">\n<figure class=\"wp-block-image size-large\"><img loading=\"lazy\" decoding=\"async\" width=\"1024\" height=\"531\" src=\"https:\/\/www.toulouse-tri.com\/trigoulet\/wp-content\/uploads\/2026\/03\/Envol-des-Pionniers-1024x531.png\" alt=\"\" class=\"wp-image-870\" srcset=\"https:\/\/www.toulouse-tri.com\/trigoulet\/wp-content\/uploads\/2026\/03\/Envol-des-Pionniers-1024x531.png 1024w, https:\/\/www.toulouse-tri.com\/trigoulet\/wp-content\/uploads\/2026\/03\/Envol-des-Pionniers-300x156.png 300w, https:\/\/www.toulouse-tri.com\/trigoulet\/wp-content\/uploads\/2026\/03\/Envol-des-Pionniers-768x398.png 768w, https:\/\/www.toulouse-tri.com\/trigoulet\/wp-content\/uploads\/2026\/03\/Envol-des-Pionniers-1536x796.png 1536w, https:\/\/www.toulouse-tri.com\/trigoulet\/wp-content\/uploads\/2026\/03\/Envol-des-Pionniers-2048x1062.png 2048w, https:\/\/www.toulouse-tri.com\/trigoulet\/wp-content\/uploads\/2026\/03\/Envol-des-Pionniers-1000x518.png 1000w, https:\/\/www.toulouse-tri.com\/trigoulet\/wp-content\/uploads\/2026\/03\/Envol-des-Pionniers-230x119.png 230w, https:\/\/www.toulouse-tri.com\/trigoulet\/wp-content\/uploads\/2026\/03\/Envol-des-Pionniers-350x181.png 350w, https:\/\/www.toulouse-tri.com\/trigoulet\/wp-content\/uploads\/2026\/03\/Envol-des-Pionniers-480x249.png 480w\" sizes=\"auto, (max-width: 1024px) 100vw, 1024px\" \/><\/figure>\n<\/div>\n<\/div>\n\n\n\n<div class=\"wp-block-columns is-layout-flex wp-container-core-columns-is-layout-28f84493 wp-block-columns-is-layout-flex\">\n<div class=\"wp-block-column is-layout-flow wp-block-column-is-layout-flow\">\n<figure class=\"wp-block-image aligncenter size-full\"><a href=\"https:\/\/www.laregion.fr\/\" target=\"_blank\" rel=\"noopener\"><img loading=\"lazy\" decoding=\"async\" width=\"200\" height=\"200\" src=\"https:\/\/www.toulouse-tri.com\/trigoulet\/wp-content\/uploads\/2022\/01\/Region-Occitanie.png\" alt=\"R\u00e9gion Occitanie\" class=\"wp-image-453\" srcset=\"https:\/\/www.toulouse-tri.com\/trigoulet\/wp-content\/uploads\/2022\/01\/Region-Occitanie.png 200w, https:\/\/www.toulouse-tri.com\/trigoulet\/wp-content\/uploads\/2022\/01\/Region-Occitanie-150x150.png 150w\" sizes=\"auto, (max-width: 200px) 100vw, 200px\" \/><\/a><\/figure>\n<\/div>\n\n\n\n<div class=\"wp-block-column is-layout-flow wp-block-column-is-layout-flow\">\n<figure class=\"wp-block-image aligncenter size-large\"><a href=\"https:\/\/www.toulouse.fr\/\" target=\"_blank\" rel=\"noopener\"><img loading=\"lazy\" decoding=\"async\" width=\"1024\" height=\"785\" src=\"https:\/\/www.toulouse-tri.com\/trigoulet\/wp-content\/uploads\/2022\/02\/LOGO-MAIRIE-DE-TLSE-vertical-cmjn-1024x785.jpg\" alt=\"Mairie de Toulouse\" class=\"wp-image-491\" srcset=\"https:\/\/www.toulouse-tri.com\/trigoulet\/wp-content\/uploads\/2022\/02\/LOGO-MAIRIE-DE-TLSE-vertical-cmjn-1024x785.jpg 1024w, https:\/\/www.toulouse-tri.com\/trigoulet\/wp-content\/uploads\/2022\/02\/LOGO-MAIRIE-DE-TLSE-vertical-cmjn-300x230.jpg 300w, https:\/\/www.toulouse-tri.com\/trigoulet\/wp-content\/uploads\/2022\/02\/LOGO-MAIRIE-DE-TLSE-vertical-cmjn-768x589.jpg 768w, https:\/\/www.toulouse-tri.com\/trigoulet\/wp-content\/uploads\/2022\/02\/LOGO-MAIRIE-DE-TLSE-vertical-cmjn-920x705.jpg 920w, https:\/\/www.toulouse-tri.com\/trigoulet\/wp-content\/uploads\/2022\/02\/LOGO-MAIRIE-DE-TLSE-vertical-cmjn-230x176.jpg 230w, https:\/\/www.toulouse-tri.com\/trigoulet\/wp-content\/uploads\/2022\/02\/LOGO-MAIRIE-DE-TLSE-vertical-cmjn-350x268.jpg 350w, https:\/\/www.toulouse-tri.com\/trigoulet\/wp-content\/uploads\/2022\/02\/LOGO-MAIRIE-DE-TLSE-vertical-cmjn-480x368.jpg 480w, https:\/\/www.toulouse-tri.com\/trigoulet\/wp-content\/uploads\/2022\/02\/LOGO-MAIRIE-DE-TLSE-vertical-cmjn.jpg 1182w\" sizes=\"auto, (max-width: 1024px) 100vw, 1024px\" \/><\/a><\/figure>\n<\/div>\n\n\n\n<div class=\"wp-block-column is-layout-flow wp-block-column-is-layout-flow\">\n<figure class=\"wp-block-image aligncenter size-full\"><a href=\"https:\/\/www.triathlonoccitanie.com\/\" target=\"_blank\" rel=\"noopener\"><img loading=\"lazy\" decoding=\"async\" width=\"300\" height=\"240\" src=\"https:\/\/www.toulouse-tri.com\/trigoulet\/wp-content\/uploads\/2022\/01\/Ligue-Occitanie-de-Triathlon-300x240-1.png\" alt=\"Ligue de Triathlon Occitanie\" class=\"wp-image-449\" srcset=\"https:\/\/www.toulouse-tri.com\/trigoulet\/wp-content\/uploads\/2022\/01\/Ligue-Occitanie-de-Triathlon-300x240-1.png 300w, https:\/\/www.toulouse-tri.com\/trigoulet\/wp-content\/uploads\/2022\/01\/Ligue-Occitanie-de-Triathlon-300x240-1-230x184.png 230w\" sizes=\"auto, (max-width: 300px) 100vw, 300px\" \/><\/a><\/figure>\n<\/div>\n<\/div>\n\n\n\n<hr class=\"wp-block-separator has-css-opacity\"\/>\n","protected":false},"excerpt":{"rendered":"<p>Le triathlon pour les jeunes \u00e0 ToulouseDimanche 27 septembre 2026\u2013 14e \u00e9dition \u2013 Le Toulouse Triathlon est heureux de vous proposer la [&hellip;]<\/p>\n","protected":false},"author":3,"featured_media":0,"parent":0,"menu_order":0,"comment_status":"closed","ping_status":"closed","template":"page-templates\/page_fullwidth.php","meta":{"footnotes":"","_links_to":"","_links_to_target":""},"class_list":["post-8","page","type-page","status-publish","hentry"],"_links":{"self":[{"href":"https:\/\/www.toulouse-tri.com\/trigoulet\/wp-json\/wp\/v2\/pages\/8","targetHints":{"allow":["GET"]}}],"collection":[{"href":"https:\/\/www.toulouse-tri.com\/trigoulet\/wp-json\/wp\/v2\/pages"}],"about":[{"href":"https:\/\/www.toulouse-tri.com\/trigoulet\/wp-json\/wp\/v2\/types\/page"}],"author":[{"embeddable":true,"href":"https:\/\/www.toulouse-tri.com\/trigoulet\/wp-json\/wp\/v2\/users\/3"}],"replies":[{"embeddable":true,"href":"https:\/\/www.toulouse-tri.com\/trigoulet\/wp-json\/wp\/v2\/comments?post=8"}],"version-history":[{"count":90,"href":"https:\/\/www.toulouse-tri.com\/trigoulet\/wp-json\/wp\/v2\/pages\/8\/revisions"}],"predecessor-version":[{"id":871,"href":"https:\/\/www.toulouse-tri.com\/trigoulet\/wp-json\/wp\/v2\/pages\/8\/revisions\/871"}],"wp:attachment":[{"href":"https:\/\/www.toulouse-tri.com\/trigoulet\/wp-json\/wp\/v2\/media?parent=8"}],"curies":[{"name":"wp","href":"https:\/\/api.w.org\/{rel}","templated":true}]}}