{"id":37,"date":"2018-03-07T09:19:35","date_gmt":"2018-03-07T08:19:35","guid":{"rendered":"https:\/\/www.toulouse-tri.com\/trigoulet\/?page_id=37"},"modified":"2026-03-11T14:35:18","modified_gmt":"2026-03-11T13:35:18","slug":"inscription","status":"publish","type":"page","link":"https:\/\/www.toulouse-tri.com\/trigoulet\/inscription\/","title":{"rendered":"Inscription"},"content":{"rendered":"\n<h4 class=\"wp-block-heading\" id=\"les-inscriptions-pour-le-trigoulet-2022-ne-sont-pas-encoure-ouvertes-encore-un-peu-de-patience\">Les inscriptions pour le Trigoulet 2026 sont ouvertes !<\/h4>\n\n\n\n<p>L\u2019inscription se fait en ligne avec paiement CB imm\u00e9diat jusqu\u2019au jeudi 24 septembre 2026 \u00e0 23h59, dans la limite des places disponibles de la cat\u00e9gorie.<\/p>\n\n\n\n<div class=\"wp-block-buttons is-content-justification-center is-layout-flex wp-container-core-buttons-is-layout-a89b3969 wp-block-buttons-is-layout-flex\">\n<div class=\"wp-block-button is-style-fill\"><a class=\"wp-block-button__link has-background wp-element-button\" href=\"https:\/\/www.toulouse-tri.com\/?page_id=1105\" style=\"border-radius:30px;background:linear-gradient(135deg,rgb(172,118,166) 0%,rgba(173,118,166,0.7) 100%)\" target=\"_blank\" rel=\"noreferrer noopener\">S&rsquo;inscrire<\/a><\/div>\n<\/div>\n\n\n\n<div class=\"wp-block-buttons is-content-justification-center is-layout-flex wp-container-core-buttons-is-layout-a89b3969 wp-block-buttons-is-layout-flex\">\n<div class=\"wp-block-button is-style-fill\"><a class=\"wp-block-button__link has-background wp-element-button\" href=\"https:\/\/www.toulouse-tri.com\/?page_id=334\" style=\"border-radius:30px;background:linear-gradient(135deg,rgb(172,118,166) 0%,rgba(173,118,166,0.7) 100%)\" target=\"_blank\" rel=\"noreferrer noopener\">Liste des inscrits<\/a><\/div>\n<\/div>\n\n\n\n<h3 class=\"wp-block-heading\" id=\"tarifs\">Tarifs<\/h3>\n\n\n\n<div class=\"wp-block-columns alignwide is-layout-flex wp-container-core-columns-is-layout-28f84493 wp-block-columns-is-layout-flex\">\n<div class=\"wp-block-column is-layout-flow wp-block-column-is-layout-flow\" style=\"flex-basis:50%\">\n<figure class=\"wp-block-table aligncenter is-style-stripes\"><table><tbody><tr><td class=\"has-text-align-left\" data-align=\"left\"><strong>Cat\u00e9gorie<\/strong><\/td><td class=\"has-text-align-left\" data-align=\"left\"><strong>Tarif<\/strong><\/td><\/tr><tr><td class=\"has-text-align-left\" data-align=\"left\">Licenci\u00e9 FFTri comp\u00e9tition<\/td><td class=\"has-text-align-left\" data-align=\"left\">5 \u20ac<\/td><\/tr><tr><td class=\"has-text-align-left\" data-align=\"left\">Licenci\u00e9 FFTri loisir<\/td><td class=\"has-text-align-left\" data-align=\"left\">5 \u20ac + 4 \u20ac = 9 \u20ac (*)<\/td><\/tr><tr><td class=\"has-text-align-left\" data-align=\"left\">Non licenci\u00e9<\/td><td class=\"has-text-align-left\" data-align=\"left\">5 \u20ac + 4 \u20ac = 9 \u20ac (*)<\/td><\/tr><\/tbody><\/table><figcaption class=\"wp-element-caption\">(*) La f\u00e9d\u00e9ration impose la licence exp\u00e9rience (4 \u20ac) pour que les athl\u00e8tes non licenci\u00e9.e.s et licenci\u00e9.e.s FFTri loisir soient couverts par l&rsquo;assurance f\u00e9d\u00e9rale.<\/figcaption><\/figure>\n<\/div>\n<\/div>\n\n\n\n<h3 class=\"wp-block-heading\" id=\"pieces-justificatives\">Pi\u00e8ces justificatives<\/h3>\n\n\n\n<p>Les pi\u00e8ces justificatives sont \u00e0 <a href=\"mailto:trigoulet@toulouse-tri.com\">envoyer par email<\/a> d\u00e8s que possible. Selon la licence ou non de l&rsquo;athl\u00e8te, les documents \u00e0 fournir peuvent diff\u00e9rer (voir tableau ci-dessous).<\/p>\n\n\n\n<div class=\"wp-block-buttons is-content-justification-center is-layout-flex wp-container-core-buttons-is-layout-a89b3969 wp-block-buttons-is-layout-flex\">\n<div class=\"wp-block-button\"><a class=\"wp-block-button__link has-background wp-element-button\" href=\"http:\/\/www.toulouse-tri.com\/wp-content\/downloads\/Inscription\/Questionnaire_mineur.pdf\" style=\"border-radius:45px;background:linear-gradient(90deg,rgb(172,118,166) 0%,rgba(172,104,166,0.7) 100%)\" target=\"_blank\" rel=\"noreferrer noopener nofollow\">Questionnaire m\u00e9dical<\/a><\/div>\n\n\n\n<div class=\"wp-block-button is-style-fill\"><a class=\"wp-block-button__link has-background wp-element-button\" href=\"http:\/\/www.toulouse-tri.com\/wp-content\/downloads\/Inscription\/Autorisation_Parentale_Trigoulet.pdf\" style=\"border-radius:50px;background:linear-gradient(135deg,rgb(172,118,166) 0%,rgba(172,104,166,0.7) 100%)\" target=\"_blank\" rel=\"noreferrer noopener nofollow\">Autorisation parentale<\/a><\/div>\n<\/div>\n\n\n\n<div class=\"wp-block-buttons is-content-justification-center is-layout-flex wp-container-core-buttons-is-layout-a89b3969 wp-block-buttons-is-layout-flex\">\n<div class=\"wp-block-button is-style-fill\"><a class=\"wp-block-button__link has-global-color-5-background-color has-background wp-element-button\" href=\"http:\/\/www.toulouse-tri.com\/wp-content\/downloads\/Inscription\/Certif_medical_triathlon.pdf\" style=\"border-radius:50px\" target=\"_blank\" rel=\"noreferrer noopener nofollow\">Mod\u00e8le certificat m\u00e9dical (*)<\/a><\/div>\n<\/div>\n\n\n\n<div class=\"wp-block-columns alignwide is-layout-flex wp-container-core-columns-is-layout-28f84493 wp-block-columns-is-layout-flex\">\n<div class=\"wp-block-column is-layout-flow wp-block-column-is-layout-flow\" style=\"flex-basis:70%\">\n<figure class=\"wp-block-table aligncenter is-style-stripes\"><table><tbody><tr><td><\/td><td class=\"has-text-align-center\" data-align=\"center\"><strong>Licence<\/strong><\/td><td class=\"has-text-align-center\" data-align=\"center\"><strong>Questionnaire m\u00e9dical<br><\/strong>(certificat m\u00e9dical si besoin *)<\/td><td class=\"has-text-align-center\" data-align=\"center\"><strong>Autorisation parentale<\/strong><\/td><\/tr><tr><td>Licenci\u00e9 FFTri comp\u00e9tition<\/td><td class=\"has-text-align-center\" data-align=\"center\">&#x2714;<\/td><td class=\"has-text-align-center\" data-align=\"center\"><\/td><td class=\"has-text-align-center\" data-align=\"center\"><\/td><\/tr><tr><td>Licenci\u00e9 FFTri loisir<\/td><td class=\"has-text-align-center\" data-align=\"center\">&#x2714;<\/td><td class=\"has-text-align-center\" data-align=\"center\">&#x2714;*<\/td><td class=\"has-text-align-center\" data-align=\"center\"><\/td><\/tr><tr><td>Non licenci\u00e9<\/td><td class=\"has-text-align-center\" data-align=\"center\"><\/td><td class=\"has-text-align-center\" data-align=\"center\">&#x2714;*<\/td><td class=\"has-text-align-center\" data-align=\"center\">&#x2714;<\/td><\/tr><\/tbody><\/table><\/figure>\n<\/div>\n<\/div>\n\n\n\n<p>* Si le questionnaire m\u00e9dical contient au moins une r\u00e9ponse \u00ab\u00a0OUI\u00a0\u00bb, un certificat m\u00e9dical doit \u00eatre fourni.<\/p>\n\n\n\n<p><strong>IMPORTANT<\/strong> : Le certificat m\u00e9dical doit dater de moins d&rsquo;un an et doit comporter la mention \u201c<em>absence de contre-indication \u00e0 la pratique du sport en comp\u00e9tition<\/em>\u201d ou \u201c<em>du triathlon en comp\u00e9tition<\/em>\u201c. Sans cette mention \u00ab\u00a0comp\u00e9tition\u00a0\u00bb, ou avec un autre sport, votre enfant ne pourra pas prendre le d\u00e9part\u2026 Merci de votre compr\u00e9hension<\/p>\n\n\n\n<hr class=\"wp-block-separator has-css-opacity\"\/>\n\n\n\n<figure class=\"wp-block-image aligncenter size-large\"><img loading=\"lazy\" decoding=\"async\" width=\"1024\" height=\"683\" src=\"https:\/\/www.toulouse-tri.com\/trigoulet\/wp-content\/uploads\/2022\/02\/Retrait-des-dossards-1024x683.jpg\" alt=\"\" class=\"wp-image-676\" srcset=\"https:\/\/www.toulouse-tri.com\/trigoulet\/wp-content\/uploads\/2022\/02\/Retrait-des-dossards-1024x683.jpg 1024w, https:\/\/www.toulouse-tri.com\/trigoulet\/wp-content\/uploads\/2022\/02\/Retrait-des-dossards-300x200.jpg 300w, https:\/\/www.toulouse-tri.com\/trigoulet\/wp-content\/uploads\/2022\/02\/Retrait-des-dossards-768x512.jpg 768w, https:\/\/www.toulouse-tri.com\/trigoulet\/wp-content\/uploads\/2022\/02\/Retrait-des-dossards-1536x1024.jpg 1536w, https:\/\/www.toulouse-tri.com\/trigoulet\/wp-content\/uploads\/2022\/02\/Retrait-des-dossards-2048x1365.jpg 2048w, https:\/\/www.toulouse-tri.com\/trigoulet\/wp-content\/uploads\/2022\/02\/Retrait-des-dossards-920x613.jpg 920w, https:\/\/www.toulouse-tri.com\/trigoulet\/wp-content\/uploads\/2022\/02\/Retrait-des-dossards-230x153.jpg 230w, https:\/\/www.toulouse-tri.com\/trigoulet\/wp-content\/uploads\/2022\/02\/Retrait-des-dossards-350x233.jpg 350w, https:\/\/www.toulouse-tri.com\/trigoulet\/wp-content\/uploads\/2022\/02\/Retrait-des-dossards-480x320.jpg 480w\" sizes=\"auto, (max-width: 1024px) 100vw, 1024px\" \/><\/figure>\n","protected":false},"excerpt":{"rendered":"<p>Les inscriptions pour le Trigoulet 2026 sont ouvertes ! L\u2019inscription se fait en ligne avec paiement CB imm\u00e9diat jusqu\u2019au jeudi 24 septembre [&hellip;]<\/p>\n","protected":false},"author":3,"featured_media":0,"parent":0,"menu_order":0,"comment_status":"closed","ping_status":"closed","template":"page-templates\/page_fullwidth.php","meta":{"footnotes":"","_links_to":"","_links_to_target":""},"class_list":["post-37","page","type-page","status-publish","hentry"],"_links":{"self":[{"href":"https:\/\/www.toulouse-tri.com\/trigoulet\/wp-json\/wp\/v2\/pages\/37","targetHints":{"allow":["GET"]}}],"collection":[{"href":"https:\/\/www.toulouse-tri.com\/trigoulet\/wp-json\/wp\/v2\/pages"}],"about":[{"href":"https:\/\/www.toulouse-tri.com\/trigoulet\/wp-json\/wp\/v2\/types\/page"}],"author":[{"embeddable":true,"href":"https:\/\/www.toulouse-tri.com\/trigoulet\/wp-json\/wp\/v2\/users\/3"}],"replies":[{"embeddable":true,"href":"https:\/\/www.toulouse-tri.com\/trigoulet\/wp-json\/wp\/v2\/comments?post=37"}],"version-history":[{"count":66,"href":"https:\/\/www.toulouse-tri.com\/trigoulet\/wp-json\/wp\/v2\/pages\/37\/revisions"}],"predecessor-version":[{"id":876,"href":"https:\/\/www.toulouse-tri.com\/trigoulet\/wp-json\/wp\/v2\/pages\/37\/revisions\/876"}],"wp:attachment":[{"href":"https:\/\/www.toulouse-tri.com\/trigoulet\/wp-json\/wp\/v2\/media?parent=37"}],"curies":[{"name":"wp","href":"https:\/\/api.w.org\/{rel}","templated":true}]}}