{"id":291,"date":"2021-07-27T11:17:01","date_gmt":"2021-07-27T09:17:01","guid":{"rendered":"https:\/\/www.toulouse-tri.com\/trigoulet\/?page_id=291"},"modified":"2022-02-16T10:49:41","modified_gmt":"2022-02-16T09:49:41","slug":"faq","status":"publish","type":"page","link":"https:\/\/www.toulouse-tri.com\/trigoulet\/faq\/","title":{"rendered":"FAQ"},"content":{"rendered":"\n<p>Vous trouverez ici les questions les plus fr\u00e9quentes. Si votre question n&rsquo;est pas pr\u00e9sente dans la FAQ, n&rsquo;h\u00e9sitez pas \u00e0 nous contacter par email \u00e0 <a href=\"mailto:trigoulet@toulouse-tri.com\">trigoulet@toulouse-tri.com<\/a>.<\/p>\n\n\n\n<h3 id=\"faq-inscriptions\" class=\"arconix-faq-term-title arconix-faq-term-inscriptions\">1. Inscriptions<\/h3><div id=\"faq-302\" class=\"arconix-faq-wrap\"><div id=\"faq-Puis-jeprofiterdrsquountarifdegroupeavecmonclub\" class=\"arconix-faq-title faq-closed\">Puis-je profiter d&rsquo;un tarif de groupe avec mon club ?<\/div><div class=\"arconix-faq-content faq-closed\">Les tarifs \u00e9tant d\u00e9j\u00e0 tr\u00e8s bas, il nous est difficile de les r\u00e9duire.\r\nEn revanche, il est possible de r\u00e9aliser une inscription group\u00e9e pour tous les jeunes d&rsquo;un m\u00eame club en inscrivant chaque jeune en ligne sans proc\u00e9der au paiement (et sans annuler son dossier, donc en s&rsquo;arr\u00eatant avant la page de paiement), puis en contactant l&rsquo;organisation du Trigoulet par email (<a href=\"mailto:trigoulet@toulouse-tri.com\">trigoulet@toulouse-tri.com<\/a>) pour envoyer tous les documents justificatifs et pour proc\u00e9der au paiement group\u00e9 afin de valider les inscriptions.<\/div><\/div><div id=\"faq-296\" class=\"arconix-faq-wrap\"><div id=\"faq-Surquellecoursepeutsrsquoinscrireunebenjamine12-13ans\" class=\"arconix-faq-title faq-closed\">Sur quelle course peut s&rsquo;inscrire un(e) benjamin(e) 12-13 ans ?<\/div><div class=\"arconix-faq-content faq-closed\"><p>Les benjamin(e)s ont le choix de s&rsquo;inscrire sur deux courses diff\u00e9rentes :<\/p>\n<ul>\n<li>soit la course 12-13 ans qui leur est r\u00e9serv\u00e9e, distances 200 m \/ 4km \/ 1.5 km<\/li>\n<li>soit la course 12-15 ans avec les minimes, distances 300 m \/ 6 km \/ 2 km<\/li>\n<\/ul>\n<p>A noter que les benjamines, comme les minimes f\u00e9minines, peuvent s&rsquo;inscrire au <a href=\"https:\/\/www.toulouse-tri.com\/?page_id=1773\" target=\"_blank\" rel=\"noopener\">Triathlon des Roses<\/a>, sur un format 100 m \/ 6 km \/ 2 km (\u00e0 la place du Trigoulet, pas en plus).<\/p>\n<\/div><\/div><h3 id=\"faq-deroulement\" class=\"arconix-faq-term-title arconix-faq-term-deroulement\">2. D\u00e9roulement<\/h3><div id=\"faq-705\" class=\"arconix-faq-wrap\"><div id=\"faq-Combienya-t-ilderavitaillement\" class=\"arconix-faq-title faq-closed\">Combien y a-t-il de ravitaillement ?<\/div><div class=\"arconix-faq-content faq-closed\"><p>Un ravitaillement complet solide + liquide constitu\u00e9 uniquement de produits bio attend tous les athl\u00e8tes apr\u00e8s l&rsquo;arriv\u00e9e.<\/p>\n<p>Il n&rsquo;y a pas de ravitaillement sur le parcours (pr\u00e9voir un bidon \u00e0 v\u00e9lo au besoin).<\/p>\n<\/div><\/div><div id=\"faq-573\" class=\"arconix-faq-wrap\"><div id=\"faq-Est-ilpossibledeveniravecunvloderoute\" class=\"arconix-faq-title faq-closed\">Est-il possible de venir avec un v\u00e9lo de route ?<\/div><div class=\"arconix-faq-content faq-closed\"><p>Non, les parcours empruntent pour moiti\u00e9 des sentiers dans la zone verte des Argoulets, et le VTT est donc indispensable.<\/p>\n<\/div><\/div><h3 id=\"faq-apres-course\" class=\"arconix-faq-term-title arconix-faq-term-apres-course\">3. Apr\u00e8s la course<\/h3><div id=\"faq-640\" class=\"arconix-faq-wrap\"><div id=\"faq-Est-ilpossibledeserestaurersurplace\" class=\"arconix-faq-title faq-closed\">Est-il possible de se restaurer sur place ?<\/div><div class=\"arconix-faq-content faq-closed\"><p>Oui, bien s\u00fbr !<\/p>\n<p>Notre buvette est ouverte toute la journ\u00e9e et vous servira :<\/p>\n<ul>\n<li>Des sandwiches \u00e0 la saucisse grill\u00e9e sur place<\/li>\n<li>Des cr\u00eapes au sucre ou \u00e0 la p\u00e2te \u00e0 tartiner (100 % bio)<\/li>\n<li>Th\u00e9 ou caf\u00e9<\/li>\n<li>Bi\u00e8re (\u00e0 consommer avec mod\u00e9ration par les adultes) et boissons fra\u00eeches<\/li>\n<\/ul>\n<\/div><\/div><div id=\"faq-643\" class=\"arconix-faq-wrap\"><div id=\"faq-Quandontlieulespodiums\" class=\"arconix-faq-title faq-closed\">Quand ont lieu les podiums ?<\/div><div class=\"arconix-faq-content faq-closed\"><p>Toutes les c\u00e9r\u00e9monies pour les 5 courses sont group\u00e9es \u00e0 partir de la fin de la course des 12-15 ans, soit vers 14 heures.<\/p>\n<p>Les horaires approximatifs sont \u00e0 retrouver sur le <a href=\"https:\/\/www.toulouse-tri.com\/trigoulet\/programme\/\">programme<\/a> de la journ\u00e9e.<\/p>\n<\/div><\/div><div id=\"faq-637\" class=\"arconix-faq-wrap\"><div id=\"faq-Quiestrcompenssurlepodium\" class=\"arconix-faq-title faq-closed\">Qui est r\u00e9compens\u00e9 sur le podium ?<\/div><div class=\"arconix-faq-content faq-closed\"><p>Au Trigoulet, tous les jeunes ont droit aux honneurs du podium et \u00e0 une dotation. Les trois premi\u00e8res et trois premiers de chaque course re\u00e7oivent une coupe, et ensuite l&rsquo;ensemble des participants de la course sont appel\u00e9s sur l&rsquo;estrade pour une photo de groupe et pour recevoir un petit cadeau.<\/p>\n<\/div><\/div>\n\n\n\n<hr class=\"wp-block-separator\"\/>\n\n\n\n<div class=\"wp-block-image\"><figure class=\"aligncenter size-large\"><img loading=\"lazy\" decoding=\"async\" width=\"1024\" height=\"683\" src=\"https:\/\/www.toulouse-tri.com\/trigoulet\/wp-content\/uploads\/2022\/02\/Briefing-Trigoulet-1024x683.jpg\" alt=\"\" class=\"wp-image-634\" srcset=\"https:\/\/www.toulouse-tri.com\/trigoulet\/wp-content\/uploads\/2022\/02\/Briefing-Trigoulet-1024x683.jpg 1024w, https:\/\/www.toulouse-tri.com\/trigoulet\/wp-content\/uploads\/2022\/02\/Briefing-Trigoulet-300x200.jpg 300w, https:\/\/www.toulouse-tri.com\/trigoulet\/wp-content\/uploads\/2022\/02\/Briefing-Trigoulet-768x512.jpg 768w, https:\/\/www.toulouse-tri.com\/trigoulet\/wp-content\/uploads\/2022\/02\/Briefing-Trigoulet-920x613.jpg 920w, https:\/\/www.toulouse-tri.com\/trigoulet\/wp-content\/uploads\/2022\/02\/Briefing-Trigoulet-230x153.jpg 230w, https:\/\/www.toulouse-tri.com\/trigoulet\/wp-content\/uploads\/2022\/02\/Briefing-Trigoulet-350x233.jpg 350w, https:\/\/www.toulouse-tri.com\/trigoulet\/wp-content\/uploads\/2022\/02\/Briefing-Trigoulet-480x320.jpg 480w, https:\/\/www.toulouse-tri.com\/trigoulet\/wp-content\/uploads\/2022\/02\/Briefing-Trigoulet.jpg 1536w\" sizes=\"auto, (max-width: 1024px) 100vw, 1024px\" \/><\/figure><\/div>\n","protected":false},"excerpt":{"rendered":"<p>Vous trouverez ici les questions les plus fr\u00e9quentes. Si votre question n&rsquo;est pas pr\u00e9sente dans la FAQ, n&rsquo;h\u00e9sitez pas \u00e0 nous contacter [&hellip;]<\/p>\n","protected":false},"author":3,"featured_media":0,"parent":0,"menu_order":0,"comment_status":"closed","ping_status":"closed","template":"page-templates\/page_fullwidth.php","meta":{"footnotes":"","_links_to":"","_links_to_target":""},"class_list":["post-291","page","type-page","status-publish","hentry"],"_links":{"self":[{"href":"https:\/\/www.toulouse-tri.com\/trigoulet\/wp-json\/wp\/v2\/pages\/291","targetHints":{"allow":["GET"]}}],"collection":[{"href":"https:\/\/www.toulouse-tri.com\/trigoulet\/wp-json\/wp\/v2\/pages"}],"about":[{"href":"https:\/\/www.toulouse-tri.com\/trigoulet\/wp-json\/wp\/v2\/types\/page"}],"author":[{"embeddable":true,"href":"https:\/\/www.toulouse-tri.com\/trigoulet\/wp-json\/wp\/v2\/users\/3"}],"replies":[{"embeddable":true,"href":"https:\/\/www.toulouse-tri.com\/trigoulet\/wp-json\/wp\/v2\/comments?post=291"}],"version-history":[{"count":6,"href":"https:\/\/www.toulouse-tri.com\/trigoulet\/wp-json\/wp\/v2\/pages\/291\/revisions"}],"predecessor-version":[{"id":636,"href":"https:\/\/www.toulouse-tri.com\/trigoulet\/wp-json\/wp\/v2\/pages\/291\/revisions\/636"}],"wp:attachment":[{"href":"https:\/\/www.toulouse-tri.com\/trigoulet\/wp-json\/wp\/v2\/media?parent=291"}],"curies":[{"name":"wp","href":"https:\/\/api.w.org\/{rel}","templated":true}]}}