{"id":2,"date":"2018-03-06T22:18:10","date_gmt":"2018-03-06T21:18:10","guid":{"rendered":"https:\/\/www.toulouse-tri.com\/trigoulet\/?page_id=2"},"modified":"2026-03-08T15:29:13","modified_gmt":"2026-03-08T14:29:13","slug":"programme","status":"publish","type":"page","link":"https:\/\/www.toulouse-tri.com\/trigoulet\/programme\/","title":{"rendered":"Programme"},"content":{"rendered":"\n<figure class=\"wp-block-table is-style-stripes\"><table><tbody><tr><td><strong>Courses<\/strong><\/td><td><strong>6-7 ans<\/strong><\/td><td><strong>8-9 ans<\/strong><\/td><td><strong>10-11 ans<\/strong><\/td><td><strong>12-13 ans<\/strong><\/td><td><strong>12 \u00e0 15 ans<\/strong><\/td><\/tr><tr><td>Cat\u00e9gorie<\/td><td>Mini Poussins<\/td><td>Poussins<\/td><td>Pupilles<\/td><td>Benjamins<\/td><td>Benjamins &amp; Minimes<\/td><\/tr><tr><td>Ann\u00e9e naissance<\/td><td>2019-2020<\/td><td>2017-2018<\/td><td>2015-2016<\/td><td>2013-2014<\/td><td>2011 \u00e0 2014<\/td><\/tr><tr><td>Places disponibles<\/td><td>60<\/td><td>60<\/td><td>60<\/td><td>36<\/td><td>36<\/td><\/tr><tr><td>Retrait des dossards<\/td><td>8h00 \u00e0 9h15<\/td><td>8h45 \u00e0 10h00<\/td><td>9h30 \u00e0 10h45<\/td><td>10h15 \u00e0 11h30<\/td><td>11h15 \u00e0 12h30<\/td><\/tr><tr><td>Briefing<\/td><td>9h30<\/td><td>10h15<\/td><td>11h00<\/td><td>11h45<\/td><td>12h45<\/td><\/tr><tr><td>D\u00e9part<\/td><td>9h45<\/td><td>10h30<\/td><td>11h15<\/td><td>12h00<\/td><td>13h00<\/td><\/tr><tr><td>Remise des prix <strong>pour tous<\/strong><\/td><td>(*)<\/td><td>(*)<\/td><td>(*)<\/td><td>(*)<\/td><td>(*)<\/td><\/tr><\/tbody><\/table><figcaption class=\"wp-element-caption\">(*) : voir d\u00e9roulement ci-dessous<\/figcaption><\/figure>\n\n\n\n<h3 class=\"wp-block-heading\" id=\"deroulement-le-jour-j\">D\u00e9roulement le jour J<\/h3>\n\n\n\n<ul class=\"wp-block-list\">\n<li>Lors du <strong>retrait des dossards<\/strong>, si les pi\u00e8ces justificatives n&rsquo;ont pas \u00e9t\u00e9 envoy\u00e9es par email, il sera obligatoire de pr\u00e9senter les documents n\u00e9cessaires (copie papier \u00e0 laisser sur place, pas de version \u00e9lectronique \u00e0 montrer sur le t\u00e9l\u00e9phone). Les pi\u00e8ces justificatives \u00e0 fournir sont d\u00e9taill\u00e9es <a href=\"https:\/\/www.toulouse-tri.com\/trigoulet\/inscription\/\">ici<\/a>.<\/li>\n\n\n\n<li>L\u2019<strong>entr\u00e9e des VTT au parc \u00e0 v\u00e9lo<\/strong> se fait avant chaque course, et juste avant le briefing, mais une fois la course pr\u00e9c\u00e9dente \u00e9vacu\u00e9e. L\u2019horaire pr\u00e9cis sera annonc\u00e9 sur place au micro. Pour passer le contr\u00f4le des arbitres, il faut se pr\u00e9senter avec le casque sur la t\u00eate, jugulaire ferm\u00e9e et serr\u00e9e, le dossard attach\u00e9 en au moins trois points sur une ceinture ou \u00e0 l&rsquo;avant du t-shirt, et avec les bouts des guidons bouch\u00e9s.<\/li>\n\n\n\n<li>Les concurrents disposent d&rsquo;une aire de pr\u00e9-transition avec une caisse individuelle \u00e0 la sortie de la piscine, o\u00f9 ils peuvent laisser des affaires (t-shirt, chaussures, porte-dossard, etc.). Ils doivent aller quoi qu&rsquo;il arrive \u00e0 leur caisse en sortie de la natation, se changer s&rsquo;ils ont mis des affaires, puis descendre dans l&rsquo;aire de transition o\u00f9 les attendra leur v\u00e9lo (et les affaires non mont\u00e9es \u00e0 la piscine)<\/li>\n\n\n\n<li>La pr\u00e9sence au <strong>briefing d\u2019avant-course<\/strong>, effectu\u00e9 dans le parc \u00e0 v\u00e9los, est obligatoire.<\/li>\n\n\n\n<li>Les <strong>d\u00e9parts<\/strong> se feront en contre-la-montre individuel pour les courses mini-poussin.e.s, poussin.e.s et pupilles, et en mass-start pour les benjamin.e.s et minimes.<\/li>\n\n\n\n<li>Le <strong>retrait des VTT du parc<\/strong> se fait \u00e0 l\u2019issue de chaque course, une fois le d\u00e9part en course \u00e0 pied du dernier concurrent, et une fois les affaires r\u00e9cup\u00e9r\u00e9es \u00e0 la piscine (ne pas oublier de remonter chercher les affaires de natation AVANT de r\u00e9cup\u00e9rer le v\u00e9lo). L\u2019horaire pr\u00e9cis sera communiqu\u00e9 sur place au micro.<\/li>\n\n\n\n<li>La <strong>remise des prix<\/strong> pour <strong>tous<\/strong> <strong>les participants<\/strong> (<strong>pas uniquement les premiers et premi\u00e8res<\/strong>) de toutes les courses aura lieu \u00e0 l\u2019issue de la derni\u00e8re \u00e9preuve (apr\u00e8s l&rsquo;arriv\u00e9e du dernier concurrent), soit aux environs de 13h45-14h00 (heure indicative, l&rsquo;heure r\u00e9elle sera annonc\u00e9e sur place). Seuls les concurrents pr\u00e9sents pourront retirer leurs dotations.<\/li>\n\n\n\n<li>L\u2019organisateur se r\u00e9serve le droit de <strong>modifier les horaires des courses<\/strong> selon la m\u00e9t\u00e9o ou le nombre de concurrents. Ces modifications seront indiqu\u00e9es sur cette page.<\/li>\n<\/ul>\n\n\n\n<figure class=\"wp-block-image aligncenter size-large\"><img loading=\"lazy\" decoding=\"async\" width=\"1024\" height=\"680\" src=\"https:\/\/www.toulouse-tri.com\/trigoulet\/wp-content\/uploads\/2022\/02\/Trigoulet-2021-1024x680.jpg\" alt=\"\" class=\"wp-image-608\" srcset=\"https:\/\/www.toulouse-tri.com\/trigoulet\/wp-content\/uploads\/2022\/02\/Trigoulet-2021-1024x680.jpg 1024w, https:\/\/www.toulouse-tri.com\/trigoulet\/wp-content\/uploads\/2022\/02\/Trigoulet-2021-300x199.jpg 300w, https:\/\/www.toulouse-tri.com\/trigoulet\/wp-content\/uploads\/2022\/02\/Trigoulet-2021-768x510.jpg 768w, https:\/\/www.toulouse-tri.com\/trigoulet\/wp-content\/uploads\/2022\/02\/Trigoulet-2021-1536x1020.jpg 1536w, https:\/\/www.toulouse-tri.com\/trigoulet\/wp-content\/uploads\/2022\/02\/Trigoulet-2021-2048x1360.jpg 2048w, https:\/\/www.toulouse-tri.com\/trigoulet\/wp-content\/uploads\/2022\/02\/Trigoulet-2021-920x611.jpg 920w, https:\/\/www.toulouse-tri.com\/trigoulet\/wp-content\/uploads\/2022\/02\/Trigoulet-2021-230x153.jpg 230w, https:\/\/www.toulouse-tri.com\/trigoulet\/wp-content\/uploads\/2022\/02\/Trigoulet-2021-350x232.jpg 350w, https:\/\/www.toulouse-tri.com\/trigoulet\/wp-content\/uploads\/2022\/02\/Trigoulet-2021-480x319.jpg 480w\" sizes=\"auto, (max-width: 1024px) 100vw, 1024px\" \/><\/figure>\n","protected":false},"excerpt":{"rendered":"<p>Courses 6-7 ans 8-9 ans 10-11 ans 12-13 ans 12 \u00e0 15 ans Cat\u00e9gorie Mini Poussins Poussins Pupilles Benjamins Benjamins &amp; Minimes [&hellip;]<\/p>\n","protected":false},"author":1,"featured_media":0,"parent":0,"menu_order":0,"comment_status":"closed","ping_status":"open","template":"page-templates\/page_fullwidth.php","meta":{"footnotes":"","_links_to":"","_links_to_target":""},"class_list":["post-2","page","type-page","status-publish","hentry"],"_links":{"self":[{"href":"https:\/\/www.toulouse-tri.com\/trigoulet\/wp-json\/wp\/v2\/pages\/2","targetHints":{"allow":["GET"]}}],"collection":[{"href":"https:\/\/www.toulouse-tri.com\/trigoulet\/wp-json\/wp\/v2\/pages"}],"about":[{"href":"https:\/\/www.toulouse-tri.com\/trigoulet\/wp-json\/wp\/v2\/types\/page"}],"author":[{"embeddable":true,"href":"https:\/\/www.toulouse-tri.com\/trigoulet\/wp-json\/wp\/v2\/users\/1"}],"replies":[{"embeddable":true,"href":"https:\/\/www.toulouse-tri.com\/trigoulet\/wp-json\/wp\/v2\/comments?post=2"}],"version-history":[{"count":30,"href":"https:\/\/www.toulouse-tri.com\/trigoulet\/wp-json\/wp\/v2\/pages\/2\/revisions"}],"predecessor-version":[{"id":864,"href":"https:\/\/www.toulouse-tri.com\/trigoulet\/wp-json\/wp\/v2\/pages\/2\/revisions\/864"}],"wp:attachment":[{"href":"https:\/\/www.toulouse-tri.com\/trigoulet\/wp-json\/wp\/v2\/media?parent=2"}],"curies":[{"name":"wp","href":"https:\/\/api.w.org\/{rel}","templated":true}]}}