{"id":12,"date":"2018-03-06T23:06:06","date_gmt":"2018-03-06T22:06:06","guid":{"rendered":"https:\/\/www.toulouse-tri.com\/trigoulet\/?page_id=12"},"modified":"2026-03-06T23:17:10","modified_gmt":"2026-03-06T22:17:10","slug":"epreuves-et-parcours","status":"publish","type":"page","link":"https:\/\/www.toulouse-tri.com\/trigoulet\/epreuves-et-parcours\/","title":{"rendered":"\u00c9preuves &#038; Parcours"},"content":{"rendered":"\n<h3 class=\"wp-block-heading\" id=\"distance-des-epreuves\">Distance des \u00e9preuves<\/h3>\n\n\n\n<figure class=\"wp-block-table is-style-stripes\"><table><tbody><tr><td>&nbsp;<\/td><td><strong>Ann\u00e9e de naissance<\/strong><\/td><td><strong>Natation<\/strong><\/td><td><strong>V\u00e9lo<\/strong><\/td><td><strong>Course \u00e0 Pied<\/strong><\/td><\/tr><tr><td><strong>Mini-poussins<\/strong> 6-7 ans<\/td><td>2018-2019<\/td><td>50 m<\/td><td>1 km<\/td><td>500 m<\/td><\/tr><tr><td><strong>Poussins<\/strong> 8-9 ans<\/td><td>2016-2017<\/td><td>50 m<\/td><td>1 km<\/td><td>500 m<\/td><\/tr><tr><td><strong>Pupilles<\/strong> 10-11 ans<\/td><td>2014-2015<\/td><td>100 m<\/td><td>3 km<\/td><td>1 km<\/td><\/tr><tr><td><strong>Benjamin.e.s<\/strong> 12-13 ans<\/td><td>2012-2013<\/td><td>200 m<\/td><td>4 km<\/td><td>1.5 km<\/td><\/tr><tr><td><strong>Benjamin.e.s &amp; Minimes<\/strong> 12-15 ans<\/td><td>2010 \u00e0 2013<\/td><td>250 m<\/td><td>6 km<\/td><td>1.5 km<\/td><\/tr><\/tbody><\/table><\/figure>\n\n\n\n<h3 class=\"wp-block-heading\" id=\"parcours\">Parcours<\/h3>\n\n\n\n<ul class=\"wp-block-list\">\n<li><strong>Natation<\/strong><br>La natation a lieu dans le grand bassin de la piscine Alex Jany.<\/li>\n\n\n\n<li><strong>VTT &amp; course \u00e0 pied<br><\/strong>Le VTT et la course \u00e0 pied se d\u00e9roulent sur sentier sur la zone verte des Argoulets.<br>Les parcours sont ombrag\u00e9s et enti\u00e8rement coup\u00e9s \u00e0 la circulation.<br>Il n&rsquo;y a pas de ravitaillement sur le parcours (pr\u00e9voir un bidon \u00e0 v\u00e9lo au besoin). Un ravitaillement complet solide + liquide constitu\u00e9 uniquement de produits bio attend tous les athl\u00e8tes apr\u00e8s l&rsquo;arriv\u00e9e.<\/li>\n<\/ul>\n\n\n\n<figure class=\"wp-block-image aligncenter\"><img decoding=\"async\" src=\"https:\/\/www.toulouse-tri.com\/images\/Sortie%20Nat.JPG\" alt=\"\"\/><\/figure>\n\n\n\n<figure class=\"wp-block-image aligncenter\"><img decoding=\"async\" src=\"https:\/\/www.toulouse-tri.com\/images\/Circulation%20Aire%20Transition.JPG\" alt=\"\"\/><\/figure>\n\n\n\n<figure class=\"wp-block-image aligncenter\"><img decoding=\"async\" src=\"https:\/\/www.toulouse-tri.com\/images\/Trigoulet\/ParcVelo.png\" alt=\"\"\/><\/figure>\n\n\n\n<h4 class=\"wp-block-heading\" id=\"mini-poussin-e-s-6-7-ans-et-poussin-e-s-8-9-ans\">Mini-poussin.e.s 6-7 ans et Poussin.e.s 8-9 ans<\/h4>\n\n\n\n<ul class=\"wp-block-list\">\n<li>D\u00e9part en contre-la-montre individuel<\/li>\n\n\n\n<li>Natation : 50 m en 1 aller-retour<\/li>\n\n\n\n<li>VTT : 1 boucle de 1 km<\/li>\n\n\n\n<li>Course \u00e0 pied : 1 boucle de 500 m<\/li>\n<\/ul>\n\n\n\n<figure class=\"wp-block-image aligncenter\"><img decoding=\"async\" src=\"https:\/\/www.toulouse-tri.com\/images\/Parcours%206-9%20ans.JPG\" alt=\"\"\/><\/figure>\n\n\n\n<h4 class=\"wp-block-heading\" id=\"pupilles-10-11-ans\">Pupilles 10-11 ans<\/h4>\n\n\n\n<ul class=\"wp-block-list\">\n<li>D\u00e9part en contre-la-montre individuel<\/li>\n\n\n\n<li>Natation : 100 m en 2 allers-retours<\/li>\n\n\n\n<li>VTT : 1 boucle de 2 km, puis 1 boucle de 1 km<\/li>\n\n\n\n<li>Course \u00e0 pied : 2 boucles de 500 m<\/li>\n<\/ul>\n\n\n\n<figure class=\"wp-block-image aligncenter\"><img decoding=\"async\" src=\"https:\/\/www.toulouse-tri.com\/images\/Parcours%2010-11%20ans.JPG\" alt=\"\"\/><\/figure>\n\n\n\n<h4 class=\"wp-block-heading\" id=\"benjamin-e-s-12-13-ans\">Benjamin.e.s 12-13 ans<\/h4>\n\n\n\n<ul class=\"wp-block-list\">\n<li>D\u00e9part group\u00e9, 6 athl\u00e8tes par ligne d&rsquo;eau<\/li>\n\n\n\n<li>Natation : 200 m en 4 allers-retours dans la ligne d&rsquo;eau<\/li>\n\n\n\n<li>VTT : 2 boucles de 2 km<\/li>\n\n\n\n<li>Course \u00e0 pied : 1 boucle de 1 km puis 1 boucle de 500m<\/li>\n<\/ul>\n\n\n\n<figure class=\"wp-block-image aligncenter\"><img decoding=\"async\" src=\"https:\/\/www.toulouse-tri.com\/images\/Parcours%2012-13%20ans.JPG\" alt=\"\"\/><\/figure>\n\n\n\n<h4 class=\"wp-block-heading\" id=\"benjamins-minimes-12-15-ans\">Benjamin.e.s &amp; Minimes 12-15 ans<\/h4>\n\n\n\n<ul class=\"wp-block-list\">\n<li>D\u00e9part group\u00e9, 6 athl\u00e8tes par ligne d&rsquo;eau<\/li>\n\n\n\n<li>Natation : 250 m en 5 allers-retours dans la ligne d&rsquo;eau<\/li>\n\n\n\n<li>VTT : 3 boucles de 2 km<\/li>\n\n\n\n<li>Course \u00e0 pied : 1 boucle de 1 km puis 1 boucle de 500m<\/li>\n<\/ul>\n\n\n\n<figure class=\"wp-block-image aligncenter\"><img decoding=\"async\" src=\"https:\/\/www.toulouse-tri.com\/images\/Parcours%2014-15%20ans.JPG\" alt=\"\"\/><\/figure>\n","protected":false},"excerpt":{"rendered":"<p>Distance des \u00e9preuves &nbsp; Ann\u00e9e de naissance Natation V\u00e9lo Course \u00e0 Pied Mini-poussins 6-7 ans 2018-2019 50 m 1 km 500 m [&hellip;]<\/p>\n","protected":false},"author":1,"featured_media":0,"parent":0,"menu_order":0,"comment_status":"closed","ping_status":"closed","template":"page-templates\/page_fullwidth.php","meta":{"footnotes":"","_links_to":"","_links_to_target":""},"class_list":["post-12","page","type-page","status-publish","hentry"],"_links":{"self":[{"href":"https:\/\/www.toulouse-tri.com\/trigoulet\/wp-json\/wp\/v2\/pages\/12","targetHints":{"allow":["GET"]}}],"collection":[{"href":"https:\/\/www.toulouse-tri.com\/trigoulet\/wp-json\/wp\/v2\/pages"}],"about":[{"href":"https:\/\/www.toulouse-tri.com\/trigoulet\/wp-json\/wp\/v2\/types\/page"}],"author":[{"embeddable":true,"href":"https:\/\/www.toulouse-tri.com\/trigoulet\/wp-json\/wp\/v2\/users\/1"}],"replies":[{"embeddable":true,"href":"https:\/\/www.toulouse-tri.com\/trigoulet\/wp-json\/wp\/v2\/comments?post=12"}],"version-history":[{"count":27,"href":"https:\/\/www.toulouse-tri.com\/trigoulet\/wp-json\/wp\/v2\/pages\/12\/revisions"}],"predecessor-version":[{"id":862,"href":"https:\/\/www.toulouse-tri.com\/trigoulet\/wp-json\/wp\/v2\/pages\/12\/revisions\/862"}],"wp:attachment":[{"href":"https:\/\/www.toulouse-tri.com\/trigoulet\/wp-json\/wp\/v2\/media?parent=12"}],"curies":[{"name":"wp","href":"https:\/\/api.w.org\/{rel}","templated":true}]}}