{"id":10,"date":"2018-03-06T23:06:06","date_gmt":"2018-03-06T22:06:06","guid":{"rendered":"https:\/\/www.toulouse-tri.com\/trigoulet\/?page_id=10"},"modified":"2022-02-16T01:15:34","modified_gmt":"2022-02-16T00:15:34","slug":"contact","status":"publish","type":"page","link":"https:\/\/www.toulouse-tri.com\/trigoulet\/contact\/","title":{"rendered":"Contact"},"content":{"rendered":"<div class=\"split-left\">\n<p>Pour nous contacter :<\/p>\n<ul>\n<li><strong><span style=\"color: #800080;\">Par voie postale<\/span><\/strong><br \/>\nTOULOUSE TRIATHLON<br \/>\n3 place de Mont\u00e9limar &#8211; Appt. 1202<br \/>\n31500 Toulouse<\/li>\n<\/ul>\n<ul>\n<li><strong><span style=\"color: #800080;\">Par t\u00e9l\u00e9phone<\/span><\/strong><br \/>\nSi\u00e8ge du club : 05 61 58 28 13<br \/>\nPr\u00e9sident : 06 87 81 75 28<\/li>\n<\/ul>\n<ul>\n<li><strong><span style=\"color: #800080;\">Par e-mail<\/span><\/strong><br \/>\n<a href=\"mailto:trigoulet@toulouse-tri.com\">trigoulet@toulouse-tri.com<\/a><\/li>\n<\/ul>\n<\/div>\n<div class=\"split-right\">\n<p>Vous pouvez \u00e9galement remplir ce formulaire pour tout renseignement :<\/p>\n<p style=\"text-align: left;\">\n<div class=\"wpcf7 no-js\" id=\"wpcf7-f60-o1\" lang=\"fr-FR\" dir=\"ltr\" data-wpcf7-id=\"60\">\n<div class=\"screen-reader-response\"><p role=\"status\" aria-live=\"polite\" aria-atomic=\"true\"><\/p> <ul><\/ul><\/div>\n<form action=\"\/trigoulet\/wp-json\/wp\/v2\/pages\/10#wpcf7-f60-o1\" method=\"post\" class=\"wpcf7-form init\" aria-label=\"Formulaire de contact\" novalidate=\"novalidate\" data-status=\"init\">\n<fieldset class=\"hidden-fields-container\"><input type=\"hidden\" name=\"_wpcf7\" value=\"60\" \/><input type=\"hidden\" name=\"_wpcf7_version\" value=\"6.1.5\" \/><input type=\"hidden\" name=\"_wpcf7_locale\" value=\"fr_FR\" \/><input type=\"hidden\" name=\"_wpcf7_unit_tag\" value=\"wpcf7-f60-o1\" \/><input type=\"hidden\" name=\"_wpcf7_container_post\" value=\"0\" \/><input type=\"hidden\" name=\"_wpcf7_posted_data_hash\" value=\"\" \/><input type=\"hidden\" name=\"_wpcf7_recaptcha_response\" value=\"\" \/>\n<\/fieldset>\n<p>Votre nom (obligatoire)\n<\/p>\n<p><span class=\"wpcf7-form-control-wrap\" data-name=\"your-name\"><input size=\"40\" maxlength=\"400\" class=\"wpcf7-form-control wpcf7-text wpcf7-validates-as-required\" aria-required=\"true\" aria-invalid=\"false\" value=\"\" type=\"text\" name=\"your-name\" \/><\/span>\n<\/p>\n<p>Votre email (obligatoire)\n<\/p>\n<p><span class=\"wpcf7-form-control-wrap\" data-name=\"your-email\"><input size=\"40\" maxlength=\"400\" class=\"wpcf7-form-control wpcf7-email wpcf7-validates-as-required wpcf7-text wpcf7-validates-as-email\" aria-required=\"true\" aria-invalid=\"false\" value=\"\" type=\"email\" name=\"your-email\" \/><\/span>\n<\/p>\n<p>Sujet\n<\/p>\n<p><span class=\"wpcf7-form-control-wrap\" data-name=\"your-subject\"><input size=\"40\" maxlength=\"400\" class=\"wpcf7-form-control wpcf7-text wpcf7-validates-as-required\" aria-required=\"true\" aria-invalid=\"false\" value=\"\" type=\"text\" name=\"your-subject\" \/><\/span>\n<\/p>\n<p>Votre message\n<\/p>\n<p><span class=\"wpcf7-form-control-wrap\" data-name=\"your-message\"><textarea cols=\"40\" rows=\"10\" maxlength=\"2000\" class=\"wpcf7-form-control wpcf7-textarea wpcf7-validates-as-required\" aria-required=\"true\" aria-invalid=\"false\" name=\"your-message\"><\/textarea><\/span>\n<\/p>\n<p><input class=\"wpcf7-form-control wpcf7-submit has-spinner\" type=\"submit\" value=\"Envoyer\" \/>\n<\/p><div class=\"wpcf7-response-output\" aria-hidden=\"true\"><\/div>\n<\/form>\n<\/div>\n<\/p>\n<p style=\"text-align: left;\">\u00c0 bient\u00f4t \u00e0 la course du Trigoulet !<\/p>\n<\/div>\n","protected":false},"excerpt":{"rendered":"<p>Pour nous contacter : Par voie postale TOULOUSE TRIATHLON 3 place de Mont\u00e9limar &#8211; Appt. 1202 31500 Toulouse Par t\u00e9l\u00e9phone Si\u00e8ge du [&hellip;]<\/p>\n","protected":false},"author":1,"featured_media":0,"parent":0,"menu_order":0,"comment_status":"closed","ping_status":"closed","template":"","meta":{"footnotes":"","_links_to":"","_links_to_target":""},"class_list":["post-10","page","type-page","status-publish","hentry"],"_links":{"self":[{"href":"https:\/\/www.toulouse-tri.com\/trigoulet\/wp-json\/wp\/v2\/pages\/10","targetHints":{"allow":["GET"]}}],"collection":[{"href":"https:\/\/www.toulouse-tri.com\/trigoulet\/wp-json\/wp\/v2\/pages"}],"about":[{"href":"https:\/\/www.toulouse-tri.com\/trigoulet\/wp-json\/wp\/v2\/types\/page"}],"author":[{"embeddable":true,"href":"https:\/\/www.toulouse-tri.com\/trigoulet\/wp-json\/wp\/v2\/users\/1"}],"replies":[{"embeddable":true,"href":"https:\/\/www.toulouse-tri.com\/trigoulet\/wp-json\/wp\/v2\/comments?post=10"}],"version-history":[{"count":7,"href":"https:\/\/www.toulouse-tri.com\/trigoulet\/wp-json\/wp\/v2\/pages\/10\/revisions"}],"predecessor-version":[{"id":565,"href":"https:\/\/www.toulouse-tri.com\/trigoulet\/wp-json\/wp\/v2\/pages\/10\/revisions\/565"}],"wp:attachment":[{"href":"https:\/\/www.toulouse-tri.com\/trigoulet\/wp-json\/wp\/v2\/media?parent=10"}],"curies":[{"name":"wp","href":"https:\/\/api.w.org\/{rel}","templated":true}]}}