{"id":9864,"date":"2021-04-27T08:45:23","date_gmt":"2021-04-27T06:45:23","guid":{"rendered":"https:\/\/www.toulouse-tri.com\/?post_type=product&#038;p=9864"},"modified":"2026-01-08T11:41:24","modified_gmt":"2026-01-08T10:41:24","slug":"serviette-microfibre","status":"publish","type":"product","link":"https:\/\/www.toulouse-tri.com\/?product=serviette-microfibre","title":{"rendered":"Serviette de bain en microfibre"},"content":{"rendered":"<p>Serviette \u00e9ponge en microfibre, compacte et l\u00e9g\u00e8re. S\u00e8che rapidement pour permettre de la r\u00e9utiliser rapidement.<\/p>\n<p><strong>COMPOSITION :<\/strong><br \/>\nTERRYCLOTH-MICROFIBER POLYESTER 100%.<\/p>\n<p><strong>CONSEILS DE LAVAGE :<br \/>\n<a href=\"http:\/\/www.toulouse-tri.com\/wp-content\/uploads\/2021\/02\/Conseils-de-lavage-ZeroD.jpg\"><img loading=\"lazy\" decoding=\"async\" class=\"aligncenter size-full wp-image-9044\" src=\"http:\/\/www.toulouse-tri.com\/wp-content\/uploads\/2021\/02\/Conseils-de-lavage-ZeroD.jpg\" alt=\"\" width=\"503\" height=\"325\" srcset=\"https:\/\/www.toulouse-tri.com\/wp-content\/uploads\/2021\/02\/Conseils-de-lavage-ZeroD.jpg 503w, https:\/\/www.toulouse-tri.com\/wp-content\/uploads\/2021\/02\/Conseils-de-lavage-ZeroD-300x194.jpg 300w, https:\/\/www.toulouse-tri.com\/wp-content\/uploads\/2021\/02\/Conseils-de-lavage-ZeroD-400x258.jpg 400w\" sizes=\"auto, (max-width: 503px) 100vw, 503px\" \/><\/a><\/strong><\/p>\n<p>&nbsp;<\/p>\n","protected":false},"excerpt":{"rendered":"<p>Serviette \u00e9ponge en microfibre (Grande taille : 140 x 80 cm)<\/p>\n","protected":false},"featured_media":9843,"template":"","meta":{"_links_to":"","_links_to_target":""},"product_brand":[235],"product_cat":[183,208],"product_tag":[182],"class_list":{"0":"post-9864","1":"product","2":"type-product","3":"status-publish","4":"has-post-thumbnail","6":"product_brand-turbo","7":"product_cat-accessoires","8":"product_cat-natation","9":"product_tag-sur-commande","11":"first","12":"instock","13":"shipping-taxable","14":"purchasable","15":"product-type-simple"},"yoast_head":"<!-- This site is optimized with the Yoast SEO plugin v27.4 - https:\/\/yoast.com\/product\/yoast-seo-wordpress\/ -->\n<title>Serviette de bain en microfibre - Toulouse Triathlon<\/title>\n<meta name=\"robots\" content=\"index, follow, max-snippet:-1, max-image-preview:large, max-video-preview:-1\" \/>\n<link rel=\"canonical\" href=\"https:\/\/www.toulouse-tri.com\/?product=serviette-microfibre\" \/>\n<meta property=\"og:locale\" content=\"fr_FR\" \/>\n<meta property=\"og:type\" content=\"article\" \/>\n<meta property=\"og:title\" content=\"Serviette de bain en microfibre - Toulouse Triathlon\" \/>\n<meta property=\"og:description\" content=\"Serviette \u00e9ponge en microfibre (Grande taille : 140 x 80 cm)\" \/>\n<meta property=\"og:url\" content=\"https:\/\/www.toulouse-tri.com\/?product=serviette-microfibre\" \/>\n<meta property=\"og:site_name\" content=\"Toulouse Triathlon\" \/>\n<meta property=\"article:modified_time\" content=\"2026-01-08T10:41:24+00:00\" \/>\n<meta property=\"og:image\" content=\"http:\/\/www.toulouse-tri.com\/wp-content\/uploads\/2021\/04\/SERVIETTE.jpg\" \/>\n\t<meta property=\"og:image:width\" content=\"428\" \/>\n\t<meta property=\"og:image:height\" content=\"302\" \/>\n\t<meta property=\"og:image:type\" content=\"image\/jpeg\" \/>\n<meta name=\"twitter:card\" content=\"summary_large_image\" \/>\n<meta name=\"twitter:label1\" content=\"Dur\u00e9e de lecture estim\u00e9e\" \/>\n\t<meta name=\"twitter:data1\" content=\"1 minute\" \/>\n<script type=\"application\/ld+json\" class=\"yoast-schema-graph\">{\"@context\":\"https:\\\/\\\/schema.org\",\"@graph\":[{\"@type\":\"WebPage\",\"@id\":\"https:\\\/\\\/www.toulouse-tri.com\\\/?product=serviette-microfibre\",\"url\":\"https:\\\/\\\/www.toulouse-tri.com\\\/?product=serviette-microfibre\",\"name\":\"Serviette de bain en microfibre - Toulouse Triathlon\",\"isPartOf\":{\"@id\":\"https:\\\/\\\/www.toulouse-tri.com\\\/#website\"},\"primaryImageOfPage\":{\"@id\":\"https:\\\/\\\/www.toulouse-tri.com\\\/?product=serviette-microfibre#primaryimage\"},\"image\":{\"@id\":\"https:\\\/\\\/www.toulouse-tri.com\\\/?product=serviette-microfibre#primaryimage\"},\"thumbnailUrl\":\"https:\\\/\\\/www.toulouse-tri.com\\\/wp-content\\\/uploads\\\/2021\\\/04\\\/SERVIETTE.jpg\",\"datePublished\":\"2021-04-27T06:45:23+00:00\",\"dateModified\":\"2026-01-08T10:41:24+00:00\",\"breadcrumb\":{\"@id\":\"https:\\\/\\\/www.toulouse-tri.com\\\/?product=serviette-microfibre#breadcrumb\"},\"inLanguage\":\"fr-FR\",\"potentialAction\":[{\"@type\":\"ReadAction\",\"target\":[\"https:\\\/\\\/www.toulouse-tri.com\\\/?product=serviette-microfibre\"]}]},{\"@type\":\"ImageObject\",\"inLanguage\":\"fr-FR\",\"@id\":\"https:\\\/\\\/www.toulouse-tri.com\\\/?product=serviette-microfibre#primaryimage\",\"url\":\"https:\\\/\\\/www.toulouse-tri.com\\\/wp-content\\\/uploads\\\/2021\\\/04\\\/SERVIETTE.jpg\",\"contentUrl\":\"https:\\\/\\\/www.toulouse-tri.com\\\/wp-content\\\/uploads\\\/2021\\\/04\\\/SERVIETTE.jpg\",\"width\":428,\"height\":302},{\"@type\":\"BreadcrumbList\",\"@id\":\"https:\\\/\\\/www.toulouse-tri.com\\\/?product=serviette-microfibre#breadcrumb\",\"itemListElement\":[{\"@type\":\"ListItem\",\"position\":1,\"name\":\"Accueil\",\"item\":\"https:\\\/\\\/www.toulouse-tri.com\\\/\"},{\"@type\":\"ListItem\",\"position\":2,\"name\":\"Boutique\",\"item\":\"https:\\\/\\\/www.toulouse-tri.com\\\/?page_id=8671\"},{\"@type\":\"ListItem\",\"position\":3,\"name\":\"Serviette de bain en microfibre\"}]},{\"@type\":\"WebSite\",\"@id\":\"https:\\\/\\\/www.toulouse-tri.com\\\/#website\",\"url\":\"https:\\\/\\\/www.toulouse-tri.com\\\/\",\"name\":\"Toulouse Triathlon\",\"description\":\"Power Meuh\",\"publisher\":{\"@id\":\"https:\\\/\\\/www.toulouse-tri.com\\\/#organization\"},\"potentialAction\":[{\"@type\":\"SearchAction\",\"target\":{\"@type\":\"EntryPoint\",\"urlTemplate\":\"https:\\\/\\\/www.toulouse-tri.com\\\/?s={search_term_string}\"},\"query-input\":{\"@type\":\"PropertyValueSpecification\",\"valueRequired\":true,\"valueName\":\"search_term_string\"}}],\"inLanguage\":\"fr-FR\"},{\"@type\":\"Organization\",\"@id\":\"https:\\\/\\\/www.toulouse-tri.com\\\/#organization\",\"name\":\"Toulouse Triathlon\",\"url\":\"https:\\\/\\\/www.toulouse-tri.com\\\/\",\"logo\":{\"@type\":\"ImageObject\",\"inLanguage\":\"fr-FR\",\"@id\":\"https:\\\/\\\/www.toulouse-tri.com\\\/#\\\/schema\\\/logo\\\/image\\\/\",\"url\":\"https:\\\/\\\/www.toulouse-tri.com\\\/wp-content\\\/uploads\\\/2015\\\/03\\\/pwrmeuh.gif\",\"contentUrl\":\"https:\\\/\\\/www.toulouse-tri.com\\\/wp-content\\\/uploads\\\/2015\\\/03\\\/pwrmeuh.gif\",\"width\":224,\"height\":176,\"caption\":\"Toulouse Triathlon\"},\"image\":{\"@id\":\"https:\\\/\\\/www.toulouse-tri.com\\\/#\\\/schema\\\/logo\\\/image\\\/\"}}]}<\/script>\n<!-- \/ Yoast SEO plugin. -->","yoast_head_json":{"title":"Serviette de bain en microfibre - Toulouse Triathlon","robots":{"index":"index","follow":"follow","max-snippet":"max-snippet:-1","max-image-preview":"max-image-preview:large","max-video-preview":"max-video-preview:-1"},"canonical":"https:\/\/www.toulouse-tri.com\/?product=serviette-microfibre","og_locale":"fr_FR","og_type":"article","og_title":"Serviette de bain en microfibre - Toulouse Triathlon","og_description":"Serviette \u00e9ponge en microfibre (Grande taille : 140 x 80 cm)","og_url":"https:\/\/www.toulouse-tri.com\/?product=serviette-microfibre","og_site_name":"Toulouse Triathlon","article_modified_time":"2026-01-08T10:41:24+00:00","og_image":[{"width":428,"height":302,"url":"http:\/\/www.toulouse-tri.com\/wp-content\/uploads\/2021\/04\/SERVIETTE.jpg","type":"image\/jpeg"}],"twitter_card":"summary_large_image","twitter_misc":{"Dur\u00e9e de lecture estim\u00e9e":"1 minute"},"schema":{"@context":"https:\/\/schema.org","@graph":[{"@type":"WebPage","@id":"https:\/\/www.toulouse-tri.com\/?product=serviette-microfibre","url":"https:\/\/www.toulouse-tri.com\/?product=serviette-microfibre","name":"Serviette de bain en microfibre - Toulouse Triathlon","isPartOf":{"@id":"https:\/\/www.toulouse-tri.com\/#website"},"primaryImageOfPage":{"@id":"https:\/\/www.toulouse-tri.com\/?product=serviette-microfibre#primaryimage"},"image":{"@id":"https:\/\/www.toulouse-tri.com\/?product=serviette-microfibre#primaryimage"},"thumbnailUrl":"https:\/\/www.toulouse-tri.com\/wp-content\/uploads\/2021\/04\/SERVIETTE.jpg","datePublished":"2021-04-27T06:45:23+00:00","dateModified":"2026-01-08T10:41:24+00:00","breadcrumb":{"@id":"https:\/\/www.toulouse-tri.com\/?product=serviette-microfibre#breadcrumb"},"inLanguage":"fr-FR","potentialAction":[{"@type":"ReadAction","target":["https:\/\/www.toulouse-tri.com\/?product=serviette-microfibre"]}]},{"@type":"ImageObject","inLanguage":"fr-FR","@id":"https:\/\/www.toulouse-tri.com\/?product=serviette-microfibre#primaryimage","url":"https:\/\/www.toulouse-tri.com\/wp-content\/uploads\/2021\/04\/SERVIETTE.jpg","contentUrl":"https:\/\/www.toulouse-tri.com\/wp-content\/uploads\/2021\/04\/SERVIETTE.jpg","width":428,"height":302},{"@type":"BreadcrumbList","@id":"https:\/\/www.toulouse-tri.com\/?product=serviette-microfibre#breadcrumb","itemListElement":[{"@type":"ListItem","position":1,"name":"Accueil","item":"https:\/\/www.toulouse-tri.com\/"},{"@type":"ListItem","position":2,"name":"Boutique","item":"https:\/\/www.toulouse-tri.com\/?page_id=8671"},{"@type":"ListItem","position":3,"name":"Serviette de bain en microfibre"}]},{"@type":"WebSite","@id":"https:\/\/www.toulouse-tri.com\/#website","url":"https:\/\/www.toulouse-tri.com\/","name":"Toulouse Triathlon","description":"Power Meuh","publisher":{"@id":"https:\/\/www.toulouse-tri.com\/#organization"},"potentialAction":[{"@type":"SearchAction","target":{"@type":"EntryPoint","urlTemplate":"https:\/\/www.toulouse-tri.com\/?s={search_term_string}"},"query-input":{"@type":"PropertyValueSpecification","valueRequired":true,"valueName":"search_term_string"}}],"inLanguage":"fr-FR"},{"@type":"Organization","@id":"https:\/\/www.toulouse-tri.com\/#organization","name":"Toulouse Triathlon","url":"https:\/\/www.toulouse-tri.com\/","logo":{"@type":"ImageObject","inLanguage":"fr-FR","@id":"https:\/\/www.toulouse-tri.com\/#\/schema\/logo\/image\/","url":"https:\/\/www.toulouse-tri.com\/wp-content\/uploads\/2015\/03\/pwrmeuh.gif","contentUrl":"https:\/\/www.toulouse-tri.com\/wp-content\/uploads\/2015\/03\/pwrmeuh.gif","width":224,"height":176,"caption":"Toulouse Triathlon"},"image":{"@id":"https:\/\/www.toulouse-tri.com\/#\/schema\/logo\/image\/"}}]}},"_links":{"self":[{"href":"https:\/\/www.toulouse-tri.com\/index.php?rest_route=\/wp\/v2\/product\/9864","targetHints":{"allow":["GET"]}}],"collection":[{"href":"https:\/\/www.toulouse-tri.com\/index.php?rest_route=\/wp\/v2\/product"}],"about":[{"href":"https:\/\/www.toulouse-tri.com\/index.php?rest_route=\/wp\/v2\/types\/product"}],"wp:featuredmedia":[{"embeddable":true,"href":"https:\/\/www.toulouse-tri.com\/index.php?rest_route=\/wp\/v2\/media\/9843"}],"wp:attachment":[{"href":"https:\/\/www.toulouse-tri.com\/index.php?rest_route=%2Fwp%2Fv2%2Fmedia&parent=9864"}],"wp:term":[{"taxonomy":"product_brand","embeddable":true,"href":"https:\/\/www.toulouse-tri.com\/index.php?rest_route=%2Fwp%2Fv2%2Fproduct_brand&post=9864"},{"taxonomy":"product_cat","embeddable":true,"href":"https:\/\/www.toulouse-tri.com\/index.php?rest_route=%2Fwp%2Fv2%2Fproduct_cat&post=9864"},{"taxonomy":"product_tag","embeddable":true,"href":"https:\/\/www.toulouse-tri.com\/index.php?rest_route=%2Fwp%2Fv2%2Fproduct_tag&post=9864"}],"curies":[{"name":"wp","href":"https:\/\/api.w.org\/{rel}","templated":true}]}}