{"id":9861,"date":"2021-04-27T08:29:51","date_gmt":"2021-04-27T06:29:51","guid":{"rendered":"https:\/\/www.toulouse-tri.com\/?post_type=product&#038;p=9861"},"modified":"2026-04-24T16:36:56","modified_gmt":"2026-04-24T14:36:56","slug":"bonnet-de-bain","status":"publish","type":"product","link":"https:\/\/www.toulouse-tri.com\/?product=bonnet-de-bain","title":{"rendered":"Bonnet de bain"},"content":{"rendered":"<p>Ce bonnet de bain est compos\u00e9 du meilleur silicone sur le march\u00e9 qui lui conf\u00e8re un toucher doux et \u00e0 la grande extensibilit\u00e9. Il assure \u00e0 la fois une bonne adh\u00e9rence et un confort optimal. Il est r\u00e9sistant au chlore, aux rayons UV et \u00e0 l&#8217;eau de mer.<\/p>\n<p><strong>A NOTER :<\/strong><br \/>\nExiste en 2 versions : <strong>Noire<\/strong> aux couleurs classiques du club ou <strong>Rose<\/strong> pour une meilleure visibilit\u00e9 en &#8220;nage libre&#8221;<\/p>\n<p><strong>COMPOSITION :<\/strong><br \/>\n100 % Silicone<\/p>\n<p>&nbsp;<\/p>\n<p>&nbsp;<\/p>\n","protected":false},"excerpt":{"rendered":"<p>Bonnet de natation con\u00e7u pour une utilisation quotidienne lors des entra\u00eenements ou des comp\u00e9titions<\/p>\n<p>&nbsp;<\/p>\n","protected":false},"featured_media":9880,"template":"","meta":{"_links_to":"","_links_to_target":""},"product_brand":[235],"product_cat":[183,208],"product_tag":[165],"class_list":{"0":"post-9861","1":"product","2":"type-product","3":"status-publish","4":"has-post-thumbnail","6":"product_brand-turbo","7":"product_cat-accessoires","8":"product_cat-natation","9":"product_tag-article-permanent","11":"first","12":"instock","13":"shipping-taxable","14":"purchasable","15":"product-type-variable"},"yoast_head":"<!-- This site is optimized with the Yoast SEO plugin v27.4 - https:\/\/yoast.com\/product\/yoast-seo-wordpress\/ -->\n<title>Bonnet de bain - Toulouse Triathlon<\/title>\n<meta name=\"robots\" content=\"index, follow, max-snippet:-1, max-image-preview:large, max-video-preview:-1\" \/>\n<link rel=\"canonical\" href=\"https:\/\/www.toulouse-tri.com\/?product=bonnet-de-bain\" \/>\n<meta property=\"og:locale\" content=\"fr_FR\" \/>\n<meta property=\"og:type\" content=\"article\" \/>\n<meta property=\"og:title\" content=\"Bonnet de bain - Toulouse Triathlon\" \/>\n<meta property=\"og:description\" content=\"Bonnet de natation con\u00e7u pour une utilisation quotidienne lors des entra\u00eenements ou des comp\u00e9titions  &nbsp;\" \/>\n<meta property=\"og:url\" content=\"https:\/\/www.toulouse-tri.com\/?product=bonnet-de-bain\" \/>\n<meta property=\"og:site_name\" content=\"Toulouse Triathlon\" \/>\n<meta property=\"article:modified_time\" content=\"2026-04-24T14:36:56+00:00\" \/>\n<meta property=\"og:image\" content=\"http:\/\/www.toulouse-tri.com\/wp-content\/uploads\/2021\/05\/Bonnets-Turbo.jpg\" \/>\n\t<meta property=\"og:image:width\" content=\"378\" \/>\n\t<meta property=\"og:image:height\" content=\"378\" \/>\n\t<meta property=\"og:image:type\" content=\"image\/jpeg\" \/>\n<meta name=\"twitter:card\" content=\"summary_large_image\" \/>\n<meta name=\"twitter:label1\" content=\"Dur\u00e9e de lecture estim\u00e9e\" \/>\n\t<meta name=\"twitter:data1\" content=\"1 minute\" \/>\n<script type=\"application\/ld+json\" class=\"yoast-schema-graph\">{\"@context\":\"https:\\\/\\\/schema.org\",\"@graph\":[{\"@type\":\"WebPage\",\"@id\":\"https:\\\/\\\/www.toulouse-tri.com\\\/?product=bonnet-de-bain\",\"url\":\"https:\\\/\\\/www.toulouse-tri.com\\\/?product=bonnet-de-bain\",\"name\":\"Bonnet de bain - Toulouse Triathlon\",\"isPartOf\":{\"@id\":\"https:\\\/\\\/www.toulouse-tri.com\\\/#website\"},\"primaryImageOfPage\":{\"@id\":\"https:\\\/\\\/www.toulouse-tri.com\\\/?product=bonnet-de-bain#primaryimage\"},\"image\":{\"@id\":\"https:\\\/\\\/www.toulouse-tri.com\\\/?product=bonnet-de-bain#primaryimage\"},\"thumbnailUrl\":\"https:\\\/\\\/www.toulouse-tri.com\\\/wp-content\\\/uploads\\\/2021\\\/05\\\/Bonnets-Turbo.jpg\",\"datePublished\":\"2021-04-27T06:29:51+00:00\",\"dateModified\":\"2026-04-24T14:36:56+00:00\",\"breadcrumb\":{\"@id\":\"https:\\\/\\\/www.toulouse-tri.com\\\/?product=bonnet-de-bain#breadcrumb\"},\"inLanguage\":\"fr-FR\",\"potentialAction\":[{\"@type\":\"ReadAction\",\"target\":[\"https:\\\/\\\/www.toulouse-tri.com\\\/?product=bonnet-de-bain\"]}]},{\"@type\":\"ImageObject\",\"inLanguage\":\"fr-FR\",\"@id\":\"https:\\\/\\\/www.toulouse-tri.com\\\/?product=bonnet-de-bain#primaryimage\",\"url\":\"https:\\\/\\\/www.toulouse-tri.com\\\/wp-content\\\/uploads\\\/2021\\\/05\\\/Bonnets-Turbo.jpg\",\"contentUrl\":\"https:\\\/\\\/www.toulouse-tri.com\\\/wp-content\\\/uploads\\\/2021\\\/05\\\/Bonnets-Turbo.jpg\",\"width\":378,\"height\":378},{\"@type\":\"BreadcrumbList\",\"@id\":\"https:\\\/\\\/www.toulouse-tri.com\\\/?product=bonnet-de-bain#breadcrumb\",\"itemListElement\":[{\"@type\":\"ListItem\",\"position\":1,\"name\":\"Accueil\",\"item\":\"https:\\\/\\\/www.toulouse-tri.com\\\/\"},{\"@type\":\"ListItem\",\"position\":2,\"name\":\"Boutique\",\"item\":\"https:\\\/\\\/www.toulouse-tri.com\\\/?page_id=8671\"},{\"@type\":\"ListItem\",\"position\":3,\"name\":\"Bonnet de bain\"}]},{\"@type\":\"WebSite\",\"@id\":\"https:\\\/\\\/www.toulouse-tri.com\\\/#website\",\"url\":\"https:\\\/\\\/www.toulouse-tri.com\\\/\",\"name\":\"Toulouse Triathlon\",\"description\":\"Power Meuh\",\"publisher\":{\"@id\":\"https:\\\/\\\/www.toulouse-tri.com\\\/#organization\"},\"potentialAction\":[{\"@type\":\"SearchAction\",\"target\":{\"@type\":\"EntryPoint\",\"urlTemplate\":\"https:\\\/\\\/www.toulouse-tri.com\\\/?s={search_term_string}\"},\"query-input\":{\"@type\":\"PropertyValueSpecification\",\"valueRequired\":true,\"valueName\":\"search_term_string\"}}],\"inLanguage\":\"fr-FR\"},{\"@type\":\"Organization\",\"@id\":\"https:\\\/\\\/www.toulouse-tri.com\\\/#organization\",\"name\":\"Toulouse Triathlon\",\"url\":\"https:\\\/\\\/www.toulouse-tri.com\\\/\",\"logo\":{\"@type\":\"ImageObject\",\"inLanguage\":\"fr-FR\",\"@id\":\"https:\\\/\\\/www.toulouse-tri.com\\\/#\\\/schema\\\/logo\\\/image\\\/\",\"url\":\"https:\\\/\\\/www.toulouse-tri.com\\\/wp-content\\\/uploads\\\/2015\\\/03\\\/pwrmeuh.gif\",\"contentUrl\":\"https:\\\/\\\/www.toulouse-tri.com\\\/wp-content\\\/uploads\\\/2015\\\/03\\\/pwrmeuh.gif\",\"width\":224,\"height\":176,\"caption\":\"Toulouse Triathlon\"},\"image\":{\"@id\":\"https:\\\/\\\/www.toulouse-tri.com\\\/#\\\/schema\\\/logo\\\/image\\\/\"}}]}<\/script>\n<!-- \/ Yoast SEO plugin. -->","yoast_head_json":{"title":"Bonnet de bain - Toulouse Triathlon","robots":{"index":"index","follow":"follow","max-snippet":"max-snippet:-1","max-image-preview":"max-image-preview:large","max-video-preview":"max-video-preview:-1"},"canonical":"https:\/\/www.toulouse-tri.com\/?product=bonnet-de-bain","og_locale":"fr_FR","og_type":"article","og_title":"Bonnet de bain - Toulouse Triathlon","og_description":"Bonnet de natation con\u00e7u pour une utilisation quotidienne lors des entra\u00eenements ou des comp\u00e9titions  &nbsp;","og_url":"https:\/\/www.toulouse-tri.com\/?product=bonnet-de-bain","og_site_name":"Toulouse Triathlon","article_modified_time":"2026-04-24T14:36:56+00:00","og_image":[{"width":378,"height":378,"url":"http:\/\/www.toulouse-tri.com\/wp-content\/uploads\/2021\/05\/Bonnets-Turbo.jpg","type":"image\/jpeg"}],"twitter_card":"summary_large_image","twitter_misc":{"Dur\u00e9e de lecture estim\u00e9e":"1 minute"},"schema":{"@context":"https:\/\/schema.org","@graph":[{"@type":"WebPage","@id":"https:\/\/www.toulouse-tri.com\/?product=bonnet-de-bain","url":"https:\/\/www.toulouse-tri.com\/?product=bonnet-de-bain","name":"Bonnet de bain - Toulouse Triathlon","isPartOf":{"@id":"https:\/\/www.toulouse-tri.com\/#website"},"primaryImageOfPage":{"@id":"https:\/\/www.toulouse-tri.com\/?product=bonnet-de-bain#primaryimage"},"image":{"@id":"https:\/\/www.toulouse-tri.com\/?product=bonnet-de-bain#primaryimage"},"thumbnailUrl":"https:\/\/www.toulouse-tri.com\/wp-content\/uploads\/2021\/05\/Bonnets-Turbo.jpg","datePublished":"2021-04-27T06:29:51+00:00","dateModified":"2026-04-24T14:36:56+00:00","breadcrumb":{"@id":"https:\/\/www.toulouse-tri.com\/?product=bonnet-de-bain#breadcrumb"},"inLanguage":"fr-FR","potentialAction":[{"@type":"ReadAction","target":["https:\/\/www.toulouse-tri.com\/?product=bonnet-de-bain"]}]},{"@type":"ImageObject","inLanguage":"fr-FR","@id":"https:\/\/www.toulouse-tri.com\/?product=bonnet-de-bain#primaryimage","url":"https:\/\/www.toulouse-tri.com\/wp-content\/uploads\/2021\/05\/Bonnets-Turbo.jpg","contentUrl":"https:\/\/www.toulouse-tri.com\/wp-content\/uploads\/2021\/05\/Bonnets-Turbo.jpg","width":378,"height":378},{"@type":"BreadcrumbList","@id":"https:\/\/www.toulouse-tri.com\/?product=bonnet-de-bain#breadcrumb","itemListElement":[{"@type":"ListItem","position":1,"name":"Accueil","item":"https:\/\/www.toulouse-tri.com\/"},{"@type":"ListItem","position":2,"name":"Boutique","item":"https:\/\/www.toulouse-tri.com\/?page_id=8671"},{"@type":"ListItem","position":3,"name":"Bonnet de bain"}]},{"@type":"WebSite","@id":"https:\/\/www.toulouse-tri.com\/#website","url":"https:\/\/www.toulouse-tri.com\/","name":"Toulouse Triathlon","description":"Power Meuh","publisher":{"@id":"https:\/\/www.toulouse-tri.com\/#organization"},"potentialAction":[{"@type":"SearchAction","target":{"@type":"EntryPoint","urlTemplate":"https:\/\/www.toulouse-tri.com\/?s={search_term_string}"},"query-input":{"@type":"PropertyValueSpecification","valueRequired":true,"valueName":"search_term_string"}}],"inLanguage":"fr-FR"},{"@type":"Organization","@id":"https:\/\/www.toulouse-tri.com\/#organization","name":"Toulouse Triathlon","url":"https:\/\/www.toulouse-tri.com\/","logo":{"@type":"ImageObject","inLanguage":"fr-FR","@id":"https:\/\/www.toulouse-tri.com\/#\/schema\/logo\/image\/","url":"https:\/\/www.toulouse-tri.com\/wp-content\/uploads\/2015\/03\/pwrmeuh.gif","contentUrl":"https:\/\/www.toulouse-tri.com\/wp-content\/uploads\/2015\/03\/pwrmeuh.gif","width":224,"height":176,"caption":"Toulouse Triathlon"},"image":{"@id":"https:\/\/www.toulouse-tri.com\/#\/schema\/logo\/image\/"}}]}},"_links":{"self":[{"href":"https:\/\/www.toulouse-tri.com\/index.php?rest_route=\/wp\/v2\/product\/9861","targetHints":{"allow":["GET"]}}],"collection":[{"href":"https:\/\/www.toulouse-tri.com\/index.php?rest_route=\/wp\/v2\/product"}],"about":[{"href":"https:\/\/www.toulouse-tri.com\/index.php?rest_route=\/wp\/v2\/types\/product"}],"wp:featuredmedia":[{"embeddable":true,"href":"https:\/\/www.toulouse-tri.com\/index.php?rest_route=\/wp\/v2\/media\/9880"}],"wp:attachment":[{"href":"https:\/\/www.toulouse-tri.com\/index.php?rest_route=%2Fwp%2Fv2%2Fmedia&parent=9861"}],"wp:term":[{"taxonomy":"product_brand","embeddable":true,"href":"https:\/\/www.toulouse-tri.com\/index.php?rest_route=%2Fwp%2Fv2%2Fproduct_brand&post=9861"},{"taxonomy":"product_cat","embeddable":true,"href":"https:\/\/www.toulouse-tri.com\/index.php?rest_route=%2Fwp%2Fv2%2Fproduct_cat&post=9861"},{"taxonomy":"product_tag","embeddable":true,"href":"https:\/\/www.toulouse-tri.com\/index.php?rest_route=%2Fwp%2Fv2%2Fproduct_tag&post=9861"}],"curies":[{"name":"wp","href":"https:\/\/api.w.org\/{rel}","templated":true}]}}