{"id":9326,"date":"2021-02-23T15:56:22","date_gmt":"2021-02-23T14:56:22","guid":{"rendered":"http:\/\/www.toulouse-tri.com\/?post_type=product&#038;p=9326"},"modified":"2026-01-08T11:47:45","modified_gmt":"2026-01-08T10:47:45","slug":"coupe-vent-velo","status":"publish","type":"product","link":"https:\/\/www.toulouse-tri.com\/?product=coupe-vent-velo","title":{"rendered":"Coupe-vent v\u00e9lo"},"content":{"rendered":"<p>Ce coupe-vent de v\u00e9lo d\u00e9perlant est tr\u00e8s l\u00e9ger et ultra-compact. Il se range dans la poche dos de votre maillot pour s&#8217;emporter facilement partout. Tr\u00e8s confortable, ce coupe-vent de cyclisme est une excellente protection par temps frais.<\/p>\n<p>Un must sur les descentes de cols r\u00e9alis\u00e9es en d\u00e9but ou fin de saisons<\/p>\n<p><a href=\"https:\/\/www.poli.fr\/veste-gilet-coupe-vent-velo-personnalises\/veste-greg-10468.html\" target=\"_blank\" rel=\"noopener noreferrer\">Description sur le site de Poli<\/a><\/p>\n<p><strong>A NOTER :<br \/>\n<\/strong>Tr\u00e8s utile \u00e9galement pour vos sorties Running.<br \/>\nPrenez la bonne taille pour ne pas \u00eatre trop p\u00e9nalis\u00e9 a\u00e9rodynamiquement en cyclisme.<\/p>\n<p><strong>GUIDE DES TAILLES :<\/strong><\/p>\n<p><img loading=\"lazy\" decoding=\"async\" class=\"alignnone wp-image-14345 size-large\" src=\"http:\/\/www.toulouse-tri.com\/wp-content\/uploads\/2024\/10\/Guide-des-tailles-cyclisme-adulte-1024x725.jpg\" alt=\"\" width=\"750\" height=\"531\" srcset=\"https:\/\/www.toulouse-tri.com\/wp-content\/uploads\/2024\/10\/Guide-des-tailles-cyclisme-adulte-1024x725.jpg 1024w, https:\/\/www.toulouse-tri.com\/wp-content\/uploads\/2024\/10\/Guide-des-tailles-cyclisme-adulte-300x212.jpg 300w, https:\/\/www.toulouse-tri.com\/wp-content\/uploads\/2024\/10\/Guide-des-tailles-cyclisme-adulte-768x543.jpg 768w, https:\/\/www.toulouse-tri.com\/wp-content\/uploads\/2024\/10\/Guide-des-tailles-cyclisme-adulte-1536x1087.jpg 1536w, https:\/\/www.toulouse-tri.com\/wp-content\/uploads\/2024\/10\/Guide-des-tailles-cyclisme-adulte-2048x1449.jpg 2048w, https:\/\/www.toulouse-tri.com\/wp-content\/uploads\/2024\/10\/Guide-des-tailles-cyclisme-adulte-24x17.jpg 24w, https:\/\/www.toulouse-tri.com\/wp-content\/uploads\/2024\/10\/Guide-des-tailles-cyclisme-adulte-36x25.jpg 36w, https:\/\/www.toulouse-tri.com\/wp-content\/uploads\/2024\/10\/Guide-des-tailles-cyclisme-adulte-48x34.jpg 48w, https:\/\/www.toulouse-tri.com\/wp-content\/uploads\/2024\/10\/Guide-des-tailles-cyclisme-adulte-400x283.jpg 400w\" sizes=\"auto, (max-width: 750px) 100vw, 750px\" \/><\/p>\n<p>Pas de changement de taille possible (n\u00e9cessite une nouvelle commande).<\/p>\n<p><b>COMPOSITION :<br \/>\n<\/b>Mati\u00e8re principale : 100% Polyester<br \/>\nMati\u00e8re secondaire : 46% Polyamide 36% Polyester 12% \u00c9lasthanne 6% Polyur\u00e9thane<\/p>\n<p><strong>CONSEILS DE LAVAGE :<\/strong><\/p>\n<p><img loading=\"lazy\" decoding=\"async\" class=\"alignnone size-medium wp-image-14353\" src=\"http:\/\/www.toulouse-tri.com\/wp-content\/uploads\/2024\/10\/Conseils-de-lavage-300x194.jpg\" alt=\"\" width=\"300\" height=\"194\" srcset=\"https:\/\/www.toulouse-tri.com\/wp-content\/uploads\/2024\/10\/Conseils-de-lavage-300x194.jpg 300w, https:\/\/www.toulouse-tri.com\/wp-content\/uploads\/2024\/10\/Conseils-de-lavage-768x496.jpg 768w, https:\/\/www.toulouse-tri.com\/wp-content\/uploads\/2024\/10\/Conseils-de-lavage-24x15.jpg 24w, https:\/\/www.toulouse-tri.com\/wp-content\/uploads\/2024\/10\/Conseils-de-lavage-36x23.jpg 36w, https:\/\/www.toulouse-tri.com\/wp-content\/uploads\/2024\/10\/Conseils-de-lavage-48x31.jpg 48w, https:\/\/www.toulouse-tri.com\/wp-content\/uploads\/2024\/10\/Conseils-de-lavage-400x258.jpg 400w, https:\/\/www.toulouse-tri.com\/wp-content\/uploads\/2024\/10\/Conseils-de-lavage.jpg 792w\" sizes=\"auto, (max-width: 300px) 100vw, 300px\" \/><\/p>\n","protected":false},"excerpt":{"rendered":"<p>Coupe-vent cyclisme mixte.<\/p>\n","protected":false},"featured_media":9229,"template":"","meta":{"_links_to":"","_links_to_target":""},"product_brand":[232],"product_cat":[162],"product_tag":[182],"class_list":{"0":"post-9326","1":"product","2":"type-product","3":"status-publish","4":"has-post-thumbnail","6":"product_brand-poli","7":"product_cat-velo","8":"product_tag-sur-commande","10":"first","11":"onbackorder","12":"shipping-taxable","13":"purchasable","14":"product-type-variable","15":"has-default-attributes"},"yoast_head":"<!-- This site is optimized with the Yoast SEO plugin v27.4 - https:\/\/yoast.com\/product\/yoast-seo-wordpress\/ -->\n<title>Coupe-vent v\u00e9lo - Toulouse Triathlon<\/title>\n<meta name=\"robots\" content=\"index, follow, max-snippet:-1, max-image-preview:large, max-video-preview:-1\" \/>\n<link rel=\"canonical\" href=\"https:\/\/www.toulouse-tri.com\/?product=coupe-vent-velo\" \/>\n<meta property=\"og:locale\" content=\"fr_FR\" \/>\n<meta property=\"og:type\" content=\"article\" \/>\n<meta property=\"og:title\" content=\"Coupe-vent v\u00e9lo - Toulouse Triathlon\" \/>\n<meta property=\"og:description\" content=\"Coupe-vent cyclisme mixte.\" \/>\n<meta property=\"og:url\" content=\"https:\/\/www.toulouse-tri.com\/?product=coupe-vent-velo\" \/>\n<meta property=\"og:site_name\" content=\"Toulouse Triathlon\" \/>\n<meta property=\"article:modified_time\" content=\"2026-01-08T10:47:45+00:00\" \/>\n<meta property=\"og:image\" content=\"http:\/\/www.toulouse-tri.com\/wp-content\/uploads\/2021\/02\/CHESTER-Modele.jpg\" \/>\n\t<meta property=\"og:image:width\" content=\"378\" \/>\n\t<meta property=\"og:image:height\" content=\"378\" \/>\n\t<meta property=\"og:image:type\" content=\"image\/jpeg\" \/>\n<meta name=\"twitter:card\" content=\"summary_large_image\" \/>\n<meta name=\"twitter:label1\" content=\"Dur\u00e9e de lecture estim\u00e9e\" \/>\n\t<meta name=\"twitter:data1\" content=\"2 minutes\" \/>\n<script type=\"application\/ld+json\" class=\"yoast-schema-graph\">{\"@context\":\"https:\\\/\\\/schema.org\",\"@graph\":[{\"@type\":\"WebPage\",\"@id\":\"https:\\\/\\\/www.toulouse-tri.com\\\/?product=coupe-vent-velo\",\"url\":\"https:\\\/\\\/www.toulouse-tri.com\\\/?product=coupe-vent-velo\",\"name\":\"Coupe-vent v\u00e9lo - Toulouse Triathlon\",\"isPartOf\":{\"@id\":\"https:\\\/\\\/www.toulouse-tri.com\\\/#website\"},\"primaryImageOfPage\":{\"@id\":\"https:\\\/\\\/www.toulouse-tri.com\\\/?product=coupe-vent-velo#primaryimage\"},\"image\":{\"@id\":\"https:\\\/\\\/www.toulouse-tri.com\\\/?product=coupe-vent-velo#primaryimage\"},\"thumbnailUrl\":\"https:\\\/\\\/www.toulouse-tri.com\\\/wp-content\\\/uploads\\\/2021\\\/02\\\/CHESTER-Modele.jpg\",\"datePublished\":\"2021-02-23T14:56:22+00:00\",\"dateModified\":\"2026-01-08T10:47:45+00:00\",\"breadcrumb\":{\"@id\":\"https:\\\/\\\/www.toulouse-tri.com\\\/?product=coupe-vent-velo#breadcrumb\"},\"inLanguage\":\"fr-FR\",\"potentialAction\":[{\"@type\":\"ReadAction\",\"target\":[\"https:\\\/\\\/www.toulouse-tri.com\\\/?product=coupe-vent-velo\"]}]},{\"@type\":\"ImageObject\",\"inLanguage\":\"fr-FR\",\"@id\":\"https:\\\/\\\/www.toulouse-tri.com\\\/?product=coupe-vent-velo#primaryimage\",\"url\":\"https:\\\/\\\/www.toulouse-tri.com\\\/wp-content\\\/uploads\\\/2021\\\/02\\\/CHESTER-Modele.jpg\",\"contentUrl\":\"https:\\\/\\\/www.toulouse-tri.com\\\/wp-content\\\/uploads\\\/2021\\\/02\\\/CHESTER-Modele.jpg\",\"width\":378,\"height\":378},{\"@type\":\"BreadcrumbList\",\"@id\":\"https:\\\/\\\/www.toulouse-tri.com\\\/?product=coupe-vent-velo#breadcrumb\",\"itemListElement\":[{\"@type\":\"ListItem\",\"position\":1,\"name\":\"Accueil\",\"item\":\"https:\\\/\\\/www.toulouse-tri.com\\\/\"},{\"@type\":\"ListItem\",\"position\":2,\"name\":\"Boutique\",\"item\":\"https:\\\/\\\/www.toulouse-tri.com\\\/?page_id=8671\"},{\"@type\":\"ListItem\",\"position\":3,\"name\":\"Coupe-vent v\u00e9lo\"}]},{\"@type\":\"WebSite\",\"@id\":\"https:\\\/\\\/www.toulouse-tri.com\\\/#website\",\"url\":\"https:\\\/\\\/www.toulouse-tri.com\\\/\",\"name\":\"Toulouse Triathlon\",\"description\":\"Power Meuh\",\"publisher\":{\"@id\":\"https:\\\/\\\/www.toulouse-tri.com\\\/#organization\"},\"potentialAction\":[{\"@type\":\"SearchAction\",\"target\":{\"@type\":\"EntryPoint\",\"urlTemplate\":\"https:\\\/\\\/www.toulouse-tri.com\\\/?s={search_term_string}\"},\"query-input\":{\"@type\":\"PropertyValueSpecification\",\"valueRequired\":true,\"valueName\":\"search_term_string\"}}],\"inLanguage\":\"fr-FR\"},{\"@type\":\"Organization\",\"@id\":\"https:\\\/\\\/www.toulouse-tri.com\\\/#organization\",\"name\":\"Toulouse Triathlon\",\"url\":\"https:\\\/\\\/www.toulouse-tri.com\\\/\",\"logo\":{\"@type\":\"ImageObject\",\"inLanguage\":\"fr-FR\",\"@id\":\"https:\\\/\\\/www.toulouse-tri.com\\\/#\\\/schema\\\/logo\\\/image\\\/\",\"url\":\"https:\\\/\\\/www.toulouse-tri.com\\\/wp-content\\\/uploads\\\/2015\\\/03\\\/pwrmeuh.gif\",\"contentUrl\":\"https:\\\/\\\/www.toulouse-tri.com\\\/wp-content\\\/uploads\\\/2015\\\/03\\\/pwrmeuh.gif\",\"width\":224,\"height\":176,\"caption\":\"Toulouse Triathlon\"},\"image\":{\"@id\":\"https:\\\/\\\/www.toulouse-tri.com\\\/#\\\/schema\\\/logo\\\/image\\\/\"}}]}<\/script>\n<!-- \/ Yoast SEO plugin. -->","yoast_head_json":{"title":"Coupe-vent v\u00e9lo - Toulouse Triathlon","robots":{"index":"index","follow":"follow","max-snippet":"max-snippet:-1","max-image-preview":"max-image-preview:large","max-video-preview":"max-video-preview:-1"},"canonical":"https:\/\/www.toulouse-tri.com\/?product=coupe-vent-velo","og_locale":"fr_FR","og_type":"article","og_title":"Coupe-vent v\u00e9lo - Toulouse Triathlon","og_description":"Coupe-vent cyclisme mixte.","og_url":"https:\/\/www.toulouse-tri.com\/?product=coupe-vent-velo","og_site_name":"Toulouse Triathlon","article_modified_time":"2026-01-08T10:47:45+00:00","og_image":[{"width":378,"height":378,"url":"http:\/\/www.toulouse-tri.com\/wp-content\/uploads\/2021\/02\/CHESTER-Modele.jpg","type":"image\/jpeg"}],"twitter_card":"summary_large_image","twitter_misc":{"Dur\u00e9e de lecture estim\u00e9e":"2 minutes"},"schema":{"@context":"https:\/\/schema.org","@graph":[{"@type":"WebPage","@id":"https:\/\/www.toulouse-tri.com\/?product=coupe-vent-velo","url":"https:\/\/www.toulouse-tri.com\/?product=coupe-vent-velo","name":"Coupe-vent v\u00e9lo - Toulouse Triathlon","isPartOf":{"@id":"https:\/\/www.toulouse-tri.com\/#website"},"primaryImageOfPage":{"@id":"https:\/\/www.toulouse-tri.com\/?product=coupe-vent-velo#primaryimage"},"image":{"@id":"https:\/\/www.toulouse-tri.com\/?product=coupe-vent-velo#primaryimage"},"thumbnailUrl":"https:\/\/www.toulouse-tri.com\/wp-content\/uploads\/2021\/02\/CHESTER-Modele.jpg","datePublished":"2021-02-23T14:56:22+00:00","dateModified":"2026-01-08T10:47:45+00:00","breadcrumb":{"@id":"https:\/\/www.toulouse-tri.com\/?product=coupe-vent-velo#breadcrumb"},"inLanguage":"fr-FR","potentialAction":[{"@type":"ReadAction","target":["https:\/\/www.toulouse-tri.com\/?product=coupe-vent-velo"]}]},{"@type":"ImageObject","inLanguage":"fr-FR","@id":"https:\/\/www.toulouse-tri.com\/?product=coupe-vent-velo#primaryimage","url":"https:\/\/www.toulouse-tri.com\/wp-content\/uploads\/2021\/02\/CHESTER-Modele.jpg","contentUrl":"https:\/\/www.toulouse-tri.com\/wp-content\/uploads\/2021\/02\/CHESTER-Modele.jpg","width":378,"height":378},{"@type":"BreadcrumbList","@id":"https:\/\/www.toulouse-tri.com\/?product=coupe-vent-velo#breadcrumb","itemListElement":[{"@type":"ListItem","position":1,"name":"Accueil","item":"https:\/\/www.toulouse-tri.com\/"},{"@type":"ListItem","position":2,"name":"Boutique","item":"https:\/\/www.toulouse-tri.com\/?page_id=8671"},{"@type":"ListItem","position":3,"name":"Coupe-vent v\u00e9lo"}]},{"@type":"WebSite","@id":"https:\/\/www.toulouse-tri.com\/#website","url":"https:\/\/www.toulouse-tri.com\/","name":"Toulouse Triathlon","description":"Power Meuh","publisher":{"@id":"https:\/\/www.toulouse-tri.com\/#organization"},"potentialAction":[{"@type":"SearchAction","target":{"@type":"EntryPoint","urlTemplate":"https:\/\/www.toulouse-tri.com\/?s={search_term_string}"},"query-input":{"@type":"PropertyValueSpecification","valueRequired":true,"valueName":"search_term_string"}}],"inLanguage":"fr-FR"},{"@type":"Organization","@id":"https:\/\/www.toulouse-tri.com\/#organization","name":"Toulouse Triathlon","url":"https:\/\/www.toulouse-tri.com\/","logo":{"@type":"ImageObject","inLanguage":"fr-FR","@id":"https:\/\/www.toulouse-tri.com\/#\/schema\/logo\/image\/","url":"https:\/\/www.toulouse-tri.com\/wp-content\/uploads\/2015\/03\/pwrmeuh.gif","contentUrl":"https:\/\/www.toulouse-tri.com\/wp-content\/uploads\/2015\/03\/pwrmeuh.gif","width":224,"height":176,"caption":"Toulouse Triathlon"},"image":{"@id":"https:\/\/www.toulouse-tri.com\/#\/schema\/logo\/image\/"}}]}},"_links":{"self":[{"href":"https:\/\/www.toulouse-tri.com\/index.php?rest_route=\/wp\/v2\/product\/9326","targetHints":{"allow":["GET"]}}],"collection":[{"href":"https:\/\/www.toulouse-tri.com\/index.php?rest_route=\/wp\/v2\/product"}],"about":[{"href":"https:\/\/www.toulouse-tri.com\/index.php?rest_route=\/wp\/v2\/types\/product"}],"wp:featuredmedia":[{"embeddable":true,"href":"https:\/\/www.toulouse-tri.com\/index.php?rest_route=\/wp\/v2\/media\/9229"}],"wp:attachment":[{"href":"https:\/\/www.toulouse-tri.com\/index.php?rest_route=%2Fwp%2Fv2%2Fmedia&parent=9326"}],"wp:term":[{"taxonomy":"product_brand","embeddable":true,"href":"https:\/\/www.toulouse-tri.com\/index.php?rest_route=%2Fwp%2Fv2%2Fproduct_brand&post=9326"},{"taxonomy":"product_cat","embeddable":true,"href":"https:\/\/www.toulouse-tri.com\/index.php?rest_route=%2Fwp%2Fv2%2Fproduct_cat&post=9326"},{"taxonomy":"product_tag","embeddable":true,"href":"https:\/\/www.toulouse-tri.com\/index.php?rest_route=%2Fwp%2Fv2%2Fproduct_tag&post=9326"}],"curies":[{"name":"wp","href":"https:\/\/api.w.org\/{rel}","templated":true}]}}