{"id":9231,"date":"2021-02-23T14:18:53","date_gmt":"2021-02-23T13:18:53","guid":{"rendered":"http:\/\/www.toulouse-tri.com\/?post_type=product&#038;p=9231"},"modified":"2026-01-08T11:58:46","modified_gmt":"2026-01-08T10:58:46","slug":"veste-thermique-velo","status":"publish","type":"product","link":"https:\/\/www.toulouse-tri.com\/?product=veste-thermique-velo","title":{"rendered":"Veste thermique v\u00e9lo"},"content":{"rendered":"<p>Cette veste de cyclisme thermique est parfaite pour affronter les grands froids. Avec ses empi\u00e8cements extensibles sur les c\u00f4t\u00e9s et les manches et sa mati\u00e8re principale extensible avec membrane Waterstop\u00ae polaire imperm\u00e9able, coupe-vent et respirante, cette veste de cyclisme fonctionnelle vous aide \u00e0 faire face \u00e0 toutes les conditions m\u00e9t\u00e9o.<\/p>\n<p>Elle dispose de 3 poches arri\u00e8res pour loger ravitaillement et n\u00e9cessaire de r\u00e9paration.<\/p>\n<p><a href=\"https:\/\/www.poli.fr\/veste-gilet-coupe-vent-velo-personnalises\/veste-velo-chester-8437.html\" target=\"_blank\" rel=\"noopener noreferrer\">Description sur le site de Poli<\/a><\/p>\n<p><strong>A NOTER :<br \/>\n<\/strong>Cette veste peut s\u2019utiliser \u00e9galement lors de vos sorties longues ou comp\u00e9titions Running ou Trail r\u00e9alis\u00e9es au plein c\u0153ur de l\u2019hiver.<\/p>\n<p><strong>GUIDE DES TAILLES :<\/strong><\/p>\n<p><img loading=\"lazy\" decoding=\"async\" class=\"alignnone wp-image-14345 size-large\" src=\"http:\/\/www.toulouse-tri.com\/wp-content\/uploads\/2024\/10\/Guide-des-tailles-cyclisme-adulte-1024x725.jpg\" alt=\"\" width=\"750\" height=\"531\" srcset=\"https:\/\/www.toulouse-tri.com\/wp-content\/uploads\/2024\/10\/Guide-des-tailles-cyclisme-adulte-1024x725.jpg 1024w, https:\/\/www.toulouse-tri.com\/wp-content\/uploads\/2024\/10\/Guide-des-tailles-cyclisme-adulte-300x212.jpg 300w, https:\/\/www.toulouse-tri.com\/wp-content\/uploads\/2024\/10\/Guide-des-tailles-cyclisme-adulte-768x543.jpg 768w, https:\/\/www.toulouse-tri.com\/wp-content\/uploads\/2024\/10\/Guide-des-tailles-cyclisme-adulte-1536x1087.jpg 1536w, https:\/\/www.toulouse-tri.com\/wp-content\/uploads\/2024\/10\/Guide-des-tailles-cyclisme-adulte-2048x1449.jpg 2048w, https:\/\/www.toulouse-tri.com\/wp-content\/uploads\/2024\/10\/Guide-des-tailles-cyclisme-adulte-24x17.jpg 24w, https:\/\/www.toulouse-tri.com\/wp-content\/uploads\/2024\/10\/Guide-des-tailles-cyclisme-adulte-36x25.jpg 36w, https:\/\/www.toulouse-tri.com\/wp-content\/uploads\/2024\/10\/Guide-des-tailles-cyclisme-adulte-48x34.jpg 48w, https:\/\/www.toulouse-tri.com\/wp-content\/uploads\/2024\/10\/Guide-des-tailles-cyclisme-adulte-400x283.jpg 400w\" sizes=\"auto, (max-width: 750px) 100vw, 750px\" \/>\u00a0Pas de changement de taille possible (n\u00e9cessite une nouvelle commande).<\/p>\n<p><b>COMPOSITION :<br \/>\n<\/b>Mati\u00e8re principale : 93% Polyester 4% membrane Polyur\u00e9thanne 3% \u00c9lasthanne<br \/>\nMati\u00e8re secondaire ThermoXTENS\u00ae : 83% Polyester 17% \u00c9lasthanne<\/p>\n<p><strong>CONSEILS DE LAVAGE :<br \/>\n<img loading=\"lazy\" decoding=\"async\" class=\"alignnone size-medium wp-image-14353\" src=\"http:\/\/www.toulouse-tri.com\/wp-content\/uploads\/2024\/10\/Conseils-de-lavage-300x194.jpg\" alt=\"\" width=\"300\" height=\"194\" srcset=\"https:\/\/www.toulouse-tri.com\/wp-content\/uploads\/2024\/10\/Conseils-de-lavage-300x194.jpg 300w, https:\/\/www.toulouse-tri.com\/wp-content\/uploads\/2024\/10\/Conseils-de-lavage-768x496.jpg 768w, https:\/\/www.toulouse-tri.com\/wp-content\/uploads\/2024\/10\/Conseils-de-lavage-24x15.jpg 24w, https:\/\/www.toulouse-tri.com\/wp-content\/uploads\/2024\/10\/Conseils-de-lavage-36x23.jpg 36w, https:\/\/www.toulouse-tri.com\/wp-content\/uploads\/2024\/10\/Conseils-de-lavage-48x31.jpg 48w, https:\/\/www.toulouse-tri.com\/wp-content\/uploads\/2024\/10\/Conseils-de-lavage-400x258.jpg 400w, https:\/\/www.toulouse-tri.com\/wp-content\/uploads\/2024\/10\/Conseils-de-lavage.jpg 792w\" sizes=\"auto, (max-width: 300px) 100vw, 300px\" \/><\/strong><\/p>\n","protected":false},"excerpt":{"rendered":"<p>Veste thermique cyclisme pour continuer sa pratique en ext\u00e9rieur m\u00eame au c\u0153ur de l\u2019hiver.<br \/>\n\u00c9galement utilisable en avant ou en apr\u00e8s course pour se tenir au chaud.<\/p>\n","protected":false},"featured_media":9229,"template":"","meta":{"_links_to":"","_links_to_target":""},"product_brand":[232],"product_cat":[162],"product_tag":[182],"class_list":{"0":"post-9231","1":"product","2":"type-product","3":"status-publish","4":"has-post-thumbnail","6":"product_brand-poli","7":"product_cat-velo","8":"product_tag-sur-commande","10":"first","11":"onbackorder","12":"shipping-taxable","13":"purchasable","14":"product-type-variable"},"yoast_head":"<!-- This site is optimized with the Yoast SEO plugin v27.4 - https:\/\/yoast.com\/product\/yoast-seo-wordpress\/ -->\n<title>Veste thermique v\u00e9lo - Toulouse Triathlon<\/title>\n<meta name=\"robots\" content=\"index, follow, max-snippet:-1, max-image-preview:large, max-video-preview:-1\" \/>\n<link rel=\"canonical\" href=\"https:\/\/www.toulouse-tri.com\/?product=veste-thermique-velo\" \/>\n<meta property=\"og:locale\" content=\"fr_FR\" \/>\n<meta property=\"og:type\" content=\"article\" \/>\n<meta property=\"og:title\" content=\"Veste thermique v\u00e9lo - Toulouse Triathlon\" \/>\n<meta property=\"og:description\" content=\"Veste thermique cyclisme pour continuer sa pratique en ext\u00e9rieur m\u00eame au c\u0153ur de l\u2019hiver. \u00c9galement utilisable en avant ou en apr\u00e8s course pour se tenir au chaud.\" \/>\n<meta property=\"og:url\" content=\"https:\/\/www.toulouse-tri.com\/?product=veste-thermique-velo\" \/>\n<meta property=\"og:site_name\" content=\"Toulouse Triathlon\" \/>\n<meta property=\"article:modified_time\" content=\"2026-01-08T10:58:46+00:00\" \/>\n<meta property=\"og:image\" content=\"http:\/\/www.toulouse-tri.com\/wp-content\/uploads\/2021\/02\/CHESTER-Modele.jpg\" \/>\n\t<meta property=\"og:image:width\" content=\"378\" \/>\n\t<meta property=\"og:image:height\" content=\"378\" \/>\n\t<meta property=\"og:image:type\" content=\"image\/jpeg\" \/>\n<meta name=\"twitter:card\" content=\"summary_large_image\" \/>\n<meta name=\"twitter:label1\" content=\"Dur\u00e9e de lecture estim\u00e9e\" \/>\n\t<meta name=\"twitter:data1\" content=\"2 minutes\" \/>\n<script type=\"application\/ld+json\" class=\"yoast-schema-graph\">{\"@context\":\"https:\\\/\\\/schema.org\",\"@graph\":[{\"@type\":\"WebPage\",\"@id\":\"https:\\\/\\\/www.toulouse-tri.com\\\/?product=veste-thermique-velo\",\"url\":\"https:\\\/\\\/www.toulouse-tri.com\\\/?product=veste-thermique-velo\",\"name\":\"Veste thermique v\u00e9lo - Toulouse Triathlon\",\"isPartOf\":{\"@id\":\"https:\\\/\\\/www.toulouse-tri.com\\\/#website\"},\"primaryImageOfPage\":{\"@id\":\"https:\\\/\\\/www.toulouse-tri.com\\\/?product=veste-thermique-velo#primaryimage\"},\"image\":{\"@id\":\"https:\\\/\\\/www.toulouse-tri.com\\\/?product=veste-thermique-velo#primaryimage\"},\"thumbnailUrl\":\"https:\\\/\\\/www.toulouse-tri.com\\\/wp-content\\\/uploads\\\/2021\\\/02\\\/CHESTER-Modele.jpg\",\"datePublished\":\"2021-02-23T13:18:53+00:00\",\"dateModified\":\"2026-01-08T10:58:46+00:00\",\"breadcrumb\":{\"@id\":\"https:\\\/\\\/www.toulouse-tri.com\\\/?product=veste-thermique-velo#breadcrumb\"},\"inLanguage\":\"fr-FR\",\"potentialAction\":[{\"@type\":\"ReadAction\",\"target\":[\"https:\\\/\\\/www.toulouse-tri.com\\\/?product=veste-thermique-velo\"]}]},{\"@type\":\"ImageObject\",\"inLanguage\":\"fr-FR\",\"@id\":\"https:\\\/\\\/www.toulouse-tri.com\\\/?product=veste-thermique-velo#primaryimage\",\"url\":\"https:\\\/\\\/www.toulouse-tri.com\\\/wp-content\\\/uploads\\\/2021\\\/02\\\/CHESTER-Modele.jpg\",\"contentUrl\":\"https:\\\/\\\/www.toulouse-tri.com\\\/wp-content\\\/uploads\\\/2021\\\/02\\\/CHESTER-Modele.jpg\",\"width\":378,\"height\":378},{\"@type\":\"BreadcrumbList\",\"@id\":\"https:\\\/\\\/www.toulouse-tri.com\\\/?product=veste-thermique-velo#breadcrumb\",\"itemListElement\":[{\"@type\":\"ListItem\",\"position\":1,\"name\":\"Accueil\",\"item\":\"https:\\\/\\\/www.toulouse-tri.com\\\/\"},{\"@type\":\"ListItem\",\"position\":2,\"name\":\"Boutique\",\"item\":\"https:\\\/\\\/www.toulouse-tri.com\\\/?page_id=8671\"},{\"@type\":\"ListItem\",\"position\":3,\"name\":\"Veste thermique v\u00e9lo\"}]},{\"@type\":\"WebSite\",\"@id\":\"https:\\\/\\\/www.toulouse-tri.com\\\/#website\",\"url\":\"https:\\\/\\\/www.toulouse-tri.com\\\/\",\"name\":\"Toulouse Triathlon\",\"description\":\"Power Meuh\",\"publisher\":{\"@id\":\"https:\\\/\\\/www.toulouse-tri.com\\\/#organization\"},\"potentialAction\":[{\"@type\":\"SearchAction\",\"target\":{\"@type\":\"EntryPoint\",\"urlTemplate\":\"https:\\\/\\\/www.toulouse-tri.com\\\/?s={search_term_string}\"},\"query-input\":{\"@type\":\"PropertyValueSpecification\",\"valueRequired\":true,\"valueName\":\"search_term_string\"}}],\"inLanguage\":\"fr-FR\"},{\"@type\":\"Organization\",\"@id\":\"https:\\\/\\\/www.toulouse-tri.com\\\/#organization\",\"name\":\"Toulouse Triathlon\",\"url\":\"https:\\\/\\\/www.toulouse-tri.com\\\/\",\"logo\":{\"@type\":\"ImageObject\",\"inLanguage\":\"fr-FR\",\"@id\":\"https:\\\/\\\/www.toulouse-tri.com\\\/#\\\/schema\\\/logo\\\/image\\\/\",\"url\":\"https:\\\/\\\/www.toulouse-tri.com\\\/wp-content\\\/uploads\\\/2015\\\/03\\\/pwrmeuh.gif\",\"contentUrl\":\"https:\\\/\\\/www.toulouse-tri.com\\\/wp-content\\\/uploads\\\/2015\\\/03\\\/pwrmeuh.gif\",\"width\":224,\"height\":176,\"caption\":\"Toulouse Triathlon\"},\"image\":{\"@id\":\"https:\\\/\\\/www.toulouse-tri.com\\\/#\\\/schema\\\/logo\\\/image\\\/\"}}]}<\/script>\n<!-- \/ Yoast SEO plugin. -->","yoast_head_json":{"title":"Veste thermique v\u00e9lo - Toulouse Triathlon","robots":{"index":"index","follow":"follow","max-snippet":"max-snippet:-1","max-image-preview":"max-image-preview:large","max-video-preview":"max-video-preview:-1"},"canonical":"https:\/\/www.toulouse-tri.com\/?product=veste-thermique-velo","og_locale":"fr_FR","og_type":"article","og_title":"Veste thermique v\u00e9lo - Toulouse Triathlon","og_description":"Veste thermique cyclisme pour continuer sa pratique en ext\u00e9rieur m\u00eame au c\u0153ur de l\u2019hiver. \u00c9galement utilisable en avant ou en apr\u00e8s course pour se tenir au chaud.","og_url":"https:\/\/www.toulouse-tri.com\/?product=veste-thermique-velo","og_site_name":"Toulouse Triathlon","article_modified_time":"2026-01-08T10:58:46+00:00","og_image":[{"width":378,"height":378,"url":"http:\/\/www.toulouse-tri.com\/wp-content\/uploads\/2021\/02\/CHESTER-Modele.jpg","type":"image\/jpeg"}],"twitter_card":"summary_large_image","twitter_misc":{"Dur\u00e9e de lecture estim\u00e9e":"2 minutes"},"schema":{"@context":"https:\/\/schema.org","@graph":[{"@type":"WebPage","@id":"https:\/\/www.toulouse-tri.com\/?product=veste-thermique-velo","url":"https:\/\/www.toulouse-tri.com\/?product=veste-thermique-velo","name":"Veste thermique v\u00e9lo - Toulouse Triathlon","isPartOf":{"@id":"https:\/\/www.toulouse-tri.com\/#website"},"primaryImageOfPage":{"@id":"https:\/\/www.toulouse-tri.com\/?product=veste-thermique-velo#primaryimage"},"image":{"@id":"https:\/\/www.toulouse-tri.com\/?product=veste-thermique-velo#primaryimage"},"thumbnailUrl":"https:\/\/www.toulouse-tri.com\/wp-content\/uploads\/2021\/02\/CHESTER-Modele.jpg","datePublished":"2021-02-23T13:18:53+00:00","dateModified":"2026-01-08T10:58:46+00:00","breadcrumb":{"@id":"https:\/\/www.toulouse-tri.com\/?product=veste-thermique-velo#breadcrumb"},"inLanguage":"fr-FR","potentialAction":[{"@type":"ReadAction","target":["https:\/\/www.toulouse-tri.com\/?product=veste-thermique-velo"]}]},{"@type":"ImageObject","inLanguage":"fr-FR","@id":"https:\/\/www.toulouse-tri.com\/?product=veste-thermique-velo#primaryimage","url":"https:\/\/www.toulouse-tri.com\/wp-content\/uploads\/2021\/02\/CHESTER-Modele.jpg","contentUrl":"https:\/\/www.toulouse-tri.com\/wp-content\/uploads\/2021\/02\/CHESTER-Modele.jpg","width":378,"height":378},{"@type":"BreadcrumbList","@id":"https:\/\/www.toulouse-tri.com\/?product=veste-thermique-velo#breadcrumb","itemListElement":[{"@type":"ListItem","position":1,"name":"Accueil","item":"https:\/\/www.toulouse-tri.com\/"},{"@type":"ListItem","position":2,"name":"Boutique","item":"https:\/\/www.toulouse-tri.com\/?page_id=8671"},{"@type":"ListItem","position":3,"name":"Veste thermique v\u00e9lo"}]},{"@type":"WebSite","@id":"https:\/\/www.toulouse-tri.com\/#website","url":"https:\/\/www.toulouse-tri.com\/","name":"Toulouse Triathlon","description":"Power Meuh","publisher":{"@id":"https:\/\/www.toulouse-tri.com\/#organization"},"potentialAction":[{"@type":"SearchAction","target":{"@type":"EntryPoint","urlTemplate":"https:\/\/www.toulouse-tri.com\/?s={search_term_string}"},"query-input":{"@type":"PropertyValueSpecification","valueRequired":true,"valueName":"search_term_string"}}],"inLanguage":"fr-FR"},{"@type":"Organization","@id":"https:\/\/www.toulouse-tri.com\/#organization","name":"Toulouse Triathlon","url":"https:\/\/www.toulouse-tri.com\/","logo":{"@type":"ImageObject","inLanguage":"fr-FR","@id":"https:\/\/www.toulouse-tri.com\/#\/schema\/logo\/image\/","url":"https:\/\/www.toulouse-tri.com\/wp-content\/uploads\/2015\/03\/pwrmeuh.gif","contentUrl":"https:\/\/www.toulouse-tri.com\/wp-content\/uploads\/2015\/03\/pwrmeuh.gif","width":224,"height":176,"caption":"Toulouse Triathlon"},"image":{"@id":"https:\/\/www.toulouse-tri.com\/#\/schema\/logo\/image\/"}}]}},"_links":{"self":[{"href":"https:\/\/www.toulouse-tri.com\/index.php?rest_route=\/wp\/v2\/product\/9231","targetHints":{"allow":["GET"]}}],"collection":[{"href":"https:\/\/www.toulouse-tri.com\/index.php?rest_route=\/wp\/v2\/product"}],"about":[{"href":"https:\/\/www.toulouse-tri.com\/index.php?rest_route=\/wp\/v2\/types\/product"}],"wp:featuredmedia":[{"embeddable":true,"href":"https:\/\/www.toulouse-tri.com\/index.php?rest_route=\/wp\/v2\/media\/9229"}],"wp:attachment":[{"href":"https:\/\/www.toulouse-tri.com\/index.php?rest_route=%2Fwp%2Fv2%2Fmedia&parent=9231"}],"wp:term":[{"taxonomy":"product_brand","embeddable":true,"href":"https:\/\/www.toulouse-tri.com\/index.php?rest_route=%2Fwp%2Fv2%2Fproduct_brand&post=9231"},{"taxonomy":"product_cat","embeddable":true,"href":"https:\/\/www.toulouse-tri.com\/index.php?rest_route=%2Fwp%2Fv2%2Fproduct_cat&post=9231"},{"taxonomy":"product_tag","embeddable":true,"href":"https:\/\/www.toulouse-tri.com\/index.php?rest_route=%2Fwp%2Fv2%2Fproduct_tag&post=9231"}],"curies":[{"name":"wp","href":"https:\/\/api.w.org\/{rel}","templated":true}]}}