{"id":9078,"date":"2021-02-22T23:57:31","date_gmt":"2021-02-22T22:57:31","guid":{"rendered":"http:\/\/www.toulouse-tri.com\/?post_type=product&#038;p=9078"},"modified":"2026-01-08T11:42:55","modified_gmt":"2026-01-08T10:42:55","slug":"tri-fonction-enfant-ancienne-collection","status":"publish","type":"product","link":"https:\/\/www.toulouse-tri.com\/?product=tri-fonction-enfant-ancienne-collection","title":{"rendered":"Tri-fonction enfant ancienne collection"},"content":{"rendered":"<p>C&#8217;est un produit haut de gamme pour les adeptes du triathlon, qui souhaitent un produit abouti tant aux niveaux esth\u00e9tique, confort et performance. Cette tenue est r\u00e9alis\u00e9e dans le tissu Water Wear Weapon et poss\u00e8de du mesh a\u00e9r\u00e9 afin d&#8217;assurer une l\u00e9g\u00e8ret\u00e9 et une ventilation optimales.<\/p>\n<p>Cette Trisuit b\u00e9n\u00e9ficie du meilleur des technologies et concepts de la marque ZeroD. Pour \u00eatre encore plus confortable elle comporte d\u00e9sormais un tripad ainsi que des biais ultra-doux autour des \u00e9paules et du cou.<\/p>\n<p><strong>A NOTER :<br \/>\n<\/strong>Ce mod\u00e8le est adapt\u00e9 aux courtes distances.<\/p>\n<p><strong>COMPOSITION :<\/strong><br \/>\n80 % Polyamide 20% \u00c9lasthanne<\/p>\n<p><strong>CONSEILS DE LAVAGE :<br \/>\n<a href=\"http:\/\/www.toulouse-tri.com\/wp-content\/uploads\/2021\/02\/Conseils-de-lavage-ZeroD.jpg\"><img loading=\"lazy\" decoding=\"async\" class=\"aligncenter size-full wp-image-9044\" src=\"http:\/\/www.toulouse-tri.com\/wp-content\/uploads\/2021\/02\/Conseils-de-lavage-ZeroD.jpg\" alt=\"\" width=\"503\" height=\"325\" srcset=\"https:\/\/www.toulouse-tri.com\/wp-content\/uploads\/2021\/02\/Conseils-de-lavage-ZeroD.jpg 503w, https:\/\/www.toulouse-tri.com\/wp-content\/uploads\/2021\/02\/Conseils-de-lavage-ZeroD-300x194.jpg 300w, https:\/\/www.toulouse-tri.com\/wp-content\/uploads\/2021\/02\/Conseils-de-lavage-ZeroD-400x258.jpg 400w\" sizes=\"auto, (max-width: 503px) 100vw, 503px\" \/><\/a><br \/>\n<\/strong><\/p>\n","protected":false},"excerpt":{"rendered":"<p>Tri-fonction sans manches.<\/p>\n","protected":false},"featured_media":9034,"template":"","meta":{"_links_to":"","_links_to_target":""},"product_brand":[234],"product_cat":[161],"product_tag":[166],"class_list":{"0":"post-9078","1":"product","2":"type-product","3":"status-publish","4":"has-post-thumbnail","6":"product_brand-zerod","7":"product_cat-triathlon","8":"product_tag-bonnes-affaires","10":"first","11":"instock","12":"sale","13":"shipping-taxable","14":"purchasable","15":"product-type-variable"},"yoast_head":"<!-- This site is optimized with the Yoast SEO plugin v27.4 - https:\/\/yoast.com\/product\/yoast-seo-wordpress\/ -->\n<title>Tri-fonction enfant ancienne collection - Toulouse Triathlon<\/title>\n<meta name=\"robots\" content=\"index, follow, max-snippet:-1, max-image-preview:large, max-video-preview:-1\" \/>\n<link rel=\"canonical\" href=\"https:\/\/www.toulouse-tri.com\/?product=tri-fonction-enfant-ancienne-collection\" \/>\n<meta property=\"og:locale\" content=\"fr_FR\" \/>\n<meta property=\"og:type\" content=\"article\" \/>\n<meta property=\"og:title\" content=\"Tri-fonction enfant ancienne collection - Toulouse Triathlon\" \/>\n<meta property=\"og:description\" content=\"Tri-fonction sans manches.\" \/>\n<meta property=\"og:url\" content=\"https:\/\/www.toulouse-tri.com\/?product=tri-fonction-enfant-ancienne-collection\" \/>\n<meta property=\"og:site_name\" content=\"Toulouse Triathlon\" \/>\n<meta property=\"article:modified_time\" content=\"2026-01-08T10:42:55+00:00\" \/>\n<meta property=\"og:image\" content=\"http:\/\/www.toulouse-tri.com\/wp-content\/uploads\/2021\/02\/Tri-fonction-devant.jpg\" \/>\n\t<meta property=\"og:image:width\" content=\"378\" \/>\n\t<meta property=\"og:image:height\" content=\"378\" \/>\n\t<meta property=\"og:image:type\" content=\"image\/jpeg\" \/>\n<meta name=\"twitter:card\" content=\"summary_large_image\" \/>\n<meta name=\"twitter:label1\" content=\"Dur\u00e9e de lecture estim\u00e9e\" \/>\n\t<meta name=\"twitter:data1\" content=\"1 minute\" \/>\n<script type=\"application\/ld+json\" class=\"yoast-schema-graph\">{\"@context\":\"https:\\\/\\\/schema.org\",\"@graph\":[{\"@type\":\"WebPage\",\"@id\":\"https:\\\/\\\/www.toulouse-tri.com\\\/?product=tri-fonction-enfant-ancienne-collection\",\"url\":\"https:\\\/\\\/www.toulouse-tri.com\\\/?product=tri-fonction-enfant-ancienne-collection\",\"name\":\"Tri-fonction enfant ancienne collection - Toulouse Triathlon\",\"isPartOf\":{\"@id\":\"https:\\\/\\\/www.toulouse-tri.com\\\/#website\"},\"primaryImageOfPage\":{\"@id\":\"https:\\\/\\\/www.toulouse-tri.com\\\/?product=tri-fonction-enfant-ancienne-collection#primaryimage\"},\"image\":{\"@id\":\"https:\\\/\\\/www.toulouse-tri.com\\\/?product=tri-fonction-enfant-ancienne-collection#primaryimage\"},\"thumbnailUrl\":\"https:\\\/\\\/www.toulouse-tri.com\\\/wp-content\\\/uploads\\\/2021\\\/02\\\/Tri-fonction-devant.jpg\",\"datePublished\":\"2021-02-22T22:57:31+00:00\",\"dateModified\":\"2026-01-08T10:42:55+00:00\",\"breadcrumb\":{\"@id\":\"https:\\\/\\\/www.toulouse-tri.com\\\/?product=tri-fonction-enfant-ancienne-collection#breadcrumb\"},\"inLanguage\":\"fr-FR\",\"potentialAction\":[{\"@type\":\"ReadAction\",\"target\":[\"https:\\\/\\\/www.toulouse-tri.com\\\/?product=tri-fonction-enfant-ancienne-collection\"]}]},{\"@type\":\"ImageObject\",\"inLanguage\":\"fr-FR\",\"@id\":\"https:\\\/\\\/www.toulouse-tri.com\\\/?product=tri-fonction-enfant-ancienne-collection#primaryimage\",\"url\":\"https:\\\/\\\/www.toulouse-tri.com\\\/wp-content\\\/uploads\\\/2021\\\/02\\\/Tri-fonction-devant.jpg\",\"contentUrl\":\"https:\\\/\\\/www.toulouse-tri.com\\\/wp-content\\\/uploads\\\/2021\\\/02\\\/Tri-fonction-devant.jpg\",\"width\":378,\"height\":378},{\"@type\":\"BreadcrumbList\",\"@id\":\"https:\\\/\\\/www.toulouse-tri.com\\\/?product=tri-fonction-enfant-ancienne-collection#breadcrumb\",\"itemListElement\":[{\"@type\":\"ListItem\",\"position\":1,\"name\":\"Accueil\",\"item\":\"https:\\\/\\\/www.toulouse-tri.com\\\/\"},{\"@type\":\"ListItem\",\"position\":2,\"name\":\"Boutique\",\"item\":\"https:\\\/\\\/www.toulouse-tri.com\\\/?page_id=8671\"},{\"@type\":\"ListItem\",\"position\":3,\"name\":\"Tri-fonction enfant ancienne collection\"}]},{\"@type\":\"WebSite\",\"@id\":\"https:\\\/\\\/www.toulouse-tri.com\\\/#website\",\"url\":\"https:\\\/\\\/www.toulouse-tri.com\\\/\",\"name\":\"Toulouse Triathlon\",\"description\":\"Power Meuh\",\"publisher\":{\"@id\":\"https:\\\/\\\/www.toulouse-tri.com\\\/#organization\"},\"potentialAction\":[{\"@type\":\"SearchAction\",\"target\":{\"@type\":\"EntryPoint\",\"urlTemplate\":\"https:\\\/\\\/www.toulouse-tri.com\\\/?s={search_term_string}\"},\"query-input\":{\"@type\":\"PropertyValueSpecification\",\"valueRequired\":true,\"valueName\":\"search_term_string\"}}],\"inLanguage\":\"fr-FR\"},{\"@type\":\"Organization\",\"@id\":\"https:\\\/\\\/www.toulouse-tri.com\\\/#organization\",\"name\":\"Toulouse Triathlon\",\"url\":\"https:\\\/\\\/www.toulouse-tri.com\\\/\",\"logo\":{\"@type\":\"ImageObject\",\"inLanguage\":\"fr-FR\",\"@id\":\"https:\\\/\\\/www.toulouse-tri.com\\\/#\\\/schema\\\/logo\\\/image\\\/\",\"url\":\"https:\\\/\\\/www.toulouse-tri.com\\\/wp-content\\\/uploads\\\/2015\\\/03\\\/pwrmeuh.gif\",\"contentUrl\":\"https:\\\/\\\/www.toulouse-tri.com\\\/wp-content\\\/uploads\\\/2015\\\/03\\\/pwrmeuh.gif\",\"width\":224,\"height\":176,\"caption\":\"Toulouse Triathlon\"},\"image\":{\"@id\":\"https:\\\/\\\/www.toulouse-tri.com\\\/#\\\/schema\\\/logo\\\/image\\\/\"}}]}<\/script>\n<!-- \/ Yoast SEO plugin. -->","yoast_head_json":{"title":"Tri-fonction enfant ancienne collection - Toulouse Triathlon","robots":{"index":"index","follow":"follow","max-snippet":"max-snippet:-1","max-image-preview":"max-image-preview:large","max-video-preview":"max-video-preview:-1"},"canonical":"https:\/\/www.toulouse-tri.com\/?product=tri-fonction-enfant-ancienne-collection","og_locale":"fr_FR","og_type":"article","og_title":"Tri-fonction enfant ancienne collection - Toulouse Triathlon","og_description":"Tri-fonction sans manches.","og_url":"https:\/\/www.toulouse-tri.com\/?product=tri-fonction-enfant-ancienne-collection","og_site_name":"Toulouse Triathlon","article_modified_time":"2026-01-08T10:42:55+00:00","og_image":[{"width":378,"height":378,"url":"http:\/\/www.toulouse-tri.com\/wp-content\/uploads\/2021\/02\/Tri-fonction-devant.jpg","type":"image\/jpeg"}],"twitter_card":"summary_large_image","twitter_misc":{"Dur\u00e9e de lecture estim\u00e9e":"1 minute"},"schema":{"@context":"https:\/\/schema.org","@graph":[{"@type":"WebPage","@id":"https:\/\/www.toulouse-tri.com\/?product=tri-fonction-enfant-ancienne-collection","url":"https:\/\/www.toulouse-tri.com\/?product=tri-fonction-enfant-ancienne-collection","name":"Tri-fonction enfant ancienne collection - Toulouse Triathlon","isPartOf":{"@id":"https:\/\/www.toulouse-tri.com\/#website"},"primaryImageOfPage":{"@id":"https:\/\/www.toulouse-tri.com\/?product=tri-fonction-enfant-ancienne-collection#primaryimage"},"image":{"@id":"https:\/\/www.toulouse-tri.com\/?product=tri-fonction-enfant-ancienne-collection#primaryimage"},"thumbnailUrl":"https:\/\/www.toulouse-tri.com\/wp-content\/uploads\/2021\/02\/Tri-fonction-devant.jpg","datePublished":"2021-02-22T22:57:31+00:00","dateModified":"2026-01-08T10:42:55+00:00","breadcrumb":{"@id":"https:\/\/www.toulouse-tri.com\/?product=tri-fonction-enfant-ancienne-collection#breadcrumb"},"inLanguage":"fr-FR","potentialAction":[{"@type":"ReadAction","target":["https:\/\/www.toulouse-tri.com\/?product=tri-fonction-enfant-ancienne-collection"]}]},{"@type":"ImageObject","inLanguage":"fr-FR","@id":"https:\/\/www.toulouse-tri.com\/?product=tri-fonction-enfant-ancienne-collection#primaryimage","url":"https:\/\/www.toulouse-tri.com\/wp-content\/uploads\/2021\/02\/Tri-fonction-devant.jpg","contentUrl":"https:\/\/www.toulouse-tri.com\/wp-content\/uploads\/2021\/02\/Tri-fonction-devant.jpg","width":378,"height":378},{"@type":"BreadcrumbList","@id":"https:\/\/www.toulouse-tri.com\/?product=tri-fonction-enfant-ancienne-collection#breadcrumb","itemListElement":[{"@type":"ListItem","position":1,"name":"Accueil","item":"https:\/\/www.toulouse-tri.com\/"},{"@type":"ListItem","position":2,"name":"Boutique","item":"https:\/\/www.toulouse-tri.com\/?page_id=8671"},{"@type":"ListItem","position":3,"name":"Tri-fonction enfant ancienne collection"}]},{"@type":"WebSite","@id":"https:\/\/www.toulouse-tri.com\/#website","url":"https:\/\/www.toulouse-tri.com\/","name":"Toulouse Triathlon","description":"Power Meuh","publisher":{"@id":"https:\/\/www.toulouse-tri.com\/#organization"},"potentialAction":[{"@type":"SearchAction","target":{"@type":"EntryPoint","urlTemplate":"https:\/\/www.toulouse-tri.com\/?s={search_term_string}"},"query-input":{"@type":"PropertyValueSpecification","valueRequired":true,"valueName":"search_term_string"}}],"inLanguage":"fr-FR"},{"@type":"Organization","@id":"https:\/\/www.toulouse-tri.com\/#organization","name":"Toulouse Triathlon","url":"https:\/\/www.toulouse-tri.com\/","logo":{"@type":"ImageObject","inLanguage":"fr-FR","@id":"https:\/\/www.toulouse-tri.com\/#\/schema\/logo\/image\/","url":"https:\/\/www.toulouse-tri.com\/wp-content\/uploads\/2015\/03\/pwrmeuh.gif","contentUrl":"https:\/\/www.toulouse-tri.com\/wp-content\/uploads\/2015\/03\/pwrmeuh.gif","width":224,"height":176,"caption":"Toulouse Triathlon"},"image":{"@id":"https:\/\/www.toulouse-tri.com\/#\/schema\/logo\/image\/"}}]}},"_links":{"self":[{"href":"https:\/\/www.toulouse-tri.com\/index.php?rest_route=\/wp\/v2\/product\/9078","targetHints":{"allow":["GET"]}}],"collection":[{"href":"https:\/\/www.toulouse-tri.com\/index.php?rest_route=\/wp\/v2\/product"}],"about":[{"href":"https:\/\/www.toulouse-tri.com\/index.php?rest_route=\/wp\/v2\/types\/product"}],"wp:featuredmedia":[{"embeddable":true,"href":"https:\/\/www.toulouse-tri.com\/index.php?rest_route=\/wp\/v2\/media\/9034"}],"wp:attachment":[{"href":"https:\/\/www.toulouse-tri.com\/index.php?rest_route=%2Fwp%2Fv2%2Fmedia&parent=9078"}],"wp:term":[{"taxonomy":"product_brand","embeddable":true,"href":"https:\/\/www.toulouse-tri.com\/index.php?rest_route=%2Fwp%2Fv2%2Fproduct_brand&post=9078"},{"taxonomy":"product_cat","embeddable":true,"href":"https:\/\/www.toulouse-tri.com\/index.php?rest_route=%2Fwp%2Fv2%2Fproduct_cat&post=9078"},{"taxonomy":"product_tag","embeddable":true,"href":"https:\/\/www.toulouse-tri.com\/index.php?rest_route=%2Fwp%2Fv2%2Fproduct_tag&post=9078"}],"curies":[{"name":"wp","href":"https:\/\/api.w.org\/{rel}","templated":true}]}}