{"id":8878,"date":"2021-02-21T20:50:20","date_gmt":"2021-02-21T19:50:20","guid":{"rendered":"http:\/\/www.toulouse-tri.com\/?post_type=product&#038;p=8878"},"modified":"2026-01-08T11:57:20","modified_gmt":"2026-01-08T10:57:20","slug":"trifonction-sans-manches-loisir-homme","status":"publish","type":"product","link":"https:\/\/www.toulouse-tri.com\/?product=trifonction-sans-manches-loisir-homme","title":{"rendered":"Tri-fonction homme &#038; enfant loisir"},"content":{"rendered":"<p>Cette tri-fonction allie confort et efficacit\u00e9, gr\u00e2ce \u00e0 sa coupe, son traitement DWR\u00ae ainsi que l&#8217;\u00e9lasticit\u00e9 de sa mati\u00e8re (Lycra 210gr). Son dos est constitu\u00e9e par une mati\u00e8re a\u00e9r\u00e9e ce qui apporte plus de l\u00e9g\u00e8ret\u00e9 ainsi qu\u2019une une \u00e9vacuation rapide et facile de l\u2019eau.<\/p>\n<p>Elle dispose d\u2019un zip int\u00e9gral sur le devant et de poches en maille a\u00e9r\u00e9e pour y stocker gels ou barres \u00e9nerg\u00e9tiques.<\/p>\n<p><a href=\"https:\/\/www.poli.fr\/vetements-de-triathlon-a-personnaliser\/trifonction-homme-sans-manches-norsae-10866.html\" target=\"_blank\" rel=\"noopener noreferrer\">Description sur le site de Poli<\/a><\/p>\n<p><b>A NOTER :<br \/>\n<\/b>La coupe loisir de ce mod\u00e8le est adapt\u00e9e aux enfants et aux adultes \u00e0 fort gabarit (l\u2019autre mod\u00e8le de <a href=\"https:\/\/www.toulouse-tri.com\/?product=trifonction-homme-sans-manches\">tri-fonction sans manches<\/a> ne va que jusqu\u2019au 2XL et dispose d\u2019une coupe ajust\u00e9e).<\/p>\n<p><strong>GUIDE DES TAILLES :<\/strong><\/p>\n<p><img loading=\"lazy\" decoding=\"async\" class=\"alignnone wp-image-14348 size-large\" src=\"http:\/\/www.toulouse-tri.com\/wp-content\/uploads\/2024\/10\/Guide-des-tailles-triathlon-adulte-1024x717.jpg\" alt=\"\" width=\"750\" height=\"525\" srcset=\"https:\/\/www.toulouse-tri.com\/wp-content\/uploads\/2024\/10\/Guide-des-tailles-triathlon-adulte-1024x717.jpg 1024w, https:\/\/www.toulouse-tri.com\/wp-content\/uploads\/2024\/10\/Guide-des-tailles-triathlon-adulte-300x210.jpg 300w, https:\/\/www.toulouse-tri.com\/wp-content\/uploads\/2024\/10\/Guide-des-tailles-triathlon-adulte-768x538.jpg 768w, https:\/\/www.toulouse-tri.com\/wp-content\/uploads\/2024\/10\/Guide-des-tailles-triathlon-adulte-1536x1075.jpg 1536w, https:\/\/www.toulouse-tri.com\/wp-content\/uploads\/2024\/10\/Guide-des-tailles-triathlon-adulte-2048x1434.jpg 2048w, https:\/\/www.toulouse-tri.com\/wp-content\/uploads\/2024\/10\/Guide-des-tailles-triathlon-adulte-24x17.jpg 24w, https:\/\/www.toulouse-tri.com\/wp-content\/uploads\/2024\/10\/Guide-des-tailles-triathlon-adulte-36x25.jpg 36w, https:\/\/www.toulouse-tri.com\/wp-content\/uploads\/2024\/10\/Guide-des-tailles-triathlon-adulte-48x34.jpg 48w, https:\/\/www.toulouse-tri.com\/wp-content\/uploads\/2024\/10\/Guide-des-tailles-triathlon-adulte-400x280.jpg 400w\" sizes=\"auto, (max-width: 750px) 100vw, 750px\" \/> <img loading=\"lazy\" decoding=\"async\" class=\"alignnone wp-image-14349 size-large\" src=\"http:\/\/www.toulouse-tri.com\/wp-content\/uploads\/2024\/10\/Guide-des-tailles-triathlon-enfant-1024x717.jpg\" alt=\"\" width=\"750\" height=\"525\" srcset=\"https:\/\/www.toulouse-tri.com\/wp-content\/uploads\/2024\/10\/Guide-des-tailles-triathlon-enfant-1024x717.jpg 1024w, https:\/\/www.toulouse-tri.com\/wp-content\/uploads\/2024\/10\/Guide-des-tailles-triathlon-enfant-300x210.jpg 300w, https:\/\/www.toulouse-tri.com\/wp-content\/uploads\/2024\/10\/Guide-des-tailles-triathlon-enfant-768x538.jpg 768w, https:\/\/www.toulouse-tri.com\/wp-content\/uploads\/2024\/10\/Guide-des-tailles-triathlon-enfant-1536x1075.jpg 1536w, https:\/\/www.toulouse-tri.com\/wp-content\/uploads\/2024\/10\/Guide-des-tailles-triathlon-enfant-2048x1434.jpg 2048w, https:\/\/www.toulouse-tri.com\/wp-content\/uploads\/2024\/10\/Guide-des-tailles-triathlon-enfant-24x17.jpg 24w, https:\/\/www.toulouse-tri.com\/wp-content\/uploads\/2024\/10\/Guide-des-tailles-triathlon-enfant-36x25.jpg 36w, https:\/\/www.toulouse-tri.com\/wp-content\/uploads\/2024\/10\/Guide-des-tailles-triathlon-enfant-48x34.jpg 48w, https:\/\/www.toulouse-tri.com\/wp-content\/uploads\/2024\/10\/Guide-des-tailles-triathlon-enfant-400x280.jpg 400w\" sizes=\"auto, (max-width: 750px) 100vw, 750px\" \/><\/p>\n<p>Pas de changement de taille possible (n\u00e9cessite une nouvelle commande).<\/p>\n<p><b>COMPOSITION :<br \/>\n<\/b>Mati\u00e8re unie : 80% Polyamide 20% \u00c9lasthanne<br \/>\nMati\u00e8re principale personnalisable : 80% Polyester 20% \u00c9lasthanne<br \/>\nMati\u00e8re a\u00e9r\u00e9e : 79% Polyester 21% \u00c9lasthanne<\/p>\n<p><strong>CONSEILS DE LAVAGE :<\/strong><\/p>\n<p><img loading=\"lazy\" decoding=\"async\" class=\"alignnone size-medium wp-image-14353\" src=\"http:\/\/www.toulouse-tri.com\/wp-content\/uploads\/2024\/10\/Conseils-de-lavage-300x194.jpg\" alt=\"\" width=\"300\" height=\"194\" srcset=\"https:\/\/www.toulouse-tri.com\/wp-content\/uploads\/2024\/10\/Conseils-de-lavage-300x194.jpg 300w, https:\/\/www.toulouse-tri.com\/wp-content\/uploads\/2024\/10\/Conseils-de-lavage-768x496.jpg 768w, https:\/\/www.toulouse-tri.com\/wp-content\/uploads\/2024\/10\/Conseils-de-lavage-24x15.jpg 24w, https:\/\/www.toulouse-tri.com\/wp-content\/uploads\/2024\/10\/Conseils-de-lavage-36x23.jpg 36w, https:\/\/www.toulouse-tri.com\/wp-content\/uploads\/2024\/10\/Conseils-de-lavage-48x31.jpg 48w, https:\/\/www.toulouse-tri.com\/wp-content\/uploads\/2024\/10\/Conseils-de-lavage-400x258.jpg 400w, https:\/\/www.toulouse-tri.com\/wp-content\/uploads\/2024\/10\/Conseils-de-lavage.jpg 792w\" sizes=\"auto, (max-width: 300px) 100vw, 300px\" \/><\/p>\n","protected":false},"excerpt":{"rendered":"<p>Tri-fonction sans manches \u00e0 la coupe normale pour une pratique en comp\u00e9tition occasionnelle.<\/p>\n","protected":false},"featured_media":9474,"template":"","meta":{"_links_to":"","_links_to_target":""},"product_brand":[232],"product_cat":[161],"product_tag":[182],"class_list":{"0":"post-8878","1":"product","2":"type-product","3":"status-publish","4":"has-post-thumbnail","6":"product_brand-poli","7":"product_cat-triathlon","8":"product_tag-sur-commande","10":"first","11":"instock","12":"shipping-taxable","13":"purchasable","14":"product-type-variable","15":"has-default-attributes"},"yoast_head":"<!-- This site is optimized with the Yoast SEO plugin v27.4 - https:\/\/yoast.com\/product\/yoast-seo-wordpress\/ -->\n<title>Tri-fonction homme &amp; enfant loisir - Toulouse Triathlon<\/title>\n<meta name=\"robots\" content=\"index, follow, max-snippet:-1, max-image-preview:large, max-video-preview:-1\" \/>\n<link rel=\"canonical\" href=\"https:\/\/www.toulouse-tri.com\/?product=trifonction-sans-manches-loisir-homme\" \/>\n<meta property=\"og:locale\" content=\"fr_FR\" \/>\n<meta property=\"og:type\" content=\"article\" \/>\n<meta property=\"og:title\" content=\"Tri-fonction homme &amp; enfant loisir - Toulouse Triathlon\" \/>\n<meta property=\"og:description\" content=\"Tri-fonction sans manches \u00e0 la coupe normale pour une pratique en comp\u00e9tition occasionnelle.\" \/>\n<meta property=\"og:url\" content=\"https:\/\/www.toulouse-tri.com\/?product=trifonction-sans-manches-loisir-homme\" \/>\n<meta property=\"og:site_name\" content=\"Toulouse Triathlon\" \/>\n<meta property=\"article:modified_time\" content=\"2026-01-08T10:57:20+00:00\" \/>\n<meta property=\"og:image\" content=\"http:\/\/www.toulouse-tri.com\/wp-content\/uploads\/2021\/02\/NORSAE-Modele.jpg\" \/>\n\t<meta property=\"og:image:width\" content=\"378\" \/>\n\t<meta property=\"og:image:height\" content=\"378\" \/>\n\t<meta property=\"og:image:type\" content=\"image\/jpeg\" \/>\n<meta name=\"twitter:card\" content=\"summary_large_image\" \/>\n<meta name=\"twitter:label1\" content=\"Dur\u00e9e de lecture estim\u00e9e\" \/>\n\t<meta name=\"twitter:data1\" content=\"2 minutes\" \/>\n<script type=\"application\/ld+json\" class=\"yoast-schema-graph\">{\"@context\":\"https:\\\/\\\/schema.org\",\"@graph\":[{\"@type\":\"WebPage\",\"@id\":\"https:\\\/\\\/www.toulouse-tri.com\\\/?product=trifonction-sans-manches-loisir-homme\",\"url\":\"https:\\\/\\\/www.toulouse-tri.com\\\/?product=trifonction-sans-manches-loisir-homme\",\"name\":\"Tri-fonction homme & enfant loisir - Toulouse Triathlon\",\"isPartOf\":{\"@id\":\"https:\\\/\\\/www.toulouse-tri.com\\\/#website\"},\"primaryImageOfPage\":{\"@id\":\"https:\\\/\\\/www.toulouse-tri.com\\\/?product=trifonction-sans-manches-loisir-homme#primaryimage\"},\"image\":{\"@id\":\"https:\\\/\\\/www.toulouse-tri.com\\\/?product=trifonction-sans-manches-loisir-homme#primaryimage\"},\"thumbnailUrl\":\"https:\\\/\\\/www.toulouse-tri.com\\\/wp-content\\\/uploads\\\/2021\\\/02\\\/NORSAE-Modele.jpg\",\"datePublished\":\"2021-02-21T19:50:20+00:00\",\"dateModified\":\"2026-01-08T10:57:20+00:00\",\"breadcrumb\":{\"@id\":\"https:\\\/\\\/www.toulouse-tri.com\\\/?product=trifonction-sans-manches-loisir-homme#breadcrumb\"},\"inLanguage\":\"fr-FR\",\"potentialAction\":[{\"@type\":\"ReadAction\",\"target\":[\"https:\\\/\\\/www.toulouse-tri.com\\\/?product=trifonction-sans-manches-loisir-homme\"]}]},{\"@type\":\"ImageObject\",\"inLanguage\":\"fr-FR\",\"@id\":\"https:\\\/\\\/www.toulouse-tri.com\\\/?product=trifonction-sans-manches-loisir-homme#primaryimage\",\"url\":\"https:\\\/\\\/www.toulouse-tri.com\\\/wp-content\\\/uploads\\\/2021\\\/02\\\/NORSAE-Modele.jpg\",\"contentUrl\":\"https:\\\/\\\/www.toulouse-tri.com\\\/wp-content\\\/uploads\\\/2021\\\/02\\\/NORSAE-Modele.jpg\",\"width\":378,\"height\":378},{\"@type\":\"BreadcrumbList\",\"@id\":\"https:\\\/\\\/www.toulouse-tri.com\\\/?product=trifonction-sans-manches-loisir-homme#breadcrumb\",\"itemListElement\":[{\"@type\":\"ListItem\",\"position\":1,\"name\":\"Accueil\",\"item\":\"https:\\\/\\\/www.toulouse-tri.com\\\/\"},{\"@type\":\"ListItem\",\"position\":2,\"name\":\"Boutique\",\"item\":\"https:\\\/\\\/www.toulouse-tri.com\\\/?page_id=8671\"},{\"@type\":\"ListItem\",\"position\":3,\"name\":\"Tri-fonction homme &#038; enfant loisir\"}]},{\"@type\":\"WebSite\",\"@id\":\"https:\\\/\\\/www.toulouse-tri.com\\\/#website\",\"url\":\"https:\\\/\\\/www.toulouse-tri.com\\\/\",\"name\":\"Toulouse Triathlon\",\"description\":\"Power Meuh\",\"publisher\":{\"@id\":\"https:\\\/\\\/www.toulouse-tri.com\\\/#organization\"},\"potentialAction\":[{\"@type\":\"SearchAction\",\"target\":{\"@type\":\"EntryPoint\",\"urlTemplate\":\"https:\\\/\\\/www.toulouse-tri.com\\\/?s={search_term_string}\"},\"query-input\":{\"@type\":\"PropertyValueSpecification\",\"valueRequired\":true,\"valueName\":\"search_term_string\"}}],\"inLanguage\":\"fr-FR\"},{\"@type\":\"Organization\",\"@id\":\"https:\\\/\\\/www.toulouse-tri.com\\\/#organization\",\"name\":\"Toulouse Triathlon\",\"url\":\"https:\\\/\\\/www.toulouse-tri.com\\\/\",\"logo\":{\"@type\":\"ImageObject\",\"inLanguage\":\"fr-FR\",\"@id\":\"https:\\\/\\\/www.toulouse-tri.com\\\/#\\\/schema\\\/logo\\\/image\\\/\",\"url\":\"https:\\\/\\\/www.toulouse-tri.com\\\/wp-content\\\/uploads\\\/2015\\\/03\\\/pwrmeuh.gif\",\"contentUrl\":\"https:\\\/\\\/www.toulouse-tri.com\\\/wp-content\\\/uploads\\\/2015\\\/03\\\/pwrmeuh.gif\",\"width\":224,\"height\":176,\"caption\":\"Toulouse Triathlon\"},\"image\":{\"@id\":\"https:\\\/\\\/www.toulouse-tri.com\\\/#\\\/schema\\\/logo\\\/image\\\/\"}}]}<\/script>\n<!-- \/ Yoast SEO plugin. -->","yoast_head_json":{"title":"Tri-fonction homme & enfant loisir - Toulouse Triathlon","robots":{"index":"index","follow":"follow","max-snippet":"max-snippet:-1","max-image-preview":"max-image-preview:large","max-video-preview":"max-video-preview:-1"},"canonical":"https:\/\/www.toulouse-tri.com\/?product=trifonction-sans-manches-loisir-homme","og_locale":"fr_FR","og_type":"article","og_title":"Tri-fonction homme & enfant loisir - Toulouse Triathlon","og_description":"Tri-fonction sans manches \u00e0 la coupe normale pour une pratique en comp\u00e9tition occasionnelle.","og_url":"https:\/\/www.toulouse-tri.com\/?product=trifonction-sans-manches-loisir-homme","og_site_name":"Toulouse Triathlon","article_modified_time":"2026-01-08T10:57:20+00:00","og_image":[{"width":378,"height":378,"url":"http:\/\/www.toulouse-tri.com\/wp-content\/uploads\/2021\/02\/NORSAE-Modele.jpg","type":"image\/jpeg"}],"twitter_card":"summary_large_image","twitter_misc":{"Dur\u00e9e de lecture estim\u00e9e":"2 minutes"},"schema":{"@context":"https:\/\/schema.org","@graph":[{"@type":"WebPage","@id":"https:\/\/www.toulouse-tri.com\/?product=trifonction-sans-manches-loisir-homme","url":"https:\/\/www.toulouse-tri.com\/?product=trifonction-sans-manches-loisir-homme","name":"Tri-fonction homme & enfant loisir - Toulouse Triathlon","isPartOf":{"@id":"https:\/\/www.toulouse-tri.com\/#website"},"primaryImageOfPage":{"@id":"https:\/\/www.toulouse-tri.com\/?product=trifonction-sans-manches-loisir-homme#primaryimage"},"image":{"@id":"https:\/\/www.toulouse-tri.com\/?product=trifonction-sans-manches-loisir-homme#primaryimage"},"thumbnailUrl":"https:\/\/www.toulouse-tri.com\/wp-content\/uploads\/2021\/02\/NORSAE-Modele.jpg","datePublished":"2021-02-21T19:50:20+00:00","dateModified":"2026-01-08T10:57:20+00:00","breadcrumb":{"@id":"https:\/\/www.toulouse-tri.com\/?product=trifonction-sans-manches-loisir-homme#breadcrumb"},"inLanguage":"fr-FR","potentialAction":[{"@type":"ReadAction","target":["https:\/\/www.toulouse-tri.com\/?product=trifonction-sans-manches-loisir-homme"]}]},{"@type":"ImageObject","inLanguage":"fr-FR","@id":"https:\/\/www.toulouse-tri.com\/?product=trifonction-sans-manches-loisir-homme#primaryimage","url":"https:\/\/www.toulouse-tri.com\/wp-content\/uploads\/2021\/02\/NORSAE-Modele.jpg","contentUrl":"https:\/\/www.toulouse-tri.com\/wp-content\/uploads\/2021\/02\/NORSAE-Modele.jpg","width":378,"height":378},{"@type":"BreadcrumbList","@id":"https:\/\/www.toulouse-tri.com\/?product=trifonction-sans-manches-loisir-homme#breadcrumb","itemListElement":[{"@type":"ListItem","position":1,"name":"Accueil","item":"https:\/\/www.toulouse-tri.com\/"},{"@type":"ListItem","position":2,"name":"Boutique","item":"https:\/\/www.toulouse-tri.com\/?page_id=8671"},{"@type":"ListItem","position":3,"name":"Tri-fonction homme &#038; enfant loisir"}]},{"@type":"WebSite","@id":"https:\/\/www.toulouse-tri.com\/#website","url":"https:\/\/www.toulouse-tri.com\/","name":"Toulouse Triathlon","description":"Power Meuh","publisher":{"@id":"https:\/\/www.toulouse-tri.com\/#organization"},"potentialAction":[{"@type":"SearchAction","target":{"@type":"EntryPoint","urlTemplate":"https:\/\/www.toulouse-tri.com\/?s={search_term_string}"},"query-input":{"@type":"PropertyValueSpecification","valueRequired":true,"valueName":"search_term_string"}}],"inLanguage":"fr-FR"},{"@type":"Organization","@id":"https:\/\/www.toulouse-tri.com\/#organization","name":"Toulouse Triathlon","url":"https:\/\/www.toulouse-tri.com\/","logo":{"@type":"ImageObject","inLanguage":"fr-FR","@id":"https:\/\/www.toulouse-tri.com\/#\/schema\/logo\/image\/","url":"https:\/\/www.toulouse-tri.com\/wp-content\/uploads\/2015\/03\/pwrmeuh.gif","contentUrl":"https:\/\/www.toulouse-tri.com\/wp-content\/uploads\/2015\/03\/pwrmeuh.gif","width":224,"height":176,"caption":"Toulouse Triathlon"},"image":{"@id":"https:\/\/www.toulouse-tri.com\/#\/schema\/logo\/image\/"}}]}},"_links":{"self":[{"href":"https:\/\/www.toulouse-tri.com\/index.php?rest_route=\/wp\/v2\/product\/8878","targetHints":{"allow":["GET"]}}],"collection":[{"href":"https:\/\/www.toulouse-tri.com\/index.php?rest_route=\/wp\/v2\/product"}],"about":[{"href":"https:\/\/www.toulouse-tri.com\/index.php?rest_route=\/wp\/v2\/types\/product"}],"wp:featuredmedia":[{"embeddable":true,"href":"https:\/\/www.toulouse-tri.com\/index.php?rest_route=\/wp\/v2\/media\/9474"}],"wp:attachment":[{"href":"https:\/\/www.toulouse-tri.com\/index.php?rest_route=%2Fwp%2Fv2%2Fmedia&parent=8878"}],"wp:term":[{"taxonomy":"product_brand","embeddable":true,"href":"https:\/\/www.toulouse-tri.com\/index.php?rest_route=%2Fwp%2Fv2%2Fproduct_brand&post=8878"},{"taxonomy":"product_cat","embeddable":true,"href":"https:\/\/www.toulouse-tri.com\/index.php?rest_route=%2Fwp%2Fv2%2Fproduct_cat&post=8878"},{"taxonomy":"product_tag","embeddable":true,"href":"https:\/\/www.toulouse-tri.com\/index.php?rest_route=%2Fwp%2Fv2%2Fproduct_tag&post=8878"}],"curies":[{"name":"wp","href":"https:\/\/api.w.org\/{rel}","templated":true}]}}