{"id":8864,"date":"2021-02-21T19:45:33","date_gmt":"2021-02-21T18:45:33","guid":{"rendered":"http:\/\/www.toulouse-tri.com\/?post_type=product&#038;p=8864"},"modified":"2026-01-08T11:57:24","modified_gmt":"2026-01-08T10:57:24","slug":"trifonction-homme-sans-manches","status":"publish","type":"product","link":"https:\/\/www.toulouse-tri.com\/?product=trifonction-homme-sans-manches","title":{"rendered":"Tri-fonction homme sans manches"},"content":{"rendered":"<p>Trifonction pour homme, ultra technique, compos\u00e9 avec les technologies les plus performantes. Combinaison l\u00e9g\u00e8re, souple, r\u00e9sistante, elle d\u00e9tient de nombreux atouts pour pratiquer la discipline dans les meilleures conditions. S\u00e9chage ultra-rapide, qui permet de passer de la natation au v\u00e9lo sans difficult\u00e9.<\/p>\n<p>Sa conception sans manches offre plus d\u2019aisance des mouvements de bras lors des manches de natation sans combinaison N\u00e9opr\u00e8ne.<\/p>\n<p>Elle dispose d\u2019un zip int\u00e9gral sur le devant et de 2 poches en maille a\u00e9r\u00e9e pour y stocker gels ou barres \u00e9nerg\u00e9tiques.<\/p>\n<p><a href=\"https:\/\/www.poli.fr\/vetements-de-triathlon-a-personnaliser\/trifonction-homme-sans-manches-elite-borneo-longue-distance-11019.html\" target=\"_blank\" rel=\"noopener noreferrer\">Description sur le site de Poli<\/a><\/p>\n<p><b>A NOTER :<br \/>\n<\/b>Le tissu technique de cette trifonction se d\u00e9tend l\u00e9g\u00e8rement \u00e0 l\u2019usage. N\u2019h\u00e9sitez pas \u00e0 prendre la taille inf\u00e9rieure si vous \u00eates en limite basse d\u2019une taille.<\/p>\n<p><strong>GUIDE DES TAILLES :<br \/>\n<img loading=\"lazy\" decoding=\"async\" class=\"alignnone wp-image-14348 size-large\" src=\"http:\/\/www.toulouse-tri.com\/wp-content\/uploads\/2024\/10\/Guide-des-tailles-triathlon-adulte-1024x717.jpg\" alt=\"\" width=\"750\" height=\"525\" srcset=\"https:\/\/www.toulouse-tri.com\/wp-content\/uploads\/2024\/10\/Guide-des-tailles-triathlon-adulte-1024x717.jpg 1024w, https:\/\/www.toulouse-tri.com\/wp-content\/uploads\/2024\/10\/Guide-des-tailles-triathlon-adulte-300x210.jpg 300w, https:\/\/www.toulouse-tri.com\/wp-content\/uploads\/2024\/10\/Guide-des-tailles-triathlon-adulte-768x538.jpg 768w, https:\/\/www.toulouse-tri.com\/wp-content\/uploads\/2024\/10\/Guide-des-tailles-triathlon-adulte-1536x1075.jpg 1536w, https:\/\/www.toulouse-tri.com\/wp-content\/uploads\/2024\/10\/Guide-des-tailles-triathlon-adulte-2048x1434.jpg 2048w, https:\/\/www.toulouse-tri.com\/wp-content\/uploads\/2024\/10\/Guide-des-tailles-triathlon-adulte-24x17.jpg 24w, https:\/\/www.toulouse-tri.com\/wp-content\/uploads\/2024\/10\/Guide-des-tailles-triathlon-adulte-36x25.jpg 36w, https:\/\/www.toulouse-tri.com\/wp-content\/uploads\/2024\/10\/Guide-des-tailles-triathlon-adulte-48x34.jpg 48w, https:\/\/www.toulouse-tri.com\/wp-content\/uploads\/2024\/10\/Guide-des-tailles-triathlon-adulte-400x280.jpg 400w\" sizes=\"auto, (max-width: 750px) 100vw, 750px\" \/><\/strong><\/p>\n<p>Changement de taille possible lors du retrait de la commande (voir <a href=\"http:\/\/www.toulouse-tri.com\/?page_id=8725\" target=\"_blank\" rel=\"noopener noreferrer\">les conditions<\/a>).<strong><br \/>\n<\/strong><\/p>\n<p><b>COMPOSITION :<br \/>\n<\/b>Mati\u00e8re unie : 80 % Polyamide 20% \u00c9lasthanne<br \/>\nMati\u00e8re sublim\u00e9e : 80% Polyester 20% \u00c9lasthanne<\/p>\n<p><strong>CONSEILS DE LAVAGE :<br \/>\n<\/strong><\/p>\n<p><img loading=\"lazy\" decoding=\"async\" class=\"alignnone size-medium wp-image-14353\" src=\"http:\/\/www.toulouse-tri.com\/wp-content\/uploads\/2024\/10\/Conseils-de-lavage-300x194.jpg\" alt=\"\" width=\"300\" height=\"194\" srcset=\"https:\/\/www.toulouse-tri.com\/wp-content\/uploads\/2024\/10\/Conseils-de-lavage-300x194.jpg 300w, https:\/\/www.toulouse-tri.com\/wp-content\/uploads\/2024\/10\/Conseils-de-lavage-768x496.jpg 768w, https:\/\/www.toulouse-tri.com\/wp-content\/uploads\/2024\/10\/Conseils-de-lavage-24x15.jpg 24w, https:\/\/www.toulouse-tri.com\/wp-content\/uploads\/2024\/10\/Conseils-de-lavage-36x23.jpg 36w, https:\/\/www.toulouse-tri.com\/wp-content\/uploads\/2024\/10\/Conseils-de-lavage-48x31.jpg 48w, https:\/\/www.toulouse-tri.com\/wp-content\/uploads\/2024\/10\/Conseils-de-lavage-400x258.jpg 400w, https:\/\/www.toulouse-tri.com\/wp-content\/uploads\/2024\/10\/Conseils-de-lavage.jpg 792w\" sizes=\"auto, (max-width: 300px) 100vw, 300px\" \/><\/p>\n","protected":false},"excerpt":{"rendered":"<p>Trifonction technique sans manches pour plus de confort par temps chaud<\/p>\n","protected":false},"featured_media":9138,"template":"","meta":{"_links_to":"","_links_to_target":""},"product_brand":[232],"product_cat":[161],"product_tag":[165],"class_list":{"0":"post-8864","1":"product","2":"type-product","3":"status-publish","4":"has-post-thumbnail","6":"product_brand-poli","7":"product_cat-triathlon","8":"product_tag-article-permanent","10":"first","11":"instock","12":"shipping-taxable","13":"purchasable","14":"product-type-variable","15":"has-default-attributes"},"yoast_head":"<!-- This site is optimized with the Yoast SEO plugin v27.4 - https:\/\/yoast.com\/product\/yoast-seo-wordpress\/ -->\n<title>Tri-fonction homme sans manches - Toulouse Triathlon<\/title>\n<meta name=\"robots\" content=\"index, follow, max-snippet:-1, max-image-preview:large, max-video-preview:-1\" \/>\n<link rel=\"canonical\" href=\"https:\/\/www.toulouse-tri.com\/?product=trifonction-homme-sans-manches\" \/>\n<meta property=\"og:locale\" content=\"fr_FR\" \/>\n<meta property=\"og:type\" content=\"article\" \/>\n<meta property=\"og:title\" content=\"Tri-fonction homme sans manches - Toulouse Triathlon\" \/>\n<meta property=\"og:description\" content=\"Trifonction technique sans manches pour plus de confort par temps chaud\" \/>\n<meta property=\"og:url\" content=\"https:\/\/www.toulouse-tri.com\/?product=trifonction-homme-sans-manches\" \/>\n<meta property=\"og:site_name\" content=\"Toulouse Triathlon\" \/>\n<meta property=\"article:modified_time\" content=\"2026-01-08T10:57:24+00:00\" \/>\n<meta property=\"og:image\" content=\"http:\/\/www.toulouse-tri.com\/wp-content\/uploads\/2021\/02\/BORNEO-Modele.jpg\" \/>\n\t<meta property=\"og:image:width\" content=\"378\" \/>\n\t<meta property=\"og:image:height\" content=\"378\" \/>\n\t<meta property=\"og:image:type\" content=\"image\/jpeg\" \/>\n<meta name=\"twitter:card\" content=\"summary_large_image\" \/>\n<meta name=\"twitter:label1\" content=\"Dur\u00e9e de lecture estim\u00e9e\" \/>\n\t<meta name=\"twitter:data1\" content=\"2 minutes\" \/>\n<script type=\"application\/ld+json\" class=\"yoast-schema-graph\">{\"@context\":\"https:\\\/\\\/schema.org\",\"@graph\":[{\"@type\":\"WebPage\",\"@id\":\"https:\\\/\\\/www.toulouse-tri.com\\\/?product=trifonction-homme-sans-manches\",\"url\":\"https:\\\/\\\/www.toulouse-tri.com\\\/?product=trifonction-homme-sans-manches\",\"name\":\"Tri-fonction homme sans manches - Toulouse Triathlon\",\"isPartOf\":{\"@id\":\"https:\\\/\\\/www.toulouse-tri.com\\\/#website\"},\"primaryImageOfPage\":{\"@id\":\"https:\\\/\\\/www.toulouse-tri.com\\\/?product=trifonction-homme-sans-manches#primaryimage\"},\"image\":{\"@id\":\"https:\\\/\\\/www.toulouse-tri.com\\\/?product=trifonction-homme-sans-manches#primaryimage\"},\"thumbnailUrl\":\"https:\\\/\\\/www.toulouse-tri.com\\\/wp-content\\\/uploads\\\/2021\\\/02\\\/BORNEO-Modele.jpg\",\"datePublished\":\"2021-02-21T18:45:33+00:00\",\"dateModified\":\"2026-01-08T10:57:24+00:00\",\"breadcrumb\":{\"@id\":\"https:\\\/\\\/www.toulouse-tri.com\\\/?product=trifonction-homme-sans-manches#breadcrumb\"},\"inLanguage\":\"fr-FR\",\"potentialAction\":[{\"@type\":\"ReadAction\",\"target\":[\"https:\\\/\\\/www.toulouse-tri.com\\\/?product=trifonction-homme-sans-manches\"]}]},{\"@type\":\"ImageObject\",\"inLanguage\":\"fr-FR\",\"@id\":\"https:\\\/\\\/www.toulouse-tri.com\\\/?product=trifonction-homme-sans-manches#primaryimage\",\"url\":\"https:\\\/\\\/www.toulouse-tri.com\\\/wp-content\\\/uploads\\\/2021\\\/02\\\/BORNEO-Modele.jpg\",\"contentUrl\":\"https:\\\/\\\/www.toulouse-tri.com\\\/wp-content\\\/uploads\\\/2021\\\/02\\\/BORNEO-Modele.jpg\",\"width\":378,\"height\":378},{\"@type\":\"BreadcrumbList\",\"@id\":\"https:\\\/\\\/www.toulouse-tri.com\\\/?product=trifonction-homme-sans-manches#breadcrumb\",\"itemListElement\":[{\"@type\":\"ListItem\",\"position\":1,\"name\":\"Accueil\",\"item\":\"https:\\\/\\\/www.toulouse-tri.com\\\/\"},{\"@type\":\"ListItem\",\"position\":2,\"name\":\"Boutique\",\"item\":\"https:\\\/\\\/www.toulouse-tri.com\\\/?page_id=8671\"},{\"@type\":\"ListItem\",\"position\":3,\"name\":\"Tri-fonction homme sans manches\"}]},{\"@type\":\"WebSite\",\"@id\":\"https:\\\/\\\/www.toulouse-tri.com\\\/#website\",\"url\":\"https:\\\/\\\/www.toulouse-tri.com\\\/\",\"name\":\"Toulouse Triathlon\",\"description\":\"Power Meuh\",\"publisher\":{\"@id\":\"https:\\\/\\\/www.toulouse-tri.com\\\/#organization\"},\"potentialAction\":[{\"@type\":\"SearchAction\",\"target\":{\"@type\":\"EntryPoint\",\"urlTemplate\":\"https:\\\/\\\/www.toulouse-tri.com\\\/?s={search_term_string}\"},\"query-input\":{\"@type\":\"PropertyValueSpecification\",\"valueRequired\":true,\"valueName\":\"search_term_string\"}}],\"inLanguage\":\"fr-FR\"},{\"@type\":\"Organization\",\"@id\":\"https:\\\/\\\/www.toulouse-tri.com\\\/#organization\",\"name\":\"Toulouse Triathlon\",\"url\":\"https:\\\/\\\/www.toulouse-tri.com\\\/\",\"logo\":{\"@type\":\"ImageObject\",\"inLanguage\":\"fr-FR\",\"@id\":\"https:\\\/\\\/www.toulouse-tri.com\\\/#\\\/schema\\\/logo\\\/image\\\/\",\"url\":\"https:\\\/\\\/www.toulouse-tri.com\\\/wp-content\\\/uploads\\\/2015\\\/03\\\/pwrmeuh.gif\",\"contentUrl\":\"https:\\\/\\\/www.toulouse-tri.com\\\/wp-content\\\/uploads\\\/2015\\\/03\\\/pwrmeuh.gif\",\"width\":224,\"height\":176,\"caption\":\"Toulouse Triathlon\"},\"image\":{\"@id\":\"https:\\\/\\\/www.toulouse-tri.com\\\/#\\\/schema\\\/logo\\\/image\\\/\"}}]}<\/script>\n<!-- \/ Yoast SEO plugin. -->","yoast_head_json":{"title":"Tri-fonction homme sans manches - Toulouse Triathlon","robots":{"index":"index","follow":"follow","max-snippet":"max-snippet:-1","max-image-preview":"max-image-preview:large","max-video-preview":"max-video-preview:-1"},"canonical":"https:\/\/www.toulouse-tri.com\/?product=trifonction-homme-sans-manches","og_locale":"fr_FR","og_type":"article","og_title":"Tri-fonction homme sans manches - Toulouse Triathlon","og_description":"Trifonction technique sans manches pour plus de confort par temps chaud","og_url":"https:\/\/www.toulouse-tri.com\/?product=trifonction-homme-sans-manches","og_site_name":"Toulouse Triathlon","article_modified_time":"2026-01-08T10:57:24+00:00","og_image":[{"width":378,"height":378,"url":"http:\/\/www.toulouse-tri.com\/wp-content\/uploads\/2021\/02\/BORNEO-Modele.jpg","type":"image\/jpeg"}],"twitter_card":"summary_large_image","twitter_misc":{"Dur\u00e9e de lecture estim\u00e9e":"2 minutes"},"schema":{"@context":"https:\/\/schema.org","@graph":[{"@type":"WebPage","@id":"https:\/\/www.toulouse-tri.com\/?product=trifonction-homme-sans-manches","url":"https:\/\/www.toulouse-tri.com\/?product=trifonction-homme-sans-manches","name":"Tri-fonction homme sans manches - Toulouse Triathlon","isPartOf":{"@id":"https:\/\/www.toulouse-tri.com\/#website"},"primaryImageOfPage":{"@id":"https:\/\/www.toulouse-tri.com\/?product=trifonction-homme-sans-manches#primaryimage"},"image":{"@id":"https:\/\/www.toulouse-tri.com\/?product=trifonction-homme-sans-manches#primaryimage"},"thumbnailUrl":"https:\/\/www.toulouse-tri.com\/wp-content\/uploads\/2021\/02\/BORNEO-Modele.jpg","datePublished":"2021-02-21T18:45:33+00:00","dateModified":"2026-01-08T10:57:24+00:00","breadcrumb":{"@id":"https:\/\/www.toulouse-tri.com\/?product=trifonction-homme-sans-manches#breadcrumb"},"inLanguage":"fr-FR","potentialAction":[{"@type":"ReadAction","target":["https:\/\/www.toulouse-tri.com\/?product=trifonction-homme-sans-manches"]}]},{"@type":"ImageObject","inLanguage":"fr-FR","@id":"https:\/\/www.toulouse-tri.com\/?product=trifonction-homme-sans-manches#primaryimage","url":"https:\/\/www.toulouse-tri.com\/wp-content\/uploads\/2021\/02\/BORNEO-Modele.jpg","contentUrl":"https:\/\/www.toulouse-tri.com\/wp-content\/uploads\/2021\/02\/BORNEO-Modele.jpg","width":378,"height":378},{"@type":"BreadcrumbList","@id":"https:\/\/www.toulouse-tri.com\/?product=trifonction-homme-sans-manches#breadcrumb","itemListElement":[{"@type":"ListItem","position":1,"name":"Accueil","item":"https:\/\/www.toulouse-tri.com\/"},{"@type":"ListItem","position":2,"name":"Boutique","item":"https:\/\/www.toulouse-tri.com\/?page_id=8671"},{"@type":"ListItem","position":3,"name":"Tri-fonction homme sans manches"}]},{"@type":"WebSite","@id":"https:\/\/www.toulouse-tri.com\/#website","url":"https:\/\/www.toulouse-tri.com\/","name":"Toulouse Triathlon","description":"Power Meuh","publisher":{"@id":"https:\/\/www.toulouse-tri.com\/#organization"},"potentialAction":[{"@type":"SearchAction","target":{"@type":"EntryPoint","urlTemplate":"https:\/\/www.toulouse-tri.com\/?s={search_term_string}"},"query-input":{"@type":"PropertyValueSpecification","valueRequired":true,"valueName":"search_term_string"}}],"inLanguage":"fr-FR"},{"@type":"Organization","@id":"https:\/\/www.toulouse-tri.com\/#organization","name":"Toulouse Triathlon","url":"https:\/\/www.toulouse-tri.com\/","logo":{"@type":"ImageObject","inLanguage":"fr-FR","@id":"https:\/\/www.toulouse-tri.com\/#\/schema\/logo\/image\/","url":"https:\/\/www.toulouse-tri.com\/wp-content\/uploads\/2015\/03\/pwrmeuh.gif","contentUrl":"https:\/\/www.toulouse-tri.com\/wp-content\/uploads\/2015\/03\/pwrmeuh.gif","width":224,"height":176,"caption":"Toulouse Triathlon"},"image":{"@id":"https:\/\/www.toulouse-tri.com\/#\/schema\/logo\/image\/"}}]}},"_links":{"self":[{"href":"https:\/\/www.toulouse-tri.com\/index.php?rest_route=\/wp\/v2\/product\/8864","targetHints":{"allow":["GET"]}}],"collection":[{"href":"https:\/\/www.toulouse-tri.com\/index.php?rest_route=\/wp\/v2\/product"}],"about":[{"href":"https:\/\/www.toulouse-tri.com\/index.php?rest_route=\/wp\/v2\/types\/product"}],"wp:featuredmedia":[{"embeddable":true,"href":"https:\/\/www.toulouse-tri.com\/index.php?rest_route=\/wp\/v2\/media\/9138"}],"wp:attachment":[{"href":"https:\/\/www.toulouse-tri.com\/index.php?rest_route=%2Fwp%2Fv2%2Fmedia&parent=8864"}],"wp:term":[{"taxonomy":"product_brand","embeddable":true,"href":"https:\/\/www.toulouse-tri.com\/index.php?rest_route=%2Fwp%2Fv2%2Fproduct_brand&post=8864"},{"taxonomy":"product_cat","embeddable":true,"href":"https:\/\/www.toulouse-tri.com\/index.php?rest_route=%2Fwp%2Fv2%2Fproduct_cat&post=8864"},{"taxonomy":"product_tag","embeddable":true,"href":"https:\/\/www.toulouse-tri.com\/index.php?rest_route=%2Fwp%2Fv2%2Fproduct_tag&post=8864"}],"curies":[{"name":"wp","href":"https:\/\/api.w.org\/{rel}","templated":true}]}}