{"id":15603,"date":"2026-01-08T11:33:20","date_gmt":"2026-01-08T10:33:20","guid":{"rendered":"https:\/\/www.toulouse-tri.com\/?post_type=product&#038;p=15603"},"modified":"2026-04-24T10:36:43","modified_gmt":"2026-04-24T08:36:43","slug":"debardeur-course-trail-femme","status":"publish","type":"product","link":"https:\/\/www.toulouse-tri.com\/?product=debardeur-course-trail-femme","title":{"rendered":"D\u00e9bardeur course \/ trail femme"},"content":{"rendered":"<p>Ce d\u00e9bardeur vous apportera tout le confort et la technicit\u00e9 n\u00e9cessaire pour la pratique du running ou du trail, que ce soit \u00e0 l\u2019entra\u00eenement ou en comp\u00e9tition pour les temps chauds.<\/p>\n<p><a href=\"https:\/\/www.poli.fr\/vetements-de-running-a-personnaliser\/debardeur-running-femme-zoe-11580.html\">Description sur le site de Poli<\/a><\/p>\n<p><strong>GUIDE DES TAILLES :<\/strong><\/p>\n<p><img loading=\"lazy\" decoding=\"async\" class=\"alignnone wp-image-14348 size-large\" src=\"http:\/\/www.toulouse-tri.com\/wp-content\/uploads\/2024\/10\/Guide-des-tailles-triathlon-adulte-1024x717.jpg\" alt=\"\" width=\"750\" height=\"525\" srcset=\"https:\/\/www.toulouse-tri.com\/wp-content\/uploads\/2024\/10\/Guide-des-tailles-triathlon-adulte-1024x717.jpg 1024w, https:\/\/www.toulouse-tri.com\/wp-content\/uploads\/2024\/10\/Guide-des-tailles-triathlon-adulte-300x210.jpg 300w, https:\/\/www.toulouse-tri.com\/wp-content\/uploads\/2024\/10\/Guide-des-tailles-triathlon-adulte-768x538.jpg 768w, https:\/\/www.toulouse-tri.com\/wp-content\/uploads\/2024\/10\/Guide-des-tailles-triathlon-adulte-1536x1075.jpg 1536w, https:\/\/www.toulouse-tri.com\/wp-content\/uploads\/2024\/10\/Guide-des-tailles-triathlon-adulte-2048x1434.jpg 2048w, https:\/\/www.toulouse-tri.com\/wp-content\/uploads\/2024\/10\/Guide-des-tailles-triathlon-adulte-24x17.jpg 24w, https:\/\/www.toulouse-tri.com\/wp-content\/uploads\/2024\/10\/Guide-des-tailles-triathlon-adulte-36x25.jpg 36w, https:\/\/www.toulouse-tri.com\/wp-content\/uploads\/2024\/10\/Guide-des-tailles-triathlon-adulte-48x34.jpg 48w, https:\/\/www.toulouse-tri.com\/wp-content\/uploads\/2024\/10\/Guide-des-tailles-triathlon-adulte-400x280.jpg 400w\" sizes=\"auto, (max-width: 750px) 100vw, 750px\" \/><\/p>\n<p><img loading=\"lazy\" decoding=\"async\" class=\"alignnone wp-image-14349 size-large\" src=\"http:\/\/www.toulouse-tri.com\/wp-content\/uploads\/2024\/10\/Guide-des-tailles-triathlon-enfant-1024x717.jpg\" alt=\"\" width=\"750\" height=\"525\" srcset=\"https:\/\/www.toulouse-tri.com\/wp-content\/uploads\/2024\/10\/Guide-des-tailles-triathlon-enfant-1024x717.jpg 1024w, https:\/\/www.toulouse-tri.com\/wp-content\/uploads\/2024\/10\/Guide-des-tailles-triathlon-enfant-300x210.jpg 300w, https:\/\/www.toulouse-tri.com\/wp-content\/uploads\/2024\/10\/Guide-des-tailles-triathlon-enfant-768x538.jpg 768w, https:\/\/www.toulouse-tri.com\/wp-content\/uploads\/2024\/10\/Guide-des-tailles-triathlon-enfant-1536x1075.jpg 1536w, https:\/\/www.toulouse-tri.com\/wp-content\/uploads\/2024\/10\/Guide-des-tailles-triathlon-enfant-2048x1434.jpg 2048w, https:\/\/www.toulouse-tri.com\/wp-content\/uploads\/2024\/10\/Guide-des-tailles-triathlon-enfant-24x17.jpg 24w, https:\/\/www.toulouse-tri.com\/wp-content\/uploads\/2024\/10\/Guide-des-tailles-triathlon-enfant-36x25.jpg 36w, https:\/\/www.toulouse-tri.com\/wp-content\/uploads\/2024\/10\/Guide-des-tailles-triathlon-enfant-48x34.jpg 48w, https:\/\/www.toulouse-tri.com\/wp-content\/uploads\/2024\/10\/Guide-des-tailles-triathlon-enfant-400x280.jpg 400w\" sizes=\"auto, (max-width: 750px) 100vw, 750px\" \/><\/p>\n<p>Pas de changement de taille possible (n\u00e9cessite une nouvelle commande).<\/p>\n<p><b>COMPOSITION :<br \/>\n<\/b>100% Polyester<\/p>\n<p><strong>CONSEILS DE LAVAGE :<br \/>\n<img loading=\"lazy\" decoding=\"async\" class=\"alignnone size-medium wp-image-14351\" src=\"http:\/\/www.toulouse-tri.com\/wp-content\/uploads\/2024\/10\/Conseils-de-lavage-300x194.jpg\" alt=\"\" width=\"300\" height=\"194\" \/><\/strong><\/p>\n","protected":false},"excerpt":{"rendered":"<p>D\u00e9bardeur running\/trail femme en maille micro-a\u00e9r\u00e9e.<\/p>\n<p>Voir le <a href=\"https:\/\/www.toulouse-tri.com\/?product=t-shirt-course-trail-femme\">t-shirt<\/a>.<\/p>\n<p><em>(Visuel d&#8217;illustration du mod\u00e8le. La tenue command\u00e9e sera \u00e9videmment aux couleurs du club)<\/em><\/p>\n","protected":false},"featured_media":15613,"template":"","meta":{"_links_to":"","_links_to_target":""},"product_brand":[232],"product_cat":[163],"product_tag":[165],"class_list":{"0":"post-15603","1":"product","2":"type-product","3":"status-publish","4":"has-post-thumbnail","6":"product_brand-poli","7":"product_cat-course","8":"product_tag-article-permanent","10":"first","11":"onbackorder","12":"shipping-taxable","13":"purchasable","14":"product-type-variable","15":"has-default-attributes"},"yoast_head":"<!-- This site is optimized with the Yoast SEO plugin v27.4 - https:\/\/yoast.com\/product\/yoast-seo-wordpress\/ -->\n<title>D\u00e9bardeur course \/ trail femme - Toulouse Triathlon<\/title>\n<meta name=\"robots\" content=\"index, follow, max-snippet:-1, max-image-preview:large, max-video-preview:-1\" \/>\n<link rel=\"canonical\" href=\"https:\/\/www.toulouse-tri.com\/?product=debardeur-course-trail-femme\" \/>\n<meta property=\"og:locale\" content=\"fr_FR\" \/>\n<meta property=\"og:type\" content=\"article\" \/>\n<meta property=\"og:title\" content=\"D\u00e9bardeur course \/ trail femme - Toulouse Triathlon\" \/>\n<meta property=\"og:description\" content=\"D\u00e9bardeur running\/trail femme en maille micro-a\u00e9r\u00e9e.  Voir le t-shirt.  (Visuel d&#039;illustration du mod\u00e8le. La tenue command\u00e9e sera \u00e9videmment aux couleurs du club)\" \/>\n<meta property=\"og:url\" content=\"https:\/\/www.toulouse-tri.com\/?product=debardeur-course-trail-femme\" \/>\n<meta property=\"og:site_name\" content=\"Toulouse Triathlon\" \/>\n<meta property=\"article:modified_time\" content=\"2026-04-24T08:36:43+00:00\" \/>\n<meta property=\"og:image\" content=\"http:\/\/www.toulouse-tri.com\/wp-content\/uploads\/2026\/01\/ZOE-face.webp\" \/>\n\t<meta property=\"og:image:width\" content=\"544\" \/>\n\t<meta property=\"og:image:height\" content=\"680\" \/>\n\t<meta property=\"og:image:type\" content=\"image\/webp\" \/>\n<meta name=\"twitter:card\" content=\"summary_large_image\" \/>\n<meta name=\"twitter:label1\" content=\"Dur\u00e9e de lecture estim\u00e9e\" \/>\n\t<meta name=\"twitter:data1\" content=\"2 minutes\" \/>\n<script type=\"application\/ld+json\" class=\"yoast-schema-graph\">{\"@context\":\"https:\\\/\\\/schema.org\",\"@graph\":[{\"@type\":\"WebPage\",\"@id\":\"https:\\\/\\\/www.toulouse-tri.com\\\/?product=debardeur-course-trail-femme\",\"url\":\"https:\\\/\\\/www.toulouse-tri.com\\\/?product=debardeur-course-trail-femme\",\"name\":\"D\u00e9bardeur course \\\/ trail femme - Toulouse Triathlon\",\"isPartOf\":{\"@id\":\"https:\\\/\\\/www.toulouse-tri.com\\\/#website\"},\"primaryImageOfPage\":{\"@id\":\"https:\\\/\\\/www.toulouse-tri.com\\\/?product=debardeur-course-trail-femme#primaryimage\"},\"image\":{\"@id\":\"https:\\\/\\\/www.toulouse-tri.com\\\/?product=debardeur-course-trail-femme#primaryimage\"},\"thumbnailUrl\":\"https:\\\/\\\/www.toulouse-tri.com\\\/wp-content\\\/uploads\\\/2026\\\/01\\\/ZOE-face.webp\",\"datePublished\":\"2026-01-08T10:33:20+00:00\",\"dateModified\":\"2026-04-24T08:36:43+00:00\",\"breadcrumb\":{\"@id\":\"https:\\\/\\\/www.toulouse-tri.com\\\/?product=debardeur-course-trail-femme#breadcrumb\"},\"inLanguage\":\"fr-FR\",\"potentialAction\":[{\"@type\":\"ReadAction\",\"target\":[\"https:\\\/\\\/www.toulouse-tri.com\\\/?product=debardeur-course-trail-femme\"]}]},{\"@type\":\"ImageObject\",\"inLanguage\":\"fr-FR\",\"@id\":\"https:\\\/\\\/www.toulouse-tri.com\\\/?product=debardeur-course-trail-femme#primaryimage\",\"url\":\"https:\\\/\\\/www.toulouse-tri.com\\\/wp-content\\\/uploads\\\/2026\\\/01\\\/ZOE-face.webp\",\"contentUrl\":\"https:\\\/\\\/www.toulouse-tri.com\\\/wp-content\\\/uploads\\\/2026\\\/01\\\/ZOE-face.webp\",\"width\":544,\"height\":680},{\"@type\":\"BreadcrumbList\",\"@id\":\"https:\\\/\\\/www.toulouse-tri.com\\\/?product=debardeur-course-trail-femme#breadcrumb\",\"itemListElement\":[{\"@type\":\"ListItem\",\"position\":1,\"name\":\"Accueil\",\"item\":\"https:\\\/\\\/www.toulouse-tri.com\\\/\"},{\"@type\":\"ListItem\",\"position\":2,\"name\":\"Boutique\",\"item\":\"https:\\\/\\\/www.toulouse-tri.com\\\/?page_id=8671\"},{\"@type\":\"ListItem\",\"position\":3,\"name\":\"D\u00e9bardeur course \\\/ trail femme\"}]},{\"@type\":\"WebSite\",\"@id\":\"https:\\\/\\\/www.toulouse-tri.com\\\/#website\",\"url\":\"https:\\\/\\\/www.toulouse-tri.com\\\/\",\"name\":\"Toulouse Triathlon\",\"description\":\"Power Meuh\",\"publisher\":{\"@id\":\"https:\\\/\\\/www.toulouse-tri.com\\\/#organization\"},\"potentialAction\":[{\"@type\":\"SearchAction\",\"target\":{\"@type\":\"EntryPoint\",\"urlTemplate\":\"https:\\\/\\\/www.toulouse-tri.com\\\/?s={search_term_string}\"},\"query-input\":{\"@type\":\"PropertyValueSpecification\",\"valueRequired\":true,\"valueName\":\"search_term_string\"}}],\"inLanguage\":\"fr-FR\"},{\"@type\":\"Organization\",\"@id\":\"https:\\\/\\\/www.toulouse-tri.com\\\/#organization\",\"name\":\"Toulouse Triathlon\",\"url\":\"https:\\\/\\\/www.toulouse-tri.com\\\/\",\"logo\":{\"@type\":\"ImageObject\",\"inLanguage\":\"fr-FR\",\"@id\":\"https:\\\/\\\/www.toulouse-tri.com\\\/#\\\/schema\\\/logo\\\/image\\\/\",\"url\":\"https:\\\/\\\/www.toulouse-tri.com\\\/wp-content\\\/uploads\\\/2015\\\/03\\\/pwrmeuh.gif\",\"contentUrl\":\"https:\\\/\\\/www.toulouse-tri.com\\\/wp-content\\\/uploads\\\/2015\\\/03\\\/pwrmeuh.gif\",\"width\":224,\"height\":176,\"caption\":\"Toulouse Triathlon\"},\"image\":{\"@id\":\"https:\\\/\\\/www.toulouse-tri.com\\\/#\\\/schema\\\/logo\\\/image\\\/\"}}]}<\/script>\n<!-- \/ Yoast SEO plugin. -->","yoast_head_json":{"title":"D\u00e9bardeur course \/ trail femme - Toulouse Triathlon","robots":{"index":"index","follow":"follow","max-snippet":"max-snippet:-1","max-image-preview":"max-image-preview:large","max-video-preview":"max-video-preview:-1"},"canonical":"https:\/\/www.toulouse-tri.com\/?product=debardeur-course-trail-femme","og_locale":"fr_FR","og_type":"article","og_title":"D\u00e9bardeur course \/ trail femme - Toulouse Triathlon","og_description":"D\u00e9bardeur running\/trail femme en maille micro-a\u00e9r\u00e9e.  Voir le t-shirt.  (Visuel d'illustration du mod\u00e8le. La tenue command\u00e9e sera \u00e9videmment aux couleurs du club)","og_url":"https:\/\/www.toulouse-tri.com\/?product=debardeur-course-trail-femme","og_site_name":"Toulouse Triathlon","article_modified_time":"2026-04-24T08:36:43+00:00","og_image":[{"width":544,"height":680,"url":"http:\/\/www.toulouse-tri.com\/wp-content\/uploads\/2026\/01\/ZOE-face.webp","type":"image\/webp"}],"twitter_card":"summary_large_image","twitter_misc":{"Dur\u00e9e de lecture estim\u00e9e":"2 minutes"},"schema":{"@context":"https:\/\/schema.org","@graph":[{"@type":"WebPage","@id":"https:\/\/www.toulouse-tri.com\/?product=debardeur-course-trail-femme","url":"https:\/\/www.toulouse-tri.com\/?product=debardeur-course-trail-femme","name":"D\u00e9bardeur course \/ trail femme - Toulouse Triathlon","isPartOf":{"@id":"https:\/\/www.toulouse-tri.com\/#website"},"primaryImageOfPage":{"@id":"https:\/\/www.toulouse-tri.com\/?product=debardeur-course-trail-femme#primaryimage"},"image":{"@id":"https:\/\/www.toulouse-tri.com\/?product=debardeur-course-trail-femme#primaryimage"},"thumbnailUrl":"https:\/\/www.toulouse-tri.com\/wp-content\/uploads\/2026\/01\/ZOE-face.webp","datePublished":"2026-01-08T10:33:20+00:00","dateModified":"2026-04-24T08:36:43+00:00","breadcrumb":{"@id":"https:\/\/www.toulouse-tri.com\/?product=debardeur-course-trail-femme#breadcrumb"},"inLanguage":"fr-FR","potentialAction":[{"@type":"ReadAction","target":["https:\/\/www.toulouse-tri.com\/?product=debardeur-course-trail-femme"]}]},{"@type":"ImageObject","inLanguage":"fr-FR","@id":"https:\/\/www.toulouse-tri.com\/?product=debardeur-course-trail-femme#primaryimage","url":"https:\/\/www.toulouse-tri.com\/wp-content\/uploads\/2026\/01\/ZOE-face.webp","contentUrl":"https:\/\/www.toulouse-tri.com\/wp-content\/uploads\/2026\/01\/ZOE-face.webp","width":544,"height":680},{"@type":"BreadcrumbList","@id":"https:\/\/www.toulouse-tri.com\/?product=debardeur-course-trail-femme#breadcrumb","itemListElement":[{"@type":"ListItem","position":1,"name":"Accueil","item":"https:\/\/www.toulouse-tri.com\/"},{"@type":"ListItem","position":2,"name":"Boutique","item":"https:\/\/www.toulouse-tri.com\/?page_id=8671"},{"@type":"ListItem","position":3,"name":"D\u00e9bardeur course \/ trail femme"}]},{"@type":"WebSite","@id":"https:\/\/www.toulouse-tri.com\/#website","url":"https:\/\/www.toulouse-tri.com\/","name":"Toulouse Triathlon","description":"Power Meuh","publisher":{"@id":"https:\/\/www.toulouse-tri.com\/#organization"},"potentialAction":[{"@type":"SearchAction","target":{"@type":"EntryPoint","urlTemplate":"https:\/\/www.toulouse-tri.com\/?s={search_term_string}"},"query-input":{"@type":"PropertyValueSpecification","valueRequired":true,"valueName":"search_term_string"}}],"inLanguage":"fr-FR"},{"@type":"Organization","@id":"https:\/\/www.toulouse-tri.com\/#organization","name":"Toulouse Triathlon","url":"https:\/\/www.toulouse-tri.com\/","logo":{"@type":"ImageObject","inLanguage":"fr-FR","@id":"https:\/\/www.toulouse-tri.com\/#\/schema\/logo\/image\/","url":"https:\/\/www.toulouse-tri.com\/wp-content\/uploads\/2015\/03\/pwrmeuh.gif","contentUrl":"https:\/\/www.toulouse-tri.com\/wp-content\/uploads\/2015\/03\/pwrmeuh.gif","width":224,"height":176,"caption":"Toulouse Triathlon"},"image":{"@id":"https:\/\/www.toulouse-tri.com\/#\/schema\/logo\/image\/"}}]}},"_links":{"self":[{"href":"https:\/\/www.toulouse-tri.com\/index.php?rest_route=\/wp\/v2\/product\/15603","targetHints":{"allow":["GET"]}}],"collection":[{"href":"https:\/\/www.toulouse-tri.com\/index.php?rest_route=\/wp\/v2\/product"}],"about":[{"href":"https:\/\/www.toulouse-tri.com\/index.php?rest_route=\/wp\/v2\/types\/product"}],"wp:featuredmedia":[{"embeddable":true,"href":"https:\/\/www.toulouse-tri.com\/index.php?rest_route=\/wp\/v2\/media\/15613"}],"wp:attachment":[{"href":"https:\/\/www.toulouse-tri.com\/index.php?rest_route=%2Fwp%2Fv2%2Fmedia&parent=15603"}],"wp:term":[{"taxonomy":"product_brand","embeddable":true,"href":"https:\/\/www.toulouse-tri.com\/index.php?rest_route=%2Fwp%2Fv2%2Fproduct_brand&post=15603"},{"taxonomy":"product_cat","embeddable":true,"href":"https:\/\/www.toulouse-tri.com\/index.php?rest_route=%2Fwp%2Fv2%2Fproduct_cat&post=15603"},{"taxonomy":"product_tag","embeddable":true,"href":"https:\/\/www.toulouse-tri.com\/index.php?rest_route=%2Fwp%2Fv2%2Fproduct_tag&post=15603"}],"curies":[{"name":"wp","href":"https:\/\/api.w.org\/{rel}","templated":true}]}}