{"id":8725,"date":"2021-02-18T11:27:33","date_gmt":"2021-02-18T10:27:33","guid":{"rendered":"http:\/\/www.toulouse-tri.com\/?page_id=8725"},"modified":"2025-08-11T08:29:26","modified_gmt":"2025-08-11T06:29:26","slug":"conditions-de-vente-des-tenues","status":"publish","type":"page","link":"https:\/\/www.toulouse-tri.com\/?page_id=8725","title":{"rendered":"Conditions de vente des tenues"},"content":{"rendered":"\n<p>Cette page rappelle le mode de retrait des commandes. Merci de la lire attentivement&#8230;<\/p>\n\n\n\n<blockquote class=\"wp-block-quote is-layout-flow wp-block-quote-is-layout-flow\">\n<p><strong>Pour les commandes avec plusieurs articles aux conditions diff\u00e9rentes, il faut suivre la proc\u00e9dure adapt\u00e9e pour chaque article. L&#8217;id\u00e9al \u00e9tant, si tu peux, de faire deux commandes diff\u00e9rentes : une avec tous les articles indiqu\u00e9s comme \u00e9tant en stock, et l&#8217;autre avec ceux indiqu\u00e9s \u00e0 commander&#8230;<\/strong><\/p>\n<cite>Merci de ton aide !<\/cite><\/blockquote>\n\n\n\n<h2 class=\"wp-block-heading\">Retrait des commandes<\/h2>\n\n\n\n<p>Pour toutes les commandes, le retrait se fait uniquement lorsque vous recevez le mail indiquant que la commande est pr\u00eate, chez notre partenaire <a href=\"https:\/\/www.running-conseil.com\/actualite-running-conseil\/category\/running-conseil-balma.html\">Running Conseil<\/a> \u00e0 Balma.<\/p>\n\n\n\n<h2 class=\"wp-block-heading\">Commandes hors club<\/h2>\n\n\n\n<p>Pour toute commande en dehors des membres du club, la proc\u00e9dure de retrait est identique. Une exp\u00e9dition est \u00e9galement possible \u00e0 condition de payer les frais d&#8217;exp\u00e9dition en plus par virement sur le compte du club (une dizaine d&#8217;euros pour une commande standard avec une ou quelques pi\u00e8ces).<br>En cas d&#8217;annulation de la commande, des frais de dossiers seront retenus sur le remboursement.<\/p>\n\n\n\n<h2 class=\"wp-block-heading\">Commande d&#8217;un article &#8220;Permanent&#8221; (tenues de triathlon&#8230;)<\/h2>\n\n\n\n<p>Pour ces articles, Nous essayons de maintenir un stock minimum de quelques pi\u00e8ces de nos articles phares dans les tailles principales. Ceci permet de les commander et de retirer la commande tout au long de l\u2019ann\u00e9e chez notre <a href=\"https:\/\/www.toulouse-tri.com\/?page_id=77\">partenaire<\/a> (qui nous fait aussi des r\u00e9duction) <a href=\"https:\/\/www.running-conseil.com\/actualite-running-conseil\/category\/running-conseil-balma.html\">Running Conseil<\/a> \u00e0 Balma, une fois la commande pay\u00e9e et le mail indiquant que tu peux aller la chercher re\u00e7u :<\/p>\n\n\n\n<ol class=\"wp-block-list\">\n<li>Commander normalement sur le site. L&#8217;article est indiqu\u00e9 &#8220;En stock&#8221; et son \u00e9tiquette est &#8220;Article permanent&#8221;.<\/li>\n\n\n\n<li>Attendre le mail de l&#8217;\u00e9quipe tenues donnant le GO pour le retrait<\/li>\n\n\n\n<li>Se rendre chez Running Conseil \u00e0 Balma pour r\u00e9cup\u00e9rer sa tenue :\n<ul class=\"wp-block-list\">\n<li>Se pr\u00e9senter avec sa licence ou une pi\u00e8ce d\u2019identit\u00e9 <strong>et le mail re\u00e7u<\/strong> suite \u00e0 la commande<\/li>\n\n\n\n<li>Il est possible, uniquement pour ces articles, de changer de taille (<strong>\u00e0 condition de le signaler !<\/strong>) mais cela ne concerne que les tenues triathlon et T-shirt running qui sont en stock, et cela ne se fait pas chez Running, mais au club, une fois la commande retir\u00e9e<\/li>\n<\/ul>\n<\/li>\n\n\n\n<li> <strong><a href=\"mailto:tenues@toulouse-tri.com?subject=&quot;Retrait de commande&quot;\">Informer par mail l\u2019\u00e9quipe Tenues<\/a> <\/strong>lors que le retrait a bien \u00e9t\u00e9 fait<\/li>\n<\/ol>\n\n\n\n<h2 class=\"wp-block-heading\">Commande d&#8217;un article &#8220;Sur commande&#8221; (tenues de v\u00e9lo, sportswear&#8230;)<\/h2>\n\n\n\n<p>Pour tous les autres articles de notre nouvelle collection, il n\u2019y a pas de stock permanent. La commande de ces articles se fait le biais de commandes group\u00e9es deux fois par an, en d\u00e9but et milieu de saison.<\/p>\n\n\n\n<p><strong>NOTA<\/strong> : Sur certaines pi\u00e8ces, le r\u00e9assort n\u2019est possible que si le nombre de pi\u00e8ces command\u00e9es est sup\u00e9rieur \u00e0 10. Dans ce cas, l\u2019article sera \u00e0 nouveau command\u00e9 \u00e0 la prochaine commande group\u00e9e.<\/p>\n\n\n\n<ol class=\"wp-block-list\">\n<li>Les commandes se font sur le site normalement. L&#8217;article est indiqu\u00e9 &#8220;Disponible sur commande&#8221; et son \u00e9tiquette est &#8220;Sur commande&#8221;. Et sur le mail de commande, ils sont indiqu\u00e9s &#8220;En cours d&#8217;approvisionnement&#8221;.<\/li>\n\n\n\n<li>Il faut ensuite attendre huit semaines environ (parfois plus) de d\u00e9lai de fabrication et de livraison avant de pouvoir aller les r\u00e9cup\u00e9rer<\/li>\n\n\n\n<li>Il est temps d&#8217;aller chez notre <a href=\"https:\/\/www.toulouse-tri.com\/?page_id=77\">partenaire<\/a><a href=\"https:\/\/www.running-conseil.com\/actualite-running-conseil\/category\/running-conseil-balma.html\">Running Conseil<\/a> quand l\u2019\u00e9quipe Tenues vous informe de l\u2019arriv\u00e9e de la commande (<strong>et pas avant<\/strong>). Donc une fois que vous avez le GO :\n<ul class=\"wp-block-list\">\n<li>Se pr\u00e9senter avec sa licence ou une pi\u00e8ce d\u2019identit\u00e9 <strong>et le mail re\u00e7u<\/strong> suite \u00e0 la commande et qui indique l&#8217;article et sa taille<\/li>\n<\/ul>\n<\/li>\n\n\n\n<li><a href=\"mailto:tenues@toulouse-tri.com?subject=&quot;Retrait de commande effectu\u00e9&quot;\"><strong>Envoi d&#8217;un mail \u00e0 l\u2019\u00e9quipe Tenues<\/strong><\/a> pour indiquer que le retrait a \u00e9t\u00e9 effectu\u00e9.<\/li>\n<\/ol>\n\n\n\n<p><strong>NOTA<\/strong>: Ces commandes <strong>ne peuvent pas<\/strong> faire l&#8217;objet d&#8217;un changement de taille lors du retrait. Si la taille ne convient pas, il faut alors informer l\u2019\u00e9quipe Tenues et une nouvelle commande sera alors r\u00e9alis\u00e9e (frais de port \u00e0 la charge de l\u2019acheteur).<br>Attention donc \u00e0 bien choisir votre taille en suivant les recommandations des guides de tailles ou en essayant au pr\u00e9alable la m\u00eame tenue achet\u00e9e par un autre adh\u00e9rent du club. L\u2019<a href=\"mailto:tenues@toulouse-tri.com?subject=&quot;Question sur les tailles&quot;\">\u00e9quipe Tenues<\/a> est \u00e0 votre disposition pour vous mettre en relation.<\/p>\n\n\n\n<h2 class=\"wp-block-heading\">Commande d&#8217;un article de fin de s\u00e9rie &#8211; Les &#8220;Bonnes affaires&#8221; pas ch\u00e8res&#8230;<\/h2>\n\n\n\n<p>Il s\u2019agit en g\u00e9n\u00e9ral d\u2019articles de nos pr\u00e9c\u00e9dentes collections que nous proposons \u00e0 des prix tr\u00e8s attractifs, voire compl\u00e8tement cass\u00e9s.<br>Les stocks disponibles sont \u00e9videmment tr\u00e8s variables d\u2019un article \u00e0 l\u2019autre et les tailles ou mod\u00e8les non disponibles ne seront pas re-command\u00e9s.<\/p>\n\n\n\n<p>L&#8217;article est indiqu\u00e9 &#8220;En stock&#8221; et son \u00e9tiquette est &#8220;Bonnes affaires&#8221;.<\/p>\n\n\n\n<p>L\u00e0 encore, une fois que l&#8217;\u00e9quipe Tenues vous donne le signal, vous pouvez aller faire le retrait chez notre partenaire (ou au club si cela a \u00e9t\u00e9 vu avant).<\/p>\n\n\n\n<p>Le changement de taille n\u2019est possible que si elle est disponible et aucun article n\u2019est repris par le club apr\u00e8s l\u2019achat.<\/p>\n\n\n\n<hr class=\"wp-block-separator has-css-opacity\"\/>\n\n\n\n<hr class=\"wp-block-separator has-text-color has-cyan-bluish-gray-color has-css-opacity has-cyan-bluish-gray-background-color has-background aligncenter is-style-wide\"\/>\n\n\n\n<div class=\"wp-block-columns are-vertically-aligned-center is-layout-flex wp-container-core-columns-is-layout-28f84493 wp-block-columns-is-layout-flex\">\n<div class=\"wp-block-column is-vertically-aligned-center is-layout-flow wp-block-column-is-layout-flow\" style=\"flex-basis:10%\"><\/div>\n\n\n\n<div class=\"wp-block-column is-vertically-aligned-center is-layout-flow wp-block-column-is-layout-flow\" style=\"flex-basis:80%\">\n<figure class=\"wp-block-image aligncenter size-large\"><img loading=\"lazy\" decoding=\"async\" width=\"1024\" height=\"907\" src=\"http:\/\/www.toulouse-tri.com\/wp-content\/uploads\/2022\/02\/Echantillon-des-tenues-1024x907.jpg\" alt=\"\" class=\"wp-image-11571\" srcset=\"https:\/\/www.toulouse-tri.com\/wp-content\/uploads\/2022\/02\/Echantillon-des-tenues-1024x907.jpg 1024w, https:\/\/www.toulouse-tri.com\/wp-content\/uploads\/2022\/02\/Echantillon-des-tenues-300x266.jpg 300w, https:\/\/www.toulouse-tri.com\/wp-content\/uploads\/2022\/02\/Echantillon-des-tenues-768x680.jpg 768w, https:\/\/www.toulouse-tri.com\/wp-content\/uploads\/2022\/02\/Echantillon-des-tenues.jpg 1701w\" sizes=\"auto, (max-width: 1024px) 100vw, 1024px\" \/><figcaption class=\"wp-element-caption\">Il y aura toujours une tenue pour montrer les couleurs du club, quelle que soit l&#8217;occasion !<\/figcaption><\/figure>\n<\/div>\n\n\n\n<div class=\"wp-block-column is-vertically-aligned-center is-layout-flow wp-block-column-is-layout-flow\" style=\"flex-basis:10%\"><\/div>\n<\/div>\n","protected":false},"excerpt":{"rendered":"<p>D\u00e9tails sur le mode de retrait des commandes de tenues<\/p>\n","protected":false},"author":601,"featured_media":0,"parent":8671,"menu_order":0,"comment_status":"closed","ping_status":"closed","template":"","meta":{"footnotes":"","_links_to":"","_links_to_target":""},"class_list":["post-8725","page","type-page","status-publish","hentry"],"yoast_head":"<!-- This site is optimized with the Yoast SEO plugin v27.4 - https:\/\/yoast.com\/product\/yoast-seo-wordpress\/ -->\n<title>Conditions de vente des tenues - Toulouse Triathlon<\/title>\n<meta name=\"robots\" content=\"index, follow, max-snippet:-1, max-image-preview:large, max-video-preview:-1\" \/>\n<link rel=\"canonical\" href=\"https:\/\/www.toulouse-tri.com\/?page_id=8725\" \/>\n<meta property=\"og:locale\" content=\"fr_FR\" \/>\n<meta property=\"og:type\" content=\"article\" \/>\n<meta property=\"og:title\" content=\"Conditions de vente des tenues - Toulouse Triathlon\" \/>\n<meta property=\"og:description\" content=\"D\u00e9tails sur le mode de retrait des commandes de tenues\" \/>\n<meta property=\"og:url\" content=\"https:\/\/www.toulouse-tri.com\/?page_id=8725\" \/>\n<meta property=\"og:site_name\" content=\"Toulouse Triathlon\" \/>\n<meta property=\"article:modified_time\" content=\"2025-08-11T06:29:26+00:00\" \/>\n<meta property=\"og:image\" content=\"https:\/\/www.toulouse-tri.com\/wp-content\/uploads\/2022\/02\/Echantillon-des-tenues.jpg\" \/>\n\t<meta property=\"og:image:width\" content=\"1701\" \/>\n\t<meta property=\"og:image:height\" content=\"1507\" \/>\n\t<meta property=\"og:image:type\" content=\"image\/jpeg\" \/>\n<meta name=\"twitter:card\" content=\"summary_large_image\" \/>\n<meta name=\"twitter:label1\" content=\"Dur\u00e9e de lecture estim\u00e9e\" \/>\n\t<meta name=\"twitter:data1\" content=\"4 minutes\" \/>\n<script type=\"application\/ld+json\" class=\"yoast-schema-graph\">{\"@context\":\"https:\\\/\\\/schema.org\",\"@graph\":[{\"@type\":\"WebPage\",\"@id\":\"https:\\\/\\\/www.toulouse-tri.com\\\/?page_id=8725\",\"url\":\"https:\\\/\\\/www.toulouse-tri.com\\\/?page_id=8725\",\"name\":\"Conditions de vente des tenues - Toulouse Triathlon\",\"isPartOf\":{\"@id\":\"https:\\\/\\\/www.toulouse-tri.com\\\/#website\"},\"primaryImageOfPage\":{\"@id\":\"https:\\\/\\\/www.toulouse-tri.com\\\/?page_id=8725#primaryimage\"},\"image\":{\"@id\":\"https:\\\/\\\/www.toulouse-tri.com\\\/?page_id=8725#primaryimage\"},\"thumbnailUrl\":\"http:\\\/\\\/www.toulouse-tri.com\\\/wp-content\\\/uploads\\\/2022\\\/02\\\/Echantillon-des-tenues-1024x907.jpg\",\"datePublished\":\"2021-02-18T10:27:33+00:00\",\"dateModified\":\"2025-08-11T06:29:26+00:00\",\"breadcrumb\":{\"@id\":\"https:\\\/\\\/www.toulouse-tri.com\\\/?page_id=8725#breadcrumb\"},\"inLanguage\":\"fr-FR\",\"potentialAction\":[{\"@type\":\"ReadAction\",\"target\":[\"https:\\\/\\\/www.toulouse-tri.com\\\/?page_id=8725\"]}]},{\"@type\":\"ImageObject\",\"inLanguage\":\"fr-FR\",\"@id\":\"https:\\\/\\\/www.toulouse-tri.com\\\/?page_id=8725#primaryimage\",\"url\":\"https:\\\/\\\/www.toulouse-tri.com\\\/wp-content\\\/uploads\\\/2022\\\/02\\\/Echantillon-des-tenues.jpg\",\"contentUrl\":\"https:\\\/\\\/www.toulouse-tri.com\\\/wp-content\\\/uploads\\\/2022\\\/02\\\/Echantillon-des-tenues.jpg\",\"width\":1701,\"height\":1507},{\"@type\":\"BreadcrumbList\",\"@id\":\"https:\\\/\\\/www.toulouse-tri.com\\\/?page_id=8725#breadcrumb\",\"itemListElement\":[{\"@type\":\"ListItem\",\"position\":1,\"name\":\"Accueil\",\"item\":\"https:\\\/\\\/www.toulouse-tri.com\\\/\"},{\"@type\":\"ListItem\",\"position\":2,\"name\":\"Toulouse Tri\",\"item\":\"http:\\\/\\\/www.toulouse-tri.com\\\/?page_id=9\"},{\"@type\":\"ListItem\",\"position\":3,\"name\":\"Les tenues du club\",\"item\":\"https:\\\/\\\/www.toulouse-tri.com\\\/?page_id=127\"},{\"@type\":\"ListItem\",\"position\":4,\"name\":\"Boutique\",\"item\":\"https:\\\/\\\/www.toulouse-tri.com\\\/?page_id=8671\"},{\"@type\":\"ListItem\",\"position\":5,\"name\":\"Conditions de vente des tenues\"}]},{\"@type\":\"WebSite\",\"@id\":\"https:\\\/\\\/www.toulouse-tri.com\\\/#website\",\"url\":\"https:\\\/\\\/www.toulouse-tri.com\\\/\",\"name\":\"Toulouse Triathlon\",\"description\":\"Power Meuh\",\"publisher\":{\"@id\":\"https:\\\/\\\/www.toulouse-tri.com\\\/#organization\"},\"potentialAction\":[{\"@type\":\"SearchAction\",\"target\":{\"@type\":\"EntryPoint\",\"urlTemplate\":\"https:\\\/\\\/www.toulouse-tri.com\\\/?s={search_term_string}\"},\"query-input\":{\"@type\":\"PropertyValueSpecification\",\"valueRequired\":true,\"valueName\":\"search_term_string\"}}],\"inLanguage\":\"fr-FR\"},{\"@type\":\"Organization\",\"@id\":\"https:\\\/\\\/www.toulouse-tri.com\\\/#organization\",\"name\":\"Toulouse Triathlon\",\"url\":\"https:\\\/\\\/www.toulouse-tri.com\\\/\",\"logo\":{\"@type\":\"ImageObject\",\"inLanguage\":\"fr-FR\",\"@id\":\"https:\\\/\\\/www.toulouse-tri.com\\\/#\\\/schema\\\/logo\\\/image\\\/\",\"url\":\"https:\\\/\\\/www.toulouse-tri.com\\\/wp-content\\\/uploads\\\/2015\\\/03\\\/pwrmeuh.gif\",\"contentUrl\":\"https:\\\/\\\/www.toulouse-tri.com\\\/wp-content\\\/uploads\\\/2015\\\/03\\\/pwrmeuh.gif\",\"width\":224,\"height\":176,\"caption\":\"Toulouse Triathlon\"},\"image\":{\"@id\":\"https:\\\/\\\/www.toulouse-tri.com\\\/#\\\/schema\\\/logo\\\/image\\\/\"}}]}<\/script>\n<!-- \/ Yoast SEO plugin. -->","yoast_head_json":{"title":"Conditions de vente des tenues - Toulouse Triathlon","robots":{"index":"index","follow":"follow","max-snippet":"max-snippet:-1","max-image-preview":"max-image-preview:large","max-video-preview":"max-video-preview:-1"},"canonical":"https:\/\/www.toulouse-tri.com\/?page_id=8725","og_locale":"fr_FR","og_type":"article","og_title":"Conditions de vente des tenues - Toulouse Triathlon","og_description":"D\u00e9tails sur le mode de retrait des commandes de tenues","og_url":"https:\/\/www.toulouse-tri.com\/?page_id=8725","og_site_name":"Toulouse Triathlon","article_modified_time":"2025-08-11T06:29:26+00:00","og_image":[{"width":1701,"height":1507,"url":"https:\/\/www.toulouse-tri.com\/wp-content\/uploads\/2022\/02\/Echantillon-des-tenues.jpg","type":"image\/jpeg"}],"twitter_card":"summary_large_image","twitter_misc":{"Dur\u00e9e de lecture estim\u00e9e":"4 minutes"},"schema":{"@context":"https:\/\/schema.org","@graph":[{"@type":"WebPage","@id":"https:\/\/www.toulouse-tri.com\/?page_id=8725","url":"https:\/\/www.toulouse-tri.com\/?page_id=8725","name":"Conditions de vente des tenues - Toulouse Triathlon","isPartOf":{"@id":"https:\/\/www.toulouse-tri.com\/#website"},"primaryImageOfPage":{"@id":"https:\/\/www.toulouse-tri.com\/?page_id=8725#primaryimage"},"image":{"@id":"https:\/\/www.toulouse-tri.com\/?page_id=8725#primaryimage"},"thumbnailUrl":"http:\/\/www.toulouse-tri.com\/wp-content\/uploads\/2022\/02\/Echantillon-des-tenues-1024x907.jpg","datePublished":"2021-02-18T10:27:33+00:00","dateModified":"2025-08-11T06:29:26+00:00","breadcrumb":{"@id":"https:\/\/www.toulouse-tri.com\/?page_id=8725#breadcrumb"},"inLanguage":"fr-FR","potentialAction":[{"@type":"ReadAction","target":["https:\/\/www.toulouse-tri.com\/?page_id=8725"]}]},{"@type":"ImageObject","inLanguage":"fr-FR","@id":"https:\/\/www.toulouse-tri.com\/?page_id=8725#primaryimage","url":"https:\/\/www.toulouse-tri.com\/wp-content\/uploads\/2022\/02\/Echantillon-des-tenues.jpg","contentUrl":"https:\/\/www.toulouse-tri.com\/wp-content\/uploads\/2022\/02\/Echantillon-des-tenues.jpg","width":1701,"height":1507},{"@type":"BreadcrumbList","@id":"https:\/\/www.toulouse-tri.com\/?page_id=8725#breadcrumb","itemListElement":[{"@type":"ListItem","position":1,"name":"Accueil","item":"https:\/\/www.toulouse-tri.com\/"},{"@type":"ListItem","position":2,"name":"Toulouse Tri","item":"http:\/\/www.toulouse-tri.com\/?page_id=9"},{"@type":"ListItem","position":3,"name":"Les tenues du club","item":"https:\/\/www.toulouse-tri.com\/?page_id=127"},{"@type":"ListItem","position":4,"name":"Boutique","item":"https:\/\/www.toulouse-tri.com\/?page_id=8671"},{"@type":"ListItem","position":5,"name":"Conditions de vente des tenues"}]},{"@type":"WebSite","@id":"https:\/\/www.toulouse-tri.com\/#website","url":"https:\/\/www.toulouse-tri.com\/","name":"Toulouse Triathlon","description":"Power Meuh","publisher":{"@id":"https:\/\/www.toulouse-tri.com\/#organization"},"potentialAction":[{"@type":"SearchAction","target":{"@type":"EntryPoint","urlTemplate":"https:\/\/www.toulouse-tri.com\/?s={search_term_string}"},"query-input":{"@type":"PropertyValueSpecification","valueRequired":true,"valueName":"search_term_string"}}],"inLanguage":"fr-FR"},{"@type":"Organization","@id":"https:\/\/www.toulouse-tri.com\/#organization","name":"Toulouse Triathlon","url":"https:\/\/www.toulouse-tri.com\/","logo":{"@type":"ImageObject","inLanguage":"fr-FR","@id":"https:\/\/www.toulouse-tri.com\/#\/schema\/logo\/image\/","url":"https:\/\/www.toulouse-tri.com\/wp-content\/uploads\/2015\/03\/pwrmeuh.gif","contentUrl":"https:\/\/www.toulouse-tri.com\/wp-content\/uploads\/2015\/03\/pwrmeuh.gif","width":224,"height":176,"caption":"Toulouse Triathlon"},"image":{"@id":"https:\/\/www.toulouse-tri.com\/#\/schema\/logo\/image\/"}}]}},"_links":{"self":[{"href":"https:\/\/www.toulouse-tri.com\/index.php?rest_route=\/wp\/v2\/pages\/8725","targetHints":{"allow":["GET"]}}],"collection":[{"href":"https:\/\/www.toulouse-tri.com\/index.php?rest_route=\/wp\/v2\/pages"}],"about":[{"href":"https:\/\/www.toulouse-tri.com\/index.php?rest_route=\/wp\/v2\/types\/page"}],"author":[{"embeddable":true,"href":"https:\/\/www.toulouse-tri.com\/index.php?rest_route=\/wp\/v2\/users\/601"}],"replies":[{"embeddable":true,"href":"https:\/\/www.toulouse-tri.com\/index.php?rest_route=%2Fwp%2Fv2%2Fcomments&post=8725"}],"version-history":[{"count":14,"href":"https:\/\/www.toulouse-tri.com\/index.php?rest_route=\/wp\/v2\/pages\/8725\/revisions"}],"predecessor-version":[{"id":15014,"href":"https:\/\/www.toulouse-tri.com\/index.php?rest_route=\/wp\/v2\/pages\/8725\/revisions\/15014"}],"up":[{"embeddable":true,"href":"https:\/\/www.toulouse-tri.com\/index.php?rest_route=\/wp\/v2\/pages\/8671"}],"wp:attachment":[{"href":"https:\/\/www.toulouse-tri.com\/index.php?rest_route=%2Fwp%2Fv2%2Fmedia&parent=8725"}],"curies":[{"name":"wp","href":"https:\/\/api.w.org\/{rel}","templated":true}]}}