{"id":79,"date":"2015-03-19T20:19:23","date_gmt":"2015-03-19T19:19:23","guid":{"rendered":"http:\/\/www.toulouse-tri.com\/beta\/?page_id=79"},"modified":"2025-03-04T19:17:56","modified_gmt":"2025-03-04T18:17:56","slug":"nous-contacter","status":"publish","type":"page","link":"https:\/\/www.toulouse-tri.com\/?page_id=79","title":{"rendered":"Nous contacter"},"content":{"rendered":"<div class=\"split-left\">\n<h2 style=\"text-align: center;\">Comment nous contacter ?<\/h2>\n<h3>Les organisations<\/h3>\n<p>Nous organisons le <a href=\"https:\/\/www.toulouse-tri.com\/trigoulet\/\"><strong>Trigoulet<\/strong><\/a> pour les jeunes, et le <a href=\"https:\/\/www.toulouse-tri.com\/?page_id=1773\"><strong>Triathlon des Roses<\/strong><\/a> avec la Fondation ARC au profit de la Recherche.<\/p>\n<ul>\n<li><strong><span style=\"color: #800080;\">Par e-mail (adresses en @toulouse-tri.com)<br \/>\n<\/span><\/strong><a href=\"https:\/\/www.toulouse-tri.com\/trigoulet\/\"><strong>Trigoulet<\/strong><\/a> : trigoulet@<br \/>\n<a href=\"https:\/\/www.toulouse-tri.com\/?page_id=1773\"><strong>Triathlon des Roses<\/strong><\/a> : president@<\/li>\n<\/ul>\n<p>Pour tout renseignement sur d&#8217;autres organisations, adressez-vous aux organisateurs respectifs&#8230;<\/p>\n<h3>Le club<\/h3>\n<ul>\n<li><strong><span style=\"color: #800080;\">De visu<\/span><\/strong><br \/>\nNous accueillons les nouveaux membres tout au long de l&#8217;ann\u00e9e.<br \/>\nPour nous rencontrer, le mieux est de se rendre \u00e0 l\u2019<a href=\"http:\/\/www.toulouse-tri.com\/?page_id=34\"><span style=\"text-decoration: underline;\">entra\u00eenement<\/span><\/a> de fractionn\u00e9 en course \u00e0 pied du mardi soir. C&#8217;est l&#8217;occasion de faire une s\u00e9ance d&#8217;essai, et de nous poser les questions de vive voix !<\/li>\n<\/ul>\n<ul>\n<li><strong><span style=\"color: #800080;\">Par t\u00e9l\u00e9phone<\/span><\/strong><br \/>\nSi\u00e8ge du club : 05 61 58 28 13<br \/>\nPr\u00e9sident : 06 87 81 75 28<br \/>\nTr\u00e9sori\u00e8re : 06 85 68 85 63<br \/>\nCoach adultes : 06 76 55 88 98<br \/>\nCoach jeunes : 06 74 81 56 96<\/li>\n<\/ul>\n<ul>\n<li><strong><span style=\"color: #800080;\">Par e-mail (adresses en @toulouse-tri.com)<br \/>\n<\/span><\/strong>Contact g\u00e9n\u00e9ral : contact@<br \/>\nPr\u00e9sident : president@<br \/>\nSecr\u00e9taire : secretaire@<br \/>\nCoach : coach@<br \/>\nWebmaster : webmaster@<br \/>\nCommunication : communication@<br \/>\nPartenariats : partenariat@<\/li>\n<\/ul>\n<ul>\n<li><strong><span style=\"color: #800080;\">Sur les r\u00e9seaux sociaux<\/span><\/strong><br \/>\nFacebook : <a href=\"https:\/\/www.facebook.com\/TOULOUSETRIATHLON\/\">toulousetriathlon<\/a><br \/>\nInstagram : <a href=\"https:\/\/www.instagram.com\/toulouse_triathlon\/\">toulouse_triathlon<\/a><\/li>\n<\/ul>\n<ul>\n<li><strong><span style=\"color: #800080;\">Par voie postale<\/span><\/strong><br \/>\nTOULOUSE TRIATHLON<br \/>\n3 place de Mont\u00e9limar &#8211; Appt. 1200<br \/>\n31500 TOULOUSE<\/li>\n<\/ul>\n<h3>Formulaire de contact<\/h3>\n<\/div>\n<div class=\"split-right\">\n<p>Vous pouvez \u00e9galement remplir ce formulaire pour tout renseignement :<\/p>\n<p style=\"text-align: left;\">\n<div class=\"wpcf7 no-js\" id=\"wpcf7-f87-o1\" lang=\"fr-FR\" dir=\"ltr\" data-wpcf7-id=\"87\">\n<div class=\"screen-reader-response\"><p role=\"status\" aria-live=\"polite\" aria-atomic=\"true\"><\/p> <ul><\/ul><\/div>\n<form action=\"\/index.php?rest_route=%2Fwp%2Fv2%2Fpages%2F79#wpcf7-f87-o1\" method=\"post\" class=\"wpcf7-form init\" aria-label=\"Formulaire de contact\" novalidate=\"novalidate\" data-status=\"init\">\n<fieldset class=\"hidden-fields-container\"><input type=\"hidden\" name=\"_wpcf7\" value=\"87\" \/><input type=\"hidden\" name=\"_wpcf7_version\" value=\"6.1.5\" \/><input type=\"hidden\" name=\"_wpcf7_locale\" value=\"fr_FR\" \/><input type=\"hidden\" name=\"_wpcf7_unit_tag\" value=\"wpcf7-f87-o1\" \/><input type=\"hidden\" name=\"_wpcf7_container_post\" value=\"0\" \/><input type=\"hidden\" name=\"_wpcf7_posted_data_hash\" value=\"\" \/><input type=\"hidden\" name=\"_wpcf7_recaptcha_response\" value=\"\" \/>\n<\/fieldset>\n<p>Votre nom (obligatoire)\n<\/p>\n<p><span class=\"wpcf7-form-control-wrap\" data-name=\"your-name\"><input size=\"40\" maxlength=\"400\" class=\"wpcf7-form-control wpcf7-text wpcf7-validates-as-required\" aria-required=\"true\" aria-invalid=\"false\" value=\"\" type=\"text\" name=\"your-name\" \/><\/span>\n<\/p>\n<p>Votre email (obligatoire)\n<\/p>\n<p><span class=\"wpcf7-form-control-wrap\" data-name=\"your-email\"><input size=\"40\" maxlength=\"400\" class=\"wpcf7-form-control wpcf7-email wpcf7-validates-as-required wpcf7-text wpcf7-validates-as-email\" aria-required=\"true\" aria-invalid=\"false\" value=\"\" type=\"email\" name=\"your-email\" \/><\/span>\n<\/p>\n<p>Sujet\n<\/p>\n<p><span class=\"wpcf7-form-control-wrap\" data-name=\"your-subject\"><input size=\"40\" maxlength=\"400\" class=\"wpcf7-form-control wpcf7-text wpcf7-validates-as-required\" aria-required=\"true\" aria-invalid=\"false\" value=\"\" type=\"text\" name=\"your-subject\" \/><\/span>\n<\/p>\n<p>Votre message\n<\/p>\n<p><span class=\"wpcf7-form-control-wrap\" data-name=\"your-message\"><textarea cols=\"40\" rows=\"10\" maxlength=\"2000\" class=\"wpcf7-form-control wpcf7-textarea wpcf7-validates-as-required\" aria-required=\"true\" aria-invalid=\"false\" name=\"your-message\"><\/textarea><\/span>\n<\/p>\n<p><input class=\"wpcf7-form-control wpcf7-submit has-spinner\" type=\"submit\" value=\"Envoyer\" \/>\n<\/p><div class=\"wpcf7-response-output\" aria-hidden=\"true\"><\/div>\n<\/form>\n<\/div>\n<\/p>\n<p style=\"text-align: left;\">\u00c0 bient\u00f4t pour transpirer ensemble pendant les <a href=\"http:\/\/www.toulouse-tri.com\/?page_id=34\"><span style=\"text-decoration: underline;\">entra\u00eenements<\/span><\/a> et les courses !<\/p>\n<\/div>\n","protected":false},"excerpt":{"rendered":"<p>Toutes les coordonn\u00e9es pour nous contacter.<\/p>\n","protected":false},"author":1,"featured_media":0,"parent":0,"menu_order":8,"comment_status":"closed","ping_status":"closed","template":"","meta":{"footnotes":"","_links_to":"","_links_to_target":""},"class_list":["post-79","page","type-page","status-publish","hentry"],"yoast_head":"<!-- This site is optimized with the Yoast SEO plugin v27.4 - https:\/\/yoast.com\/product\/yoast-seo-wordpress\/ -->\n<title>Nous contacter - Toulouse Triathlon<\/title>\n<meta name=\"description\" content=\"Nous contacter pour obtenir toutes les informations pour poser vos questions sur les \u00e9v\u00e8nements ou les entrainements propos\u00e9s par le Toulouse Triathlon.\" \/>\n<meta name=\"robots\" content=\"index, follow, max-snippet:-1, max-image-preview:large, max-video-preview:-1\" \/>\n<link rel=\"canonical\" href=\"https:\/\/www.toulouse-tri.com\/?page_id=79\" \/>\n<meta property=\"og:locale\" content=\"fr_FR\" \/>\n<meta property=\"og:type\" content=\"article\" \/>\n<meta property=\"og:title\" content=\"Nous contacter - Toulouse Triathlon\" \/>\n<meta property=\"og:description\" content=\"Nous contacter pour obtenir toutes les informations pour poser vos questions sur les \u00e9v\u00e8nements ou les entrainements propos\u00e9s par le Toulouse Triathlon.\" \/>\n<meta property=\"og:url\" content=\"https:\/\/www.toulouse-tri.com\/?page_id=79\" \/>\n<meta property=\"og:site_name\" content=\"Toulouse Triathlon\" \/>\n<meta property=\"article:modified_time\" content=\"2025-03-04T18:17:56+00:00\" \/>\n<meta name=\"twitter:card\" content=\"summary_large_image\" \/>\n<meta name=\"twitter:label1\" content=\"Dur\u00e9e de lecture estim\u00e9e\" \/>\n\t<meta name=\"twitter:data1\" content=\"2 minutes\" \/>\n<script type=\"application\/ld+json\" class=\"yoast-schema-graph\">{\"@context\":\"https:\\\/\\\/schema.org\",\"@graph\":[{\"@type\":\"WebPage\",\"@id\":\"https:\\\/\\\/www.toulouse-tri.com\\\/?page_id=79\",\"url\":\"https:\\\/\\\/www.toulouse-tri.com\\\/?page_id=79\",\"name\":\"Nous contacter - Toulouse Triathlon\",\"isPartOf\":{\"@id\":\"https:\\\/\\\/www.toulouse-tri.com\\\/#website\"},\"datePublished\":\"2015-03-19T19:19:23+00:00\",\"dateModified\":\"2025-03-04T18:17:56+00:00\",\"description\":\"Nous contacter pour obtenir toutes les informations pour poser vos questions sur les \u00e9v\u00e8nements ou les entrainements propos\u00e9s par le Toulouse Triathlon.\",\"breadcrumb\":{\"@id\":\"https:\\\/\\\/www.toulouse-tri.com\\\/?page_id=79#breadcrumb\"},\"inLanguage\":\"fr-FR\",\"potentialAction\":[{\"@type\":\"ReadAction\",\"target\":[\"https:\\\/\\\/www.toulouse-tri.com\\\/?page_id=79\"]}]},{\"@type\":\"BreadcrumbList\",\"@id\":\"https:\\\/\\\/www.toulouse-tri.com\\\/?page_id=79#breadcrumb\",\"itemListElement\":[{\"@type\":\"ListItem\",\"position\":1,\"name\":\"Accueil\",\"item\":\"https:\\\/\\\/www.toulouse-tri.com\\\/\"},{\"@type\":\"ListItem\",\"position\":2,\"name\":\"Nous contacter\"}]},{\"@type\":\"WebSite\",\"@id\":\"https:\\\/\\\/www.toulouse-tri.com\\\/#website\",\"url\":\"https:\\\/\\\/www.toulouse-tri.com\\\/\",\"name\":\"Toulouse Triathlon\",\"description\":\"Power Meuh\",\"publisher\":{\"@id\":\"https:\\\/\\\/www.toulouse-tri.com\\\/#organization\"},\"potentialAction\":[{\"@type\":\"SearchAction\",\"target\":{\"@type\":\"EntryPoint\",\"urlTemplate\":\"https:\\\/\\\/www.toulouse-tri.com\\\/?s={search_term_string}\"},\"query-input\":{\"@type\":\"PropertyValueSpecification\",\"valueRequired\":true,\"valueName\":\"search_term_string\"}}],\"inLanguage\":\"fr-FR\"},{\"@type\":\"Organization\",\"@id\":\"https:\\\/\\\/www.toulouse-tri.com\\\/#organization\",\"name\":\"Toulouse Triathlon\",\"url\":\"https:\\\/\\\/www.toulouse-tri.com\\\/\",\"logo\":{\"@type\":\"ImageObject\",\"inLanguage\":\"fr-FR\",\"@id\":\"https:\\\/\\\/www.toulouse-tri.com\\\/#\\\/schema\\\/logo\\\/image\\\/\",\"url\":\"https:\\\/\\\/www.toulouse-tri.com\\\/wp-content\\\/uploads\\\/2015\\\/03\\\/pwrmeuh.gif\",\"contentUrl\":\"https:\\\/\\\/www.toulouse-tri.com\\\/wp-content\\\/uploads\\\/2015\\\/03\\\/pwrmeuh.gif\",\"width\":224,\"height\":176,\"caption\":\"Toulouse Triathlon\"},\"image\":{\"@id\":\"https:\\\/\\\/www.toulouse-tri.com\\\/#\\\/schema\\\/logo\\\/image\\\/\"}}]}<\/script>\n<!-- \/ Yoast SEO plugin. -->","yoast_head_json":{"title":"Nous contacter - Toulouse Triathlon","description":"Nous contacter pour obtenir toutes les informations pour poser vos questions sur les \u00e9v\u00e8nements ou les entrainements propos\u00e9s par le Toulouse Triathlon.","robots":{"index":"index","follow":"follow","max-snippet":"max-snippet:-1","max-image-preview":"max-image-preview:large","max-video-preview":"max-video-preview:-1"},"canonical":"https:\/\/www.toulouse-tri.com\/?page_id=79","og_locale":"fr_FR","og_type":"article","og_title":"Nous contacter - Toulouse Triathlon","og_description":"Nous contacter pour obtenir toutes les informations pour poser vos questions sur les \u00e9v\u00e8nements ou les entrainements propos\u00e9s par le Toulouse Triathlon.","og_url":"https:\/\/www.toulouse-tri.com\/?page_id=79","og_site_name":"Toulouse Triathlon","article_modified_time":"2025-03-04T18:17:56+00:00","twitter_card":"summary_large_image","twitter_misc":{"Dur\u00e9e de lecture estim\u00e9e":"2 minutes"},"schema":{"@context":"https:\/\/schema.org","@graph":[{"@type":"WebPage","@id":"https:\/\/www.toulouse-tri.com\/?page_id=79","url":"https:\/\/www.toulouse-tri.com\/?page_id=79","name":"Nous contacter - Toulouse Triathlon","isPartOf":{"@id":"https:\/\/www.toulouse-tri.com\/#website"},"datePublished":"2015-03-19T19:19:23+00:00","dateModified":"2025-03-04T18:17:56+00:00","description":"Nous contacter pour obtenir toutes les informations pour poser vos questions sur les \u00e9v\u00e8nements ou les entrainements propos\u00e9s par le Toulouse Triathlon.","breadcrumb":{"@id":"https:\/\/www.toulouse-tri.com\/?page_id=79#breadcrumb"},"inLanguage":"fr-FR","potentialAction":[{"@type":"ReadAction","target":["https:\/\/www.toulouse-tri.com\/?page_id=79"]}]},{"@type":"BreadcrumbList","@id":"https:\/\/www.toulouse-tri.com\/?page_id=79#breadcrumb","itemListElement":[{"@type":"ListItem","position":1,"name":"Accueil","item":"https:\/\/www.toulouse-tri.com\/"},{"@type":"ListItem","position":2,"name":"Nous contacter"}]},{"@type":"WebSite","@id":"https:\/\/www.toulouse-tri.com\/#website","url":"https:\/\/www.toulouse-tri.com\/","name":"Toulouse Triathlon","description":"Power Meuh","publisher":{"@id":"https:\/\/www.toulouse-tri.com\/#organization"},"potentialAction":[{"@type":"SearchAction","target":{"@type":"EntryPoint","urlTemplate":"https:\/\/www.toulouse-tri.com\/?s={search_term_string}"},"query-input":{"@type":"PropertyValueSpecification","valueRequired":true,"valueName":"search_term_string"}}],"inLanguage":"fr-FR"},{"@type":"Organization","@id":"https:\/\/www.toulouse-tri.com\/#organization","name":"Toulouse Triathlon","url":"https:\/\/www.toulouse-tri.com\/","logo":{"@type":"ImageObject","inLanguage":"fr-FR","@id":"https:\/\/www.toulouse-tri.com\/#\/schema\/logo\/image\/","url":"https:\/\/www.toulouse-tri.com\/wp-content\/uploads\/2015\/03\/pwrmeuh.gif","contentUrl":"https:\/\/www.toulouse-tri.com\/wp-content\/uploads\/2015\/03\/pwrmeuh.gif","width":224,"height":176,"caption":"Toulouse Triathlon"},"image":{"@id":"https:\/\/www.toulouse-tri.com\/#\/schema\/logo\/image\/"}}]}},"_links":{"self":[{"href":"https:\/\/www.toulouse-tri.com\/index.php?rest_route=\/wp\/v2\/pages\/79","targetHints":{"allow":["GET"]}}],"collection":[{"href":"https:\/\/www.toulouse-tri.com\/index.php?rest_route=\/wp\/v2\/pages"}],"about":[{"href":"https:\/\/www.toulouse-tri.com\/index.php?rest_route=\/wp\/v2\/types\/page"}],"author":[{"embeddable":true,"href":"https:\/\/www.toulouse-tri.com\/index.php?rest_route=\/wp\/v2\/users\/1"}],"replies":[{"embeddable":true,"href":"https:\/\/www.toulouse-tri.com\/index.php?rest_route=%2Fwp%2Fv2%2Fcomments&post=79"}],"version-history":[{"count":46,"href":"https:\/\/www.toulouse-tri.com\/index.php?rest_route=\/wp\/v2\/pages\/79\/revisions"}],"predecessor-version":[{"id":14727,"href":"https:\/\/www.toulouse-tri.com\/index.php?rest_route=\/wp\/v2\/pages\/79\/revisions\/14727"}],"wp:attachment":[{"href":"https:\/\/www.toulouse-tri.com\/index.php?rest_route=%2Fwp%2Fv2%2Fmedia&parent=79"}],"curies":[{"name":"wp","href":"https:\/\/api.w.org\/{rel}","templated":true}]}}