{"id":44,"date":"2015-03-04T22:42:27","date_gmt":"2015-03-04T21:42:27","guid":{"rendered":"http:\/\/www.toulouse-tri.com\/beta\/?page_id=44"},"modified":"2022-02-19T16:55:20","modified_gmt":"2022-02-19T15:55:20","slug":"le-tri-en-bref","status":"publish","type":"page","link":"https:\/\/www.toulouse-tri.com\/?page_id=44","title":{"rendered":"Le triathlon, qu\u00e9saco ?"},"content":{"rendered":"<h3 style=\"text-align: center;\">Triathlon et duathlon<\/h3>\n<div>\n<p>La <span style=\"color: #800080;\">F\u00e9d\u00e9ration Fran\u00e7aise de Triathlon<\/span> (F.F.TRI.) d\u00e9finit ainsi nos sports favoris :<\/p>\n<blockquote><p>Une \u00e9preuve consiste \u00e0 r\u00e9aliser, un parcours encha\u00eenant plusieurs disciplines sans aide ext\u00e9rieure et sans arr\u00eat du chronom\u00e8tre lors du changement de discipline<\/p><\/blockquote>\n<p>Le <span style=\"color: #800080;\"><strong>triathlon <\/strong><\/span>est une \u00e9preuve sportive d&#8217;endurance qui comprend trois disciplines diff\u00e9rentes encha\u00een\u00e9es par un m\u00eame athl\u00e8te successivement, dans l&#8217;ordre suivant : nage libre, cyclisme, course \u00e0 pied. Toutefois, il existe des d\u00e9clinaisons o\u00f9 une ou deux des trois disciplines sportives sont remplac\u00e9es par une autre discipline comparative d&#8217;un point de vue physiologique comme, par exemple, le ski de fond (Triathlon des neiges : course \u00e0 pied, VTT, ski de fond).<\/p>\n<p>Le <span style=\"color: #800080;\"><strong>duathlon <\/strong><\/span>est une \u00e9preuve sportive d&#8217;endurance qui consiste pour un m\u00eame athl\u00e8te \u00e0 encha\u00eener les deux disciplines que sont la course \u00e0 pied et le cyclisme, successivement et dans l&#8217;ordre suivant : course \u00e0 pied, cyclisme, course \u00e0 pied.<\/p>\n<p>Il existe d&#8217;autres \u00e9preuves sportives apparent\u00e9es au triathlon : l&#8217;<span style=\"color: #800080;\">aquathlon<\/span>, par exemple, consiste \u00e0 encha\u00eener natation et course \u00e0 pied.<\/p>\n<p>Enfin, certaines formes de course permettent de pratiquer ces sports en \u00e9quipe :<\/p>\n<ul>\n<li>Le <span style=\"color: #800080;\">relais<\/span>, consiste \u00e0 faire encha\u00eener les 2 ou 3 disciplines par 2 ou 3 athl\u00e8tes diff\u00e9rents (un coureur et un cycliste pour le duathlon en relais, un nageur, un cycliste et un coureur \u00e0 pied pour le triathlon en relais)<\/li>\n<li>Le <span style=\"color: #800080;\">triathlon par \u00e9quipe<\/span> se court par \u00e9quipes de 3 \u00e0 7 athl\u00e8tes. Tous les athl\u00e8tes de l&#8217;\u00e9quipe encha\u00eenent les trois disciplines. Les r\u00e8gles qui s&#8217;appliquent habituellement \u00e0 l&#8217;athl\u00e8te individuel s&#8217;appliquent ici \u00e0 l&#8217;\u00e9quipe (les co-\u00e9quipiers peuvent rouler en peloton afin d&#8217;am\u00e9liorer les performances de l&#8217;\u00e9quipe)<\/li>\n<\/ul>\n<p><iframe loading=\"lazy\" frameborder=\"0\" width=\"750\" height=\"421\" src=\"https:\/\/www.dailymotion.com\/embed\/video\/x1w0y2b\" allowfullscreen><\/iframe><\/p>\n<\/div>\n<h3 style=\"text-align: center;\">La petite Histoire du Triathlon&#8230;<\/h3>\n<div>\n<ul>\n<li>Ann\u00e9es 1920 : Naissance du triathlon du c\u00f4t\u00e9 de Joinville le Pont (pont-pont), Pelan et Poissy. Le Triathlon s&#8217;appelle alors &#8220;<em>Les Trois Sports<\/em>&#8220;, &#8220;<em>La Course des D\u00e9brouillards<\/em>&#8221; et &#8220;<em>La Course des Touche \u00e0 Tout<\/em>&#8220;<\/li>\n<li>1934 : La course des trois sports de la Rochelle consiste \u00e0 encha\u00eener 200 m\u00e8tres de natation, 10 kilom\u00e8tres de v\u00e9lo et 1200 m\u00e8tres de course \u00e0 pied<\/li>\n<li>1975 : Premier triathlon am\u00e9ricain \u00e0 Fiesta Island (Californie) avec 800 m de natation, 8 km de v\u00e9lo et 8 km de course \u00e0 pied<\/li>\n<li>18 f\u00e9v. 1978 : L&#8217;IronMan mythique d&#8217;Hawa\u00ef est gagn\u00e9 en 11h46&#8217;58&#8221; par Gordon Haller. 12 des 15 concurrents inscrits arrivent \u00e0 boucler les 3,9 km de natation, les 179 km de v\u00e9lo et les 42,195 km de course \u00e0 pied<\/li>\n<li>1981 : Retour du Triathlon sur le continent europ\u00e9en (Pays-Bas, Belgique, Allemagne)<\/li>\n<li>1982 : Premi\u00e8re \u00e9dition du Triathlon de Nice<\/li>\n<li>1984 : premi\u00e8re \u00e9dition d&#8217;un triathlon qui s&#8217;av\u00e8re encore le plus dur du monde : Embrun<\/li>\n<li>1989 : Cr\u00e9ation de la F.F.TRI.<\/li>\n<\/ul>\n<h3 style=\"text-align: center;\">&#8230;et du Toulouse Triathlon !<\/h3>\n<ul>\n<li>1993 : Naissance du <strong><span style=\"color: #800080;\">Toulouse Triathlon<\/span><\/strong><\/li>\n<li>1997 : Premi\u00e8re \u00e9dition du <span style=\"color: #800080;\">Toulouse Triathlon de Sesqui\u00e8res<\/span>, avec l&#8217;instauration en 1998, pour la premi\u00e8re fois en France, de la formule du CD individuel contre la montre<\/li>\n<li>2013 : Cr\u00e9ation du <strong><a href=\"http:\/\/www.toulouse-tri.com\/?page_id=318\" target=\"_blank\" rel=\"noopener\">Trigoulet<\/a><\/strong>, un triathlon dans une base verte de Toulouse, exclusivement r\u00e9serv\u00e9 aux jeunes de 6 \u00e0 15 ans<\/li>\n<li>2016 : Le <a href=\"http:\/\/www.toulouse-tri.com\/?tag=triathlon-des-roses\" target=\"_blank\" rel=\"noopener\"><strong>Triathlon des Roses<\/strong><\/a> s&#8217;installe \u00e0 Toulouse<\/li>\n<\/ul>\n<\/div>\n<h3 style=\"text-align: center;\">Les distances officielles en triathlon<\/h3>\n<h4 style=\"text-align: center;\">\u00c9preuves de Triathlon Jeune<\/h4>\n<div>\n<table border=\"0\" width=\"100%\" cellspacing=\"0\" cellpadding=\"1\" align=\"center\">\n<tbody>\n<tr class=\"table_resultats_titre\" bgcolor=\"#e5cb24\">\n<td>Cat\u00e9gorie d&#8217;\u00e2ge<\/td>\n<td>Natation<\/td>\n<td>V\u00e9lo \/ VTT<\/td>\n<td>Course \u00e0 Pied<\/td>\n<\/tr>\n<tr bgcolor=\"#e3e2ed\">\n<td class=\"table_resultats_data\">6 \u00e0 9 ans<\/td>\n<td class=\"table_resultats_data\">50 m<\/td>\n<td class=\"table_resultats_data\">1 km<\/td>\n<td class=\"table_resultats_data\">500 m<\/td>\n<\/tr>\n<tr bgcolor=\"#d7d7d9\">\n<td class=\"table_resultats_data\">8 \u00e0 11 ans<\/td>\n<td class=\"table_resultats_data\">100 m<\/td>\n<td class=\"table_resultats_data\">2 km<\/td>\n<td class=\"table_resultats_data\">1000 m<\/td>\n<\/tr>\n<tr bgcolor=\"#e3e2ed\">\n<td class=\"table_resultats_data\">10 \u00e0 13 ans<\/td>\n<td class=\"table_resultats_data\">200 m<\/td>\n<td class=\"table_resultats_data\">4 km<\/td>\n<td class=\"table_resultats_data\">1500 m<\/td>\n<\/tr>\n<tr bgcolor=\"#d7d7d9\">\n<td class=\"table_resultats_data\">12 \u00e0 19 ans<\/td>\n<td class=\"table_resultats_data\">300 m<\/td>\n<td class=\"table_resultats_data\">6 km<\/td>\n<td class=\"table_resultats_data\">2000 m<\/td>\n<\/tr>\n<\/tbody>\n<\/table>\n<\/div>\n<h4 style=\"text-align: center;\">\u00c9preuves de Triathlon Comp\u00e9tition<\/h4>\n<div>\n<table border=\"0\" width=\"100%\" cellspacing=\"0\" cellpadding=\"1\" align=\"center\">\n<tbody>\n<tr class=\"table_resultats_titre\" bgcolor=\"#e5cb24\">\n<td>\u00c9preuve<\/td>\n<td>Natation<\/td>\n<td>V\u00e9lo<\/td>\n<td>Course \u00e0 Pied<\/td>\n<\/tr>\n<tr bgcolor=\"#e3e2ed\">\n<td class=\"table_resultats_data\">Distance XS<\/td>\n<td class=\"table_resultats_data\">400 m<\/td>\n<td class=\"table_resultats_data\">10 km<\/td>\n<td class=\"table_resultats_data\">2.5 km<\/td>\n<\/tr>\n<tr bgcolor=\"#d7d7d9\">\n<td class=\"table_resultats_data\">Distance S<\/td>\n<td class=\"table_resultats_data\">750 m<\/td>\n<td class=\"table_resultats_data\">20 km<\/td>\n<td class=\"table_resultats_data\">5 km<\/td>\n<\/tr>\n<tr bgcolor=\"#e3e2ed\">\n<td class=\"table_resultats_data\">Distance M<\/td>\n<td class=\"table_resultats_data\">1.5 km<\/td>\n<td class=\"table_resultats_data\">40 km<\/td>\n<td class=\"table_resultats_data\">10 km<\/td>\n<\/tr>\n<tr bgcolor=\"#d7d7d9\">\n<td class=\"table_resultats_data\">Distance L<\/td>\n<td class=\"table_resultats_data\">3 km<\/td>\n<td class=\"table_resultats_data\">80 km<\/td>\n<td class=\"table_resultats_data\">20 km<\/td>\n<\/tr>\n<tr bgcolor=\"#e3e2ed\">\n<td class=\"table_resultats_data\">Distance XL<\/td>\n<td class=\"table_resultats_data\">4 km<\/td>\n<td class=\"table_resultats_data\">120 km<\/td>\n<td class=\"table_resultats_data\">30 km<\/td>\n<\/tr>\n<tr bgcolor=\"#d7d7d9\">\n<td class=\"table_resultats_data\">Distance XXL ou IronMan<\/td>\n<td class=\"table_resultats_data\">3,8 km<\/td>\n<td class=\"table_resultats_data\">180 km<\/td>\n<td class=\"table_resultats_data\">42,195 km<\/td>\n<\/tr>\n<\/tbody>\n<\/table>\n<\/div>\n<h4 style=\"text-align: center;\">\u00c9preuves de Cross Triathlon<\/h4>\n<div>\n<table border=\"0\" width=\"100%\" cellspacing=\"0\" cellpadding=\"1\" align=\"center\">\n<tbody>\n<tr class=\"table_resultats_titre\" bgcolor=\"#e5cb24\">\n<td>\u00c9preuve<\/td>\n<td>Natation<\/td>\n<td>VTT<\/td>\n<td>Course \u00e0 Pied<\/td>\n<\/tr>\n<tr bgcolor=\"#e3e2ed\">\n<td class=\"table_resultats_data\">Distance XS<\/td>\n<td class=\"table_resultats_data\">250 m<\/td>\n<td class=\"table_resultats_data\">5,5 km<\/td>\n<td class=\"table_resultats_data\">2 km<\/td>\n<\/tr>\n<tr bgcolor=\"#d7d7d9\">\n<td class=\"table_resultats_data\">Distance S<\/td>\n<td class=\"table_resultats_data\">500 m<\/td>\n<td class=\"table_resultats_data\">11 km<\/td>\n<td class=\"table_resultats_data\">4 km<\/td>\n<\/tr>\n<tr bgcolor=\"#e3e2ed\">\n<td class=\"table_resultats_data\">Distance M<\/td>\n<td class=\"table_resultats_data\">1 km<\/td>\n<td class=\"table_resultats_data\">22 km<\/td>\n<td class=\"table_resultats_data\">8 km<\/td>\n<\/tr>\n<tr bgcolor=\"#d7d7d9\">\n<td class=\"table_resultats_data\">Distance L<\/td>\n<td class=\"table_resultats_data\">2 km<\/td>\n<td class=\"table_resultats_data\">44 km<\/td>\n<td class=\"table_resultats_data\">16 km<\/td>\n<\/tr>\n<tr bgcolor=\"#e3e2ed\">\n<td class=\"table_resultats_data\">Distance XL<\/td>\n<td class=\"table_resultats_data\">3 km<\/td>\n<td class=\"table_resultats_data\">66 km<\/td>\n<td class=\"table_resultats_data\">24 km<\/td>\n<\/tr>\n<\/tbody>\n<\/table>\n<\/div>\n<h3 style=\"text-align: center;\">\u00a0Les distances officielles en duathlon<\/h3>\n<h4 style=\"text-align: center;\">\u00c9preuves de Duathlon Jeune<\/h4>\n<div>\n<table border=\"0\" width=\"100%\" cellspacing=\"0\" cellpadding=\"1\" align=\"center\">\n<tbody>\n<tr class=\"table_resultats_titre\" bgcolor=\"#e5cb24\">\n<td>Cat\u00e9gorie d&#8217;\u00e2ge<\/td>\n<td>Course \u00e0 Pied<\/td>\n<td>V\u00e9lo \/ VTT<\/td>\n<td>Course \u00e0 Pied<\/td>\n<\/tr>\n<tr bgcolor=\"#e3e2ed\">\n<td class=\"table_resultats_data\">6 \u00e0 9 ans<\/td>\n<td class=\"table_resultats_data\">250 m<\/td>\n<td class=\"table_resultats_data\">1 km<\/td>\n<td class=\"table_resultats_data\">250 m<\/td>\n<\/tr>\n<tr bgcolor=\"#d7d7d9\">\n<td class=\"table_resultats_data\">8 \u00e0 11 ans<\/td>\n<td class=\"table_resultats_data\">500 m<\/td>\n<td class=\"table_resultats_data\">2 km<\/td>\n<td class=\"table_resultats_data\">500 m<\/td>\n<\/tr>\n<tr bgcolor=\"#e3e2ed\">\n<td class=\"table_resultats_data\">10 \u00e0 13 ans<\/td>\n<td class=\"table_resultats_data\">750 m<\/td>\n<td class=\"table_resultats_data\">5 km<\/td>\n<td class=\"table_resultats_data\">750 m<\/td>\n<\/tr>\n<tr bgcolor=\"#d7d7d9\">\n<td class=\"table_resultats_data\">12 \u00e0 19 ans<\/td>\n<td class=\"table_resultats_data\">1000 m<\/td>\n<td class=\"table_resultats_data\">6 km<\/td>\n<td class=\"table_resultats_data\">1000 m<\/td>\n<\/tr>\n<\/tbody>\n<\/table>\n<\/div>\n<h4 style=\"text-align: center;\">\u00c9preuves de Duathlon Comp\u00e9tition<\/h4>\n<div>\n<table border=\"0\" width=\"100%\" cellspacing=\"0\" cellpadding=\"1\" align=\"center\">\n<tbody>\n<tr class=\"table_resultats_titre\" bgcolor=\"#e5cb24\">\n<td>\u00c9preuve<\/td>\n<td>Course \u00e0 Pied<\/td>\n<td>V\u00e9lo<\/td>\n<td>Course \u00e0 Pied<\/td>\n<\/tr>\n<tr bgcolor=\"#e3e2ed\">\n<td class=\"table_resultats_data\">Distance XS<\/td>\n<td class=\"table_resultats_data\">2,5 km<\/td>\n<td class=\"table_resultats_data\">10 km<\/td>\n<td class=\"table_resultats_data\">1,25 km<\/td>\n<\/tr>\n<tr bgcolor=\"#d7d7d9\">\n<td class=\"table_resultats_data\">Distance S<\/td>\n<td class=\"table_resultats_data\">5 km<\/td>\n<td class=\"table_resultats_data\">20 km<\/td>\n<td class=\"table_resultats_data\">2,5 km<\/td>\n<\/tr>\n<tr bgcolor=\"#e3e2ed\">\n<td class=\"table_resultats_data\">Distance M<\/td>\n<td class=\"table_resultats_data\">10 km<\/td>\n<td class=\"table_resultats_data\">40 km<\/td>\n<td class=\"table_resultats_data\">5 km<\/td>\n<\/tr>\n<tr bgcolor=\"#d7d7d9\">\n<td class=\"table_resultats_data\">Distance L<\/td>\n<td class=\"table_resultats_data\">20 km<\/td>\n<td class=\"table_resultats_data\">80 km<\/td>\n<td class=\"table_resultats_data\">10 km<\/td>\n<\/tr>\n<tr bgcolor=\"#e3e2ed\">\n<td class=\"table_resultats_data\">Distance XL<\/td>\n<td class=\"table_resultats_data\">20 km<\/td>\n<td class=\"table_resultats_data\">120 km<\/td>\n<td class=\"table_resultats_data\">20 km<\/td>\n<\/tr>\n<\/tbody>\n<\/table>\n<\/div>\n<h4 style=\"text-align: center;\">\u00c9preuves de Cross Duathlon<\/h4>\n<div>\n<table border=\"0\" width=\"100%\" cellspacing=\"0\" cellpadding=\"1\" align=\"center\">\n<tbody>\n<tr class=\"table_resultats_titre\" bgcolor=\"#e5cb24\">\n<td>\u00c9preuve<\/td>\n<td>Course \u00e0 Pied<\/td>\n<td>VTT<\/td>\n<td>Course \u00e0 Pied<\/td>\n<\/tr>\n<tr bgcolor=\"#e3e2ed\">\n<td class=\"table_resultats_data\">Distance XS<\/td>\n<td class=\"table_resultats_data\">2 km<\/td>\n<td class=\"table_resultats_data\">5,5 km<\/td>\n<td class=\"table_resultats_data\">1 km<\/td>\n<\/tr>\n<tr bgcolor=\"#d7d7d9\">\n<td class=\"table_resultats_data\">Distance S<\/td>\n<td class=\"table_resultats_data\">4 km<\/td>\n<td class=\"table_resultats_data\">11 km<\/td>\n<td class=\"table_resultats_data\">2 km<\/td>\n<\/tr>\n<tr bgcolor=\"#e3e2ed\">\n<td class=\"table_resultats_data\">Distance M<\/td>\n<td class=\"table_resultats_data\">8 km<\/td>\n<td class=\"table_resultats_data\">22 km<\/td>\n<td class=\"table_resultats_data\">4 km<\/td>\n<\/tr>\n<tr bgcolor=\"#d7d7d9\">\n<td class=\"table_resultats_data\">Distance L<\/td>\n<td class=\"table_resultats_data\">16 km<\/td>\n<td class=\"table_resultats_data\">44 km<\/td>\n<td class=\"table_resultats_data\">8 km<\/td>\n<\/tr>\n<tr bgcolor=\"#e3e2ed\">\n<td class=\"table_resultats_data\">Distance XL<\/td>\n<td class=\"table_resultats_data\">24 km<\/td>\n<td class=\"table_resultats_data\">66 km<\/td>\n<td class=\"table_resultats_data\">12 km<\/td>\n<\/tr>\n<\/tbody>\n<\/table>\n<\/div>\n","protected":false},"excerpt":{"rendered":"<p>Triathlon et duathlon La F\u00e9d\u00e9ration Fran\u00e7aise de Triathlon (F.F.TRI.) d\u00e9finit ainsi nos sports favoris : Une \u00e9preuve consiste \u00e0 r\u00e9aliser, un parcours encha\u00eenant plusieurs disciplines sans aide ext\u00e9rieure et sans arr\u00eat du chronom\u00e8tre lors du changement de discipline Le triathlon<\/p>\n","protected":false},"author":1,"featured_media":0,"parent":6,"menu_order":3,"comment_status":"closed","ping_status":"closed","template":"","meta":{"footnotes":"","_links_to":"","_links_to_target":""},"class_list":["post-44","page","type-page","status-publish","hentry"],"yoast_head":"<!-- This site is optimized with the Yoast SEO plugin v27.4 - https:\/\/yoast.com\/product\/yoast-seo-wordpress\/ -->\n<title>Le triathlon, qu\u00e9saco ? - Toulouse Triathlon<\/title>\n<meta name=\"robots\" content=\"index, follow, max-snippet:-1, max-image-preview:large, max-video-preview:-1\" \/>\n<link rel=\"canonical\" href=\"https:\/\/www.toulouse-tri.com\/?page_id=44\" \/>\n<meta property=\"og:locale\" content=\"fr_FR\" \/>\n<meta property=\"og:type\" content=\"article\" \/>\n<meta property=\"og:title\" content=\"Le triathlon, qu\u00e9saco ? - Toulouse Triathlon\" \/>\n<meta property=\"og:description\" content=\"Triathlon et duathlon La F\u00e9d\u00e9ration Fran\u00e7aise de Triathlon (F.F.TRI.) d\u00e9finit ainsi nos sports favoris : Une \u00e9preuve consiste \u00e0 r\u00e9aliser, un parcours encha\u00eenant plusieurs disciplines sans aide ext\u00e9rieure et sans arr\u00eat du chronom\u00e8tre lors du changement de discipline Le triathlon\" \/>\n<meta property=\"og:url\" content=\"https:\/\/www.toulouse-tri.com\/?page_id=44\" \/>\n<meta property=\"og:site_name\" content=\"Toulouse Triathlon\" \/>\n<meta property=\"article:modified_time\" content=\"2022-02-19T15:55:20+00:00\" \/>\n<meta name=\"twitter:card\" content=\"summary_large_image\" \/>\n<meta name=\"twitter:label1\" content=\"Dur\u00e9e de lecture estim\u00e9e\" \/>\n\t<meta name=\"twitter:data1\" content=\"5 minutes\" \/>\n<script type=\"application\/ld+json\" class=\"yoast-schema-graph\">{\"@context\":\"https:\\\/\\\/schema.org\",\"@graph\":[{\"@type\":\"WebPage\",\"@id\":\"https:\\\/\\\/www.toulouse-tri.com\\\/?page_id=44\",\"url\":\"https:\\\/\\\/www.toulouse-tri.com\\\/?page_id=44\",\"name\":\"Le triathlon, qu\u00e9saco ? - Toulouse Triathlon\",\"isPartOf\":{\"@id\":\"https:\\\/\\\/www.toulouse-tri.com\\\/#website\"},\"datePublished\":\"2015-03-04T21:42:27+00:00\",\"dateModified\":\"2022-02-19T15:55:20+00:00\",\"breadcrumb\":{\"@id\":\"https:\\\/\\\/www.toulouse-tri.com\\\/?page_id=44#breadcrumb\"},\"inLanguage\":\"fr-FR\",\"potentialAction\":[{\"@type\":\"ReadAction\",\"target\":[\"https:\\\/\\\/www.toulouse-tri.com\\\/?page_id=44\"]}]},{\"@type\":\"BreadcrumbList\",\"@id\":\"https:\\\/\\\/www.toulouse-tri.com\\\/?page_id=44#breadcrumb\",\"itemListElement\":[{\"@type\":\"ListItem\",\"position\":1,\"name\":\"Accueil\",\"item\":\"https:\\\/\\\/www.toulouse-tri.com\\\/\"},{\"@type\":\"ListItem\",\"position\":2,\"name\":\"Toulouse Tri\",\"item\":\"http:\\\/\\\/www.toulouse-tri.com\\\/?page_id=9\"},{\"@type\":\"ListItem\",\"position\":3,\"name\":\"Le triathlon, qu\u00e9saco ?\"}]},{\"@type\":\"WebSite\",\"@id\":\"https:\\\/\\\/www.toulouse-tri.com\\\/#website\",\"url\":\"https:\\\/\\\/www.toulouse-tri.com\\\/\",\"name\":\"Toulouse Triathlon\",\"description\":\"Power Meuh\",\"publisher\":{\"@id\":\"https:\\\/\\\/www.toulouse-tri.com\\\/#organization\"},\"potentialAction\":[{\"@type\":\"SearchAction\",\"target\":{\"@type\":\"EntryPoint\",\"urlTemplate\":\"https:\\\/\\\/www.toulouse-tri.com\\\/?s={search_term_string}\"},\"query-input\":{\"@type\":\"PropertyValueSpecification\",\"valueRequired\":true,\"valueName\":\"search_term_string\"}}],\"inLanguage\":\"fr-FR\"},{\"@type\":\"Organization\",\"@id\":\"https:\\\/\\\/www.toulouse-tri.com\\\/#organization\",\"name\":\"Toulouse Triathlon\",\"url\":\"https:\\\/\\\/www.toulouse-tri.com\\\/\",\"logo\":{\"@type\":\"ImageObject\",\"inLanguage\":\"fr-FR\",\"@id\":\"https:\\\/\\\/www.toulouse-tri.com\\\/#\\\/schema\\\/logo\\\/image\\\/\",\"url\":\"https:\\\/\\\/www.toulouse-tri.com\\\/wp-content\\\/uploads\\\/2015\\\/03\\\/pwrmeuh.gif\",\"contentUrl\":\"https:\\\/\\\/www.toulouse-tri.com\\\/wp-content\\\/uploads\\\/2015\\\/03\\\/pwrmeuh.gif\",\"width\":224,\"height\":176,\"caption\":\"Toulouse Triathlon\"},\"image\":{\"@id\":\"https:\\\/\\\/www.toulouse-tri.com\\\/#\\\/schema\\\/logo\\\/image\\\/\"}}]}<\/script>\n<!-- \/ Yoast SEO plugin. -->","yoast_head_json":{"title":"Le triathlon, qu\u00e9saco ? - Toulouse Triathlon","robots":{"index":"index","follow":"follow","max-snippet":"max-snippet:-1","max-image-preview":"max-image-preview:large","max-video-preview":"max-video-preview:-1"},"canonical":"https:\/\/www.toulouse-tri.com\/?page_id=44","og_locale":"fr_FR","og_type":"article","og_title":"Le triathlon, qu\u00e9saco ? - Toulouse Triathlon","og_description":"Triathlon et duathlon La F\u00e9d\u00e9ration Fran\u00e7aise de Triathlon (F.F.TRI.) d\u00e9finit ainsi nos sports favoris : Une \u00e9preuve consiste \u00e0 r\u00e9aliser, un parcours encha\u00eenant plusieurs disciplines sans aide ext\u00e9rieure et sans arr\u00eat du chronom\u00e8tre lors du changement de discipline Le triathlon","og_url":"https:\/\/www.toulouse-tri.com\/?page_id=44","og_site_name":"Toulouse Triathlon","article_modified_time":"2022-02-19T15:55:20+00:00","twitter_card":"summary_large_image","twitter_misc":{"Dur\u00e9e de lecture estim\u00e9e":"5 minutes"},"schema":{"@context":"https:\/\/schema.org","@graph":[{"@type":"WebPage","@id":"https:\/\/www.toulouse-tri.com\/?page_id=44","url":"https:\/\/www.toulouse-tri.com\/?page_id=44","name":"Le triathlon, qu\u00e9saco ? - Toulouse Triathlon","isPartOf":{"@id":"https:\/\/www.toulouse-tri.com\/#website"},"datePublished":"2015-03-04T21:42:27+00:00","dateModified":"2022-02-19T15:55:20+00:00","breadcrumb":{"@id":"https:\/\/www.toulouse-tri.com\/?page_id=44#breadcrumb"},"inLanguage":"fr-FR","potentialAction":[{"@type":"ReadAction","target":["https:\/\/www.toulouse-tri.com\/?page_id=44"]}]},{"@type":"BreadcrumbList","@id":"https:\/\/www.toulouse-tri.com\/?page_id=44#breadcrumb","itemListElement":[{"@type":"ListItem","position":1,"name":"Accueil","item":"https:\/\/www.toulouse-tri.com\/"},{"@type":"ListItem","position":2,"name":"Toulouse Tri","item":"http:\/\/www.toulouse-tri.com\/?page_id=9"},{"@type":"ListItem","position":3,"name":"Le triathlon, qu\u00e9saco ?"}]},{"@type":"WebSite","@id":"https:\/\/www.toulouse-tri.com\/#website","url":"https:\/\/www.toulouse-tri.com\/","name":"Toulouse Triathlon","description":"Power Meuh","publisher":{"@id":"https:\/\/www.toulouse-tri.com\/#organization"},"potentialAction":[{"@type":"SearchAction","target":{"@type":"EntryPoint","urlTemplate":"https:\/\/www.toulouse-tri.com\/?s={search_term_string}"},"query-input":{"@type":"PropertyValueSpecification","valueRequired":true,"valueName":"search_term_string"}}],"inLanguage":"fr-FR"},{"@type":"Organization","@id":"https:\/\/www.toulouse-tri.com\/#organization","name":"Toulouse Triathlon","url":"https:\/\/www.toulouse-tri.com\/","logo":{"@type":"ImageObject","inLanguage":"fr-FR","@id":"https:\/\/www.toulouse-tri.com\/#\/schema\/logo\/image\/","url":"https:\/\/www.toulouse-tri.com\/wp-content\/uploads\/2015\/03\/pwrmeuh.gif","contentUrl":"https:\/\/www.toulouse-tri.com\/wp-content\/uploads\/2015\/03\/pwrmeuh.gif","width":224,"height":176,"caption":"Toulouse Triathlon"},"image":{"@id":"https:\/\/www.toulouse-tri.com\/#\/schema\/logo\/image\/"}}]}},"_links":{"self":[{"href":"https:\/\/www.toulouse-tri.com\/index.php?rest_route=\/wp\/v2\/pages\/44","targetHints":{"allow":["GET"]}}],"collection":[{"href":"https:\/\/www.toulouse-tri.com\/index.php?rest_route=\/wp\/v2\/pages"}],"about":[{"href":"https:\/\/www.toulouse-tri.com\/index.php?rest_route=\/wp\/v2\/types\/page"}],"author":[{"embeddable":true,"href":"https:\/\/www.toulouse-tri.com\/index.php?rest_route=\/wp\/v2\/users\/1"}],"replies":[{"embeddable":true,"href":"https:\/\/www.toulouse-tri.com\/index.php?rest_route=%2Fwp%2Fv2%2Fcomments&post=44"}],"version-history":[{"count":13,"href":"https:\/\/www.toulouse-tri.com\/index.php?rest_route=\/wp\/v2\/pages\/44\/revisions"}],"predecessor-version":[{"id":11444,"href":"https:\/\/www.toulouse-tri.com\/index.php?rest_route=\/wp\/v2\/pages\/44\/revisions\/11444"}],"up":[{"embeddable":true,"href":"https:\/\/www.toulouse-tri.com\/index.php?rest_route=\/wp\/v2\/pages\/6"}],"wp:attachment":[{"href":"https:\/\/www.toulouse-tri.com\/index.php?rest_route=%2Fwp%2Fv2%2Fmedia&parent=44"}],"curies":[{"name":"wp","href":"https:\/\/api.w.org\/{rel}","templated":true}]}}