{"id":41,"date":"2015-03-04T22:33:24","date_gmt":"2015-03-04T21:33:24","guid":{"rendered":"http:\/\/www.toulouse-tri.com\/beta\/?page_id=41"},"modified":"2025-11-21T10:12:31","modified_gmt":"2025-11-21T09:12:31","slug":"licence","status":"publish","type":"page","link":"https:\/\/www.toulouse-tri.com\/?page_id=41","title":{"rendered":"Licence"},"content":{"rendered":"<h2 style=\"text-align: center;\"><strong>Licence F.F. Tri 2025-2026<\/strong><\/h2>\n<p style=\"text-align: center;\"><strong>licence valable du 1er janvier au 31 d\u00e9cembre 2026<\/strong><br \/>\n<strong>(demande possible \u00e0 partir du 1er septembre 2025 pour les nouveaux licenci\u00e9s)<\/strong><\/p>\n<h3><strong>Premi\u00e8re adh\u00e9sion au Toulouse Triathlon<br \/>\n<\/strong><\/h3>\n<p>Elle concerne uniquement les nouveaux licenci\u00e9s.<\/p>\n<p>Contactez le Toulouse Triathlon (via le <a href=\"https:\/\/www.toulouse-tri.com\/?page_id=79\">formulaire de contact<\/a> ou <a href=\"mailto:president@toulouse-tri.com\">par mail<\/a>)<br \/>\nVous recevrez ensuite un e-mail vous invitant \u00e0 cr\u00e9er votre compte personnel sur ce site.<\/p>\n<h3><strong>Mutation vers le <\/strong><strong>Toulouse Triathlon<\/strong><\/h3>\n<p>Cette proc\u00e9dure ne s&#8217;applique que si vous \u00eates d\u00e9j\u00e0 licenci\u00e9 F.F. Tri dans un autre club et que vous souhaitez rejoindre le Toulouse Triathlon pour la saison 2025-2026.<\/p>\n<p><strong>Note :<\/strong> Les mutations sortantes pour la saison suivante doivent \u00eatre effectu\u00e9es entre le 1er septembre et le 31 octobre. Toute demande de mutation entrante ou sortante se fait sur le site de la F.F. Tri.<br \/>\nEnsuite, m\u00eame si ce n&#8217;est pas obligatoire, la politesse est de pr\u00e9venir le club quitt\u00e9 et le club d&#8217;accueil (qui devront tout deux valider la demande).<\/p>\n<h3><strong>Renouvellement de la licence annuelle<\/strong><\/h3>\n<p>Les <a href=\"https:\/\/www.toulouse-tri.com\/?p=163\">renouvellements de licence<\/a> doivent \u00eatre effectu\u00e9s entre le <strong>1er et le 31 octobre<\/strong>. Au-del\u00e0 de cette date, vous pourrez toujours renouveler votre licence, mais vous devrez vous acquitter d&#8217;une surtaxe de 20 \u20ac jusqu&#8217;au 31 d\u00e9cembre, et de 40 \u20ac \u00e0 partir du 1er janvier.<\/p>\n<h3><strong>Prise de licence (partie sur le site du <\/strong><strong>Toulouse Triathlon)<\/strong><\/h3>\n<ol>\n<li><a href=\"https:\/\/www.toulouse-tri.com\/?page_id=156\"><strong>S&#8217;identifier sur ce site<\/strong><\/a> \u00e0 l&#8217;aide de son login et son mot de passe. En cas d&#8217;oubli de mot de passe, vous pouvez en demander un autre via la page d&#8217;identification.<br \/>\nEt si vraiment vous n&#8217;arrivez toujours pas \u00e0 vous connecter sur le site, veuillez contacter le webmaster \u00e0 l&#8217;adresse suivante : <a href=\"mailto:webmaster@toulouse-tri.com\">webmaster@toulouse-tri.com<\/a>.<\/li>\n<li>Pour compl\u00e9ter votre dossier, merci de joindre une photo sur le trombinoscope du site du club (Photo de vous o\u00f9 vous \u00eates reconnaissable pour l&#8217;une des deux au moins). N&#8217;oubliez pas de v\u00e9rifier vos coordonn\u00e9es, car c&#8217;est ce mail et ce num\u00e9ro de t\u00e9l\u00e9phone que nous utiliserons pour vous envoyer les infos&#8230;<\/li>\n<li>Une fois connect\u00e9 sur le site, allez sur la page de <a href=\"http:\/\/www.toulouse-tri.com\/?page_id=414\" target=\"_blank\" rel=\"noopener noreferrer\"><strong>demande de licence<\/strong><\/a> dans l&#8217;onglet Mon Compte. Suivez la proc\u00e9dure d&#8217;inscription jusqu&#8217;au bout. Vous pourrez payer votre cotisation en ligne \u00e0 l&#8217;issue de l&#8217;inscription. Une fois la proc\u00e9dure termin\u00e9e, vous recevrez un e mail de confirmation.<\/li>\n<\/ol>\n<p>Pour tout renseignement compl\u00e9mentaire vous pouvez nous contacter : au 06 87 81 75 28 le matin si possible ou par mail : <a href=\"mailto:president@toulouse-tri.com\">president@toulouse-tri.com<\/a><\/p>\n<h3><strong>Prise de licence (partie sur le site de la F.F. Tri)<\/strong><\/h3>\n<ol>\n<li>Se connecter sur l&#8217;Espace Tri de la F.F. Tri avec le lien suivant <strong><a class=\"postlink\" href=\"http:\/\/espacetri.fftri.com\/\" target=\"_blank\" rel=\"noopener noreferrer\">espacetri.fftri.com<\/a><\/strong> (cr\u00e9er son compte avant la toute premi\u00e8re connexion)<\/li>\n<li>Renseigner son identifiant et mot de passe re\u00e7us automatiquement par mail de la FF Tri.<\/li>\n<li>Cliquer en haut \u00e0 gauche sur &#8220;<strong>Renouveler sa licence<\/strong>&#8221; ou &#8220;<strong><a href=\"_wp_link_placeholder\" data-wplink-edit=\"true\">Demande de licence<\/a><\/strong>&#8220;. Il faut \u00eatre connect\u00e9 sur le site pour avoir acc\u00e8s \u00e0 cette page<\/li>\n<li>Remplir et v\u00e9rifier les infos<br \/>\nAttention \u00e0 bien choisir \u00ab Ligue Occitanie \u00bb et le bon club \u00ab Toulouse Triathlon \u00bb (attention aux noms similaires, prenez l&#8217;original et pas une contrefa\u00e7on), et bien choisir la bonne licence, la m\u00eame que celle demand\u00e9e sur le site du club<\/li>\n<li>T\u00e9l\u00e9charger une photo d&#8217;identit\u00e9, qui appara\u00eetra sur la licence<\/li>\n<li><span style=\"text-decoration: underline;\">Uniquement si c&#8217;est exig\u00e9<\/span> en fonction des r\u00e9ponses au formulaire info sant\u00e9, t\u00e9l\u00e9charger le <a href=\"http:\/\/www.toulouse-tri.com\/wp-content\/downloads\/Inscription\/Certif_medical_FFTRI.pdf\">mod\u00e8le du certificat m\u00e9dical (au format F.F. Tri)<\/a> et le faire remplir, signer et tamponner par votre m\u00e9decin<\/li>\n<li>Il n\u2019y a rien \u00e0 payer, le montant indiqu\u00e9 est celui que le club reverse \u00e0 la FFTri pour ta licence<\/li>\n<li>Une fois \u00e0 la fin de la demande, tu vas recevoir instantan\u00e9ment par mail la fiche R\u00e9capitulative de ta demande de licence F.F. Tri, que tu vas imprimer, <span style=\"text-decoration: underline;\">dater et signer<\/span> et renvoyer au club (scann\u00e9e par mail, en mains propres ou par courrier papier)<\/li>\n<\/ol>\n<h3><strong>Assurance<\/strong><\/h3>\n<p>La licence f\u00e9d\u00e9rale comprend une assurance qui couvre a minima la responsabilit\u00e9 civile pour les dommages survenus lors des entra\u00eenements encadr\u00e9s et pendant les comp\u00e9titions. Deux options sont possibles pour renforcer la couverture (attention, la plus ch\u00e8re entra\u00eenera un surco\u00fbt sur la licence).<\/p>\n<p>Les questions au sujet de cette assurance sont trait\u00e9s dans un <a href=\"http:\/\/www.toulouse-tri.com\/wp-content\/downloads\/Inscription\/FAQ-Assurance-FFTri.pdf\"><strong>document de FAQ<\/strong><\/a>.<\/p>\n<hr \/>\n<h2 style=\"text-align: center;\"><strong>Types de licences<\/strong><\/h2>\n<h4><strong>Licence <span style=\"color: #993366;\">Comp\u00e9tition Jeune<\/span><\/strong> (de 6 \u00e0 19 ans)<\/h4>\n<p>Cette licence concerne les mini-poussins, poussins, pupilles, benjamins, minimes, cadets et juniors :<\/p>\n<ul>\n<li>Acc\u00e8s aux \u00e9preuves jeunes pour les mini-poussins, poussins et pupilles<\/li>\n<li>Acc\u00e8s aux \u00e9preuves jeunes et XS pour les benjamins et minimes<\/li>\n<li>Acc\u00e8s aux \u00e9preuves jeunes, XS et S pour les cadets<\/li>\n<li>Acc\u00e8s aux \u00e9preuves XS \u00e0 XXL pour les juniors<\/li>\n<\/ul>\n<p><strong>Note<\/strong> : dans le cadre d&#8217;un relais, et \u00e0 condition de ne faire qu&#8217;une discipline, l&#8217;acc\u00e8s est autoris\u00e9 \u00e0 la distance imm\u00e9diatement sup\u00e9rieure pour chaque cat\u00e9gorie d&#8217;\u00e2ge. (Par exemple, les minimes peuvent faire une discipline sur un relais S, les cadets une discipline sur un relais M).<\/p>\n<h4><strong>Licence <span style=\"color: #333399;\">Comp\u00e9tition Senior et Master<\/span><\/strong> (\u00e0 partir de 20 ans)<strong><br \/>\n<\/strong><\/h4>\n<p>Cette licence donne acc\u00e8s aux \u00e9preuves f\u00e9d\u00e9rales distance XS \u00e0 XXL.<\/p>\n<h4><strong>Licence <span style=\"color: #339966;\">Loisir<\/span><\/strong><\/h4>\n<p>La garantie assurance rattach\u00e9e \u00e0 cette licence autorise uniquement la pratique \u00e0 l\u2019entra\u00eenement et en loisir (Animathlon et Rando Triathlon).<br \/>\nL\u2019acquisition d\u2019un Pass Comp\u00e9tition est obligatoire pour acc\u00e9der aux \u00e9preuves agr\u00e9\u00e9es par la F.F. Tri.<\/p>\n<h4><strong>Paratriathlon<\/strong> (\u00e0 partir de 6 ans)<\/h4>\n<p>2 possibilit\u00e9s :<\/p>\n<ul>\n<li>Prendre une licence pratiquant <em>comp\u00e9tition<\/em> ou <em>loisir<\/em> et \u00eatre class\u00e9 avec les valides ;<\/li>\n<li>Prendre une licence pratiquant <em>handisport<\/em> et \u00eatre class\u00e9 en cat\u00e9gorie Handisport. Conform\u00e9ment \u00e0 la r\u00e9glementation, l&#8217;athl\u00e8te peut ou doit (suivant les \u00e9preuves) se faire classifier pour conna\u00eetre sa cat\u00e9gorie afin d&#8217;\u00eatre class\u00e9 dans la classe sportive adapt\u00e9e.<\/li>\n<\/ul>\n<h4><strong>Licence Dirigeant <\/strong>(\u00e0 partir de 16 ans)<\/h4>\n<p>La d\u00e9tention de cette licence n\u2019autorise en aucun cas la pratique sportive, que ce soit en entra\u00eenement ou sur les \u00e9preuves f\u00e9d\u00e9rales.<\/p>\n<hr \/>\n<h2 style=\"text-align: center;\"><strong>Cat\u00e9gorie d&#8217;\u00e2ge &#8211; Saison 2026<\/strong><\/h2>\n<p style=\"text-align: center;\">(R\u00e9f\u00e9rence : \u00e2ge de l&#8217;athl\u00e8te au 31 d\u00e9cembre de la fin de saison)<\/p>\n<table border=\"0\" width=\"100%\" cellspacing=\"0\" cellpadding=\"1\" align=\"center\">\n<tbody>\n<tr class=\"table_resultats_titre\" bgcolor=\"#e5cb24\">\n<td>Cat\u00e9gorie<\/td>\n<td>Age<\/td>\n<td>Ann\u00e9es de naissance<\/td>\n<\/tr>\n<tr bgcolor=\"#e3e2ed\">\n<td class=\"table_resultats_data\">Mini-poussins<\/td>\n<td class=\"table_resultats_data\">6 &#8211; 7 ans<\/td>\n<td class=\"table_resultats_data\">2019 &#8211; 2020<\/td>\n<\/tr>\n<tr bgcolor=\"#d7d7d9\">\n<td class=\"table_resultats_data\">Poussins<\/td>\n<td class=\"table_resultats_data\">8 &#8211; 9 ans<\/td>\n<td class=\"table_resultats_data\">2017 &#8211; 2018<\/td>\n<\/tr>\n<tr bgcolor=\"#e3e2ed\">\n<td class=\"table_resultats_data\">Pupilles<\/td>\n<td class=\"table_resultats_data\">10 -11 ans<\/td>\n<td class=\"table_resultats_data\">2015 &#8211; 2016<\/td>\n<\/tr>\n<tr bgcolor=\"#d7d7d9\">\n<td class=\"table_resultats_data\">Benjamins<\/td>\n<td class=\"table_resultats_data\">12 -13 ans<\/td>\n<td class=\"table_resultats_data\">2013 &#8211; 2014<\/td>\n<\/tr>\n<tr bgcolor=\"#e3e2ed\">\n<td class=\"table_resultats_data\">Minimes<\/td>\n<td class=\"table_resultats_data\">14 &#8211; 15 ans<\/td>\n<td class=\"table_resultats_data\">2011 &#8211; 2012<\/td>\n<\/tr>\n<tr bgcolor=\"#d7d7d9\">\n<td class=\"table_resultats_data\">Cadets<\/td>\n<td class=\"table_resultats_data\">16 \u2013 17 ans<\/td>\n<td class=\"table_resultats_data\">2009 &#8211; 2010<\/td>\n<\/tr>\n<tr bgcolor=\"#e3e2ed\">\n<td class=\"table_resultats_data\">Juniors<\/td>\n<td class=\"table_resultats_data\">18 \u2013 19 ans<\/td>\n<td class=\"table_resultats_data\">2007 &#8211; 2008<\/td>\n<\/tr>\n<tr bgcolor=\"#d7d7d9\">\n<td class=\"table_resultats_data\">Senior 1<\/td>\n<td class=\"table_resultats_data\">20 \u2013 24 ans<\/td>\n<td class=\"table_resultats_data\">2005 &#8211; 2006<\/td>\n<\/tr>\n<tr bgcolor=\"#e3e2ed\">\n<td class=\"table_resultats_data\">Senior 2<\/td>\n<td class=\"table_resultats_data\">25 \u2013 29 ans<\/td>\n<td class=\"table_resultats_data\">1997 &#8211; 2001<\/td>\n<\/tr>\n<tr bgcolor=\"#d7d7d9\">\n<td class=\"table_resultats_data\">Senior 3<\/td>\n<td class=\"table_resultats_data\">30 \u2013 34 ans<\/td>\n<td class=\"table_resultats_data\">1992 &#8211; 1996<\/td>\n<\/tr>\n<tr bgcolor=\"#e3e2ed\">\n<td class=\"table_resultats_data\">Senior 4<\/td>\n<td class=\"table_resultats_data\">35 \u2013 39 ans<\/td>\n<td class=\"table_resultats_data\">1987 &#8211; 1991<\/td>\n<\/tr>\n<tr bgcolor=\"#d7d7d9\">\n<td class=\"table_resultats_data\">Master 1<\/td>\n<td class=\"table_resultats_data\">40 \u2013 44 ans<\/td>\n<td class=\"table_resultats_data\">1982 &#8211; 1986<\/td>\n<\/tr>\n<tr bgcolor=\"#e3e2ed\">\n<td class=\"table_resultats_data\">Master 2<\/td>\n<td class=\"table_resultats_data\">45 \u2013 49 ans<\/td>\n<td class=\"table_resultats_data\">1977 &#8211; 1981<\/td>\n<\/tr>\n<tr bgcolor=\"#d7d7d9\">\n<td class=\"table_resultats_data\">Master 3<\/td>\n<td class=\"table_resultats_data\">50 \u2013 54 ans<\/td>\n<td class=\"table_resultats_data\">1972 &#8211; 1976<\/td>\n<\/tr>\n<tr bgcolor=\"#e3e2ed\">\n<td class=\"table_resultats_data\">Master 4<\/td>\n<td class=\"table_resultats_data\">55 \u2013 59 ans<\/td>\n<td class=\"table_resultats_data\">1967 &#8211; 1971<\/td>\n<\/tr>\n<tr bgcolor=\"#d7d7d9\">\n<td class=\"table_resultats_data\">Master 5<\/td>\n<td class=\"table_resultats_data\">60 \u2013 64 ans<\/td>\n<td class=\"table_resultats_data\">1962 &#8211; 1963<\/td>\n<\/tr>\n<tr bgcolor=\"#e3e2ed\">\n<td class=\"table_resultats_data\">Master 6<\/td>\n<td class=\"table_resultats_data\">65 \u2013 69 ans<\/td>\n<td class=\"table_resultats_data\">1957 &#8211; 1961<\/td>\n<\/tr>\n<tr bgcolor=\"#d7d7d9\">\n<td class=\"table_resultats_data\">Master 7<\/td>\n<td class=\"table_resultats_data\">70 \u2013 74 ans<\/td>\n<td class=\"table_resultats_data\">1952 &#8211; 1956<\/td>\n<\/tr>\n<tr bgcolor=\"#e3e2ed\">\n<td class=\"table_resultats_data\">Master 8<\/td>\n<td class=\"table_resultats_data\">75 \u2013 79 ans<\/td>\n<td class=\"table_resultats_data\">1947 &#8211; 1951<\/td>\n<\/tr>\n<tr bgcolor=\"#d7d7d9\">\n<td class=\"table_resultats_data\">Master 9<\/td>\n<td class=\"table_resultats_data\">80 \u2013 84 ans<\/td>\n<td class=\"table_resultats_data\">1942 &#8211; 1946<\/td>\n<\/tr>\n<tr bgcolor=\"#e3e2ed\">\n<td class=\"table_resultats_data\">Master 10<\/td>\n<td class=\"table_resultats_data\">85 \u2013 89 ans<\/td>\n<td class=\"table_resultats_data\">1937 &#8211; 1941<\/td>\n<\/tr>\n<tr bgcolor=\"#d7d7d9\">\n<td class=\"table_resultats_data\">Master 11<\/td>\n<td class=\"table_resultats_data\">90 &#8211; 94 ans<\/td>\n<td class=\"table_resultats_data\">1932 &#8211; 1936<\/td>\n<\/tr>\n<tr bgcolor=\"#e3e2ed\">\n<td class=\"table_resultats_data\">Master 12<\/td>\n<td class=\"table_resultats_data\">95 \u2013 99 ans<\/td>\n<td class=\"table_resultats_data\">1927 &#8211; 1931<\/td>\n<\/tr>\n<\/tbody>\n<\/table>\n","protected":false},"excerpt":{"rendered":"<p>La proc\u00e9dure pour rejoindre le Toulouse Triathlon (possible \u00e0 tout moment)<\/p>\n","protected":false},"author":1,"featured_media":15426,"parent":6,"menu_order":5,"comment_status":"closed","ping_status":"closed","template":"","meta":{"footnotes":"","_links_to":"","_links_to_target":""},"class_list":["post-41","page","type-page","status-publish","has-post-thumbnail","hentry"],"yoast_head":"<!-- This site is optimized with the Yoast SEO plugin v27.4 - https:\/\/yoast.com\/product\/yoast-seo-wordpress\/ -->\n<title>Licence - Toulouse Triathlon<\/title>\n<meta name=\"robots\" content=\"index, follow, max-snippet:-1, max-image-preview:large, max-video-preview:-1\" \/>\n<link rel=\"canonical\" href=\"https:\/\/www.toulouse-tri.com\/?page_id=41\" \/>\n<meta property=\"og:locale\" content=\"fr_FR\" \/>\n<meta property=\"og:type\" content=\"article\" \/>\n<meta property=\"og:title\" content=\"Licence - Toulouse Triathlon\" \/>\n<meta property=\"og:description\" content=\"La proc\u00e9dure pour rejoindre le Toulouse Triathlon (possible \u00e0 tout moment)\" \/>\n<meta property=\"og:url\" content=\"https:\/\/www.toulouse-tri.com\/?page_id=41\" \/>\n<meta property=\"og:site_name\" content=\"Toulouse Triathlon\" \/>\n<meta property=\"article:modified_time\" content=\"2025-11-21T09:12:31+00:00\" \/>\n<meta property=\"og:image\" content=\"http:\/\/www.toulouse-tri.com\/wp-content\/uploads\/2025\/11\/Licence-2026.jpg\" \/>\n\t<meta property=\"og:image:width\" content=\"1210\" \/>\n\t<meta property=\"og:image:height\" content=\"567\" \/>\n\t<meta property=\"og:image:type\" content=\"image\/jpeg\" \/>\n<meta name=\"twitter:card\" content=\"summary_large_image\" \/>\n<meta name=\"twitter:label1\" content=\"Dur\u00e9e de lecture estim\u00e9e\" \/>\n\t<meta name=\"twitter:data1\" content=\"6 minutes\" \/>\n<script type=\"application\/ld+json\" class=\"yoast-schema-graph\">{\"@context\":\"https:\\\/\\\/schema.org\",\"@graph\":[{\"@type\":\"WebPage\",\"@id\":\"https:\\\/\\\/www.toulouse-tri.com\\\/?page_id=41\",\"url\":\"https:\\\/\\\/www.toulouse-tri.com\\\/?page_id=41\",\"name\":\"Licence - Toulouse Triathlon\",\"isPartOf\":{\"@id\":\"https:\\\/\\\/www.toulouse-tri.com\\\/#website\"},\"primaryImageOfPage\":{\"@id\":\"https:\\\/\\\/www.toulouse-tri.com\\\/?page_id=41#primaryimage\"},\"image\":{\"@id\":\"https:\\\/\\\/www.toulouse-tri.com\\\/?page_id=41#primaryimage\"},\"thumbnailUrl\":\"https:\\\/\\\/www.toulouse-tri.com\\\/wp-content\\\/uploads\\\/2025\\\/11\\\/Licence-2026.jpg\",\"datePublished\":\"2015-03-04T21:33:24+00:00\",\"dateModified\":\"2025-11-21T09:12:31+00:00\",\"breadcrumb\":{\"@id\":\"https:\\\/\\\/www.toulouse-tri.com\\\/?page_id=41#breadcrumb\"},\"inLanguage\":\"fr-FR\",\"potentialAction\":[{\"@type\":\"ReadAction\",\"target\":[\"https:\\\/\\\/www.toulouse-tri.com\\\/?page_id=41\"]}]},{\"@type\":\"ImageObject\",\"inLanguage\":\"fr-FR\",\"@id\":\"https:\\\/\\\/www.toulouse-tri.com\\\/?page_id=41#primaryimage\",\"url\":\"https:\\\/\\\/www.toulouse-tri.com\\\/wp-content\\\/uploads\\\/2025\\\/11\\\/Licence-2026.jpg\",\"contentUrl\":\"https:\\\/\\\/www.toulouse-tri.com\\\/wp-content\\\/uploads\\\/2025\\\/11\\\/Licence-2026.jpg\",\"width\":1210,\"height\":567},{\"@type\":\"BreadcrumbList\",\"@id\":\"https:\\\/\\\/www.toulouse-tri.com\\\/?page_id=41#breadcrumb\",\"itemListElement\":[{\"@type\":\"ListItem\",\"position\":1,\"name\":\"Accueil\",\"item\":\"https:\\\/\\\/www.toulouse-tri.com\\\/\"},{\"@type\":\"ListItem\",\"position\":2,\"name\":\"Toulouse Tri\",\"item\":\"http:\\\/\\\/www.toulouse-tri.com\\\/?page_id=9\"},{\"@type\":\"ListItem\",\"position\":3,\"name\":\"Licence\"}]},{\"@type\":\"WebSite\",\"@id\":\"https:\\\/\\\/www.toulouse-tri.com\\\/#website\",\"url\":\"https:\\\/\\\/www.toulouse-tri.com\\\/\",\"name\":\"Toulouse Triathlon\",\"description\":\"Power Meuh\",\"publisher\":{\"@id\":\"https:\\\/\\\/www.toulouse-tri.com\\\/#organization\"},\"potentialAction\":[{\"@type\":\"SearchAction\",\"target\":{\"@type\":\"EntryPoint\",\"urlTemplate\":\"https:\\\/\\\/www.toulouse-tri.com\\\/?s={search_term_string}\"},\"query-input\":{\"@type\":\"PropertyValueSpecification\",\"valueRequired\":true,\"valueName\":\"search_term_string\"}}],\"inLanguage\":\"fr-FR\"},{\"@type\":\"Organization\",\"@id\":\"https:\\\/\\\/www.toulouse-tri.com\\\/#organization\",\"name\":\"Toulouse Triathlon\",\"url\":\"https:\\\/\\\/www.toulouse-tri.com\\\/\",\"logo\":{\"@type\":\"ImageObject\",\"inLanguage\":\"fr-FR\",\"@id\":\"https:\\\/\\\/www.toulouse-tri.com\\\/#\\\/schema\\\/logo\\\/image\\\/\",\"url\":\"https:\\\/\\\/www.toulouse-tri.com\\\/wp-content\\\/uploads\\\/2015\\\/03\\\/pwrmeuh.gif\",\"contentUrl\":\"https:\\\/\\\/www.toulouse-tri.com\\\/wp-content\\\/uploads\\\/2015\\\/03\\\/pwrmeuh.gif\",\"width\":224,\"height\":176,\"caption\":\"Toulouse Triathlon\"},\"image\":{\"@id\":\"https:\\\/\\\/www.toulouse-tri.com\\\/#\\\/schema\\\/logo\\\/image\\\/\"}}]}<\/script>\n<!-- \/ Yoast SEO plugin. -->","yoast_head_json":{"title":"Licence - Toulouse Triathlon","robots":{"index":"index","follow":"follow","max-snippet":"max-snippet:-1","max-image-preview":"max-image-preview:large","max-video-preview":"max-video-preview:-1"},"canonical":"https:\/\/www.toulouse-tri.com\/?page_id=41","og_locale":"fr_FR","og_type":"article","og_title":"Licence - Toulouse Triathlon","og_description":"La proc\u00e9dure pour rejoindre le Toulouse Triathlon (possible \u00e0 tout moment)","og_url":"https:\/\/www.toulouse-tri.com\/?page_id=41","og_site_name":"Toulouse Triathlon","article_modified_time":"2025-11-21T09:12:31+00:00","og_image":[{"width":1210,"height":567,"url":"http:\/\/www.toulouse-tri.com\/wp-content\/uploads\/2025\/11\/Licence-2026.jpg","type":"image\/jpeg"}],"twitter_card":"summary_large_image","twitter_misc":{"Dur\u00e9e de lecture estim\u00e9e":"6 minutes"},"schema":{"@context":"https:\/\/schema.org","@graph":[{"@type":"WebPage","@id":"https:\/\/www.toulouse-tri.com\/?page_id=41","url":"https:\/\/www.toulouse-tri.com\/?page_id=41","name":"Licence - Toulouse Triathlon","isPartOf":{"@id":"https:\/\/www.toulouse-tri.com\/#website"},"primaryImageOfPage":{"@id":"https:\/\/www.toulouse-tri.com\/?page_id=41#primaryimage"},"image":{"@id":"https:\/\/www.toulouse-tri.com\/?page_id=41#primaryimage"},"thumbnailUrl":"https:\/\/www.toulouse-tri.com\/wp-content\/uploads\/2025\/11\/Licence-2026.jpg","datePublished":"2015-03-04T21:33:24+00:00","dateModified":"2025-11-21T09:12:31+00:00","breadcrumb":{"@id":"https:\/\/www.toulouse-tri.com\/?page_id=41#breadcrumb"},"inLanguage":"fr-FR","potentialAction":[{"@type":"ReadAction","target":["https:\/\/www.toulouse-tri.com\/?page_id=41"]}]},{"@type":"ImageObject","inLanguage":"fr-FR","@id":"https:\/\/www.toulouse-tri.com\/?page_id=41#primaryimage","url":"https:\/\/www.toulouse-tri.com\/wp-content\/uploads\/2025\/11\/Licence-2026.jpg","contentUrl":"https:\/\/www.toulouse-tri.com\/wp-content\/uploads\/2025\/11\/Licence-2026.jpg","width":1210,"height":567},{"@type":"BreadcrumbList","@id":"https:\/\/www.toulouse-tri.com\/?page_id=41#breadcrumb","itemListElement":[{"@type":"ListItem","position":1,"name":"Accueil","item":"https:\/\/www.toulouse-tri.com\/"},{"@type":"ListItem","position":2,"name":"Toulouse Tri","item":"http:\/\/www.toulouse-tri.com\/?page_id=9"},{"@type":"ListItem","position":3,"name":"Licence"}]},{"@type":"WebSite","@id":"https:\/\/www.toulouse-tri.com\/#website","url":"https:\/\/www.toulouse-tri.com\/","name":"Toulouse Triathlon","description":"Power Meuh","publisher":{"@id":"https:\/\/www.toulouse-tri.com\/#organization"},"potentialAction":[{"@type":"SearchAction","target":{"@type":"EntryPoint","urlTemplate":"https:\/\/www.toulouse-tri.com\/?s={search_term_string}"},"query-input":{"@type":"PropertyValueSpecification","valueRequired":true,"valueName":"search_term_string"}}],"inLanguage":"fr-FR"},{"@type":"Organization","@id":"https:\/\/www.toulouse-tri.com\/#organization","name":"Toulouse Triathlon","url":"https:\/\/www.toulouse-tri.com\/","logo":{"@type":"ImageObject","inLanguage":"fr-FR","@id":"https:\/\/www.toulouse-tri.com\/#\/schema\/logo\/image\/","url":"https:\/\/www.toulouse-tri.com\/wp-content\/uploads\/2015\/03\/pwrmeuh.gif","contentUrl":"https:\/\/www.toulouse-tri.com\/wp-content\/uploads\/2015\/03\/pwrmeuh.gif","width":224,"height":176,"caption":"Toulouse Triathlon"},"image":{"@id":"https:\/\/www.toulouse-tri.com\/#\/schema\/logo\/image\/"}}]}},"_links":{"self":[{"href":"https:\/\/www.toulouse-tri.com\/index.php?rest_route=\/wp\/v2\/pages\/41","targetHints":{"allow":["GET"]}}],"collection":[{"href":"https:\/\/www.toulouse-tri.com\/index.php?rest_route=\/wp\/v2\/pages"}],"about":[{"href":"https:\/\/www.toulouse-tri.com\/index.php?rest_route=\/wp\/v2\/types\/page"}],"author":[{"embeddable":true,"href":"https:\/\/www.toulouse-tri.com\/index.php?rest_route=\/wp\/v2\/users\/1"}],"replies":[{"embeddable":true,"href":"https:\/\/www.toulouse-tri.com\/index.php?rest_route=%2Fwp%2Fv2%2Fcomments&post=41"}],"version-history":[{"count":49,"href":"https:\/\/www.toulouse-tri.com\/index.php?rest_route=\/wp\/v2\/pages\/41\/revisions"}],"predecessor-version":[{"id":15172,"href":"https:\/\/www.toulouse-tri.com\/index.php?rest_route=\/wp\/v2\/pages\/41\/revisions\/15172"}],"up":[{"embeddable":true,"href":"https:\/\/www.toulouse-tri.com\/index.php?rest_route=\/wp\/v2\/pages\/6"}],"wp:featuredmedia":[{"embeddable":true,"href":"https:\/\/www.toulouse-tri.com\/index.php?rest_route=\/wp\/v2\/media\/15426"}],"wp:attachment":[{"href":"https:\/\/www.toulouse-tri.com\/index.php?rest_route=%2Fwp%2Fv2%2Fmedia&parent=41"}],"curies":[{"name":"wp","href":"https:\/\/api.w.org\/{rel}","templated":true}]}}