{"id":34,"date":"2015-03-04T21:35:31","date_gmt":"2015-03-04T20:35:31","guid":{"rendered":"http:\/\/www.toulouse-tri.com\/beta\/?page_id=34"},"modified":"2026-01-09T10:42:17","modified_gmt":"2026-01-09T09:42:17","slug":"horaires-et-lieux-dentrainements","status":"publish","type":"page","link":"https:\/\/www.toulouse-tri.com\/?page_id=34","title":{"rendered":"Entra\u00eenements"},"content":{"rendered":"<h2 style=\"text-align: center;\"><strong>Entra\u00eenements Toulouse Triathlon 2025-2026<\/strong><\/h2>\n<p>Voici la liste de tous les entra\u00eenements normaux du Toulouse Triathlon pour bien pr\u00e9parer la saison !<br \/>\n<span style=\"color: #800080;\"><strong>Nota<\/strong> : Les \u00e9ventuels changements ou ajouts sont signal\u00e9s dans les <a href=\"https:\/\/www.toulouse-tri.com\/?cat=85\" target=\"_blank\" rel=\"noopener noreferrer\"><span style=\"text-decoration: underline;\">informations<\/span><\/a> et tous les cr\u00e9neaux sont \u00e0 retrouver dans le <span style=\"text-decoration: underline;\"><a href=\"https:\/\/www.toulouse-tri.com\/?page_id=4015&amp;ai1ec=\" target=\"_blank\" rel=\"noopener noreferrer\">calendrier<\/a><\/span>\u00a0\ud83d\udd10 du club.<\/span><\/p>\n<div>Ces entra\u00eenements concernent les Adultes : Junior, Senior et Master (pour les entra\u00eenements des jeunes, voir sur la page de l&#8217;<a href=\"https:\/\/www.toulouse-tri.com\/?page_id=47\"><span style=\"text-decoration: underline;\">\u00e9cole de triathlon<\/span><\/a> du club) :<\/div>\n<div><\/div>\n<table style=\"width: auto;\" border=\"0\" cellspacing=\"0\" cellpadding=\"1\" align=\"center\">\n<tbody>\n<tr class=\"table_resultats_titre\">\n<td style=\"text-align: left;\">Jour et Horaires<\/td>\n<td>Discipline<\/td>\n<td>Lieu d&#8217;entra\u00eenement<\/td>\n<\/tr>\n<tr bgcolor=\"#e3e2ed\">\n<td class=\"table_resultats_data\"><strong>Lundi<\/strong><br \/>\nDe nov \u00e0 mars<br \/>\n19h00 &#8211; 20h00<\/td>\n<td class=\"table_resultats_data\"><strong><span style=\"color: #008000;\">V\u00e9lo Home-Trainer en visio<\/span><\/strong><br \/>\nTravail de force et v\u00e9locit\u00e9<\/td>\n<td class=\"table_resultats_data\">Chez soi&#8230;<\/td>\n<\/tr>\n<tr bgcolor=\"#d7d7d9\">\n<td class=\"table_resultats_data\"><strong>Mardi<\/strong><br \/>\n12h00 &#8211; 13h30 (1)<\/td>\n<td class=\"table_resultats_data\"><span style=\"color: #000080;\"><strong>Natation<\/strong><\/span><\/td>\n<td class=\"table_resultats_data\"><a href=\"https:\/\/www.toulouse.fr\/web\/sports\/piscines\/bellevue\">Piscine Bellevue Nordique<\/a><br \/>\n69 ter, route de Narbonne<br \/>\n31 400 Toulouse<\/td>\n<\/tr>\n<tr bgcolor=\"#e3e2ed\">\n<td class=\"table_resultats_data\"><strong>Mardi<\/strong><br \/>\n20h00 &#8211; 22h00<\/td>\n<td class=\"table_resultats_data\"><strong><span style=\"color: #800000;\">Course \u00e0 pied<\/span><\/strong><br \/>\nS\u00e9ance de piste<br \/>\n(PPG puis fractionn\u00e9)<\/td>\n<td class=\"table_resultats_data\">Stade de l&#8217;ASEAT<br \/>\n8 rue d&#8217;Oran<br \/>\n31 500 Toulouse<br \/>\n<a href=\"http:\/\/www.toulouse-tri.com\/wp-content\/uploads\/2019\/08\/R%C3%A8glement-int%C3%A9rieur-Stades-et-Gymnases.pdf\">R\u00e8glement int\u00e9rieur<\/a><\/td>\n<\/tr>\n<tr bgcolor=\"#d7d7d9\">\n<td class=\"table_resultats_data\"><strong>Mercredi<\/strong><br \/>\nDe sept \u00e0 juin<br \/>\n12h15 &#8211; 13h45<\/td>\n<td class=\"table_resultats_data\"><strong><span style=\"color: #800080;\">Musculation<\/span><\/strong><br \/>\nSur inscription annuelle (payante)<br \/>\n<a href=\"https:\/\/www.toulouse-tri.com\/?page_id=146\">Bulletin d&#8217;inscription et infos<\/a> \ud83d\udd10<\/td>\n<td class=\"table_resultats_data\"><a href=\"https:\/\/goo.gl\/maps\/jV5UhdL3Uzh1npau7\">Parc des Sports du Bazacle<\/a><br \/>\n1, impasse du Ramier des Catalans<br \/>\n31 000 Toulouse<\/td>\n<\/tr>\n<tr bgcolor=\"#e3e2ed\">\n<td class=\"table_resultats_data\"><strong>Mercredi<br \/>\n<\/strong>(jeudi si pas de<br \/>\ncr\u00e9neau piscine)<strong><br \/>\n<\/strong>19h45 &#8211; 21h30<br \/>\n(Remplac\u00e9e par <a href=\"https:\/\/www.toulouse-tri.com\/?p=3430\" target=\"_blank\" rel=\"noopener noreferrer\">un resto<\/a> \ud83d\udd10<br \/>\nle &#8220;premier&#8221; du mois)<\/td>\n<td class=\"table_resultats_data\"><strong><span style=\"color: #800000;\">Course \u00e0 pied<\/span><\/strong><br \/>\n<a href=\"https:\/\/www.strava.com\/clubs\/17103\/group_events\/1264976\">Sortie longue endurance non encadr\u00e9e<\/a><\/td>\n<td class=\"table_resultats_data\">Rendez-vous devant l&#8217;Entr\u00e9e de la<br \/>\n<a class=\"postlink\" href=\"https:\/\/www.toulouse.fr\/web\/sports\/piscines\/alex-jany\" target=\"_blank\" rel=\"noopener noreferrer\">Piscine Alex Jany <\/a><br \/>\nChemin du Verdon<br \/>\n31 500 Toulouse<\/td>\n<\/tr>\n<tr bgcolor=\"#d7d7d9\">\n<td class=\"table_resultats_data\"><strong>Jeudi<\/strong><br \/>\n7h00 &#8211; 8h30 (1)<\/td>\n<td class=\"table_resultats_data\"><span style=\"color: #000080;\"><strong>Natation<\/strong><\/span><\/td>\n<td class=\"table_resultats_data\"><a class=\"postlink\" href=\"https:\/\/www.toulouse.fr\/web\/sports\/piscines\/alex-jany\" target=\"_blank\" rel=\"noopener noreferrer\">Piscine Alex Jany <\/a><br \/>\nChemin du Verdon<br \/>\n31 500 Toulouse<\/td>\n<\/tr>\n<tr bgcolor=\"#e3e2ed\">\n<td class=\"table_resultats_data\"><strong>Jeudi<\/strong><br \/>\n20h30 &#8211; 22h30 (1)<\/td>\n<td class=\"table_resultats_data\"><span style=\"color: #000080;\"><strong>Natation<\/strong><\/span><\/td>\n<td class=\"table_resultats_data\"><a class=\"postlink\" href=\"https:\/\/www.toulouse.fr\/web\/sports\/piscines\/toulouse-lautrec\" target=\"_blank\" rel=\"noopener noreferrer\">Piscine Toulouse Lautrec <\/a><br \/>\nImpasse Barthe<br \/>\n31 200 Toulouse<\/td>\n<\/tr>\n<tr bgcolor=\"#d7d7d9\">\n<td class=\"table_resultats_data\"><strong>Samedi (avant piscine)<\/strong><br \/>\n9h30 &#8211; 12h30 (1, 3)<\/td>\n<td class=\"table_resultats_data\"><strong><span style=\"color: #008000;\">V\u00e9lo technique<\/span><\/strong><br \/>\n\u00c9ducatifs<br \/>\nTechnique<br \/>\nFractionn\u00e9s<\/td>\n<td class=\"table_resultats_data\">Rendez-vous \u00e0 Nakache Parking D2<br \/>\n(face aux guichets du Stadium)<br \/>\nParc des Sports<br \/>\nAll\u00e9es Gabriel Bi\u00e9n\u00e8s<br \/>\n31 400 Toulouse<br \/>\n<a href=\"https:\/\/www.toulouse-tri.com\/wp-content\/uploads\/images\/Plans\/plan_nakache.gif\">Plan d&#8217;acc\u00e8s<\/a><\/td>\n<\/tr>\n<tr bgcolor=\"#d7d7d9\">\n<td class=\"table_resultats_data\"><strong>Certains samedis d&#8217;hiver<\/strong><br \/>\n(cf. planif annuelle et calendrier)<\/td>\n<td class=\"table_resultats_data\"><strong><span style=\"color: #800000;\">Sortie longue trail<\/span><\/strong><br \/>\nEncadr\u00e9e<\/td>\n<td class=\"table_resultats_data\">Rendez-vous au Stade Sordelo<br \/>\n82 chemin des c\u00f4tes de Pech David<br \/>\n31 400 Toulouse<\/td>\n<\/tr>\n<tr bgcolor=\"#d7d7d9\">\n<td class=\"table_resultats_data\"><strong>Samedi<br \/>\n(si la piscine n&#8217;a pas lieu)<\/strong><br \/>\n9h00 &#8211; 12h30 (1, 2, 3, 4)<\/td>\n<td class=\"table_resultats_data\"><strong><span style=\"color: #008000;\">V\u00e9lo<\/span><\/strong><br \/>\nSortie route &#8220;d\u00e9couverte&#8221; encadr\u00e9e<br \/>\n(68,8 km, 863 m D+)<\/td>\n<td class=\"table_resultats_data\">D\u00e9part du complexe sportif de Balma<br \/>\nAvenue des A\u00e9rostiers<br \/>\n31 130 Balma<br \/>\n<a class=\"postlink\" href=\"https:\/\/www.toulouse-tri.com\/wp-content\/uploads\/images\/Plans\/plan_balma.gif\" target=\"_blank\" rel=\"noopener noreferrer\">Plan d&#8217;acc\u00e8s<\/a><\/td>\n<\/tr>\n<tr bgcolor=\"#e3e2ed\">\n<td class=\"table_resultats_data\"><strong>Samedi<\/strong><br \/>\n13h30 &#8211; 15h30 (1, 5)<br \/>\nCours technique<br \/>\npossible apr\u00e8s 14h30<\/td>\n<td class=\"table_resultats_data\"><span style=\"color: #000080;\"><strong>Natation<\/strong><\/span><\/td>\n<td class=\"table_resultats_data\"><a class=\"postlink\" href=\"https:\/\/www.toulouse.fr\/web\/sports\/piscines\/nakache-hiver\" target=\"_blank\" rel=\"noopener noreferrer\">Piscine Alfred NAKACHE<\/a><br \/>\nParc des Sports<br \/>\nAll\u00e9es Gabriel Bi\u00e9n\u00e8s<br \/>\n31 400 Toulouse<\/td>\n<\/tr>\n<tr bgcolor=\"#d7d7d9\">\n<td class=\"table_resultats_data\"><strong>Dimanche<\/strong><br \/>\n9h00 &#8211; 12h00 (2, 3, 4)<\/td>\n<td class=\"table_resultats_data\"><strong><span style=\"color: #008000;\">V\u00e9lo<br \/>\n<\/span><\/strong><a href=\"https:\/\/www.strava.com\/clubs\/17103\/group_events\/238997\">Sortie route non encadr\u00e9e<\/a><br \/>\n(68,8 km, 863 m D+)<\/td>\n<td class=\"table_resultats_data\">D\u00e9part du complexe sportif de Balma<br \/>\nAvenue des A\u00e9rostiers<br \/>\n31 130 Balma<br \/>\n<a class=\"postlink\" href=\"https:\/\/www.toulouse-tri.com\/wp-content\/uploads\/images\/Plans\/plan_balma.gif\" target=\"_blank\" rel=\"noopener noreferrer\">Plan d&#8217;acc\u00e8s<\/a><\/td>\n<\/tr>\n<tr bgcolor=\"#e3e2ed\">\n<td class=\"table_resultats_data\"><strong>Dimanche<\/strong><\/td>\n<td class=\"table_resultats_data\"><\/td>\n<td class=\"table_resultats_data\">Triathlons, duathlons, cyclos,<br \/>\nrelais, ski, randos en montagne,<br \/>\nentra\u00eenements divers<br \/>\n(sortie col, stage, grillade, etc.)<br \/>\nN&#8217;h\u00e9sitez pas \u00e0 partager vos id\u00e9es.<\/td>\n<\/tr>\n<\/tbody>\n<\/table>\n<p><strong>Notes<\/strong><\/p>\n<blockquote><p>PPG : Pr\u00e9paration Physique G\u00e9n\u00e9rale.<br \/>\nLes sorties non encadr\u00e9es sont des &#8220;rendez-vous tacites&#8221; et la sortie se faire avec les membres pr\u00e9sents au rendez-vous.<br \/>\n(1) Horaire valable du lundi 08\/09\/2025 au samedi 14\/06\/2026 inclus. Pas de cr\u00e9neaux natation r\u00e9guliers pendant les vacances scolaires (mais parfois quelques cr\u00e9neaux exceptionnels, voir les <a href=\"https:\/\/www.toulouse-tri.com\/?cat=85\"><span style=\"text-decoration: underline;\">infos sur les entra\u00eenements<\/span><\/a>). Pas de cr\u00e9neau le samedi avec les jeunes pendant les vacances scolaires.<br \/>\n(2) Cette sortie s&#8217;effectue en groupe et par niveau. Ce n&#8217;est pas une course.<br \/>\n(3) Le casque est OBLIGATOIRE lors des sorties v\u00e9lo.<br \/>\n(4) L&#8217;heure de retour d\u00e9pend du groupe, de la m\u00e9t\u00e9o, des crevaisons&#8230;<br \/>\n(5) Sauf jours de comp\u00e9tition.<\/p><\/blockquote>\n<p><strong>Informations compl\u00e9mentaires<\/strong><\/p>\n<ul>\n<li><span style=\"color: #000080;\">Natation<\/span> : (sauf les jours f\u00e9ri\u00e9s, et avec des adaptations ou suspensions possibles pendant les vacances scolaires)\n<ol>\n<li>L&#8217;horaire de d\u00e9but de s\u00e9ance est celui de la mise \u00e0 l&#8217;eau.<\/li>\n<li>L&#8217;horaire de fin de s\u00e9ance correspond \u00e0 l&#8217;heure de sortie de la piscine.<\/li>\n<li>Un dipl\u00f4m\u00e9 (BEESAN) est pr\u00e9sent lors des s\u00e9ances natation. Il assurera l&#8217;\u00e9laboration de l&#8217;entra\u00eenement et donnera des conseils techniques.<\/li>\n<li>Bonnet et maillot de bain sont OBLIGATOIRES.<\/li>\n<li>Chacun doit \u00eatre en possession de sa licence FF TRI en cours.<\/li>\n<\/ol>\n<\/li>\n<\/ul>\n<ul>\n<li><span style=\"color: #008000;\">V\u00e9lo<\/span> : Entra\u00eenements assur\u00e9s toute l&#8217;ann\u00e9e.\n<ol>\n<li>Le port du casque est strictement OBLIGATOIRE.<\/li>\n<li>Le respect du code de la route doit \u00eatre observ\u00e9 toute la sortie.<\/li>\n<li>Il est fortement recommand\u00e9 d&#8217;amener quelques barres \u00e9nerg\u00e9tiques pour \u00e9viter toute hypoglyc\u00e9mie et \u00e0 boire.<\/li>\n<li>Chacun doit \u00eatre en possession d&#8217;une trousse de r\u00e9paration adapt\u00e9e.<\/li>\n<\/ol>\n<\/li>\n<\/ul>\n<ul>\n<li><span style=\"color: #800000;\">Course \u00e0 pied<\/span> : Entra\u00eenements assur\u00e9s toute l&#8217;ann\u00e9e.\n<ol>\n<li>L&#8217;\u00e9chauffement du mardi soir commence \u00e0 20h00 avec le protocole que vous trouverez dans la rubrique (accessible aux licenci\u00e9s du Toulouse Triathlon \u00e0 l&#8217;aide de son login) &#8220;<span style=\"text-decoration: underline;\"><a href=\"https:\/\/www.toulouse-tri.com\/?page_id=146\">Le mot du coach<\/a><\/span>&#8220;. La s\u00e9ance encadr\u00e9e commence au plus tard \u00e0 20h20.<\/li>\n<li>Il est fortement recommand\u00e9 d&#8217;amener \u00e0 boire.<\/li>\n<li>Un dipl\u00f4m\u00e9 assurera l&#8217;\u00e9laboration de l&#8217;entra\u00eenement et donnera des conseils techniques.<\/li>\n<li>Une lumi\u00e8re adapt\u00e9e est obligatoire pour la sortie longue du mercredi pendant la p\u00e9riode de l&#8217;ann\u00e9e o\u00f9 tout ou partie de la s\u00e9ance s&#8217;effectue de nuit.<\/li>\n<\/ol>\n<\/li>\n<\/ul>\n<div style=\"text-align: center;\"><\/div>\n<div style=\"text-align: center;\">Derni\u00e8re mise \u00e0 jour le 9 janvier 2026<\/div>\n<div style=\"text-align: center;\"><\/div>\n<div style=\"text-align: center;\">\n<hr \/>\n<\/div>\n<div style=\"text-align: center;\">\n<figure id=\"attachment_2615\" aria-describedby=\"caption-attachment-2615\" style=\"width: 500px\" class=\"wp-caption aligncenter\"><a href=\"https:\/\/www.toulouse-tri.com\/wp-content\/uploads\/2015\/03\/2016-02-25-Roberta-Arr\u00eat-Moulin-4-bis.jpg\"><img loading=\"lazy\" decoding=\"async\" class=\"wp-image-2615\" src=\"https:\/\/www.toulouse-tri.com\/wp-content\/uploads\/2015\/03\/2016-02-25-Roberta-Arr\u00eat-Moulin-4-bis-300x225.jpg\" alt=\"Roberta - Arr\u00eat au Moulin\" width=\"500\" height=\"375\" srcset=\"https:\/\/www.toulouse-tri.com\/wp-content\/uploads\/2015\/03\/2016-02-25-Roberta-Arr\u00eat-Moulin-4-bis-300x225.jpg 300w, https:\/\/www.toulouse-tri.com\/wp-content\/uploads\/2015\/03\/2016-02-25-Roberta-Arr\u00eat-Moulin-4-bis-scaled-400x300.jpg 400w, https:\/\/www.toulouse-tri.com\/wp-content\/uploads\/2015\/03\/2016-02-25-Roberta-Arr\u00eat-Moulin-4-bis-768x576.jpg 768w, https:\/\/www.toulouse-tri.com\/wp-content\/uploads\/2015\/03\/2016-02-25-Roberta-Arr\u00eat-Moulin-4-bis-1024x768.jpg 1024w\" sizes=\"auto, (max-width: 500px) 100vw, 500px\" \/><\/a><figcaption id=\"caption-attachment-2615\" class=\"wp-caption-text\">Le peloton des vachettes lors de l&#8217;arr\u00eat au moulin, un samedi matin<\/figcaption><\/figure>\n<figure id=\"attachment_2072\" aria-describedby=\"caption-attachment-2072\" style=\"width: 500px\" class=\"wp-caption aligncenter\"><a href=\"https:\/\/www.toulouse-tri.com\/wp-content\/uploads\/2015\/03\/20161119_124022.jpg\"><img loading=\"lazy\" decoding=\"async\" class=\"wp-image-2072\" src=\"https:\/\/www.toulouse-tri.com\/wp-content\/uploads\/2015\/03\/20161119_124022-300x169.jpg\" alt=\"Bastien et Franck profitent d'une d\u00e9gustation d'hu\u00eetres\" width=\"500\" height=\"281\" srcset=\"https:\/\/www.toulouse-tri.com\/wp-content\/uploads\/2015\/03\/20161119_124022-300x169.jpg 300w, https:\/\/www.toulouse-tri.com\/wp-content\/uploads\/2015\/03\/20161119_124022-400x225.jpg 400w, https:\/\/www.toulouse-tri.com\/wp-content\/uploads\/2015\/03\/20161119_124022-768x432.jpg 768w, https:\/\/www.toulouse-tri.com\/wp-content\/uploads\/2015\/03\/20161119_124022-1024x576.jpg 1024w\" sizes=\"auto, (max-width: 500px) 100vw, 500px\" \/><\/a><figcaption id=\"caption-attachment-2072\" class=\"wp-caption-text\">Ravitaillement pendant une s\u00e9ance du samedi matin avec <a href=\"https:\/\/www.toulouse-tri.com\/?p=6738\">Bastien<\/a> (sortie longue trail)<\/figcaption><\/figure>\n<\/div>\n","protected":false},"excerpt":{"rendered":"<p>Tous les cr\u00e9neaux d&#8217;entra\u00eenements du club dans nos trois disciplines.<\/p>\n","protected":false},"author":1,"featured_media":14998,"parent":6,"menu_order":2,"comment_status":"closed","ping_status":"closed","template":"","meta":{"footnotes":"","_links_to":"","_links_to_target":""},"class_list":["post-34","page","type-page","status-publish","has-post-thumbnail","hentry"],"yoast_head":"<!-- This site is optimized with the Yoast SEO plugin v27.4 - https:\/\/yoast.com\/product\/yoast-seo-wordpress\/ -->\n<title>Entra\u00eenements - Toulouse Triathlon<\/title>\n<meta name=\"robots\" content=\"index, follow, max-snippet:-1, max-image-preview:large, max-video-preview:-1\" \/>\n<link rel=\"canonical\" href=\"https:\/\/www.toulouse-tri.com\/?page_id=34\" \/>\n<meta property=\"og:locale\" content=\"fr_FR\" \/>\n<meta property=\"og:type\" content=\"article\" \/>\n<meta property=\"og:title\" content=\"Entra\u00eenements - Toulouse Triathlon\" \/>\n<meta property=\"og:description\" content=\"Tous les cr\u00e9neaux d&#039;entra\u00eenements du club dans nos trois disciplines.\" \/>\n<meta property=\"og:url\" content=\"https:\/\/www.toulouse-tri.com\/?page_id=34\" \/>\n<meta property=\"og:site_name\" content=\"Toulouse Triathlon\" \/>\n<meta property=\"article:modified_time\" content=\"2026-01-09T09:42:17+00:00\" \/>\n<meta property=\"og:image\" content=\"http:\/\/www.toulouse-tri.com\/wp-content\/uploads\/2025\/07\/Planning-entrainements.jpg\" \/>\n\t<meta property=\"og:image:width\" content=\"1209\" \/>\n\t<meta property=\"og:image:height\" content=\"567\" \/>\n\t<meta property=\"og:image:type\" content=\"image\/jpeg\" \/>\n<meta name=\"twitter:card\" content=\"summary_large_image\" \/>\n<meta name=\"twitter:label1\" content=\"Dur\u00e9e de lecture estim\u00e9e\" \/>\n\t<meta name=\"twitter:data1\" content=\"5 minutes\" \/>\n<script type=\"application\/ld+json\" class=\"yoast-schema-graph\">{\"@context\":\"https:\\\/\\\/schema.org\",\"@graph\":[{\"@type\":\"WebPage\",\"@id\":\"https:\\\/\\\/www.toulouse-tri.com\\\/?page_id=34\",\"url\":\"https:\\\/\\\/www.toulouse-tri.com\\\/?page_id=34\",\"name\":\"Entra\u00eenements - Toulouse Triathlon\",\"isPartOf\":{\"@id\":\"https:\\\/\\\/www.toulouse-tri.com\\\/#website\"},\"primaryImageOfPage\":{\"@id\":\"https:\\\/\\\/www.toulouse-tri.com\\\/?page_id=34#primaryimage\"},\"image\":{\"@id\":\"https:\\\/\\\/www.toulouse-tri.com\\\/?page_id=34#primaryimage\"},\"thumbnailUrl\":\"https:\\\/\\\/www.toulouse-tri.com\\\/wp-content\\\/uploads\\\/2025\\\/07\\\/Planning-entrainements.jpg\",\"datePublished\":\"2015-03-04T20:35:31+00:00\",\"dateModified\":\"2026-01-09T09:42:17+00:00\",\"breadcrumb\":{\"@id\":\"https:\\\/\\\/www.toulouse-tri.com\\\/?page_id=34#breadcrumb\"},\"inLanguage\":\"fr-FR\",\"potentialAction\":[{\"@type\":\"ReadAction\",\"target\":[\"https:\\\/\\\/www.toulouse-tri.com\\\/?page_id=34\"]}]},{\"@type\":\"ImageObject\",\"inLanguage\":\"fr-FR\",\"@id\":\"https:\\\/\\\/www.toulouse-tri.com\\\/?page_id=34#primaryimage\",\"url\":\"https:\\\/\\\/www.toulouse-tri.com\\\/wp-content\\\/uploads\\\/2025\\\/07\\\/Planning-entrainements.jpg\",\"contentUrl\":\"https:\\\/\\\/www.toulouse-tri.com\\\/wp-content\\\/uploads\\\/2025\\\/07\\\/Planning-entrainements.jpg\",\"width\":1209,\"height\":567},{\"@type\":\"BreadcrumbList\",\"@id\":\"https:\\\/\\\/www.toulouse-tri.com\\\/?page_id=34#breadcrumb\",\"itemListElement\":[{\"@type\":\"ListItem\",\"position\":1,\"name\":\"Accueil\",\"item\":\"https:\\\/\\\/www.toulouse-tri.com\\\/\"},{\"@type\":\"ListItem\",\"position\":2,\"name\":\"Toulouse Tri\",\"item\":\"http:\\\/\\\/www.toulouse-tri.com\\\/?page_id=9\"},{\"@type\":\"ListItem\",\"position\":3,\"name\":\"Entra\u00eenements\"}]},{\"@type\":\"WebSite\",\"@id\":\"https:\\\/\\\/www.toulouse-tri.com\\\/#website\",\"url\":\"https:\\\/\\\/www.toulouse-tri.com\\\/\",\"name\":\"Toulouse Triathlon\",\"description\":\"Power Meuh\",\"publisher\":{\"@id\":\"https:\\\/\\\/www.toulouse-tri.com\\\/#organization\"},\"potentialAction\":[{\"@type\":\"SearchAction\",\"target\":{\"@type\":\"EntryPoint\",\"urlTemplate\":\"https:\\\/\\\/www.toulouse-tri.com\\\/?s={search_term_string}\"},\"query-input\":{\"@type\":\"PropertyValueSpecification\",\"valueRequired\":true,\"valueName\":\"search_term_string\"}}],\"inLanguage\":\"fr-FR\"},{\"@type\":\"Organization\",\"@id\":\"https:\\\/\\\/www.toulouse-tri.com\\\/#organization\",\"name\":\"Toulouse Triathlon\",\"url\":\"https:\\\/\\\/www.toulouse-tri.com\\\/\",\"logo\":{\"@type\":\"ImageObject\",\"inLanguage\":\"fr-FR\",\"@id\":\"https:\\\/\\\/www.toulouse-tri.com\\\/#\\\/schema\\\/logo\\\/image\\\/\",\"url\":\"https:\\\/\\\/www.toulouse-tri.com\\\/wp-content\\\/uploads\\\/2015\\\/03\\\/pwrmeuh.gif\",\"contentUrl\":\"https:\\\/\\\/www.toulouse-tri.com\\\/wp-content\\\/uploads\\\/2015\\\/03\\\/pwrmeuh.gif\",\"width\":224,\"height\":176,\"caption\":\"Toulouse Triathlon\"},\"image\":{\"@id\":\"https:\\\/\\\/www.toulouse-tri.com\\\/#\\\/schema\\\/logo\\\/image\\\/\"}}]}<\/script>\n<!-- \/ Yoast SEO plugin. -->","yoast_head_json":{"title":"Entra\u00eenements - Toulouse Triathlon","robots":{"index":"index","follow":"follow","max-snippet":"max-snippet:-1","max-image-preview":"max-image-preview:large","max-video-preview":"max-video-preview:-1"},"canonical":"https:\/\/www.toulouse-tri.com\/?page_id=34","og_locale":"fr_FR","og_type":"article","og_title":"Entra\u00eenements - Toulouse Triathlon","og_description":"Tous les cr\u00e9neaux d'entra\u00eenements du club dans nos trois disciplines.","og_url":"https:\/\/www.toulouse-tri.com\/?page_id=34","og_site_name":"Toulouse Triathlon","article_modified_time":"2026-01-09T09:42:17+00:00","og_image":[{"width":1209,"height":567,"url":"http:\/\/www.toulouse-tri.com\/wp-content\/uploads\/2025\/07\/Planning-entrainements.jpg","type":"image\/jpeg"}],"twitter_card":"summary_large_image","twitter_misc":{"Dur\u00e9e de lecture estim\u00e9e":"5 minutes"},"schema":{"@context":"https:\/\/schema.org","@graph":[{"@type":"WebPage","@id":"https:\/\/www.toulouse-tri.com\/?page_id=34","url":"https:\/\/www.toulouse-tri.com\/?page_id=34","name":"Entra\u00eenements - Toulouse Triathlon","isPartOf":{"@id":"https:\/\/www.toulouse-tri.com\/#website"},"primaryImageOfPage":{"@id":"https:\/\/www.toulouse-tri.com\/?page_id=34#primaryimage"},"image":{"@id":"https:\/\/www.toulouse-tri.com\/?page_id=34#primaryimage"},"thumbnailUrl":"https:\/\/www.toulouse-tri.com\/wp-content\/uploads\/2025\/07\/Planning-entrainements.jpg","datePublished":"2015-03-04T20:35:31+00:00","dateModified":"2026-01-09T09:42:17+00:00","breadcrumb":{"@id":"https:\/\/www.toulouse-tri.com\/?page_id=34#breadcrumb"},"inLanguage":"fr-FR","potentialAction":[{"@type":"ReadAction","target":["https:\/\/www.toulouse-tri.com\/?page_id=34"]}]},{"@type":"ImageObject","inLanguage":"fr-FR","@id":"https:\/\/www.toulouse-tri.com\/?page_id=34#primaryimage","url":"https:\/\/www.toulouse-tri.com\/wp-content\/uploads\/2025\/07\/Planning-entrainements.jpg","contentUrl":"https:\/\/www.toulouse-tri.com\/wp-content\/uploads\/2025\/07\/Planning-entrainements.jpg","width":1209,"height":567},{"@type":"BreadcrumbList","@id":"https:\/\/www.toulouse-tri.com\/?page_id=34#breadcrumb","itemListElement":[{"@type":"ListItem","position":1,"name":"Accueil","item":"https:\/\/www.toulouse-tri.com\/"},{"@type":"ListItem","position":2,"name":"Toulouse Tri","item":"http:\/\/www.toulouse-tri.com\/?page_id=9"},{"@type":"ListItem","position":3,"name":"Entra\u00eenements"}]},{"@type":"WebSite","@id":"https:\/\/www.toulouse-tri.com\/#website","url":"https:\/\/www.toulouse-tri.com\/","name":"Toulouse Triathlon","description":"Power Meuh","publisher":{"@id":"https:\/\/www.toulouse-tri.com\/#organization"},"potentialAction":[{"@type":"SearchAction","target":{"@type":"EntryPoint","urlTemplate":"https:\/\/www.toulouse-tri.com\/?s={search_term_string}"},"query-input":{"@type":"PropertyValueSpecification","valueRequired":true,"valueName":"search_term_string"}}],"inLanguage":"fr-FR"},{"@type":"Organization","@id":"https:\/\/www.toulouse-tri.com\/#organization","name":"Toulouse Triathlon","url":"https:\/\/www.toulouse-tri.com\/","logo":{"@type":"ImageObject","inLanguage":"fr-FR","@id":"https:\/\/www.toulouse-tri.com\/#\/schema\/logo\/image\/","url":"https:\/\/www.toulouse-tri.com\/wp-content\/uploads\/2015\/03\/pwrmeuh.gif","contentUrl":"https:\/\/www.toulouse-tri.com\/wp-content\/uploads\/2015\/03\/pwrmeuh.gif","width":224,"height":176,"caption":"Toulouse Triathlon"},"image":{"@id":"https:\/\/www.toulouse-tri.com\/#\/schema\/logo\/image\/"}}]}},"_links":{"self":[{"href":"https:\/\/www.toulouse-tri.com\/index.php?rest_route=\/wp\/v2\/pages\/34","targetHints":{"allow":["GET"]}}],"collection":[{"href":"https:\/\/www.toulouse-tri.com\/index.php?rest_route=\/wp\/v2\/pages"}],"about":[{"href":"https:\/\/www.toulouse-tri.com\/index.php?rest_route=\/wp\/v2\/types\/page"}],"author":[{"embeddable":true,"href":"https:\/\/www.toulouse-tri.com\/index.php?rest_route=\/wp\/v2\/users\/1"}],"replies":[{"embeddable":true,"href":"https:\/\/www.toulouse-tri.com\/index.php?rest_route=%2Fwp%2Fv2%2Fcomments&post=34"}],"version-history":[{"count":144,"href":"https:\/\/www.toulouse-tri.com\/index.php?rest_route=\/wp\/v2\/pages\/34\/revisions"}],"predecessor-version":[{"id":15640,"href":"https:\/\/www.toulouse-tri.com\/index.php?rest_route=\/wp\/v2\/pages\/34\/revisions\/15640"}],"up":[{"embeddable":true,"href":"https:\/\/www.toulouse-tri.com\/index.php?rest_route=\/wp\/v2\/pages\/6"}],"wp:featuredmedia":[{"embeddable":true,"href":"https:\/\/www.toulouse-tri.com\/index.php?rest_route=\/wp\/v2\/media\/14998"}],"wp:attachment":[{"href":"https:\/\/www.toulouse-tri.com\/index.php?rest_route=%2Fwp%2Fv2%2Fmedia&parent=34"}],"curies":[{"name":"wp","href":"https:\/\/api.w.org\/{rel}","templated":true}]}}