{"id":320,"date":"2015-08-23T13:25:07","date_gmt":"2015-08-23T12:25:07","guid":{"rendered":"http:\/\/www.toulouse-tri.com\/beta\/?page_id=320"},"modified":"2025-09-23T16:18:44","modified_gmt":"2025-09-23T14:18:44","slug":"plan-dacces","status":"publish","type":"page","link":"https:\/\/www.toulouse-tri.com\/?page_id=320","title":{"rendered":"Plan d&#8217;acc\u00e8s aux Argoulets &#038; du site de course"},"content":{"rendered":"\n<h3 class=\"wp-block-heading\" id=\"informations-pratiques\">Informations pratiques<\/h3>\n\n\n\n<p><a class=\"postlink\" href=\"http:\/\/www.toulouse.fr\/web\/sports\/piscines\/alex-jany\" target=\"_blank\" rel=\"noopener noreferrer\">Piscine et Patinoire Alex Jany<\/a><br>7 chemin du Verdon<br>31 500 Toulouse<\/p>\n\n\n\n<p class=\"has-text-align-center\"><iframe src=\"https:\/\/www.google.com\/maps\/embed?pb=!1m18!1m12!1m3!1d46240.18848635703!2d1.4443314719966176!3d43.585470955545354!2m3!1f0!2f0!3f0!3m2!1i1024!2i768!4f13.1!3m3!1m2!1s0x12aebcd415b38363%3A0x18834e36fa85b0f7!2sPatinoire%20Alex%20Jany!5e0!3m2!1sfr!2sfr!4v1645536682688!5m2!1sfr!2sfr\" style=\"border:0;\" allowfullscreen=\"\" loading=\"lazy\" width=\"600\" height=\"450\"><\/iframe><\/p>\n\n\n\n<h3 class=\"wp-block-heading\" id=\"acces\">Acc\u00e8s<\/h3>\n\n\n\n<ul class=\"wp-block-list\">\n<li>M\u00e9tro : Ligne A, station Argoulets<\/li>\n\n\n\n<li>Voiture : Rocade sortie 15<\/li>\n<\/ul>\n\n\n\n<h3 class=\"wp-block-heading\" id=\"parking\">Parking<\/h3>\n\n\n\n<ul class=\"wp-block-list\">\n<li>Parking de la piscine Alex JANY<\/li>\n\n\n\n<li>Parking des tennis des Argoulets<\/li>\n\n\n\n<li>Parking du dojo et du terrain de pelote basque<\/li>\n\n\n\n<li>Parking du m\u00e9tro Argoulet (<a href=\"https:\/\/www.tisseo.fr\/page-standard\/P%2BR-a-acces-reglemente\">0,60 \u20ac le quart d&#8217;heure<\/a>)<\/li>\n\n\n\n<li>Parking du centre commercial Auchan Gramont<\/li>\n<\/ul>\n\n\n\n<div class=\"wp-block-columns are-vertically-aligned-center is-layout-flex wp-container-core-columns-is-layout-28f84493 wp-block-columns-is-layout-flex\">\n<div class=\"wp-block-column is-vertically-aligned-center is-layout-flow wp-block-column-is-layout-flow\" style=\"flex-basis:10%\"><\/div>\n\n\n\n<div class=\"wp-block-column is-vertically-aligned-center is-layout-flow wp-block-column-is-layout-flow\" style=\"flex-basis:80%\">\n<figure class=\"wp-block-image aligncenter size-full\"><img loading=\"lazy\" decoding=\"async\" width=\"1134\" height=\"1512\" src=\"http:\/\/www.toulouse-tri.com\/wp-content\/uploads\/2025\/09\/Plan-dacces.jpg\" alt=\"\" class=\"wp-image-15182\" srcset=\"https:\/\/www.toulouse-tri.com\/wp-content\/uploads\/2025\/09\/Plan-dacces.jpg 1134w, https:\/\/www.toulouse-tri.com\/wp-content\/uploads\/2025\/09\/Plan-dacces-225x300.jpg 225w, https:\/\/www.toulouse-tri.com\/wp-content\/uploads\/2025\/09\/Plan-dacces-768x1024.jpg 768w, https:\/\/www.toulouse-tri.com\/wp-content\/uploads\/2025\/09\/Plan-dacces-18x24.jpg 18w, https:\/\/www.toulouse-tri.com\/wp-content\/uploads\/2025\/09\/Plan-dacces-27x36.jpg 27w, https:\/\/www.toulouse-tri.com\/wp-content\/uploads\/2025\/09\/Plan-dacces-36x48.jpg 36w, https:\/\/www.toulouse-tri.com\/wp-content\/uploads\/2025\/09\/Plan-dacces-400x533.jpg 400w\" sizes=\"auto, (max-width: 1134px) 100vw, 1134px\" \/><\/figure>\n<\/div>\n\n\n\n<div class=\"wp-block-column is-vertically-aligned-center is-layout-flow wp-block-column-is-layout-flow\" style=\"flex-basis:10px\"><\/div>\n<\/div>\n\n\n\n<h3 class=\"wp-block-heading\" id=\"accueil\">Accueil<\/h3>\n\n\n\n<ul class=\"wp-block-list\">\n<li>Derri\u00e8re la piscine Alex JANY, apr\u00e8s la halle de tennis<\/li>\n\n\n\n<li>Le retrait des dossards est situ\u00e9 pr\u00e8s du terrain de bi-cross<\/li>\n<\/ul>\n\n\n\n<h3 class=\"wp-block-heading\" id=\"plan-du-site\">Plan du site<\/h3>\n\n\n\n<blockquote class=\"wp-block-quote is-layout-flow wp-block-quote-is-layout-flow\">\n<p>Des toilettes s\u00e8chent sont accessibles directement sur le village de la course.<br>D&#8217;autres toilettes se trouvent \u00e0 l&#8217;entr\u00e9e de la piscine.<\/p>\n<cite>L&#8217;acc\u00e8s \u00e0 la halle du tennis est interdit au public et aux athl\u00e8tes<\/cite><\/blockquote>\n\n\n\n<figure class=\"wp-block-image aligncenter size-full\"><img loading=\"lazy\" decoding=\"async\" width=\"937\" height=\"753\" src=\"http:\/\/www.toulouse-tri.com\/wp-content\/uploads\/2025\/09\/Plan-du-site.jpg\" alt=\"\" class=\"wp-image-15184\" srcset=\"https:\/\/www.toulouse-tri.com\/wp-content\/uploads\/2025\/09\/Plan-du-site.jpg 937w, https:\/\/www.toulouse-tri.com\/wp-content\/uploads\/2025\/09\/Plan-du-site-300x241.jpg 300w, https:\/\/www.toulouse-tri.com\/wp-content\/uploads\/2025\/09\/Plan-du-site-768x617.jpg 768w, https:\/\/www.toulouse-tri.com\/wp-content\/uploads\/2025\/09\/Plan-du-site-24x19.jpg 24w, https:\/\/www.toulouse-tri.com\/wp-content\/uploads\/2025\/09\/Plan-du-site-36x29.jpg 36w, https:\/\/www.toulouse-tri.com\/wp-content\/uploads\/2025\/09\/Plan-du-site-48x39.jpg 48w, https:\/\/www.toulouse-tri.com\/wp-content\/uploads\/2025\/09\/Plan-du-site-400x321.jpg 400w\" sizes=\"auto, (max-width: 937px) 100vw, 937px\" \/><\/figure>\n","protected":false},"excerpt":{"rendered":"<p>Tous les d\u00e9tails pratiques pour se rendre sur le site de l&#8217;\u00e9preuve.<\/p>\n","protected":false},"author":1,"featured_media":0,"parent":121,"menu_order":1,"comment_status":"closed","ping_status":"closed","template":"","meta":{"footnotes":"","_links_to":"","_links_to_target":""},"class_list":["post-320","page","type-page","status-publish","hentry"],"yoast_head":"<!-- This site is optimized with the Yoast SEO plugin v27.4 - https:\/\/yoast.com\/product\/yoast-seo-wordpress\/ -->\n<title>Plan d&#039;acc\u00e8s aux Argoulets &amp; du site de course - Toulouse Triathlon<\/title>\n<meta name=\"robots\" content=\"index, follow, max-snippet:-1, max-image-preview:large, max-video-preview:-1\" \/>\n<link rel=\"canonical\" href=\"https:\/\/www.toulouse-tri.com\/?page_id=320\" \/>\n<meta property=\"og:locale\" content=\"fr_FR\" \/>\n<meta property=\"og:type\" content=\"article\" \/>\n<meta property=\"og:title\" content=\"Plan d&#039;acc\u00e8s aux Argoulets &amp; du site de course - Toulouse Triathlon\" \/>\n<meta property=\"og:description\" content=\"Tous les d\u00e9tails pratiques pour se rendre sur le site de l&#039;\u00e9preuve.\" \/>\n<meta property=\"og:url\" content=\"https:\/\/www.toulouse-tri.com\/?page_id=320\" \/>\n<meta property=\"og:site_name\" content=\"Toulouse Triathlon\" \/>\n<meta property=\"article:modified_time\" content=\"2025-09-23T14:18:44+00:00\" \/>\n<meta property=\"og:image\" content=\"https:\/\/www.toulouse-tri.com\/wp-content\/uploads\/2025\/09\/Plan-dacces.jpg\" \/>\n\t<meta property=\"og:image:width\" content=\"1134\" \/>\n\t<meta property=\"og:image:height\" content=\"1512\" \/>\n\t<meta property=\"og:image:type\" content=\"image\/jpeg\" \/>\n<meta name=\"twitter:card\" content=\"summary_large_image\" \/>\n<meta name=\"twitter:label1\" content=\"Dur\u00e9e de lecture estim\u00e9e\" \/>\n\t<meta name=\"twitter:data1\" content=\"1 minute\" \/>\n<script type=\"application\/ld+json\" class=\"yoast-schema-graph\">{\"@context\":\"https:\\\/\\\/schema.org\",\"@graph\":[{\"@type\":\"WebPage\",\"@id\":\"https:\\\/\\\/www.toulouse-tri.com\\\/?page_id=320\",\"url\":\"https:\\\/\\\/www.toulouse-tri.com\\\/?page_id=320\",\"name\":\"Plan d'acc\u00e8s aux Argoulets & du site de course - Toulouse Triathlon\",\"isPartOf\":{\"@id\":\"https:\\\/\\\/www.toulouse-tri.com\\\/#website\"},\"primaryImageOfPage\":{\"@id\":\"https:\\\/\\\/www.toulouse-tri.com\\\/?page_id=320#primaryimage\"},\"image\":{\"@id\":\"https:\\\/\\\/www.toulouse-tri.com\\\/?page_id=320#primaryimage\"},\"thumbnailUrl\":\"http:\\\/\\\/www.toulouse-tri.com\\\/wp-content\\\/uploads\\\/2025\\\/09\\\/Plan-dacces.jpg\",\"datePublished\":\"2015-08-23T12:25:07+00:00\",\"dateModified\":\"2025-09-23T14:18:44+00:00\",\"breadcrumb\":{\"@id\":\"https:\\\/\\\/www.toulouse-tri.com\\\/?page_id=320#breadcrumb\"},\"inLanguage\":\"fr-FR\",\"potentialAction\":[{\"@type\":\"ReadAction\",\"target\":[\"https:\\\/\\\/www.toulouse-tri.com\\\/?page_id=320\"]}]},{\"@type\":\"ImageObject\",\"inLanguage\":\"fr-FR\",\"@id\":\"https:\\\/\\\/www.toulouse-tri.com\\\/?page_id=320#primaryimage\",\"url\":\"https:\\\/\\\/www.toulouse-tri.com\\\/wp-content\\\/uploads\\\/2025\\\/09\\\/Plan-dacces.jpg\",\"contentUrl\":\"https:\\\/\\\/www.toulouse-tri.com\\\/wp-content\\\/uploads\\\/2025\\\/09\\\/Plan-dacces.jpg\",\"width\":1134,\"height\":1512},{\"@type\":\"BreadcrumbList\",\"@id\":\"https:\\\/\\\/www.toulouse-tri.com\\\/?page_id=320#breadcrumb\",\"itemListElement\":[{\"@type\":\"ListItem\",\"position\":1,\"name\":\"Accueil\",\"item\":\"https:\\\/\\\/www.toulouse-tri.com\\\/\"},{\"@type\":\"ListItem\",\"position\":2,\"name\":\"Organisations\",\"item\":\"http:\\\/\\\/www.toulouse-tri.com\\\/?page_id=318\"},{\"@type\":\"ListItem\",\"position\":3,\"name\":\"Trigoulet\",\"item\":\"https:\\\/\\\/www.toulouse-tri.com\\\/?page_id=121\"},{\"@type\":\"ListItem\",\"position\":4,\"name\":\"Plan d&#8217;acc\u00e8s aux Argoulets &#038; du site de course\"}]},{\"@type\":\"WebSite\",\"@id\":\"https:\\\/\\\/www.toulouse-tri.com\\\/#website\",\"url\":\"https:\\\/\\\/www.toulouse-tri.com\\\/\",\"name\":\"Toulouse Triathlon\",\"description\":\"Power Meuh\",\"publisher\":{\"@id\":\"https:\\\/\\\/www.toulouse-tri.com\\\/#organization\"},\"potentialAction\":[{\"@type\":\"SearchAction\",\"target\":{\"@type\":\"EntryPoint\",\"urlTemplate\":\"https:\\\/\\\/www.toulouse-tri.com\\\/?s={search_term_string}\"},\"query-input\":{\"@type\":\"PropertyValueSpecification\",\"valueRequired\":true,\"valueName\":\"search_term_string\"}}],\"inLanguage\":\"fr-FR\"},{\"@type\":\"Organization\",\"@id\":\"https:\\\/\\\/www.toulouse-tri.com\\\/#organization\",\"name\":\"Toulouse Triathlon\",\"url\":\"https:\\\/\\\/www.toulouse-tri.com\\\/\",\"logo\":{\"@type\":\"ImageObject\",\"inLanguage\":\"fr-FR\",\"@id\":\"https:\\\/\\\/www.toulouse-tri.com\\\/#\\\/schema\\\/logo\\\/image\\\/\",\"url\":\"https:\\\/\\\/www.toulouse-tri.com\\\/wp-content\\\/uploads\\\/2015\\\/03\\\/pwrmeuh.gif\",\"contentUrl\":\"https:\\\/\\\/www.toulouse-tri.com\\\/wp-content\\\/uploads\\\/2015\\\/03\\\/pwrmeuh.gif\",\"width\":224,\"height\":176,\"caption\":\"Toulouse Triathlon\"},\"image\":{\"@id\":\"https:\\\/\\\/www.toulouse-tri.com\\\/#\\\/schema\\\/logo\\\/image\\\/\"}}]}<\/script>\n<!-- \/ Yoast SEO plugin. -->","yoast_head_json":{"title":"Plan d'acc\u00e8s aux Argoulets & du site de course - Toulouse Triathlon","robots":{"index":"index","follow":"follow","max-snippet":"max-snippet:-1","max-image-preview":"max-image-preview:large","max-video-preview":"max-video-preview:-1"},"canonical":"https:\/\/www.toulouse-tri.com\/?page_id=320","og_locale":"fr_FR","og_type":"article","og_title":"Plan d'acc\u00e8s aux Argoulets & du site de course - Toulouse Triathlon","og_description":"Tous les d\u00e9tails pratiques pour se rendre sur le site de l'\u00e9preuve.","og_url":"https:\/\/www.toulouse-tri.com\/?page_id=320","og_site_name":"Toulouse Triathlon","article_modified_time":"2025-09-23T14:18:44+00:00","og_image":[{"width":1134,"height":1512,"url":"https:\/\/www.toulouse-tri.com\/wp-content\/uploads\/2025\/09\/Plan-dacces.jpg","type":"image\/jpeg"}],"twitter_card":"summary_large_image","twitter_misc":{"Dur\u00e9e de lecture estim\u00e9e":"1 minute"},"schema":{"@context":"https:\/\/schema.org","@graph":[{"@type":"WebPage","@id":"https:\/\/www.toulouse-tri.com\/?page_id=320","url":"https:\/\/www.toulouse-tri.com\/?page_id=320","name":"Plan d'acc\u00e8s aux Argoulets & du site de course - Toulouse Triathlon","isPartOf":{"@id":"https:\/\/www.toulouse-tri.com\/#website"},"primaryImageOfPage":{"@id":"https:\/\/www.toulouse-tri.com\/?page_id=320#primaryimage"},"image":{"@id":"https:\/\/www.toulouse-tri.com\/?page_id=320#primaryimage"},"thumbnailUrl":"http:\/\/www.toulouse-tri.com\/wp-content\/uploads\/2025\/09\/Plan-dacces.jpg","datePublished":"2015-08-23T12:25:07+00:00","dateModified":"2025-09-23T14:18:44+00:00","breadcrumb":{"@id":"https:\/\/www.toulouse-tri.com\/?page_id=320#breadcrumb"},"inLanguage":"fr-FR","potentialAction":[{"@type":"ReadAction","target":["https:\/\/www.toulouse-tri.com\/?page_id=320"]}]},{"@type":"ImageObject","inLanguage":"fr-FR","@id":"https:\/\/www.toulouse-tri.com\/?page_id=320#primaryimage","url":"https:\/\/www.toulouse-tri.com\/wp-content\/uploads\/2025\/09\/Plan-dacces.jpg","contentUrl":"https:\/\/www.toulouse-tri.com\/wp-content\/uploads\/2025\/09\/Plan-dacces.jpg","width":1134,"height":1512},{"@type":"BreadcrumbList","@id":"https:\/\/www.toulouse-tri.com\/?page_id=320#breadcrumb","itemListElement":[{"@type":"ListItem","position":1,"name":"Accueil","item":"https:\/\/www.toulouse-tri.com\/"},{"@type":"ListItem","position":2,"name":"Organisations","item":"http:\/\/www.toulouse-tri.com\/?page_id=318"},{"@type":"ListItem","position":3,"name":"Trigoulet","item":"https:\/\/www.toulouse-tri.com\/?page_id=121"},{"@type":"ListItem","position":4,"name":"Plan d&#8217;acc\u00e8s aux Argoulets &#038; du site de course"}]},{"@type":"WebSite","@id":"https:\/\/www.toulouse-tri.com\/#website","url":"https:\/\/www.toulouse-tri.com\/","name":"Toulouse Triathlon","description":"Power Meuh","publisher":{"@id":"https:\/\/www.toulouse-tri.com\/#organization"},"potentialAction":[{"@type":"SearchAction","target":{"@type":"EntryPoint","urlTemplate":"https:\/\/www.toulouse-tri.com\/?s={search_term_string}"},"query-input":{"@type":"PropertyValueSpecification","valueRequired":true,"valueName":"search_term_string"}}],"inLanguage":"fr-FR"},{"@type":"Organization","@id":"https:\/\/www.toulouse-tri.com\/#organization","name":"Toulouse Triathlon","url":"https:\/\/www.toulouse-tri.com\/","logo":{"@type":"ImageObject","inLanguage":"fr-FR","@id":"https:\/\/www.toulouse-tri.com\/#\/schema\/logo\/image\/","url":"https:\/\/www.toulouse-tri.com\/wp-content\/uploads\/2015\/03\/pwrmeuh.gif","contentUrl":"https:\/\/www.toulouse-tri.com\/wp-content\/uploads\/2015\/03\/pwrmeuh.gif","width":224,"height":176,"caption":"Toulouse Triathlon"},"image":{"@id":"https:\/\/www.toulouse-tri.com\/#\/schema\/logo\/image\/"}}]}},"_links":{"self":[{"href":"https:\/\/www.toulouse-tri.com\/index.php?rest_route=\/wp\/v2\/pages\/320","targetHints":{"allow":["GET"]}}],"collection":[{"href":"https:\/\/www.toulouse-tri.com\/index.php?rest_route=\/wp\/v2\/pages"}],"about":[{"href":"https:\/\/www.toulouse-tri.com\/index.php?rest_route=\/wp\/v2\/types\/page"}],"author":[{"embeddable":true,"href":"https:\/\/www.toulouse-tri.com\/index.php?rest_route=\/wp\/v2\/users\/1"}],"replies":[{"embeddable":true,"href":"https:\/\/www.toulouse-tri.com\/index.php?rest_route=%2Fwp%2Fv2%2Fcomments&post=320"}],"version-history":[{"count":26,"href":"https:\/\/www.toulouse-tri.com\/index.php?rest_route=\/wp\/v2\/pages\/320\/revisions"}],"predecessor-version":[{"id":15204,"href":"https:\/\/www.toulouse-tri.com\/index.php?rest_route=\/wp\/v2\/pages\/320\/revisions\/15204"}],"up":[{"embeddable":true,"href":"https:\/\/www.toulouse-tri.com\/index.php?rest_route=\/wp\/v2\/pages\/121"}],"wp:attachment":[{"href":"https:\/\/www.toulouse-tri.com\/index.php?rest_route=%2Fwp%2Fv2%2Fmedia&parent=320"}],"curies":[{"name":"wp","href":"https:\/\/api.w.org\/{rel}","templated":true}]}}