{"id":31,"date":"2015-03-04T21:30:27","date_gmt":"2015-03-04T20:30:27","guid":{"rendered":"http:\/\/www.toulouse-tri.com\/beta\/?page_id=31"},"modified":"2026-01-27T20:43:28","modified_gmt":"2026-01-27T19:43:28","slug":"reglement-interieur","status":"publish","type":"page","link":"https:\/\/www.toulouse-tri.com\/?page_id=31","title":{"rendered":"R\u00e9glement int\u00e9rieur"},"content":{"rendered":"\n<h2 class=\"wp-block-heading has-text-align-center\"><strong>R\u00e8glement Int\u00e9rieur<\/strong><br><strong> \u00ab Toulouse Triathlon \u00bb<\/strong><\/h2>\n\n\n\n<hr class=\"wp-block-separator has-css-opacity\"\/>\n\n\n\n<h3 class=\"wp-block-heading\"><strong>Article 1<br><\/strong><\/h3>\n\n\n\n<p>Le <strong><span style=\"color: #800080;\">Toulouse Triathlon<\/span><\/strong>, club sportif constitu\u00e9 sous la forme d&#8217;une association loi 1901 et r\u00e9f\u00e9rence au RNA sous le num\u00e9ro W313025651, par le biais de son <a href=\"https:\/\/www.toulouse-tri.com\/?page_id=3560\">bureau<\/a>, s\u2019engage \u00e0&#8230; :<\/p>\n\n\n\n<h4 class=\"wp-block-heading\"><strong>1.1. Formalit\u00e9s<\/strong><\/h4>\n\n\n\n<p>Donner toutes les informations n\u00e9cessaires \u00e0 tous les membres afin que chacun s&#8217;inscrive aupr\u00e8s de la F\u00e9d\u00e9ration Fran\u00e7aise de Triathlon.<\/p>\n\n\n\n<h4 class=\"wp-block-heading\"><strong>1.2. Information<\/strong><\/h4>\n\n\n\n<p>1.2.1. Faire suivre \u00e0 tous les adh\u00e9rents les diverses informations \u00e9manant du Comit\u00e9 D\u00e9partemental, de la Ligue R\u00e9gionale et de la F\u00e9d\u00e9ration Fran\u00e7aise de Triathlon.<br>1.2.2. Informer des dates, heures, lieux et ordre du jour des <a href=\"http:\/\/www.toulouse-tri.com\/?page_id=3560\" target=\"_blank\" rel=\"noopener noreferrer\">r\u00e9unions du bureau<\/a> afin de permettre \u00e0 tout adh\u00e9rent qui le d\u00e9sire d\u2019y participer, et communiquer le compte-rendu correspondant.<br>1.2.3. Communiquer toutes les informations importantes sur le club via les moyens officiels touchant l&#8217;ensemble des membres (mailing-list, site web et gazette mensuelle, \u00e9tant explicitement rappel\u00e9 que les r\u00e9seaux sociaux ne sont pas des moyens de communications officiels du club)<\/p>\n\n\n\n<h4 class=\"wp-block-heading\"><strong>1.3. Identit\u00e9<\/strong><\/h4>\n\n\n\n<p>1.3.1. Mettre \u00e0 la disposition des adh\u00e9rents un catalogue de tenues de course et d&#8217;entra\u00eenement aux couleurs du club et une proc\u00e9dure de commande adapt\u00e9e.<br>1.3.2. Il est possible, apr\u00e8s accord du bureau, d\u2019apposer sur les tenues du club le nom de ses sponsors personnels, de son entreprise\u2026<\/p>\n\n\n\n<h4 class=\"wp-block-heading\"><strong>1.4. Formation<\/strong><\/h4>\n\n\n\n<p>1.4.1. Participer aux frais de formation des adh\u00e9rents souhaitant devenir arbitre.<br>1.4.2. Participer, partiellement et sous certaines conditions, aux frais de formation d\u2019encadrement triathlon (BF4 et BF5).<\/p>\n\n\n\n<h4 class=\"wp-block-heading\"><strong>1.5. Achats group\u00e9s<\/strong><\/h4>\n\n\n\n<p>Proposer des commandes group\u00e9es pour l\u2019achat de tenues ou mat\u00e9riel sportif.<\/p>\n\n\n\n<h4 class=\"wp-block-heading\"><strong>1.6. Entra\u00eenements<\/strong><\/h4>\n\n\n\n<p>1.6.1. Mettre en place des entra\u00eenements (encadr\u00e9s ou non) adapt\u00e9s au plus grand nombre dans les diff\u00e9rentes disciplines, avec une planification annuelle<br>1.6.2. Seuls les entra\u00eenements inscrits au programme annuel et au calendrier du club sont des entra\u00eenements officiels du club. Toute sortie ou s\u00e9ance, encadr\u00e9e ou non, organis\u00e9e en dehors de cette planification (par exemple une sortie organis\u00e9e par certains membres entre eux) ne constitue pas un entra\u00eenement du club.<\/p>\n\n\n\n<h4 class=\"wp-block-heading\"><strong>1.7. Comp\u00e9titions<\/strong><\/h4>\n\n\n\n<p>1.7.1. Faire les inscriptions sur les comp\u00e9titions suivantes : Championnat de France, d\u2019Europe et du Monde.<br>1.7.2. Faire, le cas \u00e9ch\u00e9ant, diverses inscriptions sur des \u00e9preuves individuelles ou par \u00e9quipe.<br>1.7.3. Payer, de mani\u00e8re exceptionnelle, l&#8217;inscription de certaines courses (dans la limite des possibilit\u00e9s financi\u00e8res du club) de tout ou partie de ses licenci\u00e9s, par exemple pour favoriser la pratique en comp\u00e9tition.<br>La liste de cette\/ces course(s) sera d\u00e9termin\u00e9e en AG ou en r\u00e9union du bureau, et chacun sera inform\u00e9 au moins 1 (un) mois avant la course concern\u00e9e.<br>1.7.4. Reverser les primes gagn\u00e9es par \u00e9quipe aux membres de l\u2019\u00e9quipe gagnante.<br>La prime totale est divis\u00e9e par le nombre de personnes ayant gagn\u00e9 la prime (en g\u00e9n\u00e9ral entre 3 et 5) et le montant obtenu est revers\u00e9 par le club \u00e0 chacun des membres de l\u2019\u00e9quipe gagnante.<br>Dans la limite des possibilit\u00e9s financi\u00e8res du club, une somme identique est \u00e9galement revers\u00e9e \u00e0 chacun des autres adh\u00e9rents finishers du club sur la course concern\u00e9e.<\/p>\n\n\n\n<h4 class=\"wp-block-heading\"><strong>1.8. Dopage<\/strong><\/h4>\n\n\n\n<p>1.8.1. Radier \u00e0 vie tout adh\u00e9rent ayant \u00e9t\u00e9 contr\u00f4l\u00e9 positif lors d\u2019un contr\u00f4le anti-dopage.<br>1.8.2. Radier \u00e0 vie tout adh\u00e9rent consommant des produits dopants.<br>1.8.3. Radier \u00e0 vie tout adh\u00e9rent incitant d\u2019autres personnes \u00e0 consommer des produits dopants.<\/p>\n\n\n\n<hr class=\"wp-block-separator has-css-opacity\"\/>\n\n\n\n<h3 class=\"wp-block-heading\"><strong>Article 2<br><\/strong><\/h3>\n\n\n\n<p>En contrepartie, l\u2019adh\u00e9rent au club \u00ab Toulouse Triathlon \u00bb s\u2019engage au respect des r\u00e8gles suivantes :<\/p>\n\n\n\n<h4 class=\"wp-block-heading\"><strong>2.1. Vie du club<br><\/strong><\/h4>\n\n\n\n<p class=\"has-text-color\" style=\"color:#800080\"><strong>2.1.1. \u00catre pr\u00e9sent (ou repr\u00e9sent\u00e9 au moyen de la procuration) \u00e0 l\u2019Assembl\u00e9e G\u00e9n\u00e9rale annuelle.<br>2.1.2. \u00catre b\u00e9n\u00e9vole (sauf contraintes familiales ou professionnelles, mais pas pour faire une course) pour la (ou les) \u00e9preuve(s) annuelle(s) que le club organise.<\/strong><br>2.1.3. Participer de mani\u00e8re active, dans la mesure du possible, aux diff\u00e9rents \u00e9v\u00e8nements organis\u00e9s par le Toulouse Triathlon tout au long de l&#8217;ann\u00e9e.<\/p>\n\n\n\n<h4 class=\"wp-block-heading\"><strong>2.2. Formation (BFx, arbitrage\u2026)<\/strong><\/h4>\n\n\n\n<p>2.2.1. Tenir le club au courant du d\u00e9roulement des formations en cours auxquelles il participe et \u00e9tablir un compte rendu \u00e9crit le cas \u00e9ch\u00e9ant.<br>2.2.2. Fournir les notes de frais li\u00e9es \u00e0 cette formation si le club participe financi\u00e8rement.<br>2.2.3. Toute participation financi\u00e8re du club aux formations BF1 et BF2 d\u2019un adh\u00e9rent l\u2019engage, en contrepartie, \u00e0 participer \u00e0 l\u2019encadrement du club pour une dur\u00e9e minimale de : un an pour la formation BF1 et deux ans pour la formation BF2.<\/p>\n\n\n\n<h4 class=\"wp-block-heading\"><strong>2.3. Entra\u00eenement<\/strong><\/h4>\n\n\n\n<p>2.3.1. Respecter les lieux et \u00e9quipements sportifs mis \u00e0 disposition. En particulier :<br>* Dans les piscines publiques :<br>&#8211; Porter obligatoirement un bonnet de bain et un maillot de bain (pas de short)<br>&#8211; Apr\u00e8s l\u2019entra\u00eenement : sortir les lignes d\u2019eau sur le dernier cr\u00e9neau du soir (\u00e0 la piscine Toulouse Lautrec, notamment) et ranger le mat\u00e9riel emprunt\u00e9 (planche&#8230;)<br>&#8211; Sortir de la piscine \u00e0 l&#8217;heure de fin du cr\u00e9neau dernier d\u00e9lai.<br>* Sur la piste d\u2019athl\u00e9tisme :<br>&#8211; Ne pas courir sur les terrains de foot<br>&#8211; Ne pas g\u00eaner les autres sportifs qui s\u2019entra\u00eenent sur le complexe<br>&#8211; Ne pas rouler en v\u00e9lo ou autre v\u00e9hicule sur la piste<br>&#8211; Ne pas laisser de d\u00e9chets sur le bord de la piste, comme des bouteilles d&#8217;eau vide par exemple<br>&#8211; De mani\u00e8re g\u00e9n\u00e9rale, respecter le <a href=\"http:\/\/www.toulouse-tri.com\/wp-content\/uploads\/2019\/08\/R%C3%A8glement-int%C3%A9rieur-Stades-et-Gymnases.pdf\">r\u00e8glement int\u00e9rieur des \u00e9quipements sportifs<\/a> de la ville<br>2.3.2. Respecter les r\u00e8gles de s\u00e9curit\u00e9. En particulier :<br>* Dans les piscines :<br>&#8211; Ne pas courir sur les bords du bassin<br>&#8211; Ne pas \u00e9clabousser, ni faire couler ses camarades<br>&#8211; Douche obligatoire avant de p\u00e9n\u00e9trer sur le bord du bassin.<br>* V\u00e9lo :<br>&#8211; Porter obligatoirement un casque<br>&#8211; Respecter le code de la route<br>* Course \u00e0 pied (sortie longue) :<br>&#8211; Courir sur le trottoir<br>&#8211; Courir avec une lumi\u00e8re lorsqu\u2019il fait nuit<br>2.3.3. Respecter la nature, en course comme \u00e0 l&#8217;entra\u00eenement, en particulier en jetant les d\u00e9chets dans une poubelle et non dans la nature.<\/p>\n\n\n\n<h4 class=\"wp-block-heading\"><strong>2.4. Stages<\/strong><\/h4>\n\n\n\n<p>Toute demande de remboursement de stage devra \u00eatre assortie d\u2019une demande pr\u00e9alable au bureau, ainsi que d\u2019un compte-rendu \u00e9crit apr\u00e8s le stage.<\/p>\n\n\n\n<h4 class=\"wp-block-heading\"><strong>2.5. Comp\u00e9titions Agr\u00e9es FFTri<\/strong><\/h4>\n\n\n\n<p>2.5.1. Respecter le r\u00e8glement de la F\u00e9d\u00e9ration Fran\u00e7aise de Triathlon en vigueur.<br>2.5.2. Respecter les arbitres et leurs d\u00e9cisions, quelles qu&#8217;elles soient, ainsi que tous les b\u00e9n\u00e9voles qui \u0153uvrent au service de la course.<br>2.5.3. Respecter la nature (d\u00e9chets uniquement dans les poches ou les poubelles des zones de propret\u00e9\u2026).<br>2.5.4. S\u2019inscrire sous le nom &#8220;<em>Toulouse Triathlon<\/em>&#8221; lorsque la licence FF TRI fait office d\u2019identit\u00e9 ou de certificat m\u00e9dical, et porter la tenue du club (a minima le d\u00e9bardeur ou la tri-fonction, ou le t-shirt &#8220;ville&#8221;) lors de la course, ainsi que pour toute remise de r\u00e9compense (conform\u00e9ment \u00e0 la r\u00e9glementation).<br>Aucune participation financi\u00e8re du club ne sera effectu\u00e9e dans le cas contraire.<br>2.5.5. Tout adh\u00e9rent inscrit sur une course par l\u2019interm\u00e9diaire du club se doit d\u2019honorer sa pr\u00e9sence (d\u00e9lai de pr\u00e9venance aupr\u00e8s du club de 48 h avant la course en cas de d\u00e9fection \u00e9ventuelle) sous peine de se voir refacturer par le club l\u2019int\u00e9gralit\u00e9 de ses frais d\u2019inscription.<br>2.5.6. Faire parvenir au club les classements d\u00e9taill\u00e9s des courses auxquelles il a particip\u00e9 dans la mesure o\u00f9 ils sont disponibles.<br>2.5.7. Informer le bureau de toute inscription par \u00e9quipe faite sous le nom du club.<br>2.5.8. Reverser les primes gagn\u00e9es par \u00e9quipes au club (Cf. l\u2019article 1.6.4.).<br>2.5.9. Les primes gagn\u00e9es \u00e0 titre individuel sont propri\u00e9t\u00e9 de l&#8217;athl\u00e8te, et ne sont pas concern\u00e9es par les articles 1.6.4 et 2.5.8.<\/p>\n\n\n\n<h4 class=\"wp-block-heading\"><strong>2.6. Identit\u00e9<\/strong><\/h4>\n\n\n\n<p>S&#8217;engager \u00e0 porter les couleurs du club sur toutes les \u00e9preuves agr\u00e9es par la FF Tri, et dans la mesure du possible sur toutes les autres \u00e9preuves.<\/p>\n\n\n\n<h4 class=\"wp-block-heading\"><strong>2.7. Mutations<\/strong><\/h4>\n\n\n\n<p>2.7.1. Tout athl\u00e8te d\u00e9sirant faire une mutation devra pr\u00e9venir le bureau du club au moins un mois avant la date de cette mutation.<br>2.7.2. Toute mutation r\u00e9alis\u00e9e hors p\u00e9riode r\u00e9glementaire (du 1<sup>er<\/sup> octobre au 31 d\u00e9cembre) sera assortie d&#8217;une taxe de 50 \u20ac (en plus des frais pr\u00e9vus par la FFTri) \u00e0 l&#8217;ordre du Toulouse Triathlon pour frais de dossier (d&#8217;\u00e9ventuelles d\u00e9rogations pourrons \u00eatres discut\u00e9es par le bureau pour des circonstances exceptionnelles, comme une mutation professionnelle hors d\u00e9partement).<br>2.7.3. Tout licenci\u00e9 ayant un d\u00fb envers le club (financier ou autre) se verra refuser sa demande de mutation.<\/p>\n\n\n\n<hr class=\"wp-block-separator has-css-opacity\"\/>\n\n\n\n<h3 class=\"wp-block-heading\"><strong>Article 3<br><\/strong><\/h3>\n\n\n\n<p>Toute modification du r\u00e8glement int\u00e9rieur sera vot\u00e9e par le bureau, et sera soumise \u00e0 une nouvelle signature de chaque adh\u00e9rent.<\/p>\n\n\n\n<hr class=\"wp-block-separator has-css-opacity\"\/>\n\n\n\n<p class=\"has-text-align-center\">Derni\u00e8re mise \u00e0 jour : 1er septembre 2020<\/p>\n","protected":false},"excerpt":{"rendered":"<p>R\u00e8glement Int\u00e9rieur \u00ab Toulouse Triathlon \u00bb Article 1 Le Toulouse Triathlon, club sportif constitu\u00e9 sous la forme d&#8217;une association loi 1901 et r\u00e9f\u00e9rence au RNA sous le num\u00e9ro W313025651, par le biais de son bureau, s\u2019engage \u00e0&#8230; : 1.1. Formalit\u00e9s<\/p>\n","protected":false},"author":6,"featured_media":0,"parent":6,"menu_order":4,"comment_status":"closed","ping_status":"closed","template":"","meta":{"footnotes":"","_links_to":"","_links_to_target":""},"class_list":["post-31","page","type-page","status-publish","hentry"],"yoast_head":"<!-- This site is optimized with the Yoast SEO plugin v27.4 - https:\/\/yoast.com\/product\/yoast-seo-wordpress\/ -->\n<title>R\u00e9glement int\u00e9rieur - Toulouse Triathlon<\/title>\n<meta name=\"robots\" content=\"index, follow, max-snippet:-1, max-image-preview:large, max-video-preview:-1\" \/>\n<link rel=\"canonical\" href=\"https:\/\/www.toulouse-tri.com\/?page_id=31\" \/>\n<meta property=\"og:locale\" content=\"fr_FR\" \/>\n<meta property=\"og:type\" content=\"article\" \/>\n<meta property=\"og:title\" content=\"R\u00e9glement int\u00e9rieur - Toulouse Triathlon\" \/>\n<meta property=\"og:description\" content=\"R\u00e8glement Int\u00e9rieur \u00ab Toulouse Triathlon \u00bb Article 1 Le Toulouse Triathlon, club sportif constitu\u00e9 sous la forme d&#8217;une association loi 1901 et r\u00e9f\u00e9rence au RNA sous le num\u00e9ro W313025651, par le biais de son bureau, s\u2019engage \u00e0&#8230; : 1.1. Formalit\u00e9s\" \/>\n<meta property=\"og:url\" content=\"https:\/\/www.toulouse-tri.com\/?page_id=31\" \/>\n<meta property=\"og:site_name\" content=\"Toulouse Triathlon\" \/>\n<meta property=\"article:modified_time\" content=\"2026-01-27T19:43:28+00:00\" \/>\n<meta name=\"twitter:card\" content=\"summary_large_image\" \/>\n<meta name=\"twitter:label1\" content=\"Dur\u00e9e de lecture estim\u00e9e\" \/>\n\t<meta name=\"twitter:data1\" content=\"7 minutes\" \/>\n<script type=\"application\/ld+json\" class=\"yoast-schema-graph\">{\"@context\":\"https:\\\/\\\/schema.org\",\"@graph\":[{\"@type\":\"WebPage\",\"@id\":\"https:\\\/\\\/www.toulouse-tri.com\\\/?page_id=31\",\"url\":\"https:\\\/\\\/www.toulouse-tri.com\\\/?page_id=31\",\"name\":\"R\u00e9glement int\u00e9rieur - Toulouse Triathlon\",\"isPartOf\":{\"@id\":\"https:\\\/\\\/www.toulouse-tri.com\\\/#website\"},\"datePublished\":\"2015-03-04T20:30:27+00:00\",\"dateModified\":\"2026-01-27T19:43:28+00:00\",\"breadcrumb\":{\"@id\":\"https:\\\/\\\/www.toulouse-tri.com\\\/?page_id=31#breadcrumb\"},\"inLanguage\":\"fr-FR\",\"potentialAction\":[{\"@type\":\"ReadAction\",\"target\":[\"https:\\\/\\\/www.toulouse-tri.com\\\/?page_id=31\"]}]},{\"@type\":\"BreadcrumbList\",\"@id\":\"https:\\\/\\\/www.toulouse-tri.com\\\/?page_id=31#breadcrumb\",\"itemListElement\":[{\"@type\":\"ListItem\",\"position\":1,\"name\":\"Accueil\",\"item\":\"https:\\\/\\\/www.toulouse-tri.com\\\/\"},{\"@type\":\"ListItem\",\"position\":2,\"name\":\"Toulouse Tri\",\"item\":\"http:\\\/\\\/www.toulouse-tri.com\\\/?page_id=9\"},{\"@type\":\"ListItem\",\"position\":3,\"name\":\"R\u00e9glement int\u00e9rieur\"}]},{\"@type\":\"WebSite\",\"@id\":\"https:\\\/\\\/www.toulouse-tri.com\\\/#website\",\"url\":\"https:\\\/\\\/www.toulouse-tri.com\\\/\",\"name\":\"Toulouse Triathlon\",\"description\":\"Power Meuh\",\"publisher\":{\"@id\":\"https:\\\/\\\/www.toulouse-tri.com\\\/#organization\"},\"potentialAction\":[{\"@type\":\"SearchAction\",\"target\":{\"@type\":\"EntryPoint\",\"urlTemplate\":\"https:\\\/\\\/www.toulouse-tri.com\\\/?s={search_term_string}\"},\"query-input\":{\"@type\":\"PropertyValueSpecification\",\"valueRequired\":true,\"valueName\":\"search_term_string\"}}],\"inLanguage\":\"fr-FR\"},{\"@type\":\"Organization\",\"@id\":\"https:\\\/\\\/www.toulouse-tri.com\\\/#organization\",\"name\":\"Toulouse Triathlon\",\"url\":\"https:\\\/\\\/www.toulouse-tri.com\\\/\",\"logo\":{\"@type\":\"ImageObject\",\"inLanguage\":\"fr-FR\",\"@id\":\"https:\\\/\\\/www.toulouse-tri.com\\\/#\\\/schema\\\/logo\\\/image\\\/\",\"url\":\"https:\\\/\\\/www.toulouse-tri.com\\\/wp-content\\\/uploads\\\/2015\\\/03\\\/pwrmeuh.gif\",\"contentUrl\":\"https:\\\/\\\/www.toulouse-tri.com\\\/wp-content\\\/uploads\\\/2015\\\/03\\\/pwrmeuh.gif\",\"width\":224,\"height\":176,\"caption\":\"Toulouse Triathlon\"},\"image\":{\"@id\":\"https:\\\/\\\/www.toulouse-tri.com\\\/#\\\/schema\\\/logo\\\/image\\\/\"}}]}<\/script>\n<!-- \/ Yoast SEO plugin. -->","yoast_head_json":{"title":"R\u00e9glement int\u00e9rieur - Toulouse Triathlon","robots":{"index":"index","follow":"follow","max-snippet":"max-snippet:-1","max-image-preview":"max-image-preview:large","max-video-preview":"max-video-preview:-1"},"canonical":"https:\/\/www.toulouse-tri.com\/?page_id=31","og_locale":"fr_FR","og_type":"article","og_title":"R\u00e9glement int\u00e9rieur - Toulouse Triathlon","og_description":"R\u00e8glement Int\u00e9rieur \u00ab Toulouse Triathlon \u00bb Article 1 Le Toulouse Triathlon, club sportif constitu\u00e9 sous la forme d&#8217;une association loi 1901 et r\u00e9f\u00e9rence au RNA sous le num\u00e9ro W313025651, par le biais de son bureau, s\u2019engage \u00e0&#8230; : 1.1. Formalit\u00e9s","og_url":"https:\/\/www.toulouse-tri.com\/?page_id=31","og_site_name":"Toulouse Triathlon","article_modified_time":"2026-01-27T19:43:28+00:00","twitter_card":"summary_large_image","twitter_misc":{"Dur\u00e9e de lecture estim\u00e9e":"7 minutes"},"schema":{"@context":"https:\/\/schema.org","@graph":[{"@type":"WebPage","@id":"https:\/\/www.toulouse-tri.com\/?page_id=31","url":"https:\/\/www.toulouse-tri.com\/?page_id=31","name":"R\u00e9glement int\u00e9rieur - Toulouse Triathlon","isPartOf":{"@id":"https:\/\/www.toulouse-tri.com\/#website"},"datePublished":"2015-03-04T20:30:27+00:00","dateModified":"2026-01-27T19:43:28+00:00","breadcrumb":{"@id":"https:\/\/www.toulouse-tri.com\/?page_id=31#breadcrumb"},"inLanguage":"fr-FR","potentialAction":[{"@type":"ReadAction","target":["https:\/\/www.toulouse-tri.com\/?page_id=31"]}]},{"@type":"BreadcrumbList","@id":"https:\/\/www.toulouse-tri.com\/?page_id=31#breadcrumb","itemListElement":[{"@type":"ListItem","position":1,"name":"Accueil","item":"https:\/\/www.toulouse-tri.com\/"},{"@type":"ListItem","position":2,"name":"Toulouse Tri","item":"http:\/\/www.toulouse-tri.com\/?page_id=9"},{"@type":"ListItem","position":3,"name":"R\u00e9glement int\u00e9rieur"}]},{"@type":"WebSite","@id":"https:\/\/www.toulouse-tri.com\/#website","url":"https:\/\/www.toulouse-tri.com\/","name":"Toulouse Triathlon","description":"Power Meuh","publisher":{"@id":"https:\/\/www.toulouse-tri.com\/#organization"},"potentialAction":[{"@type":"SearchAction","target":{"@type":"EntryPoint","urlTemplate":"https:\/\/www.toulouse-tri.com\/?s={search_term_string}"},"query-input":{"@type":"PropertyValueSpecification","valueRequired":true,"valueName":"search_term_string"}}],"inLanguage":"fr-FR"},{"@type":"Organization","@id":"https:\/\/www.toulouse-tri.com\/#organization","name":"Toulouse Triathlon","url":"https:\/\/www.toulouse-tri.com\/","logo":{"@type":"ImageObject","inLanguage":"fr-FR","@id":"https:\/\/www.toulouse-tri.com\/#\/schema\/logo\/image\/","url":"https:\/\/www.toulouse-tri.com\/wp-content\/uploads\/2015\/03\/pwrmeuh.gif","contentUrl":"https:\/\/www.toulouse-tri.com\/wp-content\/uploads\/2015\/03\/pwrmeuh.gif","width":224,"height":176,"caption":"Toulouse Triathlon"},"image":{"@id":"https:\/\/www.toulouse-tri.com\/#\/schema\/logo\/image\/"}}]}},"_links":{"self":[{"href":"https:\/\/www.toulouse-tri.com\/index.php?rest_route=\/wp\/v2\/pages\/31","targetHints":{"allow":["GET"]}}],"collection":[{"href":"https:\/\/www.toulouse-tri.com\/index.php?rest_route=\/wp\/v2\/pages"}],"about":[{"href":"https:\/\/www.toulouse-tri.com\/index.php?rest_route=\/wp\/v2\/types\/page"}],"author":[{"embeddable":true,"href":"https:\/\/www.toulouse-tri.com\/index.php?rest_route=\/wp\/v2\/users\/6"}],"replies":[{"embeddable":true,"href":"https:\/\/www.toulouse-tri.com\/index.php?rest_route=%2Fwp%2Fv2%2Fcomments&post=31"}],"version-history":[{"count":17,"href":"https:\/\/www.toulouse-tri.com\/index.php?rest_route=\/wp\/v2\/pages\/31\/revisions"}],"predecessor-version":[{"id":15678,"href":"https:\/\/www.toulouse-tri.com\/index.php?rest_route=\/wp\/v2\/pages\/31\/revisions\/15678"}],"up":[{"embeddable":true,"href":"https:\/\/www.toulouse-tri.com\/index.php?rest_route=\/wp\/v2\/pages\/6"}],"wp:attachment":[{"href":"https:\/\/www.toulouse-tri.com\/index.php?rest_route=%2Fwp%2Fv2%2Fmedia&parent=31"}],"curies":[{"name":"wp","href":"https:\/\/api.w.org\/{rel}","templated":true}]}}