{"id":2772,"date":"2017-04-19T21:58:39","date_gmt":"2017-04-19T20:58:39","guid":{"rendered":"http:\/\/www.toulouse-tri.com\/?page_id=2772"},"modified":"2025-10-21T10:41:29","modified_gmt":"2025-10-21T08:41:29","slug":"photos-triathlon-roses","status":"publish","type":"page","link":"https:\/\/www.toulouse-tri.com\/?page_id=2772","title":{"rendered":"Photos du Triathlon des Roses"},"content":{"rendered":"\n<h3 class=\"wp-block-heading\" id=\"mce_20\">10<sup>e<\/sup> \u00e9dition toulousaine &#8211; 28 Septembre 2025<\/h3>\n\n\n\n<p>Nicolas, St\u00e9phane, Julie et les autres, vous ont mitraill\u00e9es toute la journ\u00e9e :<\/p>\n\n\n\n<div class=\"wp-block-buttons is-horizontal is-content-justification-center is-layout-flex wp-container-core-buttons-is-layout-03627597 wp-block-buttons-is-layout-flex\">\n<div class=\"wp-block-button\"><a class=\"wp-block-button__link has-white-color has-text-color has-background wp-element-button\" href=\"https:\/\/photos.app.goo.gl\/Vb6TSvA6te8JEsuB6\" style=\"background-color:#e2007e\" target=\"_blank\" rel=\"noreferrer noopener\">Tri des Roses 2025<\/a><\/div>\n\n\n\n<div class=\"wp-block-button\"><a class=\"wp-block-button__link has-white-color has-text-color has-background wp-element-button\" href=\"https:\/\/photos.app.goo.gl\/V759DxZxTQogDoA87\" style=\"background-color:#e2007e\" target=\"_blank\" rel=\"noreferrer noopener\">Entra\u00eenement<\/a><\/div>\n<\/div>\n\n\n\n<p>Vous pouvez \u00e9galement retrouver les photos qui b\u00e9n\u00e9voles qui ont \u0153uvr\u00e9 \u00e0 la r\u00e9ussite de l&#8217;\u00e9v\u00e9nement :<\/p>\n\n\n\n<div class=\"wp-block-buttons is-horizontal is-content-justification-center is-layout-flex wp-container-core-buttons-is-layout-03627597 wp-block-buttons-is-layout-flex\">\n<div class=\"wp-block-button\"><a class=\"wp-block-button__link has-white-color has-text-color has-background wp-element-button\" href=\"https:\/\/photos.app.goo.gl\/t67bzb5CjdXVFD226\" style=\"background-color:#800080\" target=\"_blank\" rel=\"noreferrer noopener\">B\u00e9n\u00e9voles 2025<\/a><\/div>\n<\/div>\n\n\n\n<p>Et vous pouvez \u00e9galement contribuer au livre d&#8217;or sp\u00e9cial mis en place pour cette dixi\u00e8me :<\/p>\n\n\n\n<div class=\"wp-block-buttons is-content-justification-center is-layout-flex wp-container-core-buttons-is-layout-a89b3969 wp-block-buttons-is-layout-flex\">\n<div class=\"wp-block-button\"><a class=\"wp-block-button__link has-background wp-element-button\" href=\"https:\/\/memofreeze.com\/fr\/event\/270e6ec7-e751-4d49-9d7a-86481a4726c2\" style=\"background-color:#e2007e\">Le livre d&#8217;or<\/a><\/div>\n<\/div>\n\n\n\n<h3 class=\"wp-block-heading\" id=\"mce_20\">9<sup>e<\/sup> \u00e9dition toulousaine &#8211; 29 Septembre 2024<\/h3>\n\n\n\n<p>S\u00e9bastien, St\u00e9phane et Hugo, nos photographes b\u00e9n\u00e9voles, ont essay\u00e9 de voir prendre sous toutes les coutures :<\/p>\n\n\n\n<div class=\"wp-block-buttons is-horizontal is-content-justification-center is-layout-flex wp-container-core-buttons-is-layout-03627597 wp-block-buttons-is-layout-flex\">\n<div class=\"wp-block-button\"><a class=\"wp-block-button__link has-white-color has-text-color has-background wp-element-button\" href=\"https:\/\/photos.app.goo.gl\/mSbiH9QusE4f4N5Y8\" style=\"background-color:#e2007e\">Tri des Roses 2024<\/a><\/div>\n\n\n\n<div class=\"wp-block-button\"><a class=\"wp-block-button__link has-white-color has-text-color has-background wp-element-button\" href=\"https:\/\/photos.app.goo.gl\/h1dea18tq3JuXVHx8\" style=\"background-color:#e2007e\">Entra\u00eenement<\/a><\/div>\n<\/div>\n\n\n\n<p>Vous pouvez \u00e9galement retrouver les photos qui b\u00e9n\u00e9voles qui ont \u0153uvr\u00e9 \u00e0 la r\u00e9ussite de l&#8217;\u00e9v\u00e9nement :<\/p>\n\n\n\n<div class=\"wp-block-buttons is-horizontal is-content-justification-center is-layout-flex wp-container-core-buttons-is-layout-03627597 wp-block-buttons-is-layout-flex\">\n<div class=\"wp-block-button\"><a class=\"wp-block-button__link has-white-color has-text-color has-background wp-element-button\" href=\"https:\/\/photos.app.goo.gl\/d8P1ewbSy8CQuq6Y9\" style=\"background-color:#800080\">B\u00e9n\u00e9voles 2024<\/a><\/div>\n<\/div>\n\n\n\n<h3 class=\"wp-block-heading\">8<sup>e<\/sup> \u00e9dition toulousaine &#8211; 24 Septembre 2023<\/h3>\n\n\n\n<p>St\u00e9phane et Hugo ont mitraill\u00e9 toute la journ\u00e9e et sont heureux de vous partager leurs clich\u00e9s :<\/p>\n\n\n\n<div class=\"wp-block-buttons is-horizontal is-content-justification-center is-layout-flex wp-container-core-buttons-is-layout-03627597 wp-block-buttons-is-layout-flex\">\n<div class=\"wp-block-button\"><a class=\"wp-block-button__link has-white-color has-text-color has-background wp-element-button\" href=\"https:\/\/photos.app.goo.gl\/iZsgJLLh7xD1tsWF7\" style=\"background-color:#e2007e\">Tri des Roses 2023<\/a><\/div>\n\n\n\n<div class=\"wp-block-button\"><a class=\"wp-block-button__link has-white-color has-text-color has-background wp-element-button\" href=\"https:\/\/photos.app.goo.gl\/eKJT43LwC4r6EZKQ8\" style=\"background-color:#e2007e\">Entra\u00eenements<\/a><\/div>\n<\/div>\n\n\n\n<p>Vous pouvez \u00e9galement retrouver les photos qui b\u00e9n\u00e9voles qui ont \u0153uvr\u00e9 \u00e0 la r\u00e9ussite de l&#8217;\u00e9v\u00e9nement :<\/p>\n\n\n\n<div class=\"wp-block-buttons is-horizontal is-content-justification-center is-layout-flex wp-container-core-buttons-is-layout-03627597 wp-block-buttons-is-layout-flex\">\n<div class=\"wp-block-button\"><a class=\"wp-block-button__link has-white-color has-text-color has-background wp-element-button\" href=\"https:\/\/photos.app.goo.gl\/prTMeiPgaYwUmYgX9\" style=\"background-color:#800080\">B\u00e9n\u00e9voles 2023<\/a><\/div>\n<\/div>\n\n\n\n<h3 class=\"wp-block-heading\" id=\"mce_20\">7<sup>e<\/sup> \u00e9dition toulousaine &#8211; 25 Septembre 2022<\/h3>\n\n\n\n<p>Merci \u00e0 Florence, Sylvestre et St\u00e9phane pour tous leurs beaux souvenirs de la journ\u00e9e :<\/p>\n\n\n\n<div class=\"wp-block-buttons is-horizontal is-content-justification-center is-layout-flex wp-container-core-buttons-is-layout-03627597 wp-block-buttons-is-layout-flex\">\n<div class=\"wp-block-button\"><a class=\"wp-block-button__link has-white-color has-text-color has-background wp-element-button\" href=\"https:\/\/photos.app.goo.gl\/Dwo4xB5gfKzSPGLS6\" style=\"background-color:#e2007e\">Tri des Roses 2022<\/a><\/div>\n\n\n\n<div class=\"wp-block-button\"><a class=\"wp-block-button__link has-white-color has-text-color has-background wp-element-button\" href=\"https:\/\/photos.app.goo.gl\/55v5TWEuUYV2T7Xh9\" style=\"background-color:#e2007e\">Entra\u00eenements<\/a><\/div>\n<\/div>\n\n\n\n<p>Et comme l&#8217;\u00e9v\u00e9nement ne se fait pas seul, il y avait 80 b\u00e9n\u00e9voles du club, en plus des arbitres et de nos fournisseurs logistiques pour organiser la journ\u00e9e :<\/p>\n\n\n\n<div class=\"wp-block-buttons is-horizontal is-content-justification-center is-layout-flex wp-container-core-buttons-is-layout-03627597 wp-block-buttons-is-layout-flex\">\n<div class=\"wp-block-button\"><a class=\"wp-block-button__link has-white-color has-text-color has-background wp-element-button\" href=\"https:\/\/photos.app.goo.gl\/kdQk9HaZNCwtC1Pq7\" style=\"background-color:#800080\">B\u00e9n\u00e9voles 2022<\/a><\/div>\n<\/div>\n\n\n\n<p>Enfin vous pourrez retrouver les photos du photographe professionnel sur le site du Triathlon des Roses, ainsi que la vid\u00e9o faite gracieusement par <a href=\"https:\/\/louisehebrard1523.myportfolio.com\/\">Louise<\/a> :<\/p>\n\n\n\n<div class=\"wp-block-buttons is-content-justification-center is-layout-flex wp-container-core-buttons-is-layout-a89b3969 wp-block-buttons-is-layout-flex\">\n<div class=\"wp-block-button\"><a class=\"wp-block-button__link has-background wp-element-button\" href=\"https:\/\/toulouse.triathlondesroses.fr\/lesprit-du-triathlon-des-roses\/\" style=\"background-color:#e2007e\">Les photos de Vincent<\/a><\/div>\n\n\n\n<div class=\"wp-block-button\"><a class=\"wp-block-button__link has-background wp-element-button\" href=\"https:\/\/www.toulouse-tri.com\/wp-content\/downloads\/TriDesRoses\/Triathlon-des-Roses-2022.mp4\" style=\"background-color:#e2007e\">La vid\u00e9o de Louise<\/a><\/div>\n<\/div>\n\n\n\n<h3 class=\"wp-block-heading\" id=\"mce_20\">6<sup>e<\/sup> \u00e9dition toulousaine &#8211; 26 Septembre 2021<\/h3>\n\n\n\n<p>Merci \u00e0 St\u00e9phane et Jean-Yves qui vont ont mitraill\u00e9es sous toutes les coutures :<\/p>\n\n\n\n<div class=\"wp-block-buttons is-horizontal is-content-justification-center is-layout-flex wp-container-core-buttons-is-layout-03627597 wp-block-buttons-is-layout-flex\">\n<div class=\"wp-block-button\"><a class=\"wp-block-button__link has-white-color has-text-color has-background wp-element-button\" href=\"https:\/\/photos.app.goo.gl\/9kcDSkJcWimA5mEz9\" style=\"background-color:#e2007e\">Les Roses 2021<\/a><\/div>\n<\/div>\n\n\n\n<p>Et comme l&#8217;\u00e9v\u00e9nement ne se fait pas seul, il y avait 81 b\u00e9n\u00e9voles du club, en plus des arbitres et de nos fournisseurs logistiques pour organiser la journ\u00e9e :<\/p>\n\n\n\n<div class=\"wp-block-buttons is-horizontal is-content-justification-center is-layout-flex wp-container-core-buttons-is-layout-03627597 wp-block-buttons-is-layout-flex\">\n<div class=\"wp-block-button\"><a class=\"wp-block-button__link has-white-color has-text-color has-background wp-element-button\" href=\"https:\/\/photos.app.goo.gl\/wpzaTHPmn6QcKgWY8\" style=\"background-color:#800080\">B\u00e9n\u00e9voles 2021<\/a><\/div>\n<\/div>\n\n\n\n<h3 class=\"wp-block-heading\" id=\"mce_20\">5<sup>e<\/sup> \u00e9dition toulousaine &#8211; 27 Septembre 2020<\/h3>\n\n\n\n<p>S\u00e9bastien, St\u00e9phane et Justine, nos b\u00e9n\u00e9voles photographes, ont pris 1 279 photos de nos Roses, \u00e0 retrouver dans le <a href=\"https:\/\/photos.app.goo.gl\/aGuzh8tF1GFXJ4fE9\">bel album de l&#8217;ann\u00e9e<\/a>.<\/p>\n\n\n\n<div class=\"wp-block-button\"><a class=\"wp-block-button__link has-text-color has-background wp-element-button\" href=\"https:\/\/photos.app.goo.gl\/aGuzh8tF1GFXJ4fE9\" style=\"color:#ffffff;background-color:#e2007e\">Les Roses 2020<\/a><\/div>\n\n\n\n<p>Sans oublier les <a href=\"https:\/\/photos.app.goo.gl\/EhEWGZHGvPVkFAL28\">82 b\u00e9n\u00e9voles<\/a> au total qui ont \u0153uvr\u00e9 un peu partout dans la journ\u00e9e.<\/p>\n\n\n\n<div class=\"wp-block-button\"><a class=\"wp-block-button__link has-background wp-element-button\" href=\"https:\/\/photos.app.goo.gl\/EhEWGZHGvPVkFAL28\" style=\"background-color:#800080\">B\u00e9n\u00e9voles 2020<\/a><\/div>\n\n\n\n<h3 class=\"wp-block-heading\" id=\"mce_20\">4<sup>e<\/sup> \u00e9dition toulousaine &#8211; 22 Septembre 2019<\/h3>\n\n\n\n<p>Ce sont pas moins de 1 255 clich\u00e9s de la journ\u00e9e qui vous attendent sur l&#8217;<a href=\"https:\/\/photos.app.goo.gl\/Y8eEAeVc4qnoStJ46\">album en ligne<\/a>. Un grand merci \u00e0 nos photographes b\u00e9n\u00e9voles  Sylvestre, S\u00e9bastien et St\u00e9phane.<\/p>\n\n\n\n<div class=\"wp-block-button\"><a class=\"wp-block-button__link has-text-color has-background wp-element-button\" href=\"https:\/\/photos.app.goo.gl\/Y8eEAeVc4qnoStJ46\" style=\"color:#ffffff;background-color:#e2007e\">Les Roses 2019<\/a><\/div>\n\n\n\n<p>Vous pouvez aussi retrouver les photos des <a href=\"https:\/\/photos.app.goo.gl\/Hfe5BuAtj35nuZa19\">b\u00e9n\u00e9voles<\/a>.<\/p>\n\n\n\n<div class=\"wp-block-button\"><a class=\"wp-block-button__link has-background wp-element-button\" href=\"https:\/\/photos.app.goo.gl\/Hfe5BuAtj35nuZa19\" style=\"background-color:#800080\">B\u00e9n\u00e9voles 2019<\/a><\/div>\n\n\n\n<h3 class=\"wp-block-heading\" id=\"3e-edition-toulousaine-23-septembre-2018\">3<sup>e<\/sup> \u00e9dition toulousaine &#8211; 23 Septembre 2018<\/h3>\n\n\n\n<p>Retrouvez <a href=\"https:\/\/photos.app.goo.gl\/nJtgj9cPVHMWhAzQ6\" target=\"_blank\" rel=\"noopener noreferrer\">sur ce lien<\/a> les quelques 1 972 photos de nos photographes b\u00e9n\u00e9voles Jean-Claude, Sylvestre, S\u00e9bastien et Harold.<\/p>\n\n\n\n<div class=\"wp-block-button\"><a class=\"wp-block-button__link has-text-color has-background wp-element-button\" href=\"https:\/\/photos.app.goo.gl\/nJtgj9cPVHMWhAzQ6\" style=\"color:#ffffff;background-color:#e2007e\">Les Roses 2018<\/a><\/div>\n\n\n\n<p>Ainsi que les photos des <a href=\"https:\/\/photos.app.goo.gl\/DKeFxiueEJX5Pwdr5\" target=\"_blank\" rel=\"noopener noreferrer\">b\u00e9n\u00e9voles, arbitres et officiels<\/a>.<\/p>\n\n\n\n<div class=\"wp-block-button\"><a class=\"wp-block-button__link has-background wp-element-button\" href=\"https:\/\/photos.app.goo.gl\/DKeFxiueEJX5Pwdr5\" style=\"background-color:#800080\">B\u00e9n\u00e9voles 2018<\/a><\/div>\n\n\n\n<h3 class=\"wp-block-heading\" id=\"2e-edition-toulousaine-24-septembre-2017\">2<sup>e<\/sup> \u00e9dition toulousaine &#8211; 24 Septembre 2017<\/h3>\n\n\n\n<p>Plus de 600 photos du Triathlon des Roses ont \u00e9t\u00e9 prises au cours de la journ\u00e9e par nos deux photographes b\u00e9n\u00e9voles du club \u00c9l\u00e9na et Baptiste.<br>Elles sont toutes disponibles pour vous en <a href=\"https:\/\/photos.app.goo.gl\/ixXGHklEJOBmlgV33\" target=\"_blank\" rel=\"noopener noreferrer\">suivant ce lien<\/a>&nbsp; !<\/p>\n\n\n\n<div class=\"wp-block-button\"><a class=\"wp-block-button__link has-text-color has-background wp-element-button\" href=\"https:\/\/photos.app.goo.gl\/ixXGHklEJOBmlgV33\" style=\"color:#ffffff;background-color:#e2007e\">Les Roses 2017<\/a><\/div>\n\n\n\n<p>Vous pourrez aussi retrouver les photos des <a href=\"https:\/\/photos.app.goo.gl\/h3rX7rDwBzVpLG3k2\" target=\"_blank\" rel=\"noopener noreferrer\">b\u00e9n\u00e9voles, arbitres et officiels<\/a>.<\/p>\n\n\n\n<div class=\"wp-block-button\"><a class=\"wp-block-button__link has-background wp-element-button\" href=\"https:\/\/photos.app.goo.gl\/h3rX7rDwBzVpLG3k2\" style=\"background-color:#800080\">B\u00e9n\u00e9voles 2017<\/a><\/div>\n\n\n\n<h3 class=\"wp-block-heading\" id=\"1re-edition-toulousaine-25-septembre-2016\">1<sup>re<\/sup> \u00e9dition toulousaine &#8211; 25 Septembre 2016<\/h3>\n\n\n\n<p>Toutes les photos du Triathlon des Roses sont disponibles en suivant <a href=\"https:\/\/goo.gl\/photos\/1mRuM76p4Mg1UBAo7\">le lien ICI<\/a> !<\/p>\n\n\n\n<div class=\"wp-block-button\"><a class=\"wp-block-button__link has-text-color has-background wp-element-button\" href=\"https:\/\/goo.gl\/photos\/1mRuM76p4Mg1UBAo7\" style=\"color:#ffffff;background-color:#e2007e\">Les Roses 2016<\/a><\/div>\n\n\n\n<p>Avec en suppl\u00e9ment, les photos des b\u00e9n\u00e9voles et des stands <a href=\"https:\/\/goo.gl\/photos\/brskGmmGzfNyoj138\">ICI<\/a> !<\/p>\n\n\n\n<div class=\"wp-block-button\"><a class=\"wp-block-button__link has-background wp-element-button\" href=\"https:\/\/goo.gl\/photos\/brskGmmGzfNyoj138\" style=\"background-color:#800080\">B\u00e9n\u00e9voles 2016<\/a><\/div>\n\n\n\n<hr class=\"wp-block-separator has-css-opacity\"\/>\n\n\n\n<figure class=\"wp-block-image aligncenter\"><a href=\"https:\/\/www.toulouse-tri.com\/wp-content\/uploads\/2017\/09\/Tritathlon-des-Roses-2017-Parc-\u00e0-v\u00e9los.jpg\"><img decoding=\"async\" src=\"https:\/\/www.toulouse-tri.com\/wp-content\/uploads\/2017\/09\/Tritathlon-des-Roses-2017-Parc-\u00e0-v\u00e9los.jpg\" alt=\"\" class=\"wp-image-3392\"\/><\/a><figcaption class=\"wp-element-caption\">Quand une mar\u00e9e rose prend d\u2019assaut le parc \u00e0 v\u00e9los&#8230;<\/figcaption><\/figure>\n\n\n\n<hr class=\"wp-block-separator has-css-opacity\"\/>\n\n\n\n<figure class=\"wp-block-image aligncenter\"><a href=\"https:\/\/www.toulouse-tri.com\/wp-content\/uploads\/2017\/09\/Tritathlon-des-Roses-2017-D\u00e9part-piscine.jpg\"><img decoding=\"async\" src=\"https:\/\/www.toulouse-tri.com\/wp-content\/uploads\/2017\/09\/Tritathlon-des-Roses-2017-D\u00e9part-piscine.jpg\" alt=\"\" class=\"wp-image-3391\"\/><\/a><figcaption class=\"wp-element-caption\">Toutes les Roses sont par\u00e9es \u00e0 s&#8217;\u00e9lancer<\/figcaption><\/figure>\n","protected":false},"excerpt":{"rendered":"<p>Les photos de nos b\u00e9n\u00e9voles sont toutes \u00e0 votre disposition<\/p>\n","protected":false},"author":1,"featured_media":13311,"parent":1773,"menu_order":0,"comment_status":"closed","ping_status":"closed","template":"","meta":{"footnotes":"","_links_to":"","_links_to_target":""},"class_list":["post-2772","page","type-page","status-publish","has-post-thumbnail","hentry"],"yoast_head":"<!-- This site is optimized with the Yoast SEO plugin v27.4 - https:\/\/yoast.com\/product\/yoast-seo-wordpress\/ -->\n<title>Photos du Triathlon des Roses - Toulouse Triathlon<\/title>\n<meta name=\"robots\" content=\"index, follow, max-snippet:-1, max-image-preview:large, max-video-preview:-1\" \/>\n<link rel=\"canonical\" href=\"https:\/\/www.toulouse-tri.com\/?page_id=2772\" \/>\n<meta property=\"og:locale\" content=\"fr_FR\" \/>\n<meta property=\"og:type\" content=\"article\" \/>\n<meta property=\"og:title\" content=\"Photos du Triathlon des Roses - Toulouse Triathlon\" \/>\n<meta property=\"og:description\" content=\"Les photos de nos b\u00e9n\u00e9voles sont toutes \u00e0 votre disposition\" \/>\n<meta property=\"og:url\" content=\"https:\/\/www.toulouse-tri.com\/?page_id=2772\" \/>\n<meta property=\"og:site_name\" content=\"Toulouse Triathlon\" \/>\n<meta property=\"article:modified_time\" content=\"2025-10-21T08:41:29+00:00\" \/>\n<meta property=\"og:image\" content=\"http:\/\/www.toulouse-tri.com\/wp-content\/uploads\/2023\/09\/Photos-du-Tri-des-Roses.jpg\" \/>\n\t<meta property=\"og:image:width\" content=\"1209\" \/>\n\t<meta property=\"og:image:height\" content=\"567\" \/>\n\t<meta property=\"og:image:type\" content=\"image\/jpeg\" \/>\n<meta name=\"twitter:card\" content=\"summary_large_image\" \/>\n<meta name=\"twitter:label1\" content=\"Dur\u00e9e de lecture estim\u00e9e\" \/>\n\t<meta name=\"twitter:data1\" content=\"4 minutes\" \/>\n<script type=\"application\/ld+json\" class=\"yoast-schema-graph\">{\"@context\":\"https:\\\/\\\/schema.org\",\"@graph\":[{\"@type\":\"WebPage\",\"@id\":\"https:\\\/\\\/www.toulouse-tri.com\\\/?page_id=2772\",\"url\":\"https:\\\/\\\/www.toulouse-tri.com\\\/?page_id=2772\",\"name\":\"Photos du Triathlon des Roses - Toulouse Triathlon\",\"isPartOf\":{\"@id\":\"https:\\\/\\\/www.toulouse-tri.com\\\/#website\"},\"primaryImageOfPage\":{\"@id\":\"https:\\\/\\\/www.toulouse-tri.com\\\/?page_id=2772#primaryimage\"},\"image\":{\"@id\":\"https:\\\/\\\/www.toulouse-tri.com\\\/?page_id=2772#primaryimage\"},\"thumbnailUrl\":\"https:\\\/\\\/www.toulouse-tri.com\\\/wp-content\\\/uploads\\\/2023\\\/09\\\/Photos-du-Tri-des-Roses.jpg\",\"datePublished\":\"2017-04-19T20:58:39+00:00\",\"dateModified\":\"2025-10-21T08:41:29+00:00\",\"breadcrumb\":{\"@id\":\"https:\\\/\\\/www.toulouse-tri.com\\\/?page_id=2772#breadcrumb\"},\"inLanguage\":\"fr-FR\",\"potentialAction\":[{\"@type\":\"ReadAction\",\"target\":[\"https:\\\/\\\/www.toulouse-tri.com\\\/?page_id=2772\"]}]},{\"@type\":\"ImageObject\",\"inLanguage\":\"fr-FR\",\"@id\":\"https:\\\/\\\/www.toulouse-tri.com\\\/?page_id=2772#primaryimage\",\"url\":\"https:\\\/\\\/www.toulouse-tri.com\\\/wp-content\\\/uploads\\\/2023\\\/09\\\/Photos-du-Tri-des-Roses.jpg\",\"contentUrl\":\"https:\\\/\\\/www.toulouse-tri.com\\\/wp-content\\\/uploads\\\/2023\\\/09\\\/Photos-du-Tri-des-Roses.jpg\",\"width\":1209,\"height\":567},{\"@type\":\"BreadcrumbList\",\"@id\":\"https:\\\/\\\/www.toulouse-tri.com\\\/?page_id=2772#breadcrumb\",\"itemListElement\":[{\"@type\":\"ListItem\",\"position\":1,\"name\":\"Accueil\",\"item\":\"https:\\\/\\\/www.toulouse-tri.com\\\/\"},{\"@type\":\"ListItem\",\"position\":2,\"name\":\"Organisations\",\"item\":\"http:\\\/\\\/www.toulouse-tri.com\\\/?page_id=318\"},{\"@type\":\"ListItem\",\"position\":3,\"name\":\"Triathlon des Roses\",\"item\":\"https:\\\/\\\/www.toulouse-tri.com\\\/?page_id=1773\"},{\"@type\":\"ListItem\",\"position\":4,\"name\":\"Photos du Triathlon des Roses\"}]},{\"@type\":\"WebSite\",\"@id\":\"https:\\\/\\\/www.toulouse-tri.com\\\/#website\",\"url\":\"https:\\\/\\\/www.toulouse-tri.com\\\/\",\"name\":\"Toulouse Triathlon\",\"description\":\"Power Meuh\",\"publisher\":{\"@id\":\"https:\\\/\\\/www.toulouse-tri.com\\\/#organization\"},\"potentialAction\":[{\"@type\":\"SearchAction\",\"target\":{\"@type\":\"EntryPoint\",\"urlTemplate\":\"https:\\\/\\\/www.toulouse-tri.com\\\/?s={search_term_string}\"},\"query-input\":{\"@type\":\"PropertyValueSpecification\",\"valueRequired\":true,\"valueName\":\"search_term_string\"}}],\"inLanguage\":\"fr-FR\"},{\"@type\":\"Organization\",\"@id\":\"https:\\\/\\\/www.toulouse-tri.com\\\/#organization\",\"name\":\"Toulouse Triathlon\",\"url\":\"https:\\\/\\\/www.toulouse-tri.com\\\/\",\"logo\":{\"@type\":\"ImageObject\",\"inLanguage\":\"fr-FR\",\"@id\":\"https:\\\/\\\/www.toulouse-tri.com\\\/#\\\/schema\\\/logo\\\/image\\\/\",\"url\":\"https:\\\/\\\/www.toulouse-tri.com\\\/wp-content\\\/uploads\\\/2015\\\/03\\\/pwrmeuh.gif\",\"contentUrl\":\"https:\\\/\\\/www.toulouse-tri.com\\\/wp-content\\\/uploads\\\/2015\\\/03\\\/pwrmeuh.gif\",\"width\":224,\"height\":176,\"caption\":\"Toulouse Triathlon\"},\"image\":{\"@id\":\"https:\\\/\\\/www.toulouse-tri.com\\\/#\\\/schema\\\/logo\\\/image\\\/\"}}]}<\/script>\n<!-- \/ Yoast SEO plugin. -->","yoast_head_json":{"title":"Photos du Triathlon des Roses - Toulouse Triathlon","robots":{"index":"index","follow":"follow","max-snippet":"max-snippet:-1","max-image-preview":"max-image-preview:large","max-video-preview":"max-video-preview:-1"},"canonical":"https:\/\/www.toulouse-tri.com\/?page_id=2772","og_locale":"fr_FR","og_type":"article","og_title":"Photos du Triathlon des Roses - Toulouse Triathlon","og_description":"Les photos de nos b\u00e9n\u00e9voles sont toutes \u00e0 votre disposition","og_url":"https:\/\/www.toulouse-tri.com\/?page_id=2772","og_site_name":"Toulouse Triathlon","article_modified_time":"2025-10-21T08:41:29+00:00","og_image":[{"width":1209,"height":567,"url":"http:\/\/www.toulouse-tri.com\/wp-content\/uploads\/2023\/09\/Photos-du-Tri-des-Roses.jpg","type":"image\/jpeg"}],"twitter_card":"summary_large_image","twitter_misc":{"Dur\u00e9e de lecture estim\u00e9e":"4 minutes"},"schema":{"@context":"https:\/\/schema.org","@graph":[{"@type":"WebPage","@id":"https:\/\/www.toulouse-tri.com\/?page_id=2772","url":"https:\/\/www.toulouse-tri.com\/?page_id=2772","name":"Photos du Triathlon des Roses - Toulouse Triathlon","isPartOf":{"@id":"https:\/\/www.toulouse-tri.com\/#website"},"primaryImageOfPage":{"@id":"https:\/\/www.toulouse-tri.com\/?page_id=2772#primaryimage"},"image":{"@id":"https:\/\/www.toulouse-tri.com\/?page_id=2772#primaryimage"},"thumbnailUrl":"https:\/\/www.toulouse-tri.com\/wp-content\/uploads\/2023\/09\/Photos-du-Tri-des-Roses.jpg","datePublished":"2017-04-19T20:58:39+00:00","dateModified":"2025-10-21T08:41:29+00:00","breadcrumb":{"@id":"https:\/\/www.toulouse-tri.com\/?page_id=2772#breadcrumb"},"inLanguage":"fr-FR","potentialAction":[{"@type":"ReadAction","target":["https:\/\/www.toulouse-tri.com\/?page_id=2772"]}]},{"@type":"ImageObject","inLanguage":"fr-FR","@id":"https:\/\/www.toulouse-tri.com\/?page_id=2772#primaryimage","url":"https:\/\/www.toulouse-tri.com\/wp-content\/uploads\/2023\/09\/Photos-du-Tri-des-Roses.jpg","contentUrl":"https:\/\/www.toulouse-tri.com\/wp-content\/uploads\/2023\/09\/Photos-du-Tri-des-Roses.jpg","width":1209,"height":567},{"@type":"BreadcrumbList","@id":"https:\/\/www.toulouse-tri.com\/?page_id=2772#breadcrumb","itemListElement":[{"@type":"ListItem","position":1,"name":"Accueil","item":"https:\/\/www.toulouse-tri.com\/"},{"@type":"ListItem","position":2,"name":"Organisations","item":"http:\/\/www.toulouse-tri.com\/?page_id=318"},{"@type":"ListItem","position":3,"name":"Triathlon des Roses","item":"https:\/\/www.toulouse-tri.com\/?page_id=1773"},{"@type":"ListItem","position":4,"name":"Photos du Triathlon des Roses"}]},{"@type":"WebSite","@id":"https:\/\/www.toulouse-tri.com\/#website","url":"https:\/\/www.toulouse-tri.com\/","name":"Toulouse Triathlon","description":"Power Meuh","publisher":{"@id":"https:\/\/www.toulouse-tri.com\/#organization"},"potentialAction":[{"@type":"SearchAction","target":{"@type":"EntryPoint","urlTemplate":"https:\/\/www.toulouse-tri.com\/?s={search_term_string}"},"query-input":{"@type":"PropertyValueSpecification","valueRequired":true,"valueName":"search_term_string"}}],"inLanguage":"fr-FR"},{"@type":"Organization","@id":"https:\/\/www.toulouse-tri.com\/#organization","name":"Toulouse Triathlon","url":"https:\/\/www.toulouse-tri.com\/","logo":{"@type":"ImageObject","inLanguage":"fr-FR","@id":"https:\/\/www.toulouse-tri.com\/#\/schema\/logo\/image\/","url":"https:\/\/www.toulouse-tri.com\/wp-content\/uploads\/2015\/03\/pwrmeuh.gif","contentUrl":"https:\/\/www.toulouse-tri.com\/wp-content\/uploads\/2015\/03\/pwrmeuh.gif","width":224,"height":176,"caption":"Toulouse Triathlon"},"image":{"@id":"https:\/\/www.toulouse-tri.com\/#\/schema\/logo\/image\/"}}]}},"_links":{"self":[{"href":"https:\/\/www.toulouse-tri.com\/index.php?rest_route=\/wp\/v2\/pages\/2772","targetHints":{"allow":["GET"]}}],"collection":[{"href":"https:\/\/www.toulouse-tri.com\/index.php?rest_route=\/wp\/v2\/pages"}],"about":[{"href":"https:\/\/www.toulouse-tri.com\/index.php?rest_route=\/wp\/v2\/types\/page"}],"author":[{"embeddable":true,"href":"https:\/\/www.toulouse-tri.com\/index.php?rest_route=\/wp\/v2\/users\/1"}],"replies":[{"embeddable":true,"href":"https:\/\/www.toulouse-tri.com\/index.php?rest_route=%2Fwp%2Fv2%2Fcomments&post=2772"}],"version-history":[{"count":45,"href":"https:\/\/www.toulouse-tri.com\/index.php?rest_route=\/wp\/v2\/pages\/2772\/revisions"}],"predecessor-version":[{"id":15361,"href":"https:\/\/www.toulouse-tri.com\/index.php?rest_route=\/wp\/v2\/pages\/2772\/revisions\/15361"}],"up":[{"embeddable":true,"href":"https:\/\/www.toulouse-tri.com\/index.php?rest_route=\/wp\/v2\/pages\/1773"}],"wp:featuredmedia":[{"embeddable":true,"href":"https:\/\/www.toulouse-tri.com\/index.php?rest_route=\/wp\/v2\/media\/13311"}],"wp:attachment":[{"href":"https:\/\/www.toulouse-tri.com\/index.php?rest_route=%2Fwp%2Fv2%2Fmedia&parent=2772"}],"curies":[{"name":"wp","href":"https:\/\/api.w.org\/{rel}","templated":true}]}}