{"id":260,"date":"2015-08-20T17:01:19","date_gmt":"2015-08-20T16:01:19","guid":{"rendered":"http:\/\/www.toulouse-tri.com\/beta\/?page_id=260"},"modified":"2015-08-20T17:04:52","modified_gmt":"2015-08-20T16:04:52","slug":"senregistrer","status":"publish","type":"page","link":"https:\/\/www.toulouse-tri.com\/?page_id=260","title":{"rendered":"S&#8217;enregistrer"},"content":{"rendered":"\n<div class=\"um um-register um-229\">\n\t<div class=\"um-form\" data-mode=\"register\">\n\t\t<form method=\"post\" action=\"\">\n\t\t\t<div class=\"um-row _um_row_1 \" style=\"padding: 0px 0px 0px 0px;margin: 0px 0px 30px 0px;border-width: 0px 0px 0px 0px;border-style: solid;border-color: #e5cb24;border-radius: 0px;\"><div class=\"um-col-1\"><div  id=\"um_field_229_user_login\" class=\"um-field um-field-text  um-field-user_login um-field-text um-field-type_text\" data-key=\"user_login\"><div class=\"um-field-label\"><label for=\"user_login-229\">Nom d&#039;utilisateur<span class=\"um-req\" title=\"Obligatoire\">*<\/span><\/label><span class=\"um-tip um-tip-w\" title=\"Le nom d&#039;utilisateur servira pour se connecter sur le site\"><i class=\"um-icon-help-circled\"><\/i><\/span><div class=\"um-clear\"><\/div><\/div><div class=\"um-field-area\"><input  autocomplete=\"off\" class=\"um-form-field valid \" type=\"text\" name=\"user_login-229\" id=\"user_login-229\" value=\"\" placeholder=\"\" data-validate=\"unique_username\" data-key=\"user_login\"  aria-invalid=\"false\" \/>\n\n\t\t\t\t\t\t<\/div><\/div><div  id=\"um_field_229_first_name\" class=\"um-field um-field-text  um-field-first_name um-field-text um-field-type_text\" data-key=\"first_name\"><div class=\"um-field-label\"><label for=\"first_name-229\">Pr\u00e9nom<span class=\"um-req\" title=\"Obligatoire\">*<\/span><\/label><div class=\"um-clear\"><\/div><\/div><div class=\"um-field-area\"><input  autocomplete=\"off\" class=\"um-form-field valid \" type=\"text\" name=\"first_name-229\" id=\"first_name-229\" value=\"\" placeholder=\"\" data-validate=\"alphabetic\" data-key=\"first_name\"  aria-invalid=\"false\" \/>\n\n\t\t\t\t\t\t<\/div><\/div><div  id=\"um_field_229_last_name\" class=\"um-field um-field-text  um-field-last_name um-field-text um-field-type_text\" data-key=\"last_name\"><div class=\"um-field-label\"><label for=\"last_name-229\">Nom<span class=\"um-req\" title=\"Obligatoire\">*<\/span><\/label><div class=\"um-clear\"><\/div><\/div><div class=\"um-field-area\"><input  autocomplete=\"off\" class=\"um-form-field valid \" type=\"text\" name=\"last_name-229\" id=\"last_name-229\" value=\"\" placeholder=\"\" data-validate=\"alphabetic\" data-key=\"last_name\"  aria-invalid=\"false\" \/>\n\n\t\t\t\t\t\t<\/div><\/div><div  id=\"um_field_229_user_email\" class=\"um-field um-field-text  um-field-user_email um-field-text um-field-type_text\" data-key=\"user_email\"><div class=\"um-field-label\"><label for=\"user_email-229\">E-mail<span class=\"um-req\" title=\"Obligatoire\">*<\/span><\/label><span class=\"um-tip um-tip-w\" title=\"L&#039;email pourra aussi servir pour se connecter sur le site\"><i class=\"um-icon-help-circled\"><\/i><\/span><div class=\"um-clear\"><\/div><\/div><div class=\"um-field-area\"><input  autocomplete=\"off\" class=\"um-form-field valid \" type=\"text\" name=\"user_email-229\" id=\"user_email-229\" value=\"\" placeholder=\"\" data-validate=\"unique_email\" data-key=\"user_email\"  aria-invalid=\"false\" \/>\n\n\t\t\t\t\t\t<\/div><\/div><div  id=\"um_field_229_user_password\" class=\"um-field um-field-password  um-field-user_password um-field-password um-field-type_password\" data-key=\"user_password\"><div class=\"um-field-label\"><label for=\"user_password-229\">Mot de passe<span class=\"um-req\" title=\"Obligatoire\">*<\/span><\/label><div class=\"um-clear\"><\/div><\/div><div class=\"um-field-area\"><input class=\"um-form-field valid \" type=\"password\" name=\"user_password-229\" id=\"user_password-229\" value=\"\" placeholder=\"\" data-validate=\"\" data-key=\"user_password\"  aria-invalid=\"false\" \/>\n\n\t\t\t\t\t\t\t<\/div><\/div><div  id=\"um_field_229_confirm_user_password\" class=\"um-field um-field-password  um-field-user_password um-field-password um-field-type_password\" data-key=\"confirm_user_password\"><div class=\"um-field-label\"><label for=\"confirm_user_password-229\">Confirmer le Mot de passe<span class=\"um-req\" title=\"Obligatoire\">*<\/span><\/label><div class=\"um-clear\"><\/div><\/div><div class=\"um-field-area\"><input class=\"um-form-field valid \" type=\"password\" name=\"confirm_user_password-229\" id=\"confirm_user_password-229\" value=\"\" placeholder=\"Confirmer le Mot de passe\" data-validate=\"\" data-key=\"confirm_user_password\"  aria-invalid=\"false\" \/><\/div><\/div><div  id=\"um_field_229_adress\" class=\"um-field um-field-textarea  um-field-adress um-field-textarea um-field-type_textarea\" data-key=\"adress\"><div class=\"um-field-label\"><div class=\"um-field-label-icon\"><i class=\"um-icon-android-home\" aria-label=\"Adresse\"><\/i><\/div><label for=\"adress-229\">Adresse<span class=\"um-req\" title=\"Obligatoire\">*<\/span><\/label><div class=\"um-clear\"><\/div><\/div><div class=\"um-field-area\"><textarea    style=\"height: 100px;\" class=\"um-form-field valid \" name=\"adress\" id=\"adress\" placeholder=\"\"  aria-invalid=\"false\" ><\/textarea><\/div><\/div><div  id=\"um_field_229_codepostal\" class=\"um-field um-field-text  um-field-codepostal um-field-text um-field-type_text\" data-key=\"codepostal\"><div class=\"um-field-label\"><label for=\"codepostal-229\">Code postal<span class=\"um-req\" title=\"Obligatoire\">*<\/span><\/label><div class=\"um-clear\"><\/div><\/div><div class=\"um-field-area\"><input  autocomplete=\"off\" class=\"um-form-field valid \" type=\"text\" name=\"codepostal-229\" id=\"codepostal-229\" value=\"\" placeholder=\"\" data-validate=\"numeric\" data-key=\"codepostal\"  aria-invalid=\"false\" \/>\n\n\t\t\t\t\t\t<\/div><\/div><div  id=\"um_field_229_ville\" class=\"um-field um-field-text  um-field-ville um-field-text um-field-type_text\" data-key=\"ville\"><div class=\"um-field-label\"><label for=\"ville-229\">Ville<span class=\"um-req\" title=\"Obligatoire\">*<\/span><\/label><div class=\"um-clear\"><\/div><\/div><div class=\"um-field-area\"><input  autocomplete=\"off\" class=\"um-form-field valid \" type=\"text\" name=\"ville-229\" id=\"ville-229\" value=\"\" placeholder=\"\" data-validate=\"\" data-key=\"ville\"  aria-invalid=\"false\" \/>\n\n\t\t\t\t\t\t<\/div><\/div><div  id=\"um_field_229_mobile_number\" class=\"um-field um-field-tel  um-field-mobile_number um-field-tel um-field-type_tel\" data-key=\"mobile_number\"><div class=\"um-field-label\"><div class=\"um-field-label-icon\"><i class=\"um-faicon-mobile\" aria-label=\"Num\u00e9ro de mobile\"><\/i><\/div><label for=\"mobile_number-229\">Num\u00e9ro de mobile<span class=\"um-req\" title=\"Obligatoire\">*<\/span><\/label><div class=\"um-clear\"><\/div><\/div><div class=\"um-field-area\"><input  autocomplete=\"off\" class=\"um-form-field valid \" type=\"tel\" name=\"mobile_number-229\" id=\"mobile_number-229\" value=\"\" placeholder=\"\" data-validate=\"phone_number\" data-key=\"mobile_number\"  aria-invalid=\"false\" \/>\n\n\t\t\t\t\t\t<\/div><\/div><div  id=\"um_field_229_charte\" class=\"um-field um-field-checkbox  um-field-charte um-field-checkbox um-field-type_checkbox\" data-key=\"charte\"  aria-invalid=\"false\" ><div class=\"um-field-area\"><label class=\"um-field-checkbox  um-field-half \"><input   type=\"checkbox\" name=\"charte[]\" value=\"Je d\u00e9clare sur l&#039;honneur l&#039;exactitude des renseignements port\u00e9s ci-dessus et m&#039;engage \u00e0 respecter la r\u00e9glementation g\u00e9n\u00e9rale f\u00e9d\u00e9rale. Je m&#039;engage \u00e9galement \u00e0 respecter le r\u00e8glement int\u00e9rieur du Toulouse Triathlon. Tout manquement m&#039;expose \u00e0 des sanctions vot\u00e9es par le bureau, pouvant aller jusqu&#039;\u00e0 la radiation.\"  \/><span class=\"um-field-checkbox-state\"><i class=\"um-icon-android-checkbox-outline-blank\"><\/i><\/span><span class=\"um-field-checkbox-option\">Je d\u00e9clare sur l&#039;honneur l&#039;exactitude des renseignements port\u00e9s ci-dessus et m&#039;engage \u00e0 respecter la r\u00e9glementation g\u00e9n\u00e9rale f\u00e9d\u00e9rale. Je m&#039;engage \u00e9galement \u00e0 respecter le r\u00e8glement int\u00e9rieur du Toulouse Triathlon. Tout manquement m&#039;expose \u00e0 des sanctions vot\u00e9es par le bureau, pouvant aller jusqu&#039;\u00e0 la radiation.<\/span><\/label><div class=\"um-clear\"><\/div><\/div><\/div><\/div><\/div>\t<input type=\"hidden\" name=\"form_id\" id=\"form_id_229\" value=\"229\" \/>\n\t\t<p class=\"um_request_name\">\n\t\t<label for=\"um_request_229\">Only fill in if you are not human<\/label>\n\t\t<input type=\"hidden\" name=\"um_request\" id=\"um_request_229\" class=\"input\" value=\"\" size=\"25\" autocomplete=\"off\" \/>\n\t<\/p>\n\t<input type=\"hidden\" id=\"_wpnonce\" name=\"_wpnonce\" value=\"caa7cee501\" \/><input type=\"hidden\" name=\"_wp_http_referer\" value=\"\/index.php?rest_route=%2Fwp%2Fv2%2Fpages%2F260\" \/>\n<div class=\"um-field\">\n\t<div class=\"g-recaptcha\" id=\"um-229\" data-type=\"image\" data-size=\"normal\" data-theme=\"light\" data-sitekey=\"6LcCPFsUAAAAAN6iloXtbNVkBTTbtAxlAgFPDL7J\"><\/div>\n<\/div>\n\n\n<script type=\"text\/javascript\">\n\t\n\t\tvar onloadCallback = function () {\n\t\t\tjQuery('.g-recaptcha').each( function (i) {\n\t\t\t\tgrecaptcha.render( jQuery(this).attr('id'), {\n\t\t\t\t\t'sitekey': jQuery(this).attr('data-sitekey'),\n\t\t\t\t\t'theme': jQuery(this).attr('data-theme')\n\t\t\t\t});\n\t\t\t});\n\t\t};\n\n\t\tfunction um_recaptcha_refresh() {\n\t\t\tjQuery('.g-recaptcha').html('');\n\t\t\tgrecaptcha.reset();\n\t\t\tonloadCallback();\n\t\t}\n\n\t<\/script>\n\n\t<div class=\"um-col-alt\">\n\n\t\t\n\t\t\t<div class=\"um-left um-half\">\n\t\t\t\t<input type=\"submit\" value=\"Enregistrement\" class=\"um-button\" id=\"um-submit-btn\" \/>\n\t\t\t<\/div>\n\t\t\t<div class=\"um-right um-half\">\n\t\t\t\t<a href=\"https:\/\/www.toulouse-tri.com\/?page_id=156\" class=\"um-button um-alt\">\n\t\t\t\t\tConnexion\t\t\t\t<\/a>\n\t\t\t<\/div>\n\n\t\t\n\t\t<div class=\"um-clear\"><\/div>\n\n\t<\/div>\n\n\t\t\t<\/form>\n\t<\/div>\n<\/div>\n<style>\n\t\t\t.um-229.um {\n\t\t\tmax-width: 450px;\n\t\t}\n\t\t<\/style>\n\n","protected":false},"excerpt":{"rendered":"","protected":false},"author":1,"featured_media":0,"parent":233,"menu_order":9,"comment_status":"closed","ping_status":"closed","template":"template-fullwidth.php","meta":{"footnotes":"","_links_to":"","_links_to_target":""},"class_list":["post-260","page","type-page","status-publish","hentry"],"yoast_head":"<!-- This site is optimized with the Yoast SEO plugin v27.4 - https:\/\/yoast.com\/product\/yoast-seo-wordpress\/ -->\n<title>S&#039;enregistrer - Toulouse Triathlon<\/title>\n<meta name=\"robots\" content=\"index, follow, max-snippet:-1, max-image-preview:large, max-video-preview:-1\" \/>\n<link rel=\"canonical\" href=\"https:\/\/www.toulouse-tri.com\/?page_id=260\" \/>\n<meta property=\"og:locale\" content=\"fr_FR\" \/>\n<meta property=\"og:type\" content=\"article\" \/>\n<meta property=\"og:title\" content=\"S&#039;enregistrer - Toulouse Triathlon\" \/>\n<meta property=\"og:url\" content=\"https:\/\/www.toulouse-tri.com\/?page_id=260\" \/>\n<meta property=\"og:site_name\" content=\"Toulouse Triathlon\" \/>\n<meta property=\"article:modified_time\" content=\"2015-08-20T16:04:52+00:00\" \/>\n<meta name=\"twitter:card\" content=\"summary_large_image\" \/>\n<script type=\"application\/ld+json\" class=\"yoast-schema-graph\">{\"@context\":\"https:\\\/\\\/schema.org\",\"@graph\":[{\"@type\":\"WebPage\",\"@id\":\"https:\\\/\\\/www.toulouse-tri.com\\\/?page_id=260\",\"url\":\"https:\\\/\\\/www.toulouse-tri.com\\\/?page_id=260\",\"name\":\"S'enregistrer - Toulouse Triathlon\",\"isPartOf\":{\"@id\":\"https:\\\/\\\/www.toulouse-tri.com\\\/#website\"},\"datePublished\":\"2015-08-20T16:01:19+00:00\",\"dateModified\":\"2015-08-20T16:04:52+00:00\",\"breadcrumb\":{\"@id\":\"https:\\\/\\\/www.toulouse-tri.com\\\/?page_id=260#breadcrumb\"},\"inLanguage\":\"fr-FR\",\"potentialAction\":[{\"@type\":\"ReadAction\",\"target\":[\"https:\\\/\\\/www.toulouse-tri.com\\\/?page_id=260\"]}]},{\"@type\":\"BreadcrumbList\",\"@id\":\"https:\\\/\\\/www.toulouse-tri.com\\\/?page_id=260#breadcrumb\",\"itemListElement\":[{\"@type\":\"ListItem\",\"position\":1,\"name\":\"Accueil\",\"item\":\"https:\\\/\\\/www.toulouse-tri.com\\\/\"},{\"@type\":\"ListItem\",\"position\":2,\"name\":\"Mon Compte\",\"item\":\"http:\\\/\\\/www.toulouse-tri.com\\\/?page_id=268\"},{\"@type\":\"ListItem\",\"position\":3,\"name\":\"S&#8217;enregistrer\"}]},{\"@type\":\"WebSite\",\"@id\":\"https:\\\/\\\/www.toulouse-tri.com\\\/#website\",\"url\":\"https:\\\/\\\/www.toulouse-tri.com\\\/\",\"name\":\"Toulouse Triathlon\",\"description\":\"Power Meuh\",\"publisher\":{\"@id\":\"https:\\\/\\\/www.toulouse-tri.com\\\/#organization\"},\"potentialAction\":[{\"@type\":\"SearchAction\",\"target\":{\"@type\":\"EntryPoint\",\"urlTemplate\":\"https:\\\/\\\/www.toulouse-tri.com\\\/?s={search_term_string}\"},\"query-input\":{\"@type\":\"PropertyValueSpecification\",\"valueRequired\":true,\"valueName\":\"search_term_string\"}}],\"inLanguage\":\"fr-FR\"},{\"@type\":\"Organization\",\"@id\":\"https:\\\/\\\/www.toulouse-tri.com\\\/#organization\",\"name\":\"Toulouse Triathlon\",\"url\":\"https:\\\/\\\/www.toulouse-tri.com\\\/\",\"logo\":{\"@type\":\"ImageObject\",\"inLanguage\":\"fr-FR\",\"@id\":\"https:\\\/\\\/www.toulouse-tri.com\\\/#\\\/schema\\\/logo\\\/image\\\/\",\"url\":\"https:\\\/\\\/www.toulouse-tri.com\\\/wp-content\\\/uploads\\\/2015\\\/03\\\/pwrmeuh.gif\",\"contentUrl\":\"https:\\\/\\\/www.toulouse-tri.com\\\/wp-content\\\/uploads\\\/2015\\\/03\\\/pwrmeuh.gif\",\"width\":224,\"height\":176,\"caption\":\"Toulouse Triathlon\"},\"image\":{\"@id\":\"https:\\\/\\\/www.toulouse-tri.com\\\/#\\\/schema\\\/logo\\\/image\\\/\"}}]}<\/script>\n<!-- \/ Yoast SEO plugin. -->","yoast_head_json":{"title":"S'enregistrer - Toulouse Triathlon","robots":{"index":"index","follow":"follow","max-snippet":"max-snippet:-1","max-image-preview":"max-image-preview:large","max-video-preview":"max-video-preview:-1"},"canonical":"https:\/\/www.toulouse-tri.com\/?page_id=260","og_locale":"fr_FR","og_type":"article","og_title":"S'enregistrer - Toulouse Triathlon","og_url":"https:\/\/www.toulouse-tri.com\/?page_id=260","og_site_name":"Toulouse Triathlon","article_modified_time":"2015-08-20T16:04:52+00:00","twitter_card":"summary_large_image","schema":{"@context":"https:\/\/schema.org","@graph":[{"@type":"WebPage","@id":"https:\/\/www.toulouse-tri.com\/?page_id=260","url":"https:\/\/www.toulouse-tri.com\/?page_id=260","name":"S'enregistrer - Toulouse Triathlon","isPartOf":{"@id":"https:\/\/www.toulouse-tri.com\/#website"},"datePublished":"2015-08-20T16:01:19+00:00","dateModified":"2015-08-20T16:04:52+00:00","breadcrumb":{"@id":"https:\/\/www.toulouse-tri.com\/?page_id=260#breadcrumb"},"inLanguage":"fr-FR","potentialAction":[{"@type":"ReadAction","target":["https:\/\/www.toulouse-tri.com\/?page_id=260"]}]},{"@type":"BreadcrumbList","@id":"https:\/\/www.toulouse-tri.com\/?page_id=260#breadcrumb","itemListElement":[{"@type":"ListItem","position":1,"name":"Accueil","item":"https:\/\/www.toulouse-tri.com\/"},{"@type":"ListItem","position":2,"name":"Mon Compte","item":"http:\/\/www.toulouse-tri.com\/?page_id=268"},{"@type":"ListItem","position":3,"name":"S&#8217;enregistrer"}]},{"@type":"WebSite","@id":"https:\/\/www.toulouse-tri.com\/#website","url":"https:\/\/www.toulouse-tri.com\/","name":"Toulouse Triathlon","description":"Power Meuh","publisher":{"@id":"https:\/\/www.toulouse-tri.com\/#organization"},"potentialAction":[{"@type":"SearchAction","target":{"@type":"EntryPoint","urlTemplate":"https:\/\/www.toulouse-tri.com\/?s={search_term_string}"},"query-input":{"@type":"PropertyValueSpecification","valueRequired":true,"valueName":"search_term_string"}}],"inLanguage":"fr-FR"},{"@type":"Organization","@id":"https:\/\/www.toulouse-tri.com\/#organization","name":"Toulouse Triathlon","url":"https:\/\/www.toulouse-tri.com\/","logo":{"@type":"ImageObject","inLanguage":"fr-FR","@id":"https:\/\/www.toulouse-tri.com\/#\/schema\/logo\/image\/","url":"https:\/\/www.toulouse-tri.com\/wp-content\/uploads\/2015\/03\/pwrmeuh.gif","contentUrl":"https:\/\/www.toulouse-tri.com\/wp-content\/uploads\/2015\/03\/pwrmeuh.gif","width":224,"height":176,"caption":"Toulouse Triathlon"},"image":{"@id":"https:\/\/www.toulouse-tri.com\/#\/schema\/logo\/image\/"}}]}},"_links":{"self":[{"href":"https:\/\/www.toulouse-tri.com\/index.php?rest_route=\/wp\/v2\/pages\/260","targetHints":{"allow":["GET"]}}],"collection":[{"href":"https:\/\/www.toulouse-tri.com\/index.php?rest_route=\/wp\/v2\/pages"}],"about":[{"href":"https:\/\/www.toulouse-tri.com\/index.php?rest_route=\/wp\/v2\/types\/page"}],"author":[{"embeddable":true,"href":"https:\/\/www.toulouse-tri.com\/index.php?rest_route=\/wp\/v2\/users\/1"}],"replies":[{"embeddable":true,"href":"https:\/\/www.toulouse-tri.com\/index.php?rest_route=%2Fwp%2Fv2%2Fcomments&post=260"}],"version-history":[{"count":4,"href":"https:\/\/www.toulouse-tri.com\/index.php?rest_route=\/wp\/v2\/pages\/260\/revisions"}],"predecessor-version":[{"id":4418,"href":"https:\/\/www.toulouse-tri.com\/index.php?rest_route=\/wp\/v2\/pages\/260\/revisions\/4418"}],"up":[{"embeddable":true,"href":"https:\/\/www.toulouse-tri.com\/index.php?rest_route=\/wp\/v2\/pages\/233"}],"wp:attachment":[{"href":"https:\/\/www.toulouse-tri.com\/index.php?rest_route=%2Fwp%2Fv2%2Fmedia&parent=260"}],"curies":[{"name":"wp","href":"https:\/\/api.w.org\/{rel}","templated":true}]}}