{"id":1935,"date":"2016-11-01T21:22:18","date_gmt":"2016-11-01T20:22:18","guid":{"rendered":"http:\/\/www.toulouse-tri.com\/?page_id=1935"},"modified":"2025-11-10T15:55:43","modified_gmt":"2025-11-10T14:55:43","slug":"courses","status":"publish","type":"page","link":"https:\/\/www.toulouse-tri.com\/?page_id=1935","title":{"rendered":"Les &#8220;Vachettes \u00e0 Dossard&#8221; &#8211; Historique"},"content":{"rendered":"\n<p>Ces pages regroupent les r\u00e9sultats de courses des membres du club :<\/p>\n\n\n\n<ul class=\"wp-block-list\">\n<li><a href=\"https:\/\/www.toulouse-tri.com\/?page_id=15381\">Saison 2025-2026<\/a> (en cours)<\/li>\n\n\n\n<li><a href=\"https:\/\/www.toulouse-tri.com\/?page_id=14375\">Saison 2024-2025<\/a><\/li>\n\n\n\n<li><a href=\"https:\/\/www.toulouse-tri.com\/?page_id=13494\">Saison 2023-2024<\/a><\/li>\n\n\n\n<li><a href=\"https:\/\/www.toulouse-tri.com\/?page_id=12477\">Saison 2022-2023<\/a><\/li>\n\n\n\n<li><a href=\"https:\/\/www.toulouse-tri.com\/?page_id=11035\">Saison 2021-2022<\/a><\/li>\n\n\n\n<li><a href=\"https:\/\/www.toulouse-tri.com\/?page_id=9642\">Saison 2020-2021<\/a><\/li>\n\n\n\n<li><a href=\"https:\/\/www.toulouse-tri.com\/?page_id=7587\">Saison 2019-2020<\/a><\/li>\n\n\n\n<li><a href=\"http:\/\/www.toulouse-tri.com\/?page_id=5848\">Saison 2018-2019<\/a><\/li>\n\n\n\n<li><a href=\"http:\/\/www.toulouse-tri.com\/?page_id=3611\">Saison 2017-2018<\/a><\/li>\n\n\n\n<li><a href=\"http:\/\/www.toulouse-tri.com\/?page_id=1989\">Saison 2016-2017<\/a><\/li>\n\n\n\n<li><a href=\"http:\/\/www.toulouse-tri.com\/?page_id=1937\">Saison 2015-2016<\/a><\/li>\n<\/ul>\n\n\n\n<p>Et vous pouvez \u00e9galement retrouver <a href=\"http:\/\/www.toulouse-tri.com\/?cat=59\"><span style=\"text-decoration: underline;\">tous les articles<\/span><\/a> traitant des compte-rendus de certaines courses marquantes (notamment celles o\u00f9 une vachette a fait un podium au g\u00e9n\u00e9ral, mais pas que&#8230;)<\/p>\n","protected":false},"excerpt":{"rendered":"<p>Lien g\u00e9n\u00e9ral vers les r\u00e9sultats de courses des vachettes par saison.<\/p>\n","protected":false},"author":1,"featured_media":0,"parent":5220,"menu_order":0,"comment_status":"closed","ping_status":"closed","template":"","meta":{"footnotes":"","_links_to":"","_links_to_target":""},"class_list":["post-1935","page","type-page","status-publish","hentry"],"yoast_head":"<!-- This site is optimized with the Yoast SEO plugin v27.4 - https:\/\/yoast.com\/product\/yoast-seo-wordpress\/ -->\n<title>Les &quot;Vachettes \u00e0 Dossard&quot; - Historique - Toulouse Triathlon<\/title>\n<meta name=\"robots\" content=\"index, follow, max-snippet:-1, max-image-preview:large, max-video-preview:-1\" \/>\n<link rel=\"canonical\" href=\"https:\/\/www.toulouse-tri.com\/?page_id=1935\" \/>\n<meta property=\"og:locale\" content=\"fr_FR\" \/>\n<meta property=\"og:type\" content=\"article\" \/>\n<meta property=\"og:title\" content=\"Les &quot;Vachettes \u00e0 Dossard&quot; - Historique - Toulouse Triathlon\" \/>\n<meta property=\"og:description\" content=\"Lien g\u00e9n\u00e9ral vers les r\u00e9sultats de courses des vachettes par saison.\" \/>\n<meta property=\"og:url\" content=\"https:\/\/www.toulouse-tri.com\/?page_id=1935\" \/>\n<meta property=\"og:site_name\" content=\"Toulouse Triathlon\" \/>\n<meta property=\"article:modified_time\" content=\"2025-11-10T14:55:43+00:00\" \/>\n<meta name=\"twitter:card\" content=\"summary_large_image\" \/>\n<meta name=\"twitter:label1\" content=\"Dur\u00e9e de lecture estim\u00e9e\" \/>\n\t<meta name=\"twitter:data1\" content=\"1 minute\" \/>\n<script type=\"application\/ld+json\" class=\"yoast-schema-graph\">{\"@context\":\"https:\\\/\\\/schema.org\",\"@graph\":[{\"@type\":\"WebPage\",\"@id\":\"https:\\\/\\\/www.toulouse-tri.com\\\/?page_id=1935\",\"url\":\"https:\\\/\\\/www.toulouse-tri.com\\\/?page_id=1935\",\"name\":\"Les \\\"Vachettes \u00e0 Dossard\\\" - Historique - Toulouse Triathlon\",\"isPartOf\":{\"@id\":\"https:\\\/\\\/www.toulouse-tri.com\\\/#website\"},\"datePublished\":\"2016-11-01T20:22:18+00:00\",\"dateModified\":\"2025-11-10T14:55:43+00:00\",\"breadcrumb\":{\"@id\":\"https:\\\/\\\/www.toulouse-tri.com\\\/?page_id=1935#breadcrumb\"},\"inLanguage\":\"fr-FR\",\"potentialAction\":[{\"@type\":\"ReadAction\",\"target\":[\"https:\\\/\\\/www.toulouse-tri.com\\\/?page_id=1935\"]}]},{\"@type\":\"BreadcrumbList\",\"@id\":\"https:\\\/\\\/www.toulouse-tri.com\\\/?page_id=1935#breadcrumb\",\"itemListElement\":[{\"@type\":\"ListItem\",\"position\":1,\"name\":\"Accueil\",\"item\":\"https:\\\/\\\/www.toulouse-tri.com\\\/\"},{\"@type\":\"ListItem\",\"position\":2,\"name\":\"R\u00e9sultats\",\"item\":\"https:\\\/\\\/www.toulouse-tri.com\\\/?page_id=3611\"},{\"@type\":\"ListItem\",\"position\":3,\"name\":\"Les &#8220;Vachettes \u00e0 Dossard&#8221; &#8211; Historique\"}]},{\"@type\":\"WebSite\",\"@id\":\"https:\\\/\\\/www.toulouse-tri.com\\\/#website\",\"url\":\"https:\\\/\\\/www.toulouse-tri.com\\\/\",\"name\":\"Toulouse Triathlon\",\"description\":\"Power Meuh\",\"publisher\":{\"@id\":\"https:\\\/\\\/www.toulouse-tri.com\\\/#organization\"},\"potentialAction\":[{\"@type\":\"SearchAction\",\"target\":{\"@type\":\"EntryPoint\",\"urlTemplate\":\"https:\\\/\\\/www.toulouse-tri.com\\\/?s={search_term_string}\"},\"query-input\":{\"@type\":\"PropertyValueSpecification\",\"valueRequired\":true,\"valueName\":\"search_term_string\"}}],\"inLanguage\":\"fr-FR\"},{\"@type\":\"Organization\",\"@id\":\"https:\\\/\\\/www.toulouse-tri.com\\\/#organization\",\"name\":\"Toulouse Triathlon\",\"url\":\"https:\\\/\\\/www.toulouse-tri.com\\\/\",\"logo\":{\"@type\":\"ImageObject\",\"inLanguage\":\"fr-FR\",\"@id\":\"https:\\\/\\\/www.toulouse-tri.com\\\/#\\\/schema\\\/logo\\\/image\\\/\",\"url\":\"https:\\\/\\\/www.toulouse-tri.com\\\/wp-content\\\/uploads\\\/2015\\\/03\\\/pwrmeuh.gif\",\"contentUrl\":\"https:\\\/\\\/www.toulouse-tri.com\\\/wp-content\\\/uploads\\\/2015\\\/03\\\/pwrmeuh.gif\",\"width\":224,\"height\":176,\"caption\":\"Toulouse Triathlon\"},\"image\":{\"@id\":\"https:\\\/\\\/www.toulouse-tri.com\\\/#\\\/schema\\\/logo\\\/image\\\/\"}}]}<\/script>\n<!-- \/ Yoast SEO plugin. -->","yoast_head_json":{"title":"Les \"Vachettes \u00e0 Dossard\" - Historique - Toulouse Triathlon","robots":{"index":"index","follow":"follow","max-snippet":"max-snippet:-1","max-image-preview":"max-image-preview:large","max-video-preview":"max-video-preview:-1"},"canonical":"https:\/\/www.toulouse-tri.com\/?page_id=1935","og_locale":"fr_FR","og_type":"article","og_title":"Les \"Vachettes \u00e0 Dossard\" - Historique - Toulouse Triathlon","og_description":"Lien g\u00e9n\u00e9ral vers les r\u00e9sultats de courses des vachettes par saison.","og_url":"https:\/\/www.toulouse-tri.com\/?page_id=1935","og_site_name":"Toulouse Triathlon","article_modified_time":"2025-11-10T14:55:43+00:00","twitter_card":"summary_large_image","twitter_misc":{"Dur\u00e9e de lecture estim\u00e9e":"1 minute"},"schema":{"@context":"https:\/\/schema.org","@graph":[{"@type":"WebPage","@id":"https:\/\/www.toulouse-tri.com\/?page_id=1935","url":"https:\/\/www.toulouse-tri.com\/?page_id=1935","name":"Les \"Vachettes \u00e0 Dossard\" - Historique - Toulouse Triathlon","isPartOf":{"@id":"https:\/\/www.toulouse-tri.com\/#website"},"datePublished":"2016-11-01T20:22:18+00:00","dateModified":"2025-11-10T14:55:43+00:00","breadcrumb":{"@id":"https:\/\/www.toulouse-tri.com\/?page_id=1935#breadcrumb"},"inLanguage":"fr-FR","potentialAction":[{"@type":"ReadAction","target":["https:\/\/www.toulouse-tri.com\/?page_id=1935"]}]},{"@type":"BreadcrumbList","@id":"https:\/\/www.toulouse-tri.com\/?page_id=1935#breadcrumb","itemListElement":[{"@type":"ListItem","position":1,"name":"Accueil","item":"https:\/\/www.toulouse-tri.com\/"},{"@type":"ListItem","position":2,"name":"R\u00e9sultats","item":"https:\/\/www.toulouse-tri.com\/?page_id=3611"},{"@type":"ListItem","position":3,"name":"Les &#8220;Vachettes \u00e0 Dossard&#8221; &#8211; Historique"}]},{"@type":"WebSite","@id":"https:\/\/www.toulouse-tri.com\/#website","url":"https:\/\/www.toulouse-tri.com\/","name":"Toulouse Triathlon","description":"Power Meuh","publisher":{"@id":"https:\/\/www.toulouse-tri.com\/#organization"},"potentialAction":[{"@type":"SearchAction","target":{"@type":"EntryPoint","urlTemplate":"https:\/\/www.toulouse-tri.com\/?s={search_term_string}"},"query-input":{"@type":"PropertyValueSpecification","valueRequired":true,"valueName":"search_term_string"}}],"inLanguage":"fr-FR"},{"@type":"Organization","@id":"https:\/\/www.toulouse-tri.com\/#organization","name":"Toulouse Triathlon","url":"https:\/\/www.toulouse-tri.com\/","logo":{"@type":"ImageObject","inLanguage":"fr-FR","@id":"https:\/\/www.toulouse-tri.com\/#\/schema\/logo\/image\/","url":"https:\/\/www.toulouse-tri.com\/wp-content\/uploads\/2015\/03\/pwrmeuh.gif","contentUrl":"https:\/\/www.toulouse-tri.com\/wp-content\/uploads\/2015\/03\/pwrmeuh.gif","width":224,"height":176,"caption":"Toulouse Triathlon"},"image":{"@id":"https:\/\/www.toulouse-tri.com\/#\/schema\/logo\/image\/"}}]}},"_links":{"self":[{"href":"https:\/\/www.toulouse-tri.com\/index.php?rest_route=\/wp\/v2\/pages\/1935","targetHints":{"allow":["GET"]}}],"collection":[{"href":"https:\/\/www.toulouse-tri.com\/index.php?rest_route=\/wp\/v2\/pages"}],"about":[{"href":"https:\/\/www.toulouse-tri.com\/index.php?rest_route=\/wp\/v2\/types\/page"}],"author":[{"embeddable":true,"href":"https:\/\/www.toulouse-tri.com\/index.php?rest_route=\/wp\/v2\/users\/1"}],"replies":[{"embeddable":true,"href":"https:\/\/www.toulouse-tri.com\/index.php?rest_route=%2Fwp%2Fv2%2Fcomments&post=1935"}],"version-history":[{"count":19,"href":"https:\/\/www.toulouse-tri.com\/index.php?rest_route=\/wp\/v2\/pages\/1935\/revisions"}],"predecessor-version":[{"id":15383,"href":"https:\/\/www.toulouse-tri.com\/index.php?rest_route=\/wp\/v2\/pages\/1935\/revisions\/15383"}],"up":[{"embeddable":true,"href":"https:\/\/www.toulouse-tri.com\/index.php?rest_route=\/wp\/v2\/pages\/5220"}],"wp:attachment":[{"href":"https:\/\/www.toulouse-tri.com\/index.php?rest_route=%2Fwp%2Fv2%2Fmedia&parent=1935"}],"curies":[{"name":"wp","href":"https:\/\/api.w.org\/{rel}","templated":true}]}}