{"id":1895,"date":"2016-09-26T22:04:22","date_gmt":"2016-09-26T21:04:22","guid":{"rendered":"http:\/\/www.toulouse-tri.com\/?page_id=1895"},"modified":"2025-09-29T18:31:50","modified_gmt":"2025-09-29T16:31:50","slug":"2016-2","status":"publish","type":"page","link":"https:\/\/www.toulouse-tri.com\/?page_id=1895","title":{"rendered":"R\u00e9sultats du Triathlon des Roses"},"content":{"rendered":"\n<h3 class=\"wp-block-heading\" id=\"mce_20\">10<sup>e<\/sup> \u00e9dition toulousaine &#8211; 28 septembre 2025<\/h3>\n\n\n\n<p>Pour cette \u00e9dition sp\u00e9ciale, plus de 87 000 \u20ac collect\u00e9s par la dixi\u00e8me Mar\u00e9e Rose :<\/p>\n\n\n\n<ul class=\"wp-block-list\">\n<li><strong><a href=\"http:\/\/www.toulouse-tri.com\/wp-content\/downloads\/Resultats\/TriathlondesRoses\/2025-Resultats-Triathlon-des-roses-Individuelles.pdf\">R\u00e9sultats Individuelles 2025<\/a><\/strong> (235 participantes, 277 inscrites)<\/li>\n\n\n\n<li><strong><a href=\"http:\/\/www.toulouse-tri.com\/wp-content\/downloads\/Resultats\/TriathlondesRoses\/2025-Resultats-Triathlon-des-roses-Relais.pdf\">R\u00e9sultats Relais 2025<\/a><\/strong> (40 relais au d\u00e9part, 43 inscrits)<\/li>\n<\/ul>\n\n\n\n<h3 class=\"wp-block-heading\" id=\"mce_20\">9<sup>e<\/sup> \u00e9dition toulousaine &#8211; 29 septembre 2024<\/h3>\n\n\n\n<p>Comme l&#8217;an dernier une m\u00e9t\u00e9o parfaite, encore plus de 80 000 \u20ac de collecte, et une ambiance de folie :<\/p>\n\n\n\n<ul class=\"wp-block-list\">\n<li><strong><a href=\"http:\/\/www.toulouse-tri.com\/wp-content\/downloads\/Resultats\/TriathlondesRoses\/2024-Resultats-Triathlon-des-roses-Individuelles.pdf\">R\u00e9sultats Individuelles 2024<\/a><\/strong> (226 participantes, 267 inscrites)<\/li>\n\n\n\n<li><strong><a href=\"http:\/\/www.toulouse-tri.com\/wp-content\/downloads\/Resultats\/TriathlondesRoses\/2024-Resultats-Triathlon-des-roses-Relais.pdf\">R\u00e9sultats Relais 2024<\/a><\/strong> (43 relais au d\u00e9part, 51 inscrits)<\/li>\n<\/ul>\n\n\n\n<h3 class=\"wp-block-heading\">8<sup>e<\/sup> \u00e9dition toulousaine &#8211; 24 septembre 2023<\/h3>\n\n\n\n<p>Toujours autant de sourires \u00e0 l&#8217;arriv\u00e9e, une m\u00e9t\u00e9o de r\u00eave, et une collecte record \u00e0 plus de 80 000 \u20ac :<\/p>\n\n\n\n<ul class=\"wp-block-list\">\n<li><strong><a href=\"http:\/\/www.toulouse-tri.com\/wp-content\/downloads\/Resultats\/TriathlondesRoses\/2023-Resultats-Triathlon-des-roses-Individuelles.pdf\">R\u00e9sultats Individuelles 2023<\/a><\/strong> (241 participantes, 287 inscrites)<\/li>\n\n\n\n<li><strong><a href=\"http:\/\/www.toulouse-tri.com\/wp-content\/downloads\/Resultats\/TriathlondesRoses\/2023-Resultats-Triathlon-des-roses-Relais.pdf\">R\u00e9sultats Relais 2023<\/a><\/strong> (47 relais au d\u00e9part, 54 inscrits)<\/li>\n<\/ul>\n\n\n\n<h3 class=\"wp-block-heading\" id=\"mce_20\">7<sup>e<\/sup> \u00e9dition toulousaine &#8211; 25 septembre 2022<\/h3>\n\n\n\n<p>Le record de participation explos\u00e9, et des inscriptions compl\u00e8tes deux mois \u00e0 l&#8217;avance :<\/p>\n\n\n\n<ul class=\"wp-block-list\">\n<li><strong><a href=\"http:\/\/www.toulouse-tri.com\/wp-content\/downloads\/Resultats\/TriathlondesRoses\/2022-Resultats-Triathlon-des-roses-Individuelles.pdf\">R\u00e9sultats Individuelles 2022<\/a><\/strong> (217 participantes, 263 inscrites)<\/li>\n\n\n\n<li><strong><a href=\"http:\/\/www.toulouse-tri.com\/wp-content\/downloads\/Resultats\/TriathlondesRoses\/2022-Resultats-Triathlon-des-roses-Relais.pdf\">R\u00e9sultats Relais 2022<\/a><\/strong> (67 relais au d\u00e9part, 77 inscrits)<\/li>\n<\/ul>\n\n\n\n<h3 class=\"wp-block-heading\" id=\"mce_20\">6<sup>e<\/sup> \u00e9dition toulousaine &#8211; 26 septembre 2021<\/h3>\n\n\n\n<p>Du soleil et de l&#8217;ambiance pour une \u00e9dition de folie :<\/p>\n\n\n\n<ul class=\"wp-block-list\">\n<li><strong><a href=\"http:\/\/www.toulouse-tri.com\/wp-content\/downloads\/Resultats\/TriathlondesRoses\/2021-Resultats-Triathlon-des-roses-Individuelles.pdf\">R\u00e9sultats Individuelles 2021<\/a><\/strong> (201 participantes, 250 inscrites)<\/li>\n\n\n\n<li><strong><a href=\"http:\/\/www.toulouse-tri.com\/wp-content\/downloads\/Resultats\/TriathlondesRoses\/2021-Resultats-Triathlon-des-roses-Relais.pdf\">R\u00e9sultats Relais 2021<\/a><\/strong> (48 relais au d\u00e9part, 50 inscrits)<\/li>\n<\/ul>\n\n\n\n<h3 class=\"wp-block-heading\" id=\"mce_20\">5<sup>e<\/sup> \u00e9dition toulousaine &#8211; 27 septembre 2020<\/h3>\n\n\n\n<p>En raison du contexte sanitaire, c&#8217;\u00e9tait en fait la premi\u00e8re \u00e9dition du Duathlon des Roses (1 \/ 6 \/ 2 km), la piscine ayant \u00e9t\u00e9 ferm\u00e9e aux adultes par arr\u00eat\u00e9 pr\u00e9fectoral :<\/p>\n\n\n\n<ul class=\"wp-block-list\">\n<li><strong><a href=\"http:\/\/www.toulouse-tri.com\/wp-content\/downloads\/Resultats\/TriathlondesRoses\/2020-R\u00e9sultats-Triathlon-des-roses-Individuelles.pdf\">R\u00e9sultats Individuelles 2020<\/a><\/strong> (194 participantes, 273 inscrites)<\/li>\n\n\n\n<li><strong><a href=\"http:\/\/www.toulouse-tri.com\/wp-content\/downloads\/Resultats\/TriathlondesRoses\/2020-R\u00e9sultats-Triathlon-des-roses-Relais.pdf\">R\u00e9sultats Relais 2020<\/a><\/strong> (17 relais au d\u00e9part, 20 inscrits)<\/li>\n<\/ul>\n\n\n\n<h3 class=\"wp-block-heading\" id=\"mce_20\">4<sup>e<\/sup> \u00e9dition toulousaine &#8211; 22 Septembre 2019<\/h3>\n\n\n\n<p>Voici les r\u00e9sultats de cette \u00e9dition record \u00e0 tous les niveaux, que ce soit en participation ou en collecte pour la recherche. Bravo \u00e0 toutes (et \u00e0 tous dans les relais) :<\/p>\n\n\n\n<ul class=\"wp-block-list\">\n<li> <a href=\"http:\/\/www.toulouse-tri.com\/wp-content\/downloads\/Resultats\/TriathlondesRoses\/2019-R\u00e9sultats-Triathlon-des-roses-Individuelles.pdf\">R\u00e9sultats <strong>Individuelles 2019<\/strong><\/a> (248 participantes, 266 inscrites) <\/li>\n\n\n\n<li> <a href=\"http:\/\/www.toulouse-tri.com\/wp-content\/downloads\/Resultats\/TriathlondesRoses\/2019-R\u00e9sultats-Triathlon-des-roses-Relais.pdf\">R\u00e9sultats <strong>Relais 2019<\/strong><\/a> (38 \u00e9quipes participantes, 39 inscrites) <\/li>\n<\/ul>\n\n\n\n<h3 class=\"wp-block-heading\" id=\"3e-edition-toulousaine-23-septembre-2018\">3<sup>e<\/sup> \u00e9dition toulousaine &#8211; 23 Septembre 2018<\/h3>\n\n\n\n<p>Toutes nos f\u00e9licitations aux 154 participantes du Triathlon des Roses 2018.<\/p>\n\n\n\n<p>Voici tous vos r\u00e9sultats :<\/p>\n\n\n\n<ul class=\"wp-block-list\">\n<li><strong>Individuelles<\/strong> : <a href=\"http:\/\/www.toulouse-tri.com\/wp-content\/downloads\/Resultats\/TriathlondesRoses\/2018-R\u00e9sultats-Triathlon-des-roses-Individuelles.pdf\" target=\"_blank\" rel=\"noreferrer noopener\">cliquer sur le lien ici<\/a><\/li>\n\n\n\n<li><strong>Relais<\/strong> : <a href=\"http:\/\/www.toulouse-tri.com\/wp-content\/downloads\/Resultats\/TriathlondesRoses\/2018-R\u00e9sultats-Triathlon-des-roses-Relais.pdf\" target=\"_blank\" rel=\"noreferrer noopener\">cliquer sur le lien ici<\/a><\/li>\n<\/ul>\n\n\n\n<h3 class=\"wp-block-heading\" id=\"2e-edition-toulousaine-24-septembre-2017\">2<sup>e<\/sup> \u00e9dition toulousaine &#8211; 24 Septembre 2017<\/h3>\n\n\n\n<p>Toutes nos f\u00e9licitations aux 142 participantes du Triathlon des Roses 2017.<\/p>\n\n\n\n<p>Voici tous vos r\u00e9sultats :<\/p>\n\n\n\n<ul class=\"wp-block-list\">\n<li><strong>Individuelles<\/strong> : <a href=\"http:\/\/www.toulouse-tri.com\/wp-content\/downloads\/Resultats\/TriathlondesRoses\/2017-R\u00e9sultats-Triathlon-des-roses-Individuelles.pdf\">cliquer sur le lien ici<\/a><\/li>\n\n\n\n<li><strong>Relais<\/strong> : <a href=\"http:\/\/www.toulouse-tri.com\/wp-content\/downloads\/Resultats\/TriathlondesRoses\/2017-R\u00e9sultats-Triathlon-des-roses-Relais.pdf\">cliquer sur le lien ici<\/a><\/li>\n<\/ul>\n\n\n\n<p>Vous pourrez \u00e9galement retrouver les vid\u00e9os officielles en <a href=\"https:\/\/www.toulouse-tri.com\/?page_id=3350\">cliquant sur le lien ici<\/a>.<\/p>\n\n\n\n<h3 class=\"wp-block-heading\" id=\"1re-edition-toulousaine-25-septembre-2016\">1<sup>re<\/sup> \u00e9dition toulousaine &#8211; 25 Septembre 2016<\/h3>\n\n\n\n<ul class=\"wp-block-list\">\n<li><strong>Individuel<\/strong> : <a href=\"http:\/\/www.toulouse-tri.com\/wp-content\/downloads\/Resultats\/TriathlondesRoses\/2016-R\u00e9sultats-Triathlon-des-roses-Individuelles.pdf\">cliquer sur le lien ici<\/a><\/li>\n\n\n\n<li><strong>Relais<\/strong> : <a href=\"http:\/\/www.toulouse-tri.com\/wp-content\/downloads\/Resultats\/TriathlondesRoses\/2016-R\u00e9sultats-Triathlon-des-roses-Relais.pdf\">cliquer sur le lien ici<\/a><\/li>\n<\/ul>\n\n\n\n<figure class=\"wp-block-image aligncenter size-large\"><img decoding=\"async\" src=\"http:\/\/www.toulouse-tri.com\/wp-content\/uploads\/2021\/09\/Photos-du-Tri-des-Roses-1024x480.jpg\" alt=\"\" class=\"wp-image-10799\"\/><\/figure>\n","protected":false},"excerpt":{"rendered":"<p>10e \u00e9dition toulousaine &#8211; 28 septembre 2025 Pour cette \u00e9dition sp\u00e9ciale, plus de 87 000 \u20ac collect\u00e9s par la dixi\u00e8me Mar\u00e9e Rose : 9e \u00e9dition toulousaine &#8211; 29 septembre 2024 Comme l&#8217;an dernier une m\u00e9t\u00e9o parfaite, encore plus de 80<\/p>\n","protected":false},"author":1,"featured_media":0,"parent":1773,"menu_order":0,"comment_status":"closed","ping_status":"closed","template":"","meta":{"footnotes":"","_links_to":"","_links_to_target":""},"class_list":["post-1895","page","type-page","status-publish","hentry"],"yoast_head":"<!-- This site is optimized with the Yoast SEO plugin v27.4 - https:\/\/yoast.com\/product\/yoast-seo-wordpress\/ -->\n<title>R\u00e9sultats du Triathlon des Roses - Toulouse Triathlon<\/title>\n<meta name=\"robots\" content=\"index, follow, max-snippet:-1, max-image-preview:large, max-video-preview:-1\" \/>\n<link rel=\"canonical\" href=\"https:\/\/www.toulouse-tri.com\/?page_id=1895\" \/>\n<meta property=\"og:locale\" content=\"fr_FR\" \/>\n<meta property=\"og:type\" content=\"article\" \/>\n<meta property=\"og:title\" content=\"R\u00e9sultats du Triathlon des Roses - Toulouse Triathlon\" \/>\n<meta property=\"og:description\" content=\"10e \u00e9dition toulousaine &#8211; 28 septembre 2025 Pour cette \u00e9dition sp\u00e9ciale, plus de 87 000 \u20ac collect\u00e9s par la dixi\u00e8me Mar\u00e9e Rose : 9e \u00e9dition toulousaine &#8211; 29 septembre 2024 Comme l&#8217;an dernier une m\u00e9t\u00e9o parfaite, encore plus de 80\" \/>\n<meta property=\"og:url\" content=\"https:\/\/www.toulouse-tri.com\/?page_id=1895\" \/>\n<meta property=\"og:site_name\" content=\"Toulouse Triathlon\" \/>\n<meta property=\"article:modified_time\" content=\"2025-09-29T16:31:50+00:00\" \/>\n<meta name=\"twitter:card\" content=\"summary_large_image\" \/>\n<meta name=\"twitter:label1\" content=\"Dur\u00e9e de lecture estim\u00e9e\" \/>\n\t<meta name=\"twitter:data1\" content=\"3 minutes\" \/>\n<script type=\"application\/ld+json\" class=\"yoast-schema-graph\">{\"@context\":\"https:\\\/\\\/schema.org\",\"@graph\":[{\"@type\":\"WebPage\",\"@id\":\"https:\\\/\\\/www.toulouse-tri.com\\\/?page_id=1895\",\"url\":\"https:\\\/\\\/www.toulouse-tri.com\\\/?page_id=1895\",\"name\":\"R\u00e9sultats du Triathlon des Roses - Toulouse Triathlon\",\"isPartOf\":{\"@id\":\"https:\\\/\\\/www.toulouse-tri.com\\\/#website\"},\"primaryImageOfPage\":{\"@id\":\"https:\\\/\\\/www.toulouse-tri.com\\\/?page_id=1895#primaryimage\"},\"image\":{\"@id\":\"https:\\\/\\\/www.toulouse-tri.com\\\/?page_id=1895#primaryimage\"},\"thumbnailUrl\":\"http:\\\/\\\/www.toulouse-tri.com\\\/wp-content\\\/uploads\\\/2021\\\/09\\\/Photos-du-Tri-des-Roses-1024x480.jpg\",\"datePublished\":\"2016-09-26T21:04:22+00:00\",\"dateModified\":\"2025-09-29T16:31:50+00:00\",\"breadcrumb\":{\"@id\":\"https:\\\/\\\/www.toulouse-tri.com\\\/?page_id=1895#breadcrumb\"},\"inLanguage\":\"fr-FR\",\"potentialAction\":[{\"@type\":\"ReadAction\",\"target\":[\"https:\\\/\\\/www.toulouse-tri.com\\\/?page_id=1895\"]}]},{\"@type\":\"ImageObject\",\"inLanguage\":\"fr-FR\",\"@id\":\"https:\\\/\\\/www.toulouse-tri.com\\\/?page_id=1895#primaryimage\",\"url\":\"http:\\\/\\\/www.toulouse-tri.com\\\/wp-content\\\/uploads\\\/2021\\\/09\\\/Photos-du-Tri-des-Roses-1024x480.jpg\",\"contentUrl\":\"http:\\\/\\\/www.toulouse-tri.com\\\/wp-content\\\/uploads\\\/2021\\\/09\\\/Photos-du-Tri-des-Roses-1024x480.jpg\"},{\"@type\":\"BreadcrumbList\",\"@id\":\"https:\\\/\\\/www.toulouse-tri.com\\\/?page_id=1895#breadcrumb\",\"itemListElement\":[{\"@type\":\"ListItem\",\"position\":1,\"name\":\"Accueil\",\"item\":\"https:\\\/\\\/www.toulouse-tri.com\\\/\"},{\"@type\":\"ListItem\",\"position\":2,\"name\":\"Organisations\",\"item\":\"http:\\\/\\\/www.toulouse-tri.com\\\/?page_id=318\"},{\"@type\":\"ListItem\",\"position\":3,\"name\":\"Triathlon des Roses\",\"item\":\"https:\\\/\\\/www.toulouse-tri.com\\\/?page_id=1773\"},{\"@type\":\"ListItem\",\"position\":4,\"name\":\"R\u00e9sultats du Triathlon des Roses\"}]},{\"@type\":\"WebSite\",\"@id\":\"https:\\\/\\\/www.toulouse-tri.com\\\/#website\",\"url\":\"https:\\\/\\\/www.toulouse-tri.com\\\/\",\"name\":\"Toulouse Triathlon\",\"description\":\"Power Meuh\",\"publisher\":{\"@id\":\"https:\\\/\\\/www.toulouse-tri.com\\\/#organization\"},\"potentialAction\":[{\"@type\":\"SearchAction\",\"target\":{\"@type\":\"EntryPoint\",\"urlTemplate\":\"https:\\\/\\\/www.toulouse-tri.com\\\/?s={search_term_string}\"},\"query-input\":{\"@type\":\"PropertyValueSpecification\",\"valueRequired\":true,\"valueName\":\"search_term_string\"}}],\"inLanguage\":\"fr-FR\"},{\"@type\":\"Organization\",\"@id\":\"https:\\\/\\\/www.toulouse-tri.com\\\/#organization\",\"name\":\"Toulouse Triathlon\",\"url\":\"https:\\\/\\\/www.toulouse-tri.com\\\/\",\"logo\":{\"@type\":\"ImageObject\",\"inLanguage\":\"fr-FR\",\"@id\":\"https:\\\/\\\/www.toulouse-tri.com\\\/#\\\/schema\\\/logo\\\/image\\\/\",\"url\":\"https:\\\/\\\/www.toulouse-tri.com\\\/wp-content\\\/uploads\\\/2015\\\/03\\\/pwrmeuh.gif\",\"contentUrl\":\"https:\\\/\\\/www.toulouse-tri.com\\\/wp-content\\\/uploads\\\/2015\\\/03\\\/pwrmeuh.gif\",\"width\":224,\"height\":176,\"caption\":\"Toulouse Triathlon\"},\"image\":{\"@id\":\"https:\\\/\\\/www.toulouse-tri.com\\\/#\\\/schema\\\/logo\\\/image\\\/\"}}]}<\/script>\n<!-- \/ Yoast SEO plugin. -->","yoast_head_json":{"title":"R\u00e9sultats du Triathlon des Roses - Toulouse Triathlon","robots":{"index":"index","follow":"follow","max-snippet":"max-snippet:-1","max-image-preview":"max-image-preview:large","max-video-preview":"max-video-preview:-1"},"canonical":"https:\/\/www.toulouse-tri.com\/?page_id=1895","og_locale":"fr_FR","og_type":"article","og_title":"R\u00e9sultats du Triathlon des Roses - Toulouse Triathlon","og_description":"10e \u00e9dition toulousaine &#8211; 28 septembre 2025 Pour cette \u00e9dition sp\u00e9ciale, plus de 87 000 \u20ac collect\u00e9s par la dixi\u00e8me Mar\u00e9e Rose : 9e \u00e9dition toulousaine &#8211; 29 septembre 2024 Comme l&#8217;an dernier une m\u00e9t\u00e9o parfaite, encore plus de 80","og_url":"https:\/\/www.toulouse-tri.com\/?page_id=1895","og_site_name":"Toulouse Triathlon","article_modified_time":"2025-09-29T16:31:50+00:00","twitter_card":"summary_large_image","twitter_misc":{"Dur\u00e9e de lecture estim\u00e9e":"3 minutes"},"schema":{"@context":"https:\/\/schema.org","@graph":[{"@type":"WebPage","@id":"https:\/\/www.toulouse-tri.com\/?page_id=1895","url":"https:\/\/www.toulouse-tri.com\/?page_id=1895","name":"R\u00e9sultats du Triathlon des Roses - Toulouse Triathlon","isPartOf":{"@id":"https:\/\/www.toulouse-tri.com\/#website"},"primaryImageOfPage":{"@id":"https:\/\/www.toulouse-tri.com\/?page_id=1895#primaryimage"},"image":{"@id":"https:\/\/www.toulouse-tri.com\/?page_id=1895#primaryimage"},"thumbnailUrl":"http:\/\/www.toulouse-tri.com\/wp-content\/uploads\/2021\/09\/Photos-du-Tri-des-Roses-1024x480.jpg","datePublished":"2016-09-26T21:04:22+00:00","dateModified":"2025-09-29T16:31:50+00:00","breadcrumb":{"@id":"https:\/\/www.toulouse-tri.com\/?page_id=1895#breadcrumb"},"inLanguage":"fr-FR","potentialAction":[{"@type":"ReadAction","target":["https:\/\/www.toulouse-tri.com\/?page_id=1895"]}]},{"@type":"ImageObject","inLanguage":"fr-FR","@id":"https:\/\/www.toulouse-tri.com\/?page_id=1895#primaryimage","url":"http:\/\/www.toulouse-tri.com\/wp-content\/uploads\/2021\/09\/Photos-du-Tri-des-Roses-1024x480.jpg","contentUrl":"http:\/\/www.toulouse-tri.com\/wp-content\/uploads\/2021\/09\/Photos-du-Tri-des-Roses-1024x480.jpg"},{"@type":"BreadcrumbList","@id":"https:\/\/www.toulouse-tri.com\/?page_id=1895#breadcrumb","itemListElement":[{"@type":"ListItem","position":1,"name":"Accueil","item":"https:\/\/www.toulouse-tri.com\/"},{"@type":"ListItem","position":2,"name":"Organisations","item":"http:\/\/www.toulouse-tri.com\/?page_id=318"},{"@type":"ListItem","position":3,"name":"Triathlon des Roses","item":"https:\/\/www.toulouse-tri.com\/?page_id=1773"},{"@type":"ListItem","position":4,"name":"R\u00e9sultats du Triathlon des Roses"}]},{"@type":"WebSite","@id":"https:\/\/www.toulouse-tri.com\/#website","url":"https:\/\/www.toulouse-tri.com\/","name":"Toulouse Triathlon","description":"Power Meuh","publisher":{"@id":"https:\/\/www.toulouse-tri.com\/#organization"},"potentialAction":[{"@type":"SearchAction","target":{"@type":"EntryPoint","urlTemplate":"https:\/\/www.toulouse-tri.com\/?s={search_term_string}"},"query-input":{"@type":"PropertyValueSpecification","valueRequired":true,"valueName":"search_term_string"}}],"inLanguage":"fr-FR"},{"@type":"Organization","@id":"https:\/\/www.toulouse-tri.com\/#organization","name":"Toulouse Triathlon","url":"https:\/\/www.toulouse-tri.com\/","logo":{"@type":"ImageObject","inLanguage":"fr-FR","@id":"https:\/\/www.toulouse-tri.com\/#\/schema\/logo\/image\/","url":"https:\/\/www.toulouse-tri.com\/wp-content\/uploads\/2015\/03\/pwrmeuh.gif","contentUrl":"https:\/\/www.toulouse-tri.com\/wp-content\/uploads\/2015\/03\/pwrmeuh.gif","width":224,"height":176,"caption":"Toulouse Triathlon"},"image":{"@id":"https:\/\/www.toulouse-tri.com\/#\/schema\/logo\/image\/"}}]}},"_links":{"self":[{"href":"https:\/\/www.toulouse-tri.com\/index.php?rest_route=\/wp\/v2\/pages\/1895","targetHints":{"allow":["GET"]}}],"collection":[{"href":"https:\/\/www.toulouse-tri.com\/index.php?rest_route=\/wp\/v2\/pages"}],"about":[{"href":"https:\/\/www.toulouse-tri.com\/index.php?rest_route=\/wp\/v2\/types\/page"}],"author":[{"embeddable":true,"href":"https:\/\/www.toulouse-tri.com\/index.php?rest_route=\/wp\/v2\/users\/1"}],"replies":[{"embeddable":true,"href":"https:\/\/www.toulouse-tri.com\/index.php?rest_route=%2Fwp%2Fv2%2Fcomments&post=1895"}],"version-history":[{"count":22,"href":"https:\/\/www.toulouse-tri.com\/index.php?rest_route=\/wp\/v2\/pages\/1895\/revisions"}],"predecessor-version":[{"id":15215,"href":"https:\/\/www.toulouse-tri.com\/index.php?rest_route=\/wp\/v2\/pages\/1895\/revisions\/15215"}],"up":[{"embeddable":true,"href":"https:\/\/www.toulouse-tri.com\/index.php?rest_route=\/wp\/v2\/pages\/1773"}],"wp:attachment":[{"href":"https:\/\/www.toulouse-tri.com\/index.php?rest_route=%2Fwp%2Fv2%2Fmedia&parent=1895"}],"curies":[{"name":"wp","href":"https:\/\/api.w.org\/{rel}","templated":true}]}}