{"id":1746,"date":"2016-05-24T22:30:06","date_gmt":"2016-05-24T21:30:06","guid":{"rendered":"http:\/\/www.toulouse-tri.com\/?page_id=1746"},"modified":"2017-12-05T09:49:52","modified_gmt":"2017-12-05T08:49:52","slug":"2016-2-2","status":"publish","type":"page","link":"https:\/\/www.toulouse-tri.com\/?page_id=1746","title":{"rendered":"Photos du Cross-Duathlon"},"content":{"rendered":"<h3 style=\"text-align: center;\">2e \u00e9dition &#8211; 6 mars 2016<\/h3>\n<ul>\n<li><a href=\"https:\/\/goo.gl\/photos\/htgLh7UYxJoDMD9z8\" target=\"_blank\" rel=\"noopener\">Les distances S &amp; M<\/a><\/li>\n<li><a href=\"https:\/\/goo.gl\/photos\/KwTXyRKWZg2BKwd47\" target=\"_blank\" rel=\"noopener\">Ours &amp; Isards<\/a><\/li>\n<\/ul>\n<h3 style=\"text-align: center;\">1re \u00e9dition &#8211; 1 mars 2015<\/h3>\n<ul>\n<li><a href=\"https:\/\/photos.app.goo.gl\/NeC1GOhDoaQR3Bxj1\" target=\"_blank\" rel=\"noopener\">Les distances S et le M<\/a><\/li>\n<li><a href=\"https:\/\/photos.app.goo.gl\/E3UHDaJ9UFUhpRqQ2\" target=\"_blank\" rel=\"noopener\">Les Isards<\/a><\/li>\n<li><a href=\"https:\/\/photos.app.goo.gl\/LexJXCPLSoKz4oGE2\" target=\"_blank\" rel=\"noopener\">Les Ours<\/a><\/li>\n<li><a href=\"https:\/\/photos.app.goo.gl\/au05EIMvDrOJfAMo1\" target=\"_blank\" rel=\"noopener\">Les b\u00e9n\u00e9voles<\/a><\/li>\n<\/ul>\n<p><a href=\"http:\/\/www.toulouse-tri.com\/wp-content\/uploads\/2017\/12\/IMG_2597.jpg\"><img loading=\"lazy\" decoding=\"async\" class=\"aligncenter size-full wp-image-3989\" src=\"http:\/\/www.toulouse-tri.com\/wp-content\/uploads\/2017\/12\/IMG_2597.jpg\" alt=\"\" width=\"800\" height=\"578\" srcset=\"https:\/\/www.toulouse-tri.com\/wp-content\/uploads\/2017\/12\/IMG_2597.jpg 800w, https:\/\/www.toulouse-tri.com\/wp-content\/uploads\/2017\/12\/IMG_2597-400x289.jpg 400w, https:\/\/www.toulouse-tri.com\/wp-content\/uploads\/2017\/12\/IMG_2597-300x217.jpg 300w, https:\/\/www.toulouse-tri.com\/wp-content\/uploads\/2017\/12\/IMG_2597-768x555.jpg 768w\" sizes=\"auto, (max-width: 800px) 100vw, 800px\" \/><\/a><\/p>\n","protected":false},"excerpt":{"rendered":"<p>2e \u00e9dition &#8211; 6 mars 2016 Les distances S &amp; M Ours &amp; Isards 1re \u00e9dition &#8211; 1 mars 2015 Les distances S et le M Les Isards Les Ours Les b\u00e9n\u00e9voles<\/p>\n","protected":false},"author":1,"featured_media":0,"parent":119,"menu_order":0,"comment_status":"closed","ping_status":"closed","template":"","meta":{"footnotes":"","_links_to":"","_links_to_target":""},"class_list":["post-1746","page","type-page","status-publish","hentry"],"yoast_head":"<!-- This site is optimized with the Yoast SEO plugin v27.4 - https:\/\/yoast.com\/product\/yoast-seo-wordpress\/ -->\n<title>Photos du Cross-Duathlon - Toulouse Triathlon<\/title>\n<meta name=\"robots\" content=\"index, follow, max-snippet:-1, max-image-preview:large, max-video-preview:-1\" \/>\n<link rel=\"canonical\" href=\"https:\/\/www.toulouse-tri.com\/?page_id=1746\" \/>\n<meta property=\"og:locale\" content=\"fr_FR\" \/>\n<meta property=\"og:type\" content=\"article\" \/>\n<meta property=\"og:title\" content=\"Photos du Cross-Duathlon - Toulouse Triathlon\" \/>\n<meta property=\"og:description\" content=\"2e \u00e9dition &#8211; 6 mars 2016 Les distances S &amp; M Ours &amp; Isards 1re \u00e9dition &#8211; 1 mars 2015 Les distances S et le M Les Isards Les Ours Les b\u00e9n\u00e9voles\" \/>\n<meta property=\"og:url\" content=\"https:\/\/www.toulouse-tri.com\/?page_id=1746\" \/>\n<meta property=\"og:site_name\" content=\"Toulouse Triathlon\" \/>\n<meta property=\"article:modified_time\" content=\"2017-12-05T08:49:52+00:00\" \/>\n<meta property=\"og:image\" content=\"http:\/\/www.toulouse-tri.com\/wp-content\/uploads\/2017\/12\/IMG_2597.jpg\" \/>\n<meta name=\"twitter:card\" content=\"summary_large_image\" \/>\n<script type=\"application\/ld+json\" class=\"yoast-schema-graph\">{\"@context\":\"https:\\\/\\\/schema.org\",\"@graph\":[{\"@type\":\"WebPage\",\"@id\":\"https:\\\/\\\/www.toulouse-tri.com\\\/?page_id=1746\",\"url\":\"https:\\\/\\\/www.toulouse-tri.com\\\/?page_id=1746\",\"name\":\"Photos du Cross-Duathlon - Toulouse Triathlon\",\"isPartOf\":{\"@id\":\"https:\\\/\\\/www.toulouse-tri.com\\\/#website\"},\"primaryImageOfPage\":{\"@id\":\"https:\\\/\\\/www.toulouse-tri.com\\\/?page_id=1746#primaryimage\"},\"image\":{\"@id\":\"https:\\\/\\\/www.toulouse-tri.com\\\/?page_id=1746#primaryimage\"},\"thumbnailUrl\":\"http:\\\/\\\/www.toulouse-tri.com\\\/wp-content\\\/uploads\\\/2017\\\/12\\\/IMG_2597.jpg\",\"datePublished\":\"2016-05-24T21:30:06+00:00\",\"dateModified\":\"2017-12-05T08:49:52+00:00\",\"breadcrumb\":{\"@id\":\"https:\\\/\\\/www.toulouse-tri.com\\\/?page_id=1746#breadcrumb\"},\"inLanguage\":\"fr-FR\",\"potentialAction\":[{\"@type\":\"ReadAction\",\"target\":[\"https:\\\/\\\/www.toulouse-tri.com\\\/?page_id=1746\"]}]},{\"@type\":\"ImageObject\",\"inLanguage\":\"fr-FR\",\"@id\":\"https:\\\/\\\/www.toulouse-tri.com\\\/?page_id=1746#primaryimage\",\"url\":\"https:\\\/\\\/www.toulouse-tri.com\\\/wp-content\\\/uploads\\\/2017\\\/12\\\/IMG_2597.jpg\",\"contentUrl\":\"https:\\\/\\\/www.toulouse-tri.com\\\/wp-content\\\/uploads\\\/2017\\\/12\\\/IMG_2597.jpg\",\"width\":800,\"height\":578},{\"@type\":\"BreadcrumbList\",\"@id\":\"https:\\\/\\\/www.toulouse-tri.com\\\/?page_id=1746#breadcrumb\",\"itemListElement\":[{\"@type\":\"ListItem\",\"position\":1,\"name\":\"Accueil\",\"item\":\"https:\\\/\\\/www.toulouse-tri.com\\\/\"},{\"@type\":\"ListItem\",\"position\":2,\"name\":\"Organisations\",\"item\":\"http:\\\/\\\/www.toulouse-tri.com\\\/?page_id=318\"},{\"@type\":\"ListItem\",\"position\":3,\"name\":\"Cross-Duathlon\",\"item\":\"https:\\\/\\\/www.toulouse-tri.com\\\/?page_id=119\"},{\"@type\":\"ListItem\",\"position\":4,\"name\":\"Photos du Cross-Duathlon\"}]},{\"@type\":\"WebSite\",\"@id\":\"https:\\\/\\\/www.toulouse-tri.com\\\/#website\",\"url\":\"https:\\\/\\\/www.toulouse-tri.com\\\/\",\"name\":\"Toulouse Triathlon\",\"description\":\"Power Meuh\",\"publisher\":{\"@id\":\"https:\\\/\\\/www.toulouse-tri.com\\\/#organization\"},\"potentialAction\":[{\"@type\":\"SearchAction\",\"target\":{\"@type\":\"EntryPoint\",\"urlTemplate\":\"https:\\\/\\\/www.toulouse-tri.com\\\/?s={search_term_string}\"},\"query-input\":{\"@type\":\"PropertyValueSpecification\",\"valueRequired\":true,\"valueName\":\"search_term_string\"}}],\"inLanguage\":\"fr-FR\"},{\"@type\":\"Organization\",\"@id\":\"https:\\\/\\\/www.toulouse-tri.com\\\/#organization\",\"name\":\"Toulouse Triathlon\",\"url\":\"https:\\\/\\\/www.toulouse-tri.com\\\/\",\"logo\":{\"@type\":\"ImageObject\",\"inLanguage\":\"fr-FR\",\"@id\":\"https:\\\/\\\/www.toulouse-tri.com\\\/#\\\/schema\\\/logo\\\/image\\\/\",\"url\":\"https:\\\/\\\/www.toulouse-tri.com\\\/wp-content\\\/uploads\\\/2015\\\/03\\\/pwrmeuh.gif\",\"contentUrl\":\"https:\\\/\\\/www.toulouse-tri.com\\\/wp-content\\\/uploads\\\/2015\\\/03\\\/pwrmeuh.gif\",\"width\":224,\"height\":176,\"caption\":\"Toulouse Triathlon\"},\"image\":{\"@id\":\"https:\\\/\\\/www.toulouse-tri.com\\\/#\\\/schema\\\/logo\\\/image\\\/\"}}]}<\/script>\n<!-- \/ Yoast SEO plugin. -->","yoast_head_json":{"title":"Photos du Cross-Duathlon - Toulouse Triathlon","robots":{"index":"index","follow":"follow","max-snippet":"max-snippet:-1","max-image-preview":"max-image-preview:large","max-video-preview":"max-video-preview:-1"},"canonical":"https:\/\/www.toulouse-tri.com\/?page_id=1746","og_locale":"fr_FR","og_type":"article","og_title":"Photos du Cross-Duathlon - Toulouse Triathlon","og_description":"2e \u00e9dition &#8211; 6 mars 2016 Les distances S &amp; M Ours &amp; Isards 1re \u00e9dition &#8211; 1 mars 2015 Les distances S et le M Les Isards Les Ours Les b\u00e9n\u00e9voles","og_url":"https:\/\/www.toulouse-tri.com\/?page_id=1746","og_site_name":"Toulouse Triathlon","article_modified_time":"2017-12-05T08:49:52+00:00","og_image":[{"url":"http:\/\/www.toulouse-tri.com\/wp-content\/uploads\/2017\/12\/IMG_2597.jpg","type":"","width":"","height":""}],"twitter_card":"summary_large_image","schema":{"@context":"https:\/\/schema.org","@graph":[{"@type":"WebPage","@id":"https:\/\/www.toulouse-tri.com\/?page_id=1746","url":"https:\/\/www.toulouse-tri.com\/?page_id=1746","name":"Photos du Cross-Duathlon - Toulouse Triathlon","isPartOf":{"@id":"https:\/\/www.toulouse-tri.com\/#website"},"primaryImageOfPage":{"@id":"https:\/\/www.toulouse-tri.com\/?page_id=1746#primaryimage"},"image":{"@id":"https:\/\/www.toulouse-tri.com\/?page_id=1746#primaryimage"},"thumbnailUrl":"http:\/\/www.toulouse-tri.com\/wp-content\/uploads\/2017\/12\/IMG_2597.jpg","datePublished":"2016-05-24T21:30:06+00:00","dateModified":"2017-12-05T08:49:52+00:00","breadcrumb":{"@id":"https:\/\/www.toulouse-tri.com\/?page_id=1746#breadcrumb"},"inLanguage":"fr-FR","potentialAction":[{"@type":"ReadAction","target":["https:\/\/www.toulouse-tri.com\/?page_id=1746"]}]},{"@type":"ImageObject","inLanguage":"fr-FR","@id":"https:\/\/www.toulouse-tri.com\/?page_id=1746#primaryimage","url":"https:\/\/www.toulouse-tri.com\/wp-content\/uploads\/2017\/12\/IMG_2597.jpg","contentUrl":"https:\/\/www.toulouse-tri.com\/wp-content\/uploads\/2017\/12\/IMG_2597.jpg","width":800,"height":578},{"@type":"BreadcrumbList","@id":"https:\/\/www.toulouse-tri.com\/?page_id=1746#breadcrumb","itemListElement":[{"@type":"ListItem","position":1,"name":"Accueil","item":"https:\/\/www.toulouse-tri.com\/"},{"@type":"ListItem","position":2,"name":"Organisations","item":"http:\/\/www.toulouse-tri.com\/?page_id=318"},{"@type":"ListItem","position":3,"name":"Cross-Duathlon","item":"https:\/\/www.toulouse-tri.com\/?page_id=119"},{"@type":"ListItem","position":4,"name":"Photos du Cross-Duathlon"}]},{"@type":"WebSite","@id":"https:\/\/www.toulouse-tri.com\/#website","url":"https:\/\/www.toulouse-tri.com\/","name":"Toulouse Triathlon","description":"Power Meuh","publisher":{"@id":"https:\/\/www.toulouse-tri.com\/#organization"},"potentialAction":[{"@type":"SearchAction","target":{"@type":"EntryPoint","urlTemplate":"https:\/\/www.toulouse-tri.com\/?s={search_term_string}"},"query-input":{"@type":"PropertyValueSpecification","valueRequired":true,"valueName":"search_term_string"}}],"inLanguage":"fr-FR"},{"@type":"Organization","@id":"https:\/\/www.toulouse-tri.com\/#organization","name":"Toulouse Triathlon","url":"https:\/\/www.toulouse-tri.com\/","logo":{"@type":"ImageObject","inLanguage":"fr-FR","@id":"https:\/\/www.toulouse-tri.com\/#\/schema\/logo\/image\/","url":"https:\/\/www.toulouse-tri.com\/wp-content\/uploads\/2015\/03\/pwrmeuh.gif","contentUrl":"https:\/\/www.toulouse-tri.com\/wp-content\/uploads\/2015\/03\/pwrmeuh.gif","width":224,"height":176,"caption":"Toulouse Triathlon"},"image":{"@id":"https:\/\/www.toulouse-tri.com\/#\/schema\/logo\/image\/"}}]}},"_links":{"self":[{"href":"https:\/\/www.toulouse-tri.com\/index.php?rest_route=\/wp\/v2\/pages\/1746","targetHints":{"allow":["GET"]}}],"collection":[{"href":"https:\/\/www.toulouse-tri.com\/index.php?rest_route=\/wp\/v2\/pages"}],"about":[{"href":"https:\/\/www.toulouse-tri.com\/index.php?rest_route=\/wp\/v2\/types\/page"}],"author":[{"embeddable":true,"href":"https:\/\/www.toulouse-tri.com\/index.php?rest_route=\/wp\/v2\/users\/1"}],"replies":[{"embeddable":true,"href":"https:\/\/www.toulouse-tri.com\/index.php?rest_route=%2Fwp%2Fv2%2Fcomments&post=1746"}],"version-history":[{"count":8,"href":"https:\/\/www.toulouse-tri.com\/index.php?rest_route=\/wp\/v2\/pages\/1746\/revisions"}],"predecessor-version":[{"id":3990,"href":"https:\/\/www.toulouse-tri.com\/index.php?rest_route=\/wp\/v2\/pages\/1746\/revisions\/3990"}],"up":[{"embeddable":true,"href":"https:\/\/www.toulouse-tri.com\/index.php?rest_route=\/wp\/v2\/pages\/119"}],"wp:attachment":[{"href":"https:\/\/www.toulouse-tri.com\/index.php?rest_route=%2Fwp%2Fv2%2Fmedia&parent=1746"}],"curies":[{"name":"wp","href":"https:\/\/api.w.org\/{rel}","templated":true}]}}