{"id":1729,"date":"2016-05-24T18:34:58","date_gmt":"2016-05-24T17:34:58","guid":{"rendered":"http:\/\/www.toulouse-tri.com\/?page_id=1729"},"modified":"2019-03-05T18:31:38","modified_gmt":"2019-03-05T17:31:38","slug":"stage-filles","status":"publish","type":"page","link":"https:\/\/www.toulouse-tri.com\/?page_id=1729","title":{"rendered":"Stage Filles"},"content":{"rendered":"<h3 style=\"text-align: center;\">Stage &#8220;<span style=\"color: #ff00ff;\">Girly<\/span>&#8221;<br \/>\nSur demande<\/h3>\n<h4>En un mot<\/h4>\n<p>Cette ann\u00e9e, plus la peine d&#8217;aller au stage, c&#8217;est le stage qui vient \u00e0 ces dames, si elles le souhaitent et qu&#8217;elles trouvent un week-end qui leur va.<\/p>\n<p>A partir d&#8217;une demi-douzaine de participantes, le coach peut mitonner un stage aux petits oignons aux alentours de Castelginest, sur les routes du Frontonnais et dans ses terres d&#8217;entra\u00eenement personnel.<\/p>\n<p>Avec, petit bonus possible, une s\u00e9ance de cross-fit pour d\u00e9couvrir de nouveaux muscles, et un final en apoth\u00e9ose pour se remettre avec le fameux brunch du dimanche matin de Tr\u00e9vor Brennan, ancien joueur du Stade Toulousain.<\/p>\n<h4>S&#8217;inscrire<\/h4>\n<p>Le prix du stage incluera le suivi, l&#8217;assistance, la s\u00e9ance de cross-fit et le brunch final.<\/p>\n<p><strong>Attention<\/strong> : l&#8217;inscription ne sera effective qu&#8217;apr\u00e8s r\u00e9ception de l\u2019acompte, <span style=\"text-decoration: underline;\">non remboursable<\/span>, d&#8217;un montant de 40 \u20ac par ch\u00e8que (\u00e0 l&#8217;ordre de &#8220;Bastien Vaucan&#8221;) ou en esp\u00e8ces.<\/p>\n<h4>Le mat\u00e9riel<\/h4>\n<p>Rien de sp\u00e9cial par rapport aux habitudes : le mat\u00e9riel de v\u00e9lo et de trail, et une tenue de sport pour le cross-fit en salle du samedi.<\/p>\n<p>Et bien s\u00fbr, vos pique-niques pour les vendredi et samedis (non inclus).<br \/>\nEnfin, un gros app\u00e9tit pour le dimanche midi et le brunch <a href=\"http:\/\/www.brennansbar.fr\/\" target=\"_blank\" rel=\"noopener\"><span style=\"text-decoration: underline;\">chez Tr\u00e9vor<\/span><\/a> (inclus).<\/p>\n<h4>Et pour plus d&#8217;infos&#8230;<\/h4>\n<p>Contacter <a href=\"https:\/\/www.toulouse-tri.com\/?page_id=268&amp;um_user=459\" target=\"_blank\" rel=\"noopener\"><span style=\"text-decoration: underline;\">Coach Bastien.<\/span><\/a><\/p>\n","protected":false},"excerpt":{"rendered":"<p>Stage &#8220;Girly&#8221; Sur demande En un mot Cette ann\u00e9e, plus la peine d&#8217;aller au stage, c&#8217;est le stage qui vient \u00e0 ces dames, si elles le souhaitent et qu&#8217;elles trouvent un week-end qui leur va. A partir d&#8217;une demi-douzaine de<\/p>\n","protected":false},"author":1,"featured_media":0,"parent":1721,"menu_order":0,"comment_status":"closed","ping_status":"closed","template":"","meta":{"footnotes":"","_links_to":"","_links_to_target":""},"class_list":["post-1729","page","type-page","status-publish","hentry"],"yoast_head":"<!-- This site is optimized with the Yoast SEO plugin v27.4 - https:\/\/yoast.com\/product\/yoast-seo-wordpress\/ -->\n<title>Stage Filles - Toulouse Triathlon<\/title>\n<meta name=\"robots\" content=\"index, follow, max-snippet:-1, max-image-preview:large, max-video-preview:-1\" \/>\n<link rel=\"canonical\" href=\"https:\/\/www.toulouse-tri.com\/?page_id=1729\" \/>\n<meta property=\"og:locale\" content=\"fr_FR\" \/>\n<meta property=\"og:type\" content=\"article\" \/>\n<meta property=\"og:title\" content=\"Stage Filles - Toulouse Triathlon\" \/>\n<meta property=\"og:description\" content=\"Stage &#8220;Girly&#8221; Sur demande En un mot Cette ann\u00e9e, plus la peine d&#8217;aller au stage, c&#8217;est le stage qui vient \u00e0 ces dames, si elles le souhaitent et qu&#8217;elles trouvent un week-end qui leur va. A partir d&#8217;une demi-douzaine de\" \/>\n<meta property=\"og:url\" content=\"https:\/\/www.toulouse-tri.com\/?page_id=1729\" \/>\n<meta property=\"og:site_name\" content=\"Toulouse Triathlon\" \/>\n<meta property=\"article:modified_time\" content=\"2019-03-05T17:31:38+00:00\" \/>\n<meta name=\"twitter:card\" content=\"summary_large_image\" \/>\n<meta name=\"twitter:label1\" content=\"Dur\u00e9e de lecture estim\u00e9e\" \/>\n\t<meta name=\"twitter:data1\" content=\"1 minute\" \/>\n<script type=\"application\/ld+json\" class=\"yoast-schema-graph\">{\"@context\":\"https:\\\/\\\/schema.org\",\"@graph\":[{\"@type\":\"WebPage\",\"@id\":\"https:\\\/\\\/www.toulouse-tri.com\\\/?page_id=1729\",\"url\":\"https:\\\/\\\/www.toulouse-tri.com\\\/?page_id=1729\",\"name\":\"Stage Filles - Toulouse Triathlon\",\"isPartOf\":{\"@id\":\"https:\\\/\\\/www.toulouse-tri.com\\\/#website\"},\"datePublished\":\"2016-05-24T17:34:58+00:00\",\"dateModified\":\"2019-03-05T17:31:38+00:00\",\"breadcrumb\":{\"@id\":\"https:\\\/\\\/www.toulouse-tri.com\\\/?page_id=1729#breadcrumb\"},\"inLanguage\":\"fr-FR\",\"potentialAction\":[{\"@type\":\"ReadAction\",\"target\":[\"https:\\\/\\\/www.toulouse-tri.com\\\/?page_id=1729\"]}]},{\"@type\":\"BreadcrumbList\",\"@id\":\"https:\\\/\\\/www.toulouse-tri.com\\\/?page_id=1729#breadcrumb\",\"itemListElement\":[{\"@type\":\"ListItem\",\"position\":1,\"name\":\"Accueil\",\"item\":\"https:\\\/\\\/www.toulouse-tri.com\\\/\"},{\"@type\":\"ListItem\",\"position\":2,\"name\":\"Stages\",\"item\":\"https:\\\/\\\/www.toulouse-tri.com\\\/?page_id=1721\"},{\"@type\":\"ListItem\",\"position\":3,\"name\":\"Stage Filles\"}]},{\"@type\":\"WebSite\",\"@id\":\"https:\\\/\\\/www.toulouse-tri.com\\\/#website\",\"url\":\"https:\\\/\\\/www.toulouse-tri.com\\\/\",\"name\":\"Toulouse Triathlon\",\"description\":\"Power Meuh\",\"publisher\":{\"@id\":\"https:\\\/\\\/www.toulouse-tri.com\\\/#organization\"},\"potentialAction\":[{\"@type\":\"SearchAction\",\"target\":{\"@type\":\"EntryPoint\",\"urlTemplate\":\"https:\\\/\\\/www.toulouse-tri.com\\\/?s={search_term_string}\"},\"query-input\":{\"@type\":\"PropertyValueSpecification\",\"valueRequired\":true,\"valueName\":\"search_term_string\"}}],\"inLanguage\":\"fr-FR\"},{\"@type\":\"Organization\",\"@id\":\"https:\\\/\\\/www.toulouse-tri.com\\\/#organization\",\"name\":\"Toulouse Triathlon\",\"url\":\"https:\\\/\\\/www.toulouse-tri.com\\\/\",\"logo\":{\"@type\":\"ImageObject\",\"inLanguage\":\"fr-FR\",\"@id\":\"https:\\\/\\\/www.toulouse-tri.com\\\/#\\\/schema\\\/logo\\\/image\\\/\",\"url\":\"https:\\\/\\\/www.toulouse-tri.com\\\/wp-content\\\/uploads\\\/2015\\\/03\\\/pwrmeuh.gif\",\"contentUrl\":\"https:\\\/\\\/www.toulouse-tri.com\\\/wp-content\\\/uploads\\\/2015\\\/03\\\/pwrmeuh.gif\",\"width\":224,\"height\":176,\"caption\":\"Toulouse Triathlon\"},\"image\":{\"@id\":\"https:\\\/\\\/www.toulouse-tri.com\\\/#\\\/schema\\\/logo\\\/image\\\/\"}}]}<\/script>\n<!-- \/ Yoast SEO plugin. -->","yoast_head_json":{"title":"Stage Filles - Toulouse Triathlon","robots":{"index":"index","follow":"follow","max-snippet":"max-snippet:-1","max-image-preview":"max-image-preview:large","max-video-preview":"max-video-preview:-1"},"canonical":"https:\/\/www.toulouse-tri.com\/?page_id=1729","og_locale":"fr_FR","og_type":"article","og_title":"Stage Filles - Toulouse Triathlon","og_description":"Stage &#8220;Girly&#8221; Sur demande En un mot Cette ann\u00e9e, plus la peine d&#8217;aller au stage, c&#8217;est le stage qui vient \u00e0 ces dames, si elles le souhaitent et qu&#8217;elles trouvent un week-end qui leur va. A partir d&#8217;une demi-douzaine de","og_url":"https:\/\/www.toulouse-tri.com\/?page_id=1729","og_site_name":"Toulouse Triathlon","article_modified_time":"2019-03-05T17:31:38+00:00","twitter_card":"summary_large_image","twitter_misc":{"Dur\u00e9e de lecture estim\u00e9e":"1 minute"},"schema":{"@context":"https:\/\/schema.org","@graph":[{"@type":"WebPage","@id":"https:\/\/www.toulouse-tri.com\/?page_id=1729","url":"https:\/\/www.toulouse-tri.com\/?page_id=1729","name":"Stage Filles - Toulouse Triathlon","isPartOf":{"@id":"https:\/\/www.toulouse-tri.com\/#website"},"datePublished":"2016-05-24T17:34:58+00:00","dateModified":"2019-03-05T17:31:38+00:00","breadcrumb":{"@id":"https:\/\/www.toulouse-tri.com\/?page_id=1729#breadcrumb"},"inLanguage":"fr-FR","potentialAction":[{"@type":"ReadAction","target":["https:\/\/www.toulouse-tri.com\/?page_id=1729"]}]},{"@type":"BreadcrumbList","@id":"https:\/\/www.toulouse-tri.com\/?page_id=1729#breadcrumb","itemListElement":[{"@type":"ListItem","position":1,"name":"Accueil","item":"https:\/\/www.toulouse-tri.com\/"},{"@type":"ListItem","position":2,"name":"Stages","item":"https:\/\/www.toulouse-tri.com\/?page_id=1721"},{"@type":"ListItem","position":3,"name":"Stage Filles"}]},{"@type":"WebSite","@id":"https:\/\/www.toulouse-tri.com\/#website","url":"https:\/\/www.toulouse-tri.com\/","name":"Toulouse Triathlon","description":"Power Meuh","publisher":{"@id":"https:\/\/www.toulouse-tri.com\/#organization"},"potentialAction":[{"@type":"SearchAction","target":{"@type":"EntryPoint","urlTemplate":"https:\/\/www.toulouse-tri.com\/?s={search_term_string}"},"query-input":{"@type":"PropertyValueSpecification","valueRequired":true,"valueName":"search_term_string"}}],"inLanguage":"fr-FR"},{"@type":"Organization","@id":"https:\/\/www.toulouse-tri.com\/#organization","name":"Toulouse Triathlon","url":"https:\/\/www.toulouse-tri.com\/","logo":{"@type":"ImageObject","inLanguage":"fr-FR","@id":"https:\/\/www.toulouse-tri.com\/#\/schema\/logo\/image\/","url":"https:\/\/www.toulouse-tri.com\/wp-content\/uploads\/2015\/03\/pwrmeuh.gif","contentUrl":"https:\/\/www.toulouse-tri.com\/wp-content\/uploads\/2015\/03\/pwrmeuh.gif","width":224,"height":176,"caption":"Toulouse Triathlon"},"image":{"@id":"https:\/\/www.toulouse-tri.com\/#\/schema\/logo\/image\/"}}]}},"_links":{"self":[{"href":"https:\/\/www.toulouse-tri.com\/index.php?rest_route=\/wp\/v2\/pages\/1729","targetHints":{"allow":["GET"]}}],"collection":[{"href":"https:\/\/www.toulouse-tri.com\/index.php?rest_route=\/wp\/v2\/pages"}],"about":[{"href":"https:\/\/www.toulouse-tri.com\/index.php?rest_route=\/wp\/v2\/types\/page"}],"author":[{"embeddable":true,"href":"https:\/\/www.toulouse-tri.com\/index.php?rest_route=\/wp\/v2\/users\/1"}],"replies":[{"embeddable":true,"href":"https:\/\/www.toulouse-tri.com\/index.php?rest_route=%2Fwp%2Fv2%2Fcomments&post=1729"}],"version-history":[{"count":18,"href":"https:\/\/www.toulouse-tri.com\/index.php?rest_route=\/wp\/v2\/pages\/1729\/revisions"}],"predecessor-version":[{"id":6203,"href":"https:\/\/www.toulouse-tri.com\/index.php?rest_route=\/wp\/v2\/pages\/1729\/revisions\/6203"}],"up":[{"embeddable":true,"href":"https:\/\/www.toulouse-tri.com\/index.php?rest_route=\/wp\/v2\/pages\/1721"}],"wp:attachment":[{"href":"https:\/\/www.toulouse-tri.com\/index.php?rest_route=%2Fwp%2Fv2%2Fmedia&parent=1729"}],"curies":[{"name":"wp","href":"https:\/\/api.w.org\/{rel}","templated":true}]}}