{"id":1721,"date":"2016-05-24T18:27:40","date_gmt":"2016-05-24T17:27:40","guid":{"rendered":"http:\/\/www.toulouse-tri.com\/?page_id=1721"},"modified":"2019-11-20T10:10:15","modified_gmt":"2019-11-20T09:10:15","slug":"stages","status":"publish","type":"page","link":"https:\/\/www.toulouse-tri.com\/?page_id=1721","title":{"rendered":"Stages"},"content":{"rendered":"<h2 style=\"text-align: center;\">Stages 2020 du Club<\/h2>\n<p>Comme pr\u00e9sent\u00e9 en Assembl\u00e9e G\u00e9n\u00e9rale, quatre stages, ouverts \u00e0 tous les niveaux, sont propos\u00e9s aux vachettes pour bien pr\u00e9parer la saison \u00e0 venir :<\/p>\n<p>Les deux premiers ont lieu pendant les vacances de printemps :<\/p>\n<ul>\n<li><a href=\"https:\/\/www.toulouse-tri.com\/?page_id=1726\"><span style=\"text-decoration: underline;\"><strong>Stage adultes tous niveaux<\/strong><\/span><\/a> \u00e0 Argel\u00e8s du dimanche 12 au dimanche 18 avril 2020<\/li>\n<li><a href=\"http:\/\/www.toulouse-tri.com\/?page_id=1729\"><span style=\"text-decoration: underline;\"><strong style=\"text-decoration: underline;\">Stage filles<\/strong><\/span><\/a> , r\u00e9gion toulousaine, 2020 sur demande<\/li>\n<\/ul>\n<p>Et &#8230;&#8230;..dates \u00e0 d\u00e9finir :<\/p>\n<ul>\n<li><a href=\"https:\/\/www.toulouse-tri.com\/?page_id=1722\"><span style=\"text-decoration: underline;\"><strong>Stage adultes tous niveaux<\/strong><\/span><\/a> dans le P\u00e9rigord , avec un encadrement de luxe 50% PH, 50% Bastien.<\/li>\n<\/ul>\n<p>Ils sont encadr\u00e9s par PH, notre coach attitr\u00e9, et sont parfaitement adapt\u00e9s aux objectifs de chacun(e).<\/p>\n<p>Un quatri\u00e8me stage,\u00a0<strong><a href=\"http:\/\/www.toulouse-tri.com\/?page_id=1732\">r\u00e9serv\u00e9 aux ados<\/a><\/strong> <strong>(\u00e0 partir de 12 ans)<\/strong>, \u00e9tait pr\u00e9vu en r\u00e9gion toulousaine en 2020 sur demande.<\/p>\n<h2 style=\"text-align: center;\">Compte-rendus des stages du Club<\/h2>\n<p>Vous pouvez \u00e9galement retrouver tous les <a href=\"https:\/\/www.toulouse-tri.com\/?tag=stage\" target=\"_blank\" rel=\"noopener noreferrer\"><span style=\"text-decoration: underline;\">r\u00e9cits des stages<\/span><\/a> pass\u00e9s :<\/p>\n<ul>\n<li><a href=\"https:\/\/www.toulouse-tri.com\/?p=6451\">Argel\u00e8s 2019<\/a><\/li>\n<li><a href=\"http:\/\/www.toulouse-tri.com\/?p=4833\"><span style=\"text-decoration: underline;\">Argel\u00e8s 2018<\/span><\/a><\/li>\n<li><a href=\"http:\/\/www.toulouse-tri.com\/?p=2856\"><span style=\"text-decoration: underline;\">Espagne 2017<\/span><\/a><\/li>\n<li><span style=\"text-decoration: underline;\"><a href=\"http:\/\/www.toulouse-tri.com\/?p=2706\">P\u00e9rigord 2017<\/a><\/span><\/li>\n<\/ul>\n","protected":false},"excerpt":{"rendered":"<p>Stages 2020 du Club Comme pr\u00e9sent\u00e9 en Assembl\u00e9e G\u00e9n\u00e9rale, quatre stages, ouverts \u00e0 tous les niveaux, sont propos\u00e9s aux vachettes pour bien pr\u00e9parer la saison \u00e0 venir : Les deux premiers ont lieu pendant les vacances de printemps : Stage<\/p>\n","protected":false},"author":1,"featured_media":0,"parent":0,"menu_order":0,"comment_status":"closed","ping_status":"closed","template":"","meta":{"footnotes":"","_links_to":"","_links_to_target":""},"class_list":["post-1721","page","type-page","status-publish","hentry"],"yoast_head":"<!-- This site is optimized with the Yoast SEO plugin v27.4 - https:\/\/yoast.com\/product\/yoast-seo-wordpress\/ -->\n<title>Stages - Toulouse Triathlon<\/title>\n<meta name=\"robots\" content=\"index, follow, max-snippet:-1, max-image-preview:large, max-video-preview:-1\" \/>\n<link rel=\"canonical\" href=\"https:\/\/www.toulouse-tri.com\/?page_id=1721\" \/>\n<meta property=\"og:locale\" content=\"fr_FR\" \/>\n<meta property=\"og:type\" content=\"article\" \/>\n<meta property=\"og:title\" content=\"Stages - Toulouse Triathlon\" \/>\n<meta property=\"og:description\" content=\"Stages 2020 du Club Comme pr\u00e9sent\u00e9 en Assembl\u00e9e G\u00e9n\u00e9rale, quatre stages, ouverts \u00e0 tous les niveaux, sont propos\u00e9s aux vachettes pour bien pr\u00e9parer la saison \u00e0 venir : Les deux premiers ont lieu pendant les vacances de printemps : Stage\" \/>\n<meta property=\"og:url\" content=\"https:\/\/www.toulouse-tri.com\/?page_id=1721\" \/>\n<meta property=\"og:site_name\" content=\"Toulouse Triathlon\" \/>\n<meta property=\"article:modified_time\" content=\"2019-11-20T09:10:15+00:00\" \/>\n<meta name=\"twitter:card\" content=\"summary_large_image\" \/>\n<meta name=\"twitter:label1\" content=\"Dur\u00e9e de lecture estim\u00e9e\" \/>\n\t<meta name=\"twitter:data1\" content=\"1 minute\" \/>\n<script type=\"application\/ld+json\" class=\"yoast-schema-graph\">{\"@context\":\"https:\\\/\\\/schema.org\",\"@graph\":[{\"@type\":\"WebPage\",\"@id\":\"https:\\\/\\\/www.toulouse-tri.com\\\/?page_id=1721\",\"url\":\"https:\\\/\\\/www.toulouse-tri.com\\\/?page_id=1721\",\"name\":\"Stages - Toulouse Triathlon\",\"isPartOf\":{\"@id\":\"https:\\\/\\\/www.toulouse-tri.com\\\/#website\"},\"datePublished\":\"2016-05-24T17:27:40+00:00\",\"dateModified\":\"2019-11-20T09:10:15+00:00\",\"breadcrumb\":{\"@id\":\"https:\\\/\\\/www.toulouse-tri.com\\\/?page_id=1721#breadcrumb\"},\"inLanguage\":\"fr-FR\",\"potentialAction\":[{\"@type\":\"ReadAction\",\"target\":[\"https:\\\/\\\/www.toulouse-tri.com\\\/?page_id=1721\"]}]},{\"@type\":\"BreadcrumbList\",\"@id\":\"https:\\\/\\\/www.toulouse-tri.com\\\/?page_id=1721#breadcrumb\",\"itemListElement\":[{\"@type\":\"ListItem\",\"position\":1,\"name\":\"Accueil\",\"item\":\"https:\\\/\\\/www.toulouse-tri.com\\\/\"},{\"@type\":\"ListItem\",\"position\":2,\"name\":\"Stages\"}]},{\"@type\":\"WebSite\",\"@id\":\"https:\\\/\\\/www.toulouse-tri.com\\\/#website\",\"url\":\"https:\\\/\\\/www.toulouse-tri.com\\\/\",\"name\":\"Toulouse Triathlon\",\"description\":\"Power Meuh\",\"publisher\":{\"@id\":\"https:\\\/\\\/www.toulouse-tri.com\\\/#organization\"},\"potentialAction\":[{\"@type\":\"SearchAction\",\"target\":{\"@type\":\"EntryPoint\",\"urlTemplate\":\"https:\\\/\\\/www.toulouse-tri.com\\\/?s={search_term_string}\"},\"query-input\":{\"@type\":\"PropertyValueSpecification\",\"valueRequired\":true,\"valueName\":\"search_term_string\"}}],\"inLanguage\":\"fr-FR\"},{\"@type\":\"Organization\",\"@id\":\"https:\\\/\\\/www.toulouse-tri.com\\\/#organization\",\"name\":\"Toulouse Triathlon\",\"url\":\"https:\\\/\\\/www.toulouse-tri.com\\\/\",\"logo\":{\"@type\":\"ImageObject\",\"inLanguage\":\"fr-FR\",\"@id\":\"https:\\\/\\\/www.toulouse-tri.com\\\/#\\\/schema\\\/logo\\\/image\\\/\",\"url\":\"https:\\\/\\\/www.toulouse-tri.com\\\/wp-content\\\/uploads\\\/2015\\\/03\\\/pwrmeuh.gif\",\"contentUrl\":\"https:\\\/\\\/www.toulouse-tri.com\\\/wp-content\\\/uploads\\\/2015\\\/03\\\/pwrmeuh.gif\",\"width\":224,\"height\":176,\"caption\":\"Toulouse Triathlon\"},\"image\":{\"@id\":\"https:\\\/\\\/www.toulouse-tri.com\\\/#\\\/schema\\\/logo\\\/image\\\/\"}}]}<\/script>\n<!-- \/ Yoast SEO plugin. -->","yoast_head_json":{"title":"Stages - Toulouse Triathlon","robots":{"index":"index","follow":"follow","max-snippet":"max-snippet:-1","max-image-preview":"max-image-preview:large","max-video-preview":"max-video-preview:-1"},"canonical":"https:\/\/www.toulouse-tri.com\/?page_id=1721","og_locale":"fr_FR","og_type":"article","og_title":"Stages - Toulouse Triathlon","og_description":"Stages 2020 du Club Comme pr\u00e9sent\u00e9 en Assembl\u00e9e G\u00e9n\u00e9rale, quatre stages, ouverts \u00e0 tous les niveaux, sont propos\u00e9s aux vachettes pour bien pr\u00e9parer la saison \u00e0 venir : Les deux premiers ont lieu pendant les vacances de printemps : Stage","og_url":"https:\/\/www.toulouse-tri.com\/?page_id=1721","og_site_name":"Toulouse Triathlon","article_modified_time":"2019-11-20T09:10:15+00:00","twitter_card":"summary_large_image","twitter_misc":{"Dur\u00e9e de lecture estim\u00e9e":"1 minute"},"schema":{"@context":"https:\/\/schema.org","@graph":[{"@type":"WebPage","@id":"https:\/\/www.toulouse-tri.com\/?page_id=1721","url":"https:\/\/www.toulouse-tri.com\/?page_id=1721","name":"Stages - Toulouse Triathlon","isPartOf":{"@id":"https:\/\/www.toulouse-tri.com\/#website"},"datePublished":"2016-05-24T17:27:40+00:00","dateModified":"2019-11-20T09:10:15+00:00","breadcrumb":{"@id":"https:\/\/www.toulouse-tri.com\/?page_id=1721#breadcrumb"},"inLanguage":"fr-FR","potentialAction":[{"@type":"ReadAction","target":["https:\/\/www.toulouse-tri.com\/?page_id=1721"]}]},{"@type":"BreadcrumbList","@id":"https:\/\/www.toulouse-tri.com\/?page_id=1721#breadcrumb","itemListElement":[{"@type":"ListItem","position":1,"name":"Accueil","item":"https:\/\/www.toulouse-tri.com\/"},{"@type":"ListItem","position":2,"name":"Stages"}]},{"@type":"WebSite","@id":"https:\/\/www.toulouse-tri.com\/#website","url":"https:\/\/www.toulouse-tri.com\/","name":"Toulouse Triathlon","description":"Power Meuh","publisher":{"@id":"https:\/\/www.toulouse-tri.com\/#organization"},"potentialAction":[{"@type":"SearchAction","target":{"@type":"EntryPoint","urlTemplate":"https:\/\/www.toulouse-tri.com\/?s={search_term_string}"},"query-input":{"@type":"PropertyValueSpecification","valueRequired":true,"valueName":"search_term_string"}}],"inLanguage":"fr-FR"},{"@type":"Organization","@id":"https:\/\/www.toulouse-tri.com\/#organization","name":"Toulouse Triathlon","url":"https:\/\/www.toulouse-tri.com\/","logo":{"@type":"ImageObject","inLanguage":"fr-FR","@id":"https:\/\/www.toulouse-tri.com\/#\/schema\/logo\/image\/","url":"https:\/\/www.toulouse-tri.com\/wp-content\/uploads\/2015\/03\/pwrmeuh.gif","contentUrl":"https:\/\/www.toulouse-tri.com\/wp-content\/uploads\/2015\/03\/pwrmeuh.gif","width":224,"height":176,"caption":"Toulouse Triathlon"},"image":{"@id":"https:\/\/www.toulouse-tri.com\/#\/schema\/logo\/image\/"}}]}},"_links":{"self":[{"href":"https:\/\/www.toulouse-tri.com\/index.php?rest_route=\/wp\/v2\/pages\/1721","targetHints":{"allow":["GET"]}}],"collection":[{"href":"https:\/\/www.toulouse-tri.com\/index.php?rest_route=\/wp\/v2\/pages"}],"about":[{"href":"https:\/\/www.toulouse-tri.com\/index.php?rest_route=\/wp\/v2\/types\/page"}],"author":[{"embeddable":true,"href":"https:\/\/www.toulouse-tri.com\/index.php?rest_route=\/wp\/v2\/users\/1"}],"replies":[{"embeddable":true,"href":"https:\/\/www.toulouse-tri.com\/index.php?rest_route=%2Fwp%2Fv2%2Fcomments&post=1721"}],"version-history":[{"count":21,"href":"https:\/\/www.toulouse-tri.com\/index.php?rest_route=\/wp\/v2\/pages\/1721\/revisions"}],"predecessor-version":[{"id":7520,"href":"https:\/\/www.toulouse-tri.com\/index.php?rest_route=\/wp\/v2\/pages\/1721\/revisions\/7520"}],"wp:attachment":[{"href":"https:\/\/www.toulouse-tri.com\/index.php?rest_route=%2Fwp%2Fv2%2Fmedia&parent=1721"}],"curies":[{"name":"wp","href":"https:\/\/api.w.org\/{rel}","templated":true}]}}