{"id":1636,"date":"2016-03-06T20:22:21","date_gmt":"2016-03-06T19:22:21","guid":{"rendered":"http:\/\/www.toulouse-tri.com\/?page_id=1636"},"modified":"2017-12-01T23:58:48","modified_gmt":"2017-12-01T22:58:48","slug":"2016-2","status":"publish","type":"page","link":"https:\/\/www.toulouse-tri.com\/?page_id=1636","title":{"rendered":"R\u00e9sultats du Cross-Duathlon de Flourens"},"content":{"rendered":"<h3 style=\"text-align: center;\">2e \u00e9dition &#8211; 6 mars 2016<\/h3>\n<ul>\n<li>Classement des 80 participants du <a class=\"postlink\" href=\"http:\/\/toulouse-tri.com\/wp-content\/downloads\/Resultats\/Flourens\/2016\/Distance_M_Individuel.pdf\" target=\"_blank\" rel=\"noopener\">Xduathlon M<\/a> et <a href=\"http:\/\/toulouse-tri.com\/wp-content\/downloads\/Resultats\/Flourens\/2016\/Distance_M_Individuel_inter.pdf\" target=\"_blank\" rel=\"noopener\">r\u00e9sultats interm\u00e9diaires<\/a><\/li>\n<li>Classement des 15 \u00e9quipes inscrites du <a class=\"postlink\" href=\"http:\/\/toulouse-tri.com\/wp-content\/downloads\/Resultats\/Flourens\/2016\/Distance_M_Relais.pdf\" target=\"_blank\" rel=\"noopener\">Xduathlon M en relais<\/a> et <a href=\"http:\/\/toulouse-tri.com\/wp-content\/downloads\/Resultats\/Flourens\/2016\/Distance_M_Relais_inter.pdf\" target=\"_blank\" rel=\"noopener\">r\u00e9sultats interm\u00e9diaires<\/a><\/li>\n<li>Classement des 26 inscrits du <a class=\"postlink\" href=\"http:\/\/toulouse-tri.com\/wp-content\/downloads\/Resultats\/Flourens\/2016\/Distance_S.pdf\" target=\"_blank\" rel=\"noopener\">Xduathlon S<\/a> et <a href=\"http:\/\/toulouse-tri.com\/wp-content\/downloads\/Resultats\/Flourens\/2016\/Distance_S_inter.pdf\" target=\"_blank\" rel=\"noopener\">r\u00e9sultats interm\u00e9diaires<\/a><\/li>\n<li>Classement des 16 inscrits du <a class=\"postlink\" href=\"http:\/\/toulouse-tri.com\/wp-content\/downloads\/Resultats\/Flourens\/2016\/Jeunes_Isards.pdf\" target=\"_blank\" rel=\"noopener\">Duathlon Jeune ISARDS<\/a><\/li>\n<li>Classement des 13 inscrits du <a class=\"postlink\" href=\"http:\/\/toulouse-tri.com\/wp-content\/downloads\/Resultats\/Flourens\/2016\/Jeunes_Ours.pdf\" target=\"_blank\" rel=\"noopener\">Duathlon Jeune OURS<\/a><\/li>\n<\/ul>\n<h3 style=\"text-align: center;\">1re \u00e9dition &#8211; 1er mars 2015<\/h3>\n<ul>\n<li>Classement des 86 participants du <a class=\"postlink\" href=\"http:\/\/toulouse-tri.com\/wp-content\/downloads\/Resultats\/Flourens\/2015\/Distance_M_Individuel.pdf\" target=\"_blank\" rel=\"noopener\">Xduathlon M<\/a><\/li>\n<li>Classement des 16 \u00e9quipes inscrites du <a class=\"postlink\" href=\"http:\/\/toulouse-tri.com\/wp-content\/downloads\/Resultats\/Flourens\/2015\/\/Distance_M_Relais.pdf\" target=\"_blank\" rel=\"noopener\">Xduathlon M en relais<\/a><\/li>\n<li>Classement des 52 inscrits du <a class=\"postlink\" href=\"http:\/\/toulouse-tri.com\/wp-content\/downloads\/Resultats\/Flourens\/2015\/Distance_S.pdf\" target=\"_blank\" rel=\"noopener\">Xduathlon S<\/a><\/li>\n<li>Classement des 27 inscrits du <a class=\"postlink\" href=\"http:\/\/toulouse-tri.com\/wp-content\/downloads\/Resultats\/Flourens\/2015\/Jeunes_Isards.pdf\" target=\"_blank\" rel=\"noopener\">Duathlon Jeune ISARDS<\/a><\/li>\n<li>Classement des 24 inscrits du <a class=\"postlink\" href=\"http:\/\/toulouse-tri.com\/wp-content\/downloads\/Resultats\/Flourens\/2015\/Jeunes_Ours.pdf\" target=\"_blank\" rel=\"noopener\">Duathlon Jeune OURS<\/a><\/li>\n<\/ul>\n","protected":false},"excerpt":{"rendered":"<p>2e \u00e9dition &#8211; 6 mars 2016 Classement des 80 participants du Xduathlon M et r\u00e9sultats interm\u00e9diaires Classement des 15 \u00e9quipes inscrites du Xduathlon M en relais et r\u00e9sultats interm\u00e9diaires Classement des 26 inscrits du Xduathlon S et r\u00e9sultats interm\u00e9diaires Classement<\/p>\n","protected":false},"author":1,"featured_media":0,"parent":119,"menu_order":2,"comment_status":"closed","ping_status":"closed","template":"","meta":{"footnotes":"","_links_to":"","_links_to_target":""},"class_list":["post-1636","page","type-page","status-publish","hentry"],"yoast_head":"<!-- This site is optimized with the Yoast SEO plugin v27.4 - https:\/\/yoast.com\/product\/yoast-seo-wordpress\/ -->\n<title>R\u00e9sultats du Cross-Duathlon de Flourens - Toulouse Triathlon<\/title>\n<meta name=\"robots\" content=\"index, follow, max-snippet:-1, max-image-preview:large, max-video-preview:-1\" \/>\n<link rel=\"canonical\" href=\"https:\/\/www.toulouse-tri.com\/?page_id=1636\" \/>\n<meta property=\"og:locale\" content=\"fr_FR\" \/>\n<meta property=\"og:type\" content=\"article\" \/>\n<meta property=\"og:title\" content=\"R\u00e9sultats du Cross-Duathlon de Flourens - Toulouse Triathlon\" \/>\n<meta property=\"og:description\" content=\"2e \u00e9dition &#8211; 6 mars 2016 Classement des 80 participants du Xduathlon M et r\u00e9sultats interm\u00e9diaires Classement des 15 \u00e9quipes inscrites du Xduathlon M en relais et r\u00e9sultats interm\u00e9diaires Classement des 26 inscrits du Xduathlon S et r\u00e9sultats interm\u00e9diaires Classement\" \/>\n<meta property=\"og:url\" content=\"https:\/\/www.toulouse-tri.com\/?page_id=1636\" \/>\n<meta property=\"og:site_name\" content=\"Toulouse Triathlon\" \/>\n<meta property=\"article:modified_time\" content=\"2017-12-01T22:58:48+00:00\" \/>\n<meta name=\"twitter:card\" content=\"summary_large_image\" \/>\n<script type=\"application\/ld+json\" class=\"yoast-schema-graph\">{\"@context\":\"https:\\\/\\\/schema.org\",\"@graph\":[{\"@type\":\"WebPage\",\"@id\":\"https:\\\/\\\/www.toulouse-tri.com\\\/?page_id=1636\",\"url\":\"https:\\\/\\\/www.toulouse-tri.com\\\/?page_id=1636\",\"name\":\"R\u00e9sultats du Cross-Duathlon de Flourens - Toulouse Triathlon\",\"isPartOf\":{\"@id\":\"https:\\\/\\\/www.toulouse-tri.com\\\/#website\"},\"datePublished\":\"2016-03-06T19:22:21+00:00\",\"dateModified\":\"2017-12-01T22:58:48+00:00\",\"breadcrumb\":{\"@id\":\"https:\\\/\\\/www.toulouse-tri.com\\\/?page_id=1636#breadcrumb\"},\"inLanguage\":\"fr-FR\",\"potentialAction\":[{\"@type\":\"ReadAction\",\"target\":[\"https:\\\/\\\/www.toulouse-tri.com\\\/?page_id=1636\"]}]},{\"@type\":\"BreadcrumbList\",\"@id\":\"https:\\\/\\\/www.toulouse-tri.com\\\/?page_id=1636#breadcrumb\",\"itemListElement\":[{\"@type\":\"ListItem\",\"position\":1,\"name\":\"Accueil\",\"item\":\"https:\\\/\\\/www.toulouse-tri.com\\\/\"},{\"@type\":\"ListItem\",\"position\":2,\"name\":\"Organisations\",\"item\":\"http:\\\/\\\/www.toulouse-tri.com\\\/?page_id=318\"},{\"@type\":\"ListItem\",\"position\":3,\"name\":\"Cross-Duathlon\",\"item\":\"https:\\\/\\\/www.toulouse-tri.com\\\/?page_id=119\"},{\"@type\":\"ListItem\",\"position\":4,\"name\":\"R\u00e9sultats du Cross-Duathlon de Flourens\"}]},{\"@type\":\"WebSite\",\"@id\":\"https:\\\/\\\/www.toulouse-tri.com\\\/#website\",\"url\":\"https:\\\/\\\/www.toulouse-tri.com\\\/\",\"name\":\"Toulouse Triathlon\",\"description\":\"Power Meuh\",\"publisher\":{\"@id\":\"https:\\\/\\\/www.toulouse-tri.com\\\/#organization\"},\"potentialAction\":[{\"@type\":\"SearchAction\",\"target\":{\"@type\":\"EntryPoint\",\"urlTemplate\":\"https:\\\/\\\/www.toulouse-tri.com\\\/?s={search_term_string}\"},\"query-input\":{\"@type\":\"PropertyValueSpecification\",\"valueRequired\":true,\"valueName\":\"search_term_string\"}}],\"inLanguage\":\"fr-FR\"},{\"@type\":\"Organization\",\"@id\":\"https:\\\/\\\/www.toulouse-tri.com\\\/#organization\",\"name\":\"Toulouse Triathlon\",\"url\":\"https:\\\/\\\/www.toulouse-tri.com\\\/\",\"logo\":{\"@type\":\"ImageObject\",\"inLanguage\":\"fr-FR\",\"@id\":\"https:\\\/\\\/www.toulouse-tri.com\\\/#\\\/schema\\\/logo\\\/image\\\/\",\"url\":\"https:\\\/\\\/www.toulouse-tri.com\\\/wp-content\\\/uploads\\\/2015\\\/03\\\/pwrmeuh.gif\",\"contentUrl\":\"https:\\\/\\\/www.toulouse-tri.com\\\/wp-content\\\/uploads\\\/2015\\\/03\\\/pwrmeuh.gif\",\"width\":224,\"height\":176,\"caption\":\"Toulouse Triathlon\"},\"image\":{\"@id\":\"https:\\\/\\\/www.toulouse-tri.com\\\/#\\\/schema\\\/logo\\\/image\\\/\"}}]}<\/script>\n<!-- \/ Yoast SEO plugin. -->","yoast_head_json":{"title":"R\u00e9sultats du Cross-Duathlon de Flourens - Toulouse Triathlon","robots":{"index":"index","follow":"follow","max-snippet":"max-snippet:-1","max-image-preview":"max-image-preview:large","max-video-preview":"max-video-preview:-1"},"canonical":"https:\/\/www.toulouse-tri.com\/?page_id=1636","og_locale":"fr_FR","og_type":"article","og_title":"R\u00e9sultats du Cross-Duathlon de Flourens - Toulouse Triathlon","og_description":"2e \u00e9dition &#8211; 6 mars 2016 Classement des 80 participants du Xduathlon M et r\u00e9sultats interm\u00e9diaires Classement des 15 \u00e9quipes inscrites du Xduathlon M en relais et r\u00e9sultats interm\u00e9diaires Classement des 26 inscrits du Xduathlon S et r\u00e9sultats interm\u00e9diaires Classement","og_url":"https:\/\/www.toulouse-tri.com\/?page_id=1636","og_site_name":"Toulouse Triathlon","article_modified_time":"2017-12-01T22:58:48+00:00","twitter_card":"summary_large_image","schema":{"@context":"https:\/\/schema.org","@graph":[{"@type":"WebPage","@id":"https:\/\/www.toulouse-tri.com\/?page_id=1636","url":"https:\/\/www.toulouse-tri.com\/?page_id=1636","name":"R\u00e9sultats du Cross-Duathlon de Flourens - Toulouse Triathlon","isPartOf":{"@id":"https:\/\/www.toulouse-tri.com\/#website"},"datePublished":"2016-03-06T19:22:21+00:00","dateModified":"2017-12-01T22:58:48+00:00","breadcrumb":{"@id":"https:\/\/www.toulouse-tri.com\/?page_id=1636#breadcrumb"},"inLanguage":"fr-FR","potentialAction":[{"@type":"ReadAction","target":["https:\/\/www.toulouse-tri.com\/?page_id=1636"]}]},{"@type":"BreadcrumbList","@id":"https:\/\/www.toulouse-tri.com\/?page_id=1636#breadcrumb","itemListElement":[{"@type":"ListItem","position":1,"name":"Accueil","item":"https:\/\/www.toulouse-tri.com\/"},{"@type":"ListItem","position":2,"name":"Organisations","item":"http:\/\/www.toulouse-tri.com\/?page_id=318"},{"@type":"ListItem","position":3,"name":"Cross-Duathlon","item":"https:\/\/www.toulouse-tri.com\/?page_id=119"},{"@type":"ListItem","position":4,"name":"R\u00e9sultats du Cross-Duathlon de Flourens"}]},{"@type":"WebSite","@id":"https:\/\/www.toulouse-tri.com\/#website","url":"https:\/\/www.toulouse-tri.com\/","name":"Toulouse Triathlon","description":"Power Meuh","publisher":{"@id":"https:\/\/www.toulouse-tri.com\/#organization"},"potentialAction":[{"@type":"SearchAction","target":{"@type":"EntryPoint","urlTemplate":"https:\/\/www.toulouse-tri.com\/?s={search_term_string}"},"query-input":{"@type":"PropertyValueSpecification","valueRequired":true,"valueName":"search_term_string"}}],"inLanguage":"fr-FR"},{"@type":"Organization","@id":"https:\/\/www.toulouse-tri.com\/#organization","name":"Toulouse Triathlon","url":"https:\/\/www.toulouse-tri.com\/","logo":{"@type":"ImageObject","inLanguage":"fr-FR","@id":"https:\/\/www.toulouse-tri.com\/#\/schema\/logo\/image\/","url":"https:\/\/www.toulouse-tri.com\/wp-content\/uploads\/2015\/03\/pwrmeuh.gif","contentUrl":"https:\/\/www.toulouse-tri.com\/wp-content\/uploads\/2015\/03\/pwrmeuh.gif","width":224,"height":176,"caption":"Toulouse Triathlon"},"image":{"@id":"https:\/\/www.toulouse-tri.com\/#\/schema\/logo\/image\/"}}]}},"_links":{"self":[{"href":"https:\/\/www.toulouse-tri.com\/index.php?rest_route=\/wp\/v2\/pages\/1636","targetHints":{"allow":["GET"]}}],"collection":[{"href":"https:\/\/www.toulouse-tri.com\/index.php?rest_route=\/wp\/v2\/pages"}],"about":[{"href":"https:\/\/www.toulouse-tri.com\/index.php?rest_route=\/wp\/v2\/types\/page"}],"author":[{"embeddable":true,"href":"https:\/\/www.toulouse-tri.com\/index.php?rest_route=\/wp\/v2\/users\/1"}],"replies":[{"embeddable":true,"href":"https:\/\/www.toulouse-tri.com\/index.php?rest_route=%2Fwp%2Fv2%2Fcomments&post=1636"}],"version-history":[{"count":5,"href":"https:\/\/www.toulouse-tri.com\/index.php?rest_route=\/wp\/v2\/pages\/1636\/revisions"}],"predecessor-version":[{"id":3860,"href":"https:\/\/www.toulouse-tri.com\/index.php?rest_route=\/wp\/v2\/pages\/1636\/revisions\/3860"}],"up":[{"embeddable":true,"href":"https:\/\/www.toulouse-tri.com\/index.php?rest_route=\/wp\/v2\/pages\/119"}],"wp:attachment":[{"href":"https:\/\/www.toulouse-tri.com\/index.php?rest_route=%2Fwp%2Fv2%2Fmedia&parent=1636"}],"curies":[{"name":"wp","href":"https:\/\/api.w.org\/{rel}","templated":true}]}}