{"id":127,"date":"2015-05-05T22:58:51","date_gmt":"2015-05-05T21:58:51","guid":{"rendered":"http:\/\/www.toulouse-tri.com\/beta\/?page_id=127"},"modified":"2025-11-25T16:43:27","modified_gmt":"2025-11-25T15:43:27","slug":"les-tenues","status":"publish","type":"page","link":"https:\/\/www.toulouse-tri.com\/?page_id=127","title":{"rendered":"Les tenues du club"},"content":{"rendered":"\n<blockquote class=\"wp-block-quote is-layout-flow wp-block-quote-is-layout-flow\">\n<p><strong>NOTA<\/strong> : L&#8217;acc\u00e8s \u00e0 la boutique du club est ouvert \u00e0 tous les membres \u00e0 jour de cotisation. Il est donc n\u00e9cessaire d&#8217;\u00eatre connect\u00e9 pour pouvoir y acc\u00e9der.<\/p>\n<\/blockquote>\n\n\n\n<p>Les couleurs d\u2019un club, c\u2019est comme le drapeau d\u2019un pays. Elles refl\u00e8tent l\u2019identit\u00e9, l\u2019esprit, la vie d\u2019un club. Elles doivent \u00eatres identifiables au milieu&nbsp; de beaucoup d\u2019autres, doivent \u00eatre uniques, et ne pas changer toutes les saisons.<br>Le rose fushia, violet, gris du Toulouse Triathlon, associ\u00e9 \u00e0 notre embl\u00e9matique vache, et connu et reconnu par la grande famille du triathlon au-del\u00e0 des fronti\u00e8res.<\/p>\n\n\n\n<p>Respectez nos couleurs, faites y honneur comme de nombreux autres l\u2019ont fait avant vous depuis 1993.<\/p>\n\n\n\n<h2 class=\"wp-block-heading has-text-align-left\">Comment commander ?<\/h2>\n\n\n\n<blockquote class=\"wp-block-quote is-layout-flow wp-block-quote-is-layout-flow\">\n<p><strong>Pour les commandes avec plusieurs articles aux conditions diff\u00e9rentes, il faut suivre la proc\u00e9dure adapt\u00e9e pour chaque article. L&#8217;id\u00e9al \u00e9tant, si tu peux, de faire deux commandes diff\u00e9rentes : une avec tous les articles indiqu\u00e9s comme \u00e9tant en stock, et l&#8217;autre avec ceux indiqu\u00e9s \u00e0 commander&#8230;<\/strong><\/p>\n<cite>Merci de ton aide !<\/cite><\/blockquote>\n\n\n\n<div class=\"wp-block-buttons is-horizontal is-content-justification-center is-layout-flex wp-container-core-buttons-is-layout-03627597 wp-block-buttons-is-layout-flex\">\n<div class=\"wp-block-button is-style-fill\"><a class=\"wp-block-button__link has-background wp-element-button\" href=\"https:\/\/www.toulouse-tri.com\/?page_id=8671\" style=\"background-color:#800080\"><strong>La boutique compl\u00e8te<\/strong><\/a><\/div>\n<\/div>\n\n\n\n<div class=\"wp-block-buttons is-horizontal is-content-justification-center is-layout-flex wp-container-core-buttons-is-layout-03627597 wp-block-buttons-is-layout-flex\">\n<div class=\"wp-block-button is-style-outline is-style-outline--1\"><a class=\"wp-block-button__link has-text-color wp-element-button\" href=\"https:\/\/www.toulouse-tri.com\/?post_type=product&amp;filter_marque=poli\" style=\"color:#800080\">Nouvelle collection<\/a><\/div>\n\n\n\n<div class=\"wp-block-button is-style-outline is-style-outline--2\"><a class=\"wp-block-button__link has-text-color wp-element-button\" href=\"https:\/\/www.toulouse-tri.com\/?product_tag=bonnes-affaires\" style=\"color:#800080\">Les Bonnes Affaires<\/a><\/div>\n<\/div>\n\n\n\n<div class=\"wp-block-buttons is-horizontal is-content-justification-center is-layout-flex wp-container-core-buttons-is-layout-03627597 wp-block-buttons-is-layout-flex\">\n<div class=\"wp-block-button\"><a class=\"wp-block-button__link has-background wp-element-button\" href=\"https:\/\/www.toulouse-tri.com\/?post_type=product&amp;query_type_sexe=or&amp;filter_sexe=femme,unisexe\" style=\"background-color:#e2007e\">Gamme femme<\/a><\/div>\n\n\n\n<div class=\"wp-block-button\"><a class=\"wp-block-button__link has-white-color has-text-color has-background wp-element-button\" href=\"https:\/\/www.toulouse-tri.com\/?post_type=product&amp;query_type_sexe=or&amp;filter_sexe=fille,garcon\" style=\"background:linear-gradient(135deg,rgb(226,0,126) 0%,rgb(128,0,128) 100%)\">Gamme jeunes<\/a><\/div>\n\n\n\n<div class=\"wp-block-button\"><a class=\"wp-block-button__link has-background wp-element-button\" href=\"https:\/\/www.toulouse-tri.com\/?post_type=product&amp;query_type_sexe=or&amp;filter_sexe=homme,unisexe\" style=\"background-color:#800080\">Gamme homme<\/a><\/div>\n<\/div>\n\n\n\n<h2 class=\"wp-block-heading has-text-align-left\">Les diff\u00e9rents types d\u2019articles<\/h2>\n\n\n\n<p>Pour des raisons de gestion de stock, le club propose les articles sous plusieurs formats de commande et de retrait.<\/p>\n\n\n\n<h4 class=\"wp-block-heading\">Les <a href=\"https:\/\/www.toulouse-tri.com\/?product_tag=article-permanent\">articles permanents<\/a><\/h4>\n\n\n\n<p>Ils sont en g\u00e9n\u00e9ral constitu\u00e9s par les tenues peuvent porter en comp\u00e9titions officielles, c\u2019-est-\u00e0-dire les tri-fonctions et le T-shirt de running. Nous essayons de maintenir un stock minimum de 4-5 pi\u00e8ces dans les tailles principales (du S au XL) ce qui permet de les commander et de retirer la commande tout au long de l\u2019ann\u00e9e.<\/p>\n\n\n\n<p>Le retrait se fait chez notre <a href=\"https:\/\/www.toulouse-tri.com\/?page_id=77\">partenaire<\/a> (qui nous fait aussi des r\u00e9duction) <a href=\"https:\/\/www.running-conseil.com\/actualite-running-conseil\/category\/running-conseil-balma.html\">Running Conseil<\/a> \u00e0 Balma, sur pr\u00e9sentation du mail de confirmation de commande, <strong>quand l&#8217;\u00e9quipe Tenues vous a donn\u00e9 le GO<\/strong>.<br>Il est possible, uniquement pour ces articles, de changer de taille si toutefois la taille choisie n\u2019\u00e9tait pas la bonne (mais au club, apr\u00e8s la livraison, et sous r\u00e9serve du stock).<br><strong>NOTA : Chaque retrait de commande et\/ou changement de taille doit absolument \u00eatre accompagn\u00e9 par l\u2019<a href=\"mailto:tenues@toulouse-tri.com?subject=&quot;Retrait de commande&quot;\">envoi d\u2019un mail \u00e0 l\u2019\u00e9quipe \u00ab&nbsp;Tenues&nbsp;\u00bb<\/a><\/strong> pour qu\u2019elle puisse corriger le stock en temps r\u00e9el.<\/p>\n\n\n\n<h4 class=\"wp-block-heading\">Les articles <a href=\"https:\/\/www.toulouse-tri.com\/?product_tag=sur-commande\">sur commande<\/a><\/h4>\n\n\n\n<p>Ils sont constitu\u00e9s par tous les autres articles de notre nouvelle collection.<br>Il n\u2019y a pas de stock permanent chez notre partenaire. La commande de ces articles se fait le biais de commandes group\u00e9es 2 fois par an, en d\u00e9but et milieu de saison.<\/p>\n\n\n\n<p>Le retrait des commandes est possible quand l\u2019\u00e9quipe Tenues vous informe de l\u2019arriv\u00e9e de la commande chez notre <a href=\"https:\/\/www.toulouse-tri.com\/?page_id=77\">partenaire<\/a> <a href=\"https:\/\/www.running-conseil.com\/actualite-running-conseil\/category\/running-conseil-balma.html\">Running Conseil<\/a>.<br>Le retrait s\u2019effectue de la m\u00eame mani\u00e8re que pour les articles permanents, \u00e0 savoir la pr\u00e9sentation du mail de confirmation de commande aux \u00e9quipes de Running Conseil et l\u2019<a href=\"mailto:tenues@toulouse-tri.com?subject=&quot;Retrait de commande effectu\u00e9&quot;\"><strong>envoi d\u2019un mail \u00e0 l\u2019\u00e9quipe \u00ab&nbsp;Tenues&nbsp;\u00bb<\/strong><\/a>.<\/p>\n\n\n\n<p><strong>NOTA <\/strong>: Il n\u2019est pas possible de changer la taille d\u2019un article comme c\u2019est le cas pour les articles permanents. Il faut alors informer l\u2019\u00e9quipe Tenues que la taille ne convient pas et une nouvelle commande sera alors r\u00e9alis\u00e9e (frais de port \u00e0 la charge de l\u2019acheteur).<\/p>\n\n\n\n<p>Sur certaines pi\u00e8ces, ce r\u00e9assort n\u2019est possible que si le nombre de pi\u00e8ces command\u00e9es est sup\u00e9rieur \u00e0 10. Dans ce cas, l\u2019article sera \u00e0 nouveau command\u00e9 \u00e0 la prochaine commande group\u00e9e.<br>Attention donc \u00e0 bien choisir votre taille en suivant les recommandations des guides de tailles ou en essayant au pr\u00e9alable la m\u00eame tenue achet\u00e9e par un autre adh\u00e9rent du club. L\u2019<a href=\"mailto:tenues@toulouse-tri.com?subject=&quot;Question sur les tailles&quot;\">\u00e9quipe Tenues<\/a> est \u00e0 votre disposition pour vous mettre en relation.<\/p>\n\n\n\n<h4 class=\"wp-block-heading\">Les articles \u00ab\u00a0<a href=\"https:\/\/www.toulouse-tri.com\/?product_tag=bonnes-affaires\">Bonnes Affaires<\/a>\u00a0\u00bb<\/h4>\n\n\n\n<p>Il s\u2019agit en g\u00e9n\u00e9ral d\u2019articles de nos pr\u00e9c\u00e9dentes collections que nous proposons \u00e0 des prix tr\u00e8s attractifs, voire compl\u00e8tement cass\u00e9s.<br>Les stocks disponibles sont \u00e9videmment tr\u00e8s variables d\u2019un article \u00e0 l\u2019autre et les tailles ou mod\u00e8les non disponibles ne seront pas re-command\u00e9s.<\/p>\n\n\n\n<p>Le retrait s\u2019effectue chez notre partenaire Running Conseil, une fois que vous avez re\u00e7u le go de l&#8217;\u00e9quipe Tenues (ou au club si cela a \u00e9t\u00e9 convenu avant).<br>Le changement de taille n\u2019est possible que si elle est disponible et aucun article n\u2019est repris par le club apr\u00e8s l\u2019achat.<\/p>\n\n\n\n<figure class=\"wp-block-image aligncenter size-full\"><a href=\"http:\/\/www.toulouse-tri.com\/wp-content\/uploads\/2020\/10\/2020-09-08-Toulouse-Tri-1-scaled.jpg\"><img loading=\"lazy\" decoding=\"async\" width=\"2560\" height=\"1920\" src=\"https:\/\/www.toulouse-tri.com\/wp-content\/uploads\/2020\/10\/2020-09-08-Toulouse-Tri-1-scaled.jpg\" alt=\"\" class=\"wp-image-8486\" srcset=\"https:\/\/www.toulouse-tri.com\/wp-content\/uploads\/2020\/10\/2020-09-08-Toulouse-Tri-1-scaled.jpg 2560w, https:\/\/www.toulouse-tri.com\/wp-content\/uploads\/2020\/10\/2020-09-08-Toulouse-Tri-1-scaled-400x300.jpg 400w, https:\/\/www.toulouse-tri.com\/wp-content\/uploads\/2020\/10\/2020-09-08-Toulouse-Tri-1-300x225.jpg 300w, https:\/\/www.toulouse-tri.com\/wp-content\/uploads\/2020\/10\/2020-09-08-Toulouse-Tri-1-1024x768.jpg 1024w, https:\/\/www.toulouse-tri.com\/wp-content\/uploads\/2020\/10\/2020-09-08-Toulouse-Tri-1-768x576.jpg 768w, https:\/\/www.toulouse-tri.com\/wp-content\/uploads\/2020\/10\/2020-09-08-Toulouse-Tri-1-1536x1152.jpg 1536w, https:\/\/www.toulouse-tri.com\/wp-content\/uploads\/2020\/10\/2020-09-08-Toulouse-Tri-1-2048x1536.jpg 2048w\" sizes=\"auto, (max-width: 2560px) 100vw, 2560px\" \/><\/a><figcaption class=\"wp-element-caption\">Les tenues actuelles&#8230;<\/figcaption><\/figure>\n","protected":false},"excerpt":{"rendered":"<p>Toute la gamme des tenues aux couleurs du club<\/p>\n","protected":false},"author":200,"featured_media":9631,"parent":6,"menu_order":6,"comment_status":"closed","ping_status":"closed","template":"","meta":{"footnotes":"","_links_to":"","_links_to_target":""},"class_list":["post-127","page","type-page","status-publish","has-post-thumbnail","hentry"],"yoast_head":"<!-- This site is optimized with the Yoast SEO plugin v27.4 - https:\/\/yoast.com\/product\/yoast-seo-wordpress\/ -->\n<title>Les tenues du club - Toulouse Triathlon<\/title>\n<meta name=\"robots\" content=\"index, follow, max-snippet:-1, max-image-preview:large, max-video-preview:-1\" \/>\n<link rel=\"canonical\" href=\"https:\/\/www.toulouse-tri.com\/?page_id=127\" \/>\n<meta property=\"og:locale\" content=\"fr_FR\" \/>\n<meta property=\"og:type\" content=\"article\" \/>\n<meta property=\"og:title\" content=\"Les tenues du club - Toulouse Triathlon\" \/>\n<meta property=\"og:description\" content=\"Toute la gamme des tenues aux couleurs du club\" \/>\n<meta property=\"og:url\" content=\"https:\/\/www.toulouse-tri.com\/?page_id=127\" \/>\n<meta property=\"og:site_name\" content=\"Toulouse Triathlon\" \/>\n<meta property=\"article:modified_time\" content=\"2025-11-25T15:43:27+00:00\" \/>\n<meta property=\"og:image\" content=\"http:\/\/www.toulouse-tri.com\/wp-content\/uploads\/2021\/03\/Tenues.png\" \/>\n\t<meta property=\"og:image:width\" content=\"642\" \/>\n\t<meta property=\"og:image:height\" content=\"300\" \/>\n\t<meta property=\"og:image:type\" content=\"image\/png\" \/>\n<meta name=\"twitter:card\" content=\"summary_large_image\" \/>\n<meta name=\"twitter:label1\" content=\"Dur\u00e9e de lecture estim\u00e9e\" \/>\n\t<meta name=\"twitter:data1\" content=\"4 minutes\" \/>\n<script type=\"application\/ld+json\" class=\"yoast-schema-graph\">{\"@context\":\"https:\\\/\\\/schema.org\",\"@graph\":[{\"@type\":\"WebPage\",\"@id\":\"https:\\\/\\\/www.toulouse-tri.com\\\/?page_id=127\",\"url\":\"https:\\\/\\\/www.toulouse-tri.com\\\/?page_id=127\",\"name\":\"Les tenues du club - Toulouse Triathlon\",\"isPartOf\":{\"@id\":\"https:\\\/\\\/www.toulouse-tri.com\\\/#website\"},\"primaryImageOfPage\":{\"@id\":\"https:\\\/\\\/www.toulouse-tri.com\\\/?page_id=127#primaryimage\"},\"image\":{\"@id\":\"https:\\\/\\\/www.toulouse-tri.com\\\/?page_id=127#primaryimage\"},\"thumbnailUrl\":\"https:\\\/\\\/www.toulouse-tri.com\\\/wp-content\\\/uploads\\\/2021\\\/03\\\/Tenues.png\",\"datePublished\":\"2015-05-05T21:58:51+00:00\",\"dateModified\":\"2025-11-25T15:43:27+00:00\",\"breadcrumb\":{\"@id\":\"https:\\\/\\\/www.toulouse-tri.com\\\/?page_id=127#breadcrumb\"},\"inLanguage\":\"fr-FR\",\"potentialAction\":[{\"@type\":\"ReadAction\",\"target\":[\"https:\\\/\\\/www.toulouse-tri.com\\\/?page_id=127\"]}]},{\"@type\":\"ImageObject\",\"inLanguage\":\"fr-FR\",\"@id\":\"https:\\\/\\\/www.toulouse-tri.com\\\/?page_id=127#primaryimage\",\"url\":\"https:\\\/\\\/www.toulouse-tri.com\\\/wp-content\\\/uploads\\\/2021\\\/03\\\/Tenues.png\",\"contentUrl\":\"https:\\\/\\\/www.toulouse-tri.com\\\/wp-content\\\/uploads\\\/2021\\\/03\\\/Tenues.png\",\"width\":642,\"height\":300},{\"@type\":\"BreadcrumbList\",\"@id\":\"https:\\\/\\\/www.toulouse-tri.com\\\/?page_id=127#breadcrumb\",\"itemListElement\":[{\"@type\":\"ListItem\",\"position\":1,\"name\":\"Accueil\",\"item\":\"https:\\\/\\\/www.toulouse-tri.com\\\/\"},{\"@type\":\"ListItem\",\"position\":2,\"name\":\"Toulouse Tri\",\"item\":\"http:\\\/\\\/www.toulouse-tri.com\\\/?page_id=9\"},{\"@type\":\"ListItem\",\"position\":3,\"name\":\"Les tenues du club\"}]},{\"@type\":\"WebSite\",\"@id\":\"https:\\\/\\\/www.toulouse-tri.com\\\/#website\",\"url\":\"https:\\\/\\\/www.toulouse-tri.com\\\/\",\"name\":\"Toulouse Triathlon\",\"description\":\"Power Meuh\",\"publisher\":{\"@id\":\"https:\\\/\\\/www.toulouse-tri.com\\\/#organization\"},\"potentialAction\":[{\"@type\":\"SearchAction\",\"target\":{\"@type\":\"EntryPoint\",\"urlTemplate\":\"https:\\\/\\\/www.toulouse-tri.com\\\/?s={search_term_string}\"},\"query-input\":{\"@type\":\"PropertyValueSpecification\",\"valueRequired\":true,\"valueName\":\"search_term_string\"}}],\"inLanguage\":\"fr-FR\"},{\"@type\":\"Organization\",\"@id\":\"https:\\\/\\\/www.toulouse-tri.com\\\/#organization\",\"name\":\"Toulouse Triathlon\",\"url\":\"https:\\\/\\\/www.toulouse-tri.com\\\/\",\"logo\":{\"@type\":\"ImageObject\",\"inLanguage\":\"fr-FR\",\"@id\":\"https:\\\/\\\/www.toulouse-tri.com\\\/#\\\/schema\\\/logo\\\/image\\\/\",\"url\":\"https:\\\/\\\/www.toulouse-tri.com\\\/wp-content\\\/uploads\\\/2015\\\/03\\\/pwrmeuh.gif\",\"contentUrl\":\"https:\\\/\\\/www.toulouse-tri.com\\\/wp-content\\\/uploads\\\/2015\\\/03\\\/pwrmeuh.gif\",\"width\":224,\"height\":176,\"caption\":\"Toulouse Triathlon\"},\"image\":{\"@id\":\"https:\\\/\\\/www.toulouse-tri.com\\\/#\\\/schema\\\/logo\\\/image\\\/\"}}]}<\/script>\n<!-- \/ Yoast SEO plugin. -->","yoast_head_json":{"title":"Les tenues du club - Toulouse Triathlon","robots":{"index":"index","follow":"follow","max-snippet":"max-snippet:-1","max-image-preview":"max-image-preview:large","max-video-preview":"max-video-preview:-1"},"canonical":"https:\/\/www.toulouse-tri.com\/?page_id=127","og_locale":"fr_FR","og_type":"article","og_title":"Les tenues du club - Toulouse Triathlon","og_description":"Toute la gamme des tenues aux couleurs du club","og_url":"https:\/\/www.toulouse-tri.com\/?page_id=127","og_site_name":"Toulouse Triathlon","article_modified_time":"2025-11-25T15:43:27+00:00","og_image":[{"width":642,"height":300,"url":"http:\/\/www.toulouse-tri.com\/wp-content\/uploads\/2021\/03\/Tenues.png","type":"image\/png"}],"twitter_card":"summary_large_image","twitter_misc":{"Dur\u00e9e de lecture estim\u00e9e":"4 minutes"},"schema":{"@context":"https:\/\/schema.org","@graph":[{"@type":"WebPage","@id":"https:\/\/www.toulouse-tri.com\/?page_id=127","url":"https:\/\/www.toulouse-tri.com\/?page_id=127","name":"Les tenues du club - Toulouse Triathlon","isPartOf":{"@id":"https:\/\/www.toulouse-tri.com\/#website"},"primaryImageOfPage":{"@id":"https:\/\/www.toulouse-tri.com\/?page_id=127#primaryimage"},"image":{"@id":"https:\/\/www.toulouse-tri.com\/?page_id=127#primaryimage"},"thumbnailUrl":"https:\/\/www.toulouse-tri.com\/wp-content\/uploads\/2021\/03\/Tenues.png","datePublished":"2015-05-05T21:58:51+00:00","dateModified":"2025-11-25T15:43:27+00:00","breadcrumb":{"@id":"https:\/\/www.toulouse-tri.com\/?page_id=127#breadcrumb"},"inLanguage":"fr-FR","potentialAction":[{"@type":"ReadAction","target":["https:\/\/www.toulouse-tri.com\/?page_id=127"]}]},{"@type":"ImageObject","inLanguage":"fr-FR","@id":"https:\/\/www.toulouse-tri.com\/?page_id=127#primaryimage","url":"https:\/\/www.toulouse-tri.com\/wp-content\/uploads\/2021\/03\/Tenues.png","contentUrl":"https:\/\/www.toulouse-tri.com\/wp-content\/uploads\/2021\/03\/Tenues.png","width":642,"height":300},{"@type":"BreadcrumbList","@id":"https:\/\/www.toulouse-tri.com\/?page_id=127#breadcrumb","itemListElement":[{"@type":"ListItem","position":1,"name":"Accueil","item":"https:\/\/www.toulouse-tri.com\/"},{"@type":"ListItem","position":2,"name":"Toulouse Tri","item":"http:\/\/www.toulouse-tri.com\/?page_id=9"},{"@type":"ListItem","position":3,"name":"Les tenues du club"}]},{"@type":"WebSite","@id":"https:\/\/www.toulouse-tri.com\/#website","url":"https:\/\/www.toulouse-tri.com\/","name":"Toulouse Triathlon","description":"Power Meuh","publisher":{"@id":"https:\/\/www.toulouse-tri.com\/#organization"},"potentialAction":[{"@type":"SearchAction","target":{"@type":"EntryPoint","urlTemplate":"https:\/\/www.toulouse-tri.com\/?s={search_term_string}"},"query-input":{"@type":"PropertyValueSpecification","valueRequired":true,"valueName":"search_term_string"}}],"inLanguage":"fr-FR"},{"@type":"Organization","@id":"https:\/\/www.toulouse-tri.com\/#organization","name":"Toulouse Triathlon","url":"https:\/\/www.toulouse-tri.com\/","logo":{"@type":"ImageObject","inLanguage":"fr-FR","@id":"https:\/\/www.toulouse-tri.com\/#\/schema\/logo\/image\/","url":"https:\/\/www.toulouse-tri.com\/wp-content\/uploads\/2015\/03\/pwrmeuh.gif","contentUrl":"https:\/\/www.toulouse-tri.com\/wp-content\/uploads\/2015\/03\/pwrmeuh.gif","width":224,"height":176,"caption":"Toulouse Triathlon"},"image":{"@id":"https:\/\/www.toulouse-tri.com\/#\/schema\/logo\/image\/"}}]}},"_links":{"self":[{"href":"https:\/\/www.toulouse-tri.com\/index.php?rest_route=\/wp\/v2\/pages\/127","targetHints":{"allow":["GET"]}}],"collection":[{"href":"https:\/\/www.toulouse-tri.com\/index.php?rest_route=\/wp\/v2\/pages"}],"about":[{"href":"https:\/\/www.toulouse-tri.com\/index.php?rest_route=\/wp\/v2\/types\/page"}],"author":[{"embeddable":true,"href":"https:\/\/www.toulouse-tri.com\/index.php?rest_route=\/wp\/v2\/users\/200"}],"replies":[{"embeddable":true,"href":"https:\/\/www.toulouse-tri.com\/index.php?rest_route=%2Fwp%2Fv2%2Fcomments&post=127"}],"version-history":[{"count":47,"href":"https:\/\/www.toulouse-tri.com\/index.php?rest_route=\/wp\/v2\/pages\/127\/revisions"}],"predecessor-version":[{"id":15441,"href":"https:\/\/www.toulouse-tri.com\/index.php?rest_route=\/wp\/v2\/pages\/127\/revisions\/15441"}],"up":[{"embeddable":true,"href":"https:\/\/www.toulouse-tri.com\/index.php?rest_route=\/wp\/v2\/pages\/6"}],"wp:featuredmedia":[{"embeddable":true,"href":"https:\/\/www.toulouse-tri.com\/index.php?rest_route=\/wp\/v2\/media\/9631"}],"wp:attachment":[{"href":"https:\/\/www.toulouse-tri.com\/index.php?rest_route=%2Fwp%2Fv2%2Fmedia&parent=127"}],"curies":[{"name":"wp","href":"https:\/\/api.w.org\/{rel}","templated":true}]}}